{"id":4644,"date":"2024-08-07T06:18:39","date_gmt":"2024-08-07T06:18:39","guid":{"rendered":"https:\/\/www.ceramicbasin.com\/?post_type=product&#038;p=4644"},"modified":"2024-11-04T07:28:34","modified_gmt":"2024-11-04T07:28:34","slug":"countertop-basin-wholesale","status":"publish","type":"product","link":"https:\/\/www.ceramicbasin.com\/pt\/produto\/countertop-basin-wholesale\/","title":{"rendered":"Bacia de bancada de porcelana por atacado, dur\u00e1vel e requintado"},"content":{"rendered":"<div class=\"wp-block-columns is-layout-flex wp-container-core-columns-is-layout-9d6595d7 wp-block-columns-is-layout-flex\">\n<div class=\"wp-block-column is-layout-flow wp-block-column-is-layout-flow\">\n<h2 class=\"wp-block-heading\">Bacia de bancada Premium Carater\u00edsticas por atacado:<\/h2>\n\n\n\n<ul class=\"wp-block-list\">\n<li><strong>Design requintado: <\/strong>Este lavat\u00f3rio de bancada por atacado tem um design moderno de linha de ta\u00e7a, simples e bonito, acrescentando uma est\u00e9tica elegante e sofisticada ao espa\u00e7o de banho.<\/li>\n\n\n\n<li><strong>Esmalte f\u00e1cil de limpar: <\/strong>Este lavat\u00f3rio de casa de banho por atacado utiliza um esmalte brilhante que n\u00e3o deixa impress\u00f5es digitais, manchas de \u00e1gua e sujidade, e \u00e9 f\u00e1cil de limpar.<\/li>\n\n\n\n<li><strong>Materiais de qualidade:<\/strong> Os nossos lavat\u00f3rios de casa de banho por atacado s\u00e3o feitos de materiais cer\u00e2micos de alta qualidade para uma excelente durabilidade e resist\u00eancia a riscos, e podem utilizar qualquer agente de limpeza.<\/li>\n\n\n\n<li><strong>Entrega r\u00e1pida:<\/strong> A nossa bacia de bancada por atacado \u00e9 ideal para projectos profissionais e renova\u00e7\u00f5es de casas de banho a pre\u00e7os razo\u00e1veis e entrega r\u00e1pida para satisfazer as necessidades de grandes encomendas e garantir uma elevada qualidade.<\/li>\n<\/ul>\n<\/div>\n\n\n\n<div class=\"wp-block-column is-layout-flow wp-block-column-is-layout-flow\">\n<figure class=\"wp-block-image size-full\"><img fetchpriority=\"high\" decoding=\"async\" width=\"750\" height=\"750\" src=\"https:\/\/www.ceramicbasin.com\/wp-content\/uploads\/2024\/08\/Porcelain-Countertop-Basin-Wholesale-Durable-and-Exquisite-1.webp\" alt=\"Bacia de bancada de porcelana por atacado, dur\u00e1vel e requintado-1\" class=\"wp-image-4645\" srcset=\"https:\/\/www.ceramicbasin.com\/wp-content\/uploads\/2024\/08\/Porcelain-Countertop-Basin-Wholesale-Durable-and-Exquisite-1.webp 750w, https:\/\/www.ceramicbasin.com\/wp-content\/uploads\/2024\/08\/Porcelain-Countertop-Basin-Wholesale-Durable-and-Exquisite-1-300x300.webp 300w, https:\/\/www.ceramicbasin.com\/wp-content\/uploads\/2024\/08\/Porcelain-Countertop-Basin-Wholesale-Durable-and-Exquisite-1-150x150.webp 150w, https:\/\/www.ceramicbasin.com\/wp-content\/uploads\/2024\/08\/Porcelain-Countertop-Basin-Wholesale-Durable-and-Exquisite-1-12x12.webp 12w, https:\/\/www.ceramicbasin.com\/wp-content\/uploads\/2024\/08\/Porcelain-Countertop-Basin-Wholesale-Durable-and-Exquisite-1-285x285.webp 285w, https:\/\/www.ceramicbasin.com\/wp-content\/uploads\/2024\/08\/Porcelain-Countertop-Basin-Wholesale-Durable-and-Exquisite-1-270x270.webp 270w, https:\/\/www.ceramicbasin.com\/wp-content\/uploads\/2024\/08\/Porcelain-Countertop-Basin-Wholesale-Durable-and-Exquisite-1-540x540.webp 540w, https:\/\/www.ceramicbasin.com\/wp-content\/uploads\/2024\/08\/Porcelain-Countertop-Basin-Wholesale-Durable-and-Exquisite-1-660x660.webp 660w\" sizes=\"(max-width: 750px) 100vw, 750px\" \/><\/figure>\n<\/div>\n<\/div>","protected":false},"excerpt":{"rendered":"<p>Bem-vindo \u00e0 compra de lavat\u00f3rios de casa de banho por atacado. Esta bacia de bancada de cer\u00e2mica \u00e9 feita de cer\u00e2mica de qualidade e combina um design simples em forma de tigela com uma fun\u00e7\u00e3o pr\u00e1tica, garantindo que seja dur\u00e1vel, resistente a arranh\u00f5es e f\u00e1cil de limpar. Podemos personalizar os lavat\u00f3rios de acordo com as suas necessidades.<\/p>\n<table style=\"border-collapse: collapse; width: 311.02pt;\" border=\"0\" width=\"311\" cellspacing=\"0\" cellpadding=\"0\">\n<tbody>\n<tr style=\"height: 17.60pt;\">\n<td class=\"et3\" style=\"height: 17.60pt; width: 108.35pt;\" width=\"108\" height=\"17\">Fabricante<\/td>\n<td class=\"et3\" style=\"width: 202.95pt;\" width=\"202\">HanYu<\/td>\n<\/tr>\n<tr style=\"height: 17.60pt;\">\n<td class=\"et3\" style=\"height: 17.60pt;\" height=\"17\">Modelo n.<\/td>\n<td class=\"et4\">HY-3002A<\/td>\n<\/tr>\n<tr style=\"height: 18.00pt;\">\n<td class=\"et3\" style=\"height: 18.00pt;\" height=\"18\">Tipo<\/td>\n<td class=\"et5\" style=\"width: 202.95pt;\" width=\"202\">Lavat\u00f3rio de bancada<\/td>\n<\/tr>\n<tr style=\"height: 17.60pt;\">\n<td class=\"et3\" style=\"height: 17.60pt;\" height=\"17\">Forma<\/td>\n<td class=\"et3\">Forma redonda<\/td>\n<\/tr>\n<tr style=\"height: 18.00pt;\">\n<td class=\"et4\" style=\"height: 18.00pt;\" height=\"18\">Cor<\/td>\n<td class=\"et5\" style=\"width: 202.95pt;\" width=\"202\">Branco<\/td>\n<\/tr>\n<tr style=\"height: 18.00pt;\">\n<td class=\"et3\" style=\"height: 18.00pt;\" height=\"18\">Dimens\u00e3o<\/td>\n<td class=\"et5\" style=\"width: 202.95pt;\" width=\"202\">31*31*14<\/td>\n<\/tr>\n<tr style=\"height: 17.60pt;\">\n<td class=\"et3\" style=\"height: 17.60pt;\" height=\"17\">N.W \/SET<\/td>\n<td class=\"et3\">6KGS\/PCS<\/td>\n<\/tr>\n<tr style=\"height: 17.60pt;\">\n<td class=\"et3\" style=\"height: 17.60pt;\" height=\"17\">MOQ<\/td>\n<td class=\"et3\">20 unidades<\/td>\n<\/tr>\n<tr style=\"height: 17.60pt;\">\n<td class=\"et3\" style=\"height: 17.60pt;\" height=\"17\">Op\u00e7\u00e3o personalizada<\/td>\n<td class=\"et3\">Cor\/Patente\/Tamanho\/Logotipo\/Embalagem<\/td>\n<\/tr>\n<\/tbody>\n<\/table>","protected":false},"featured_media":4648,"comment_status":"closed","ping_status":"closed","template":"","meta":{"_acf_changed":false},"product_brand":[],"product_cat":[50],"product_tag":[],"class_list":{"0":"post-4644","1":"product","2":"type-product","3":"status-publish","4":"has-post-thumbnail","6":"product_cat-wholesale-countertop-sinks","8":"first","9":"instock","10":"shipping-taxable","11":"product-type-simple"},"acf":[],"_links":{"self":[{"href":"https:\/\/www.ceramicbasin.com\/pt\/wp-json\/wp\/v2\/product\/4644","targetHints":{"allow":["GET"]}}],"collection":[{"href":"https:\/\/www.ceramicbasin.com\/pt\/wp-json\/wp\/v2\/product"}],"about":[{"href":"https:\/\/www.ceramicbasin.com\/pt\/wp-json\/wp\/v2\/types\/product"}],"replies":[{"embeddable":true,"href":"https:\/\/www.ceramicbasin.com\/pt\/wp-json\/wp\/v2\/comments?post=4644"}],"wp:featuredmedia":[{"embeddable":true,"href":"https:\/\/www.ceramicbasin.com\/pt\/wp-json\/wp\/v2\/media\/4648"}],"wp:attachment":[{"href":"https:\/\/www.ceramicbasin.com\/pt\/wp-json\/wp\/v2\/media?parent=4644"}],"wp:term":[{"taxonomy":"product_brand","embeddable":true,"href":"https:\/\/www.ceramicbasin.com\/pt\/wp-json\/wp\/v2\/product_brand?post=4644"},{"taxonomy":"product_cat","embeddable":true,"href":"https:\/\/www.ceramicbasin.com\/pt\/wp-json\/wp\/v2\/product_cat?post=4644"},{"taxonomy":"product_tag","embeddable":true,"href":"https:\/\/www.ceramicbasin.com\/pt\/wp-json\/wp\/v2\/product_tag?post=4644"}],"curies":[{"name":"wp","href":"https:\/\/api.w.org\/{rel}","templated":true}]}}