{"id":4671,"date":"2024-08-12T07:41:23","date_gmt":"2024-08-12T07:41:23","guid":{"rendered":"https:\/\/www.ceramicbasin.com\/?post_type=product&#038;p=4671"},"modified":"2024-11-04T07:25:21","modified_gmt":"2024-11-04T07:25:21","slug":"factory-wholesale-ceramic-washbasin","status":"publish","type":"product","link":"https:\/\/www.ceramicbasin.com\/pt\/produto\/factory-wholesale-ceramic-washbasin\/","title":{"rendered":"F\u00e1brica de lavat\u00f3rio de cer\u00e2mica por atacado, lavat\u00f3rio acima do balc\u00e3o"},"content":{"rendered":"<div class=\"wp-block-columns is-layout-flex wp-container-core-columns-is-layout-9d6595d7 wp-block-columns-is-layout-flex\">\n<div class=\"wp-block-column is-layout-flow wp-block-column-is-layout-flow\">\n<h2 class=\"wp-block-heading\">Lavat\u00f3rio de cer\u00e2mica Premium Wholesale Carater\u00edsticas:<\/h2>\n\n\n\n<ul class=\"wp-block-list\">\n<li><strong>Design \u00fanico:<\/strong> Estes lavat\u00f3rios de cer\u00e2mica por atacado, com uma forma de ta\u00e7a art\u00edstica e uma entrada de escoamento quadrada, conferem uma eleg\u00e2ncia inigual\u00e1vel ao espa\u00e7o de banho.<\/li>\n\n\n\n<li><strong>Esmalte de limpeza f\u00e1cil: <\/strong>F\u00e1cil de limpar, o esmalte do lava-loi\u00e7a por atacado acima do balc\u00e3o n\u00e3o deixa impress\u00f5es digitais, sujidade ou marcas de manchas de \u00e1gua.<\/li>\n\n\n\n<li><strong>Excelente durabilidade: <\/strong>Os nossos lavat\u00f3rios de cer\u00e2mica por atacado s\u00e3o feitos de materiais cer\u00e2micos de primeira classe, que possuem uma excelente resist\u00eancia a riscos e durabilidade. Com uma excelente resist\u00eancia qu\u00edmica, podem ser lavados com qualquer tipo de detergente.<\/li>\n\n\n\n<li><strong>Entrega r\u00e1pida: <\/strong>Os nossos lavat\u00f3rios de balc\u00e3o por atacado s\u00e3o perfeitos para projectos profissionais e renova\u00e7\u00f5es de casas de banho, manchas de \u00e1gua ou entrega r\u00e1pida a pre\u00e7os razo\u00e1veis que podem satisfazer prontamente os requisitos de encomenda a granel do seu projeto.<\/li>\n<\/ul>\n<\/div>\n\n\n\n<div class=\"wp-block-column is-layout-flow wp-block-column-is-layout-flow\">\n<figure class=\"wp-block-image size-full\"><img fetchpriority=\"high\" decoding=\"async\" width=\"750\" height=\"750\" src=\"https:\/\/www.ceramicbasin.com\/wp-content\/uploads\/2024\/08\/Factory-Supply-Wholesale-Ceramic-Washbasin-Above-Counter-Sink-1.webp\" alt=\"Fornecimento de f\u00e1brica por atacado de lavat\u00f3rio de cer\u00e2mica, lavat\u00f3rio acima do balc\u00e3o-1\" class=\"wp-image-4672\" srcset=\"https:\/\/www.ceramicbasin.com\/wp-content\/uploads\/2024\/08\/Factory-Supply-Wholesale-Ceramic-Washbasin-Above-Counter-Sink-1.webp 750w, https:\/\/www.ceramicbasin.com\/wp-content\/uploads\/2024\/08\/Factory-Supply-Wholesale-Ceramic-Washbasin-Above-Counter-Sink-1-300x300.webp 300w, https:\/\/www.ceramicbasin.com\/wp-content\/uploads\/2024\/08\/Factory-Supply-Wholesale-Ceramic-Washbasin-Above-Counter-Sink-1-150x150.webp 150w, https:\/\/www.ceramicbasin.com\/wp-content\/uploads\/2024\/08\/Factory-Supply-Wholesale-Ceramic-Washbasin-Above-Counter-Sink-1-12x12.webp 12w, https:\/\/www.ceramicbasin.com\/wp-content\/uploads\/2024\/08\/Factory-Supply-Wholesale-Ceramic-Washbasin-Above-Counter-Sink-1-285x285.webp 285w, https:\/\/www.ceramicbasin.com\/wp-content\/uploads\/2024\/08\/Factory-Supply-Wholesale-Ceramic-Washbasin-Above-Counter-Sink-1-270x270.webp 270w, https:\/\/www.ceramicbasin.com\/wp-content\/uploads\/2024\/08\/Factory-Supply-Wholesale-Ceramic-Washbasin-Above-Counter-Sink-1-540x540.webp 540w, https:\/\/www.ceramicbasin.com\/wp-content\/uploads\/2024\/08\/Factory-Supply-Wholesale-Ceramic-Washbasin-Above-Counter-Sink-1-660x660.webp 660w\" sizes=\"(max-width: 750px) 100vw, 750px\" \/><\/figure>\n<\/div>\n<\/div>","protected":false},"excerpt":{"rendered":"<p>Bem-vindo \u00e0 compra de lavat\u00f3rios de balc\u00e3o por grosso. Os nossos lavat\u00f3rios de cer\u00e2mica por atacado em forma de ta\u00e7a com esmalte f\u00e1cil de limpar s\u00e3o f\u00e1ceis de limpar sem deixar impress\u00f5es digitais, sujidade ou manchas de \u00e1gua na superf\u00edcie. S\u00e3o feitos de cer\u00e2mica de alta qualidade e t\u00eam uma resist\u00eancia a riscos e durabilidade de primeira classe. Com uma excelente resist\u00eancia qu\u00edmica, permite a aplica\u00e7\u00e3o de qualquer detergente qu\u00edmico para limpeza.<\/p>\n<table style=\"border-collapse: collapse; width: 311.02pt;\" border=\"0\" width=\"311\" cellspacing=\"0\" cellpadding=\"0\">\n<tbody>\n<tr style=\"height: 17.60pt;\">\n<td class=\"et3\" style=\"height: 17.60pt; width: 108.35pt;\" width=\"108\" height=\"17\">Fabricante<\/td>\n<td class=\"et3\" style=\"width: 202.95pt;\" width=\"202\">HanYu<\/td>\n<\/tr>\n<tr style=\"height: 17.60pt;\">\n<td class=\"et3\" style=\"height: 17.60pt;\" height=\"17\">Modelo n.<\/td>\n<td class=\"et4\">HY-8002<\/td>\n<\/tr>\n<tr style=\"height: 18.00pt;\">\n<td class=\"et3\" style=\"height: 18.00pt;\" height=\"18\">Tipo<\/td>\n<td class=\"et5\" style=\"width: 202.95pt;\" width=\"202\">Lavat\u00f3rio de bancada<\/td>\n<\/tr>\n<tr style=\"height: 17.60pt;\">\n<td class=\"et3\" style=\"height: 17.60pt;\" height=\"17\">Forma<\/td>\n<td class=\"et3\">Forma redonda<\/td>\n<\/tr>\n<tr style=\"height: 18.00pt;\">\n<td class=\"et4\" style=\"height: 18.00pt;\" height=\"18\">Cor<\/td>\n<td class=\"et5\" style=\"width: 202.95pt;\" width=\"202\">Branco<\/td>\n<\/tr>\n<tr style=\"height: 18.00pt;\">\n<td class=\"et3\" style=\"height: 18.00pt;\" height=\"18\">Dimens\u00e3o<\/td>\n<td class=\"et5\" style=\"width: 202.95pt;\" width=\"202\">40*40*13<\/td>\n<\/tr>\n<tr style=\"height: 17.60pt;\">\n<td class=\"et3\" style=\"height: 17.60pt;\" height=\"17\">N.W \/SET<\/td>\n<td class=\"et3\">8KGS\/PCS<\/td>\n<\/tr>\n<tr style=\"height: 17.60pt;\">\n<td class=\"et3\" style=\"height: 17.60pt;\" height=\"17\">MOQ<\/td>\n<td class=\"et3\">20 unidades<\/td>\n<\/tr>\n<tr style=\"height: 17.60pt;\">\n<td class=\"et3\" style=\"height: 17.60pt;\" height=\"17\">Op\u00e7\u00e3o personalizada<\/td>\n<td class=\"et3\">Cor\/Patente\/Tamanho\/Logotipo\/Embalagem<\/td>\n<\/tr>\n<\/tbody>\n<\/table>","protected":false},"featured_media":4675,"comment_status":"closed","ping_status":"closed","template":"","meta":{"_acf_changed":false},"product_brand":[],"product_cat":[50],"product_tag":[],"class_list":{"0":"post-4671","1":"product","2":"type-product","3":"status-publish","4":"has-post-thumbnail","6":"product_cat-wholesale-countertop-sinks","8":"first","9":"instock","10":"shipping-taxable","11":"product-type-simple"},"acf":[],"_links":{"self":[{"href":"https:\/\/www.ceramicbasin.com\/pt\/wp-json\/wp\/v2\/product\/4671","targetHints":{"allow":["GET"]}}],"collection":[{"href":"https:\/\/www.ceramicbasin.com\/pt\/wp-json\/wp\/v2\/product"}],"about":[{"href":"https:\/\/www.ceramicbasin.com\/pt\/wp-json\/wp\/v2\/types\/product"}],"replies":[{"embeddable":true,"href":"https:\/\/www.ceramicbasin.com\/pt\/wp-json\/wp\/v2\/comments?post=4671"}],"wp:featuredmedia":[{"embeddable":true,"href":"https:\/\/www.ceramicbasin.com\/pt\/wp-json\/wp\/v2\/media\/4675"}],"wp:attachment":[{"href":"https:\/\/www.ceramicbasin.com\/pt\/wp-json\/wp\/v2\/media?parent=4671"}],"wp:term":[{"taxonomy":"product_brand","embeddable":true,"href":"https:\/\/www.ceramicbasin.com\/pt\/wp-json\/wp\/v2\/product_brand?post=4671"},{"taxonomy":"product_cat","embeddable":true,"href":"https:\/\/www.ceramicbasin.com\/pt\/wp-json\/wp\/v2\/product_cat?post=4671"},{"taxonomy":"product_tag","embeddable":true,"href":"https:\/\/www.ceramicbasin.com\/pt\/wp-json\/wp\/v2\/product_tag?post=4671"}],"curies":[{"name":"wp","href":"https:\/\/api.w.org\/{rel}","templated":true}]}}