{"id":4678,"date":"2024-08-12T08:07:25","date_gmt":"2024-08-12T08:07:25","guid":{"rendered":"https:\/\/www.ceramicbasin.com\/?post_type=product&#038;p=4678"},"modified":"2024-11-04T07:16:21","modified_gmt":"2024-11-04T07:16:21","slug":"unique-design-washbasins-wholesale","status":"publish","type":"product","link":"https:\/\/www.ceramicbasin.com\/pt\/produto\/unique-design-washbasins-wholesale\/","title":{"rendered":"Lavat\u00f3rios de design exclusivo por atacado, lavat\u00f3rios de bancada personalizados"},"content":{"rendered":"<div class=\"wp-block-columns is-layout-flex wp-container-core-columns-is-layout-9d6595d7 wp-block-columns-is-layout-flex\">\n<div class=\"wp-block-column is-layout-flow wp-block-column-is-layout-flow\">\n<h2 class=\"wp-block-heading\">Lavat\u00f3rios de design exclusivo Premium Carater\u00edsticas por atacado:<\/h2>\n\n\n\n<ul class=\"wp-block-list\">\n<li><strong>Desenho irregular:<\/strong> O design interior destes lavat\u00f3rios por atacado \u00e9 irregular, o que confere uma singularidade acrescida ao espa\u00e7o de banho.<\/li>\n\n\n\n<li><strong>Excelente durabilidade: <\/strong>Os nossos lavat\u00f3rios de bancada por atacado feitos de materiais cer\u00e2micos de qualidade t\u00eam uma excelente resist\u00eancia a riscos e durabilidade. T\u00eam uma excelente resist\u00eancia qu\u00edmica; por isso, podem ser limpos com qualquer detergente.<\/li>\n\n\n\n<li><strong>F\u00e1cil de limpar e de manter: <\/strong>O esmalte deste lavat\u00f3rio por atacado n\u00e3o deixa impress\u00f5es digitais, sujidade ou manchas de \u00e1gua. Al\u00e9m disso, o seu esmalte f\u00e1cil de limpar torna o processo de limpeza f\u00e1cil e r\u00e1pido.<\/li>\n\n\n\n<li><strong>Entrega r\u00e1pida: <\/strong>Devido \u00e0 sua entrega r\u00e1pida e pre\u00e7o mais barato, o nosso lavat\u00f3rio de bancada por atacado \u00e9 adequado para projectos profissionais e renova\u00e7\u00f5es de casas de banho. Bem-vindo a personalizar o lavat\u00f3rio de bancada para o seu projeto.<\/li>\n<\/ul>\n<\/div>\n\n\n\n<div class=\"wp-block-column is-layout-flow wp-block-column-is-layout-flow\">\n<figure class=\"wp-block-image size-full\"><img fetchpriority=\"high\" decoding=\"async\" width=\"750\" height=\"750\" src=\"https:\/\/www.ceramicbasin.com\/wp-content\/uploads\/2024\/08\/HY-8046.webp\" alt=\"\" class=\"wp-image-4685\" srcset=\"https:\/\/www.ceramicbasin.com\/wp-content\/uploads\/2024\/08\/HY-8046.webp 750w, https:\/\/www.ceramicbasin.com\/wp-content\/uploads\/2024\/08\/HY-8046-300x300.webp 300w, https:\/\/www.ceramicbasin.com\/wp-content\/uploads\/2024\/08\/HY-8046-150x150.webp 150w, https:\/\/www.ceramicbasin.com\/wp-content\/uploads\/2024\/08\/HY-8046-12x12.webp 12w, https:\/\/www.ceramicbasin.com\/wp-content\/uploads\/2024\/08\/HY-8046-285x285.webp 285w, https:\/\/www.ceramicbasin.com\/wp-content\/uploads\/2024\/08\/HY-8046-270x270.webp 270w, https:\/\/www.ceramicbasin.com\/wp-content\/uploads\/2024\/08\/HY-8046-540x540.webp 540w, https:\/\/www.ceramicbasin.com\/wp-content\/uploads\/2024\/08\/HY-8046-660x660.webp 660w\" sizes=\"(max-width: 750px) 100vw, 750px\" \/><\/figure>\n<\/div>\n<\/div>","protected":false},"excerpt":{"rendered":"<p>Bem-vindo a comprar lavat\u00f3rio de bancada por atacado. Os nossos lavat\u00f3rios por atacado t\u00eam um design irregular, acrescentando uma beleza \u00fanica ao espa\u00e7o da casa de banho. Os materiais cer\u00e2micos e os esmaltes brilhantes utilizados s\u00e3o de alta qualidade, f\u00e1ceis de limpar, s\u00f3lidos e dur\u00e1veis.<\/p>\n<table style=\"border-collapse: collapse; width: 311.02pt;\" border=\"0\" width=\"311\" cellspacing=\"0\" cellpadding=\"0\">\n<tbody>\n<tr style=\"height: 17.60pt;\">\n<td class=\"et3\" style=\"height: 17.60pt; width: 108.35pt;\" width=\"108\" height=\"17\">Fabricante<\/td>\n<td class=\"et3\" style=\"width: 202.95pt;\" width=\"202\">HanYu<\/td>\n<\/tr>\n<tr style=\"height: 17.60pt;\">\n<td class=\"et3\" style=\"height: 17.60pt;\" height=\"17\">Modelo n.<\/td>\n<td class=\"et4\">HY-8046<\/td>\n<\/tr>\n<tr style=\"height: 18.00pt;\">\n<td class=\"et3\" style=\"height: 18.00pt;\" height=\"18\">Tipo<\/td>\n<td class=\"et5\" style=\"width: 202.95pt;\" width=\"202\">Lavat\u00f3rio de bancada<\/td>\n<\/tr>\n<tr style=\"height: 17.60pt;\">\n<td class=\"et3\" style=\"height: 17.60pt;\" height=\"17\">Forma<\/td>\n<td class=\"et3\">Forma redonda<\/td>\n<\/tr>\n<tr style=\"height: 18.00pt;\">\n<td class=\"et4\" style=\"height: 18.00pt;\" height=\"18\">Cor<\/td>\n<td class=\"et5\" style=\"width: 202.95pt;\" width=\"202\">Branco<\/td>\n<\/tr>\n<tr style=\"height: 18.00pt;\">\n<td class=\"et3\" style=\"height: 18.00pt;\" height=\"18\">Dimens\u00e3o<\/td>\n<td class=\"et5\" style=\"width: 202.95pt;\" width=\"202\">44*43*16.5<\/td>\n<\/tr>\n<tr style=\"height: 17.60pt;\">\n<td class=\"et3\" style=\"height: 17.60pt;\" height=\"17\">N.W \/SET<\/td>\n<td class=\"et3\">8KGS\/PCS<\/td>\n<\/tr>\n<tr style=\"height: 17.60pt;\">\n<td class=\"et3\" style=\"height: 17.60pt;\" height=\"17\">MOQ<\/td>\n<td class=\"et3\">20 unidades<\/td>\n<\/tr>\n<tr style=\"height: 17.60pt;\">\n<td class=\"et3\" style=\"height: 17.60pt;\" height=\"17\">Op\u00e7\u00e3o personalizada<\/td>\n<td class=\"et3\">Cor\/Patente\/Tamanho\/Logotipo\/Embalagem<\/td>\n<\/tr>\n<\/tbody>\n<\/table>","protected":false},"featured_media":4687,"comment_status":"closed","ping_status":"closed","template":"","meta":{"_acf_changed":false},"product_brand":[],"product_cat":[50],"product_tag":[],"class_list":{"0":"post-4678","1":"product","2":"type-product","3":"status-publish","4":"has-post-thumbnail","6":"product_cat-wholesale-countertop-sinks","8":"first","9":"instock","10":"shipping-taxable","11":"product-type-simple"},"acf":[],"_links":{"self":[{"href":"https:\/\/www.ceramicbasin.com\/pt\/wp-json\/wp\/v2\/product\/4678","targetHints":{"allow":["GET"]}}],"collection":[{"href":"https:\/\/www.ceramicbasin.com\/pt\/wp-json\/wp\/v2\/product"}],"about":[{"href":"https:\/\/www.ceramicbasin.com\/pt\/wp-json\/wp\/v2\/types\/product"}],"replies":[{"embeddable":true,"href":"https:\/\/www.ceramicbasin.com\/pt\/wp-json\/wp\/v2\/comments?post=4678"}],"wp:featuredmedia":[{"embeddable":true,"href":"https:\/\/www.ceramicbasin.com\/pt\/wp-json\/wp\/v2\/media\/4687"}],"wp:attachment":[{"href":"https:\/\/www.ceramicbasin.com\/pt\/wp-json\/wp\/v2\/media?parent=4678"}],"wp:term":[{"taxonomy":"product_brand","embeddable":true,"href":"https:\/\/www.ceramicbasin.com\/pt\/wp-json\/wp\/v2\/product_brand?post=4678"},{"taxonomy":"product_cat","embeddable":true,"href":"https:\/\/www.ceramicbasin.com\/pt\/wp-json\/wp\/v2\/product_cat?post=4678"},{"taxonomy":"product_tag","embeddable":true,"href":"https:\/\/www.ceramicbasin.com\/pt\/wp-json\/wp\/v2\/product_tag?post=4678"}],"curies":[{"name":"wp","href":"https:\/\/api.w.org\/{rel}","templated":true}]}}