{"id":4692,"date":"2024-08-12T08:33:13","date_gmt":"2024-08-12T08:33:13","guid":{"rendered":"https:\/\/www.ceramicbasin.com\/?post_type=product&#038;p=4692"},"modified":"2024-11-04T07:03:31","modified_gmt":"2024-11-04T07:03:31","slug":"countertop-washbasins-wholesale","status":"publish","type":"product","link":"https:\/\/www.ceramicbasin.com\/pt\/produto\/countertop-washbasins-wholesale\/","title":{"rendered":"Lavat\u00f3rios de bancada por atacado, lavat\u00f3rios requintados e dur\u00e1veis"},"content":{"rendered":"<div class=\"wp-block-columns is-layout-flex wp-container-core-columns-is-layout-9d6595d7 wp-block-columns-is-layout-flex\">\n<div class=\"wp-block-column is-layout-flow wp-block-column-is-layout-flow\">\n<h2 class=\"wp-block-heading\">Lavat\u00f3rios de bancada Premium Carater\u00edsticas por atacado:<\/h2>\n\n\n\n<ul class=\"wp-block-list\">\n<li><strong>Design nobre: <\/strong>Os lavat\u00f3rios de bancada por atacado apresentam uma forma redonda. Para o design interno, \u00e9 uma textura requintada de corte de tijolos, quebrando a tradicional parede interna lisa e adicionando uma hierarquia visual \u00fanica para torn\u00e1-la muito mais elegante e luxuosa.<\/li>\n\n\n\n<li><strong>Esmalte: <\/strong>O tratamento de envidra\u00e7amento a alta temperatura \u00e9 efectuado na superf\u00edcie deste lava-loi\u00e7a por atacado para garantir um toque suave, uma limpeza f\u00e1cil e um excelente desempenho anti-incrustante e anti-incrustante. O vidro liso reduz a acumula\u00e7\u00e3o de manchas de \u00e1gua e sujidade; pode manter o seu brilho durante muito tempo, mesmo com uma utiliza\u00e7\u00e3o frequente.<\/li>\n\n\n\n<li><strong>Cores:<\/strong> Estes lavat\u00f3rios de bancada por atacado oferecem v\u00e1rios tipos de op\u00e7\u00f5es de cores, que podem facilmente combinar com v\u00e1rios temas de design de casa de banho. Quer se trate de um estilo simples e moderno, ou de um estilo retro e cl\u00e1ssico, pode ser perfeitamente integrado atrav\u00e9s de cores personalizadas.<\/li>\n\n\n\n<li><strong>Duradouro:<\/strong> Os nossos lavat\u00f3rios para vasos por atacado s\u00e3o fabricados com materiais cer\u00e2micos de alta qualidade. A estrutura \u00e9 robusta, com excelente resist\u00eancia ao desgaste e \u00e0s fissuras. O processo de queima de alta temperatura torna-o dur\u00e1vel e n\u00e3o \u00e9 f\u00e1cil de deformar. Ele pode lidar com v\u00e1rios tipos de desafios no uso di\u00e1rio; portanto, uma vida \u00fatil longa e confi\u00e1vel pode ser garantida, e pode ser amplamente utilizado para decora\u00e7\u00e3o comercial e dom\u00e9stica.<\/li>\n<\/ul>\n<\/div>\n\n\n\n<div class=\"wp-block-column is-layout-flow wp-block-column-is-layout-flow\">\n<figure class=\"wp-block-image size-full\"><img fetchpriority=\"high\" decoding=\"async\" width=\"750\" height=\"750\" src=\"https:\/\/www.ceramicbasin.com\/wp-content\/uploads\/2024\/08\/HY-8037.webp\" alt=\"Lavat\u00f3rios de bancada por atacado, lavat\u00f3rios requintados e dur\u00e1veis-1\" class=\"wp-image-4679\" srcset=\"https:\/\/www.ceramicbasin.com\/wp-content\/uploads\/2024\/08\/HY-8037.webp 750w, https:\/\/www.ceramicbasin.com\/wp-content\/uploads\/2024\/08\/HY-8037-300x300.webp 300w, https:\/\/www.ceramicbasin.com\/wp-content\/uploads\/2024\/08\/HY-8037-150x150.webp 150w, https:\/\/www.ceramicbasin.com\/wp-content\/uploads\/2024\/08\/HY-8037-12x12.webp 12w, https:\/\/www.ceramicbasin.com\/wp-content\/uploads\/2024\/08\/HY-8037-285x285.webp 285w, https:\/\/www.ceramicbasin.com\/wp-content\/uploads\/2024\/08\/HY-8037-270x270.webp 270w, https:\/\/www.ceramicbasin.com\/wp-content\/uploads\/2024\/08\/HY-8037-540x540.webp 540w, https:\/\/www.ceramicbasin.com\/wp-content\/uploads\/2024\/08\/HY-8037-660x660.webp 660w\" sizes=\"(max-width: 750px) 100vw, 750px\" \/><\/figure>\n<\/div>\n<\/div>\n\n\n\n<p><\/p>","protected":false},"excerpt":{"rendered":"<p>Bem-vindo ao inqu\u00e9rito sobre pias de vasos por atacado. Os nossos lavat\u00f3rios de bancada por atacado s\u00e3o lindamente concebidos com textura de corte de alvenaria e acabamento de esmalte suave que exala sofistica\u00e7\u00e3o, acrescentando resist\u00eancia e durabilidade a qualquer casa de banho de luxo. Dispon\u00edvel na personaliza\u00e7\u00e3o de cores, processado com material cer\u00e2mico de alta qualidade, \u00e9 s\u00f3lido e dur\u00e1vel e altamente adequado para espa\u00e7os residenciais e comerciais.<\/p>\n<table style=\"border-collapse: collapse; width: 311.02pt;\" border=\"0\" width=\"311\" cellspacing=\"0\" cellpadding=\"0\">\n<tbody>\n<tr style=\"height: 17.60pt;\">\n<td class=\"et3\" style=\"height: 17.60pt; width: 108.35pt;\" width=\"108\" height=\"17\">Fabricante<\/td>\n<td class=\"et3\" style=\"width: 202.95pt;\" width=\"202\">HanYu<\/td>\n<\/tr>\n<tr style=\"height: 17.60pt;\">\n<td class=\"et3\" style=\"height: 17.60pt;\" height=\"17\">Modelo n.<\/td>\n<td class=\"et4\">HY-8037<\/td>\n<\/tr>\n<tr style=\"height: 18.00pt;\">\n<td class=\"et3\" style=\"height: 18.00pt;\" height=\"18\">Tipo<\/td>\n<td class=\"et5\" style=\"width: 202.95pt;\" width=\"202\">Lavat\u00f3rio de bancada<\/td>\n<\/tr>\n<tr style=\"height: 17.60pt;\">\n<td class=\"et3\" style=\"height: 17.60pt;\" height=\"17\">Forma<\/td>\n<td class=\"et3\">Forma redonda<\/td>\n<\/tr>\n<tr style=\"height: 18.00pt;\">\n<td class=\"et4\" style=\"height: 18.00pt;\" height=\"18\">Cor<\/td>\n<td class=\"et5\" style=\"width: 202.95pt;\" width=\"202\">Branco<\/td>\n<\/tr>\n<tr style=\"height: 18.00pt;\">\n<td class=\"et3\" style=\"height: 18.00pt;\" height=\"18\">Dimens\u00e3o<\/td>\n<td class=\"et5\" style=\"width: 202.95pt;\" width=\"202\">40.5*40.5*14.5<\/td>\n<\/tr>\n<tr style=\"height: 17.60pt;\">\n<td class=\"et3\" style=\"height: 17.60pt;\" height=\"17\">N.W \/SET<\/td>\n<td class=\"et3\">8KGS\/PCS<\/td>\n<\/tr>\n<tr style=\"height: 17.60pt;\">\n<td class=\"et3\" style=\"height: 17.60pt;\" height=\"17\">MOQ<\/td>\n<td class=\"et3\">20 unidades<\/td>\n<\/tr>\n<tr style=\"height: 17.60pt;\">\n<td class=\"et3\" style=\"height: 17.60pt;\" height=\"17\">Op\u00e7\u00e3o personalizada<\/td>\n<td class=\"et3\">Cor\/Patente\/Tamanho\/Logotipo\/Embalagem<\/td>\n<\/tr>\n<\/tbody>\n<\/table>","protected":false},"featured_media":4682,"comment_status":"closed","ping_status":"closed","template":"","meta":{"_acf_changed":false},"product_brand":[],"product_cat":[50],"product_tag":[],"class_list":{"0":"post-4692","1":"product","2":"type-product","3":"status-publish","4":"has-post-thumbnail","6":"product_cat-wholesale-countertop-sinks","8":"first","9":"instock","10":"shipping-taxable","11":"product-type-simple"},"acf":[],"_links":{"self":[{"href":"https:\/\/www.ceramicbasin.com\/pt\/wp-json\/wp\/v2\/product\/4692","targetHints":{"allow":["GET"]}}],"collection":[{"href":"https:\/\/www.ceramicbasin.com\/pt\/wp-json\/wp\/v2\/product"}],"about":[{"href":"https:\/\/www.ceramicbasin.com\/pt\/wp-json\/wp\/v2\/types\/product"}],"replies":[{"embeddable":true,"href":"https:\/\/www.ceramicbasin.com\/pt\/wp-json\/wp\/v2\/comments?post=4692"}],"wp:featuredmedia":[{"embeddable":true,"href":"https:\/\/www.ceramicbasin.com\/pt\/wp-json\/wp\/v2\/media\/4682"}],"wp:attachment":[{"href":"https:\/\/www.ceramicbasin.com\/pt\/wp-json\/wp\/v2\/media?parent=4692"}],"wp:term":[{"taxonomy":"product_brand","embeddable":true,"href":"https:\/\/www.ceramicbasin.com\/pt\/wp-json\/wp\/v2\/product_brand?post=4692"},{"taxonomy":"product_cat","embeddable":true,"href":"https:\/\/www.ceramicbasin.com\/pt\/wp-json\/wp\/v2\/product_cat?post=4692"},{"taxonomy":"product_tag","embeddable":true,"href":"https:\/\/www.ceramicbasin.com\/pt\/wp-json\/wp\/v2\/product_tag?post=4692"}],"curies":[{"name":"wp","href":"https:\/\/api.w.org\/{rel}","templated":true}]}}