{"id":4730,"date":"2024-08-14T08:25:59","date_gmt":"2024-08-14T08:25:59","guid":{"rendered":"https:\/\/www.ceramicbasin.com\/?post_type=product&#038;p=4730"},"modified":"2024-10-17T08:16:28","modified_gmt":"2024-10-17T08:16:28","slug":"wholesale-ceramic-bathroom-basins","status":"publish","type":"product","link":"https:\/\/www.ceramicbasin.com\/pt\/produto\/wholesale-ceramic-bathroom-basins\/","title":{"rendered":"Bacias de casa de banho em cer\u00e2mica, lavat\u00f3rio retangular de bancada"},"content":{"rendered":"<div class=\"wp-block-columns is-layout-flex wp-container-core-columns-is-layout-9d6595d7 wp-block-columns-is-layout-flex\">\n<div class=\"wp-block-column is-layout-flow wp-block-column-is-layout-flow\">\n<h2 class=\"wp-block-heading\">Carater\u00edsticas dos lavat\u00f3rios de cer\u00e2mica para casa de banho Premium Wholesale<\/h2>\n\n\n\n<ul class=\"wp-block-list\">\n<li><strong>Design quadrado simples e moderno: <\/strong>As nossas bacias de casa de banho de cer\u00e2mica por atacado adoptam uma forma quadrada, linhas simples e suaves, destacando o sentido de moda do design moderno da casa de banho, adequado para v\u00e1rios estilos de decora\u00e7\u00e3o de interiores, especialmente espa\u00e7os de casa de banho que perseguem estilos minimalistas e modernos.<\/li>\n\n\n\n<li><strong>Material cer\u00e2mico de alta qualidade: <\/strong>Estes lavat\u00f3rios de bancada de casa de banho por atacado s\u00e3o feitos de cer\u00e2mica de alta qualidade cozida a alta temperatura, com superf\u00edcie lisa e delicada, excelente durabilidade e resist\u00eancia a manchas. N\u00e3o \u00e9 apenas resistente a riscos e ao desgaste, mas tamb\u00e9m resiste facilmente \u00e0 sujidade e \u00e0s manchas de \u00e1gua no uso di\u00e1rio, garantindo que permanece como novo durante muito tempo.<\/li>\n\n\n\n<li><strong>Conce\u00e7\u00e3o pr\u00e1tica da instala\u00e7\u00e3o da bancada: <\/strong>Os nossos lavat\u00f3rios quadrados de cer\u00e2mica para casa de banho por atacado n\u00e3o s\u00e3o apenas bonitos no design, mas tamb\u00e9m f\u00e1ceis e convenientes de instalar, adequados para v\u00e1rios materiais de bancada. A sua grande capacidade de \u00e1gua tamb\u00e9m proporciona aos utilizadores uma melhor experi\u00eancia de utiliza\u00e7\u00e3o, que \u00e9 simultaneamente pr\u00e1tica e bonita.<\/li>\n\n\n\n<li><strong>Servi\u00e7os por grosso e personalizados:<\/strong> Fornecemos servi\u00e7os personalizados para lavat\u00f3rios de bancada de casa de banho por atacado, e os clientes podem escolher o tamanho, a cor e o tratamento de superf\u00edcie de acordo com as suas necessidades. Quer se trate de decora\u00e7\u00e3o de casa ou de projectos comerciais, podemos fazer bacias de bancada \u00e0 medida que satisfa\u00e7am necessidades espec\u00edficas de design.<\/li>\n<\/ul>\n<\/div>\n\n\n\n<div class=\"wp-block-column is-layout-flow wp-block-column-is-layout-flow\">\n<figure class=\"wp-block-image size-full\"><img fetchpriority=\"high\" decoding=\"async\" width=\"980\" height=\"1345\" src=\"https:\/\/www.ceramicbasin.com\/wp-content\/uploads\/2024\/08\/Ceramic-basin-manufacturercounter-top-rectangle-basin.webp\" alt=\"Lavat\u00f3rios de cer\u00e2mica para casa de banho por atacado, lavat\u00f3rio retangular de bancada\" class=\"wp-image-4732\" srcset=\"https:\/\/www.ceramicbasin.com\/wp-content\/uploads\/2024\/08\/Ceramic-basin-manufacturercounter-top-rectangle-basin.webp 980w, https:\/\/www.ceramicbasin.com\/wp-content\/uploads\/2024\/08\/Ceramic-basin-manufacturercounter-top-rectangle-basin-219x300.webp 219w, https:\/\/www.ceramicbasin.com\/wp-content\/uploads\/2024\/08\/Ceramic-basin-manufacturercounter-top-rectangle-basin-768x1054.webp 768w, https:\/\/www.ceramicbasin.com\/wp-content\/uploads\/2024\/08\/Ceramic-basin-manufacturercounter-top-rectangle-basin-9x12.webp 9w, https:\/\/www.ceramicbasin.com\/wp-content\/uploads\/2024\/08\/Ceramic-basin-manufacturercounter-top-rectangle-basin-285x391.webp 285w, https:\/\/www.ceramicbasin.com\/wp-content\/uploads\/2024\/08\/Ceramic-basin-manufacturercounter-top-rectangle-basin-481x660.webp 481w, https:\/\/www.ceramicbasin.com\/wp-content\/uploads\/2024\/08\/Ceramic-basin-manufacturercounter-top-rectangle-basin-109x150.webp 109w\" sizes=\"(max-width: 980px) 100vw, 980px\" \/><\/figure>\n<\/div>\n<\/div>","protected":false},"excerpt":{"rendered":"<p>Bem-vindo \u00e0 compra de lavat\u00f3rios de bancada para casa de banho. Este lavat\u00f3rio quadrado de cer\u00e2mica para casa de banho tem um design simples e elegante e \u00e9 feito de materiais cer\u00e2micos de alta qualidade. A superf\u00edcie \u00e9 lisa, dur\u00e1vel e f\u00e1cil de limpar. \u00c9 f\u00e1cil de instalar na bancada e \u00e9 adequado para v\u00e1rios requisitos de estilo de casas de banho modernas. \u00c9 uma escolha ideal para projectos dom\u00e9sticos e comerciais.<\/p>\n<table style=\"border-collapse: collapse; width: 358.52pt;\" border=\"0\" width=\"478\" cellspacing=\"0\" cellpadding=\"0\">\n<tbody>\n<tr style=\"height: 17.25pt;\">\n<td class=\"et3\" style=\"height: 17.25pt; width: 125.00pt;\" width=\"166\" height=\"23\">Fabricante<\/td>\n<td class=\"et3\" style=\"width: 234.15pt;\" width=\"312\">HanYu<\/td>\n<\/tr>\n<tr style=\"height: 17.25pt;\">\n<td class=\"et3\" style=\"height: 17.25pt;\" height=\"23\">Modelo n.<\/td>\n<td class=\"et4\">HY-8244<\/td>\n<\/tr>\n<tr style=\"height: 17.25pt;\">\n<td class=\"et3\" style=\"height: 17.25pt;\" height=\"23\">Tipo<\/td>\n<td class=\"et5\" style=\"width: 234.15pt;\" width=\"312\">Lavat\u00f3rio de bancada<\/td>\n<\/tr>\n<tr style=\"height: 18.00pt;\">\n<td class=\"et3\" style=\"height: 18.00pt;\" height=\"24\">Forma<\/td>\n<td class=\"et3\">Forma retangular<\/td>\n<\/tr>\n<tr style=\"height: 34.50pt;\">\n<td class=\"et4\" style=\"height: 34.50pt;\" height=\"46\">Cor<\/td>\n<td class=\"et5\" style=\"width: 234.15pt;\" width=\"312\">preto\/branco\/azul\/cinzento\/rosa\/verde\/castanho\/caqui<\/td>\n<\/tr>\n<tr style=\"height: 18.00pt;\">\n<td class=\"et3\" style=\"height: 18.00pt;\" height=\"24\">Dimens\u00e3o<\/td>\n<td class=\"et5\" style=\"width: 234.15pt;\" width=\"312\">51*41*17.5<\/td>\n<\/tr>\n<tr style=\"height: 17.25pt;\">\n<td class=\"et3\" style=\"height: 17.25pt;\" height=\"23\">N.W \/SET<\/td>\n<td class=\"et3\">12KGS\/PCS<\/td>\n<\/tr>\n<tr style=\"height: 17.25pt;\">\n<td class=\"et3\" style=\"height: 17.25pt;\" height=\"23\">MOQ<\/td>\n<td class=\"et3\">20 unidades<\/td>\n<\/tr>\n<tr style=\"height: 17.25pt;\">\n<td class=\"et3\" style=\"height: 17.25pt;\" height=\"23\">Op\u00e7\u00e3o personalizada<\/td>\n<td class=\"et3\">Cor\/Patente\/Tamanho\/Logotipo\/Embalagem<\/td>\n<\/tr>\n<\/tbody>\n<\/table>","protected":false},"featured_media":4734,"comment_status":"closed","ping_status":"closed","template":"","meta":{"_acf_changed":false},"product_brand":[],"product_cat":[50],"product_tag":[],"class_list":{"0":"post-4730","1":"product","2":"type-product","3":"status-publish","4":"has-post-thumbnail","6":"product_cat-wholesale-countertop-sinks","8":"first","9":"instock","10":"shipping-taxable","11":"product-type-simple"},"acf":[],"_links":{"self":[{"href":"https:\/\/www.ceramicbasin.com\/pt\/wp-json\/wp\/v2\/product\/4730","targetHints":{"allow":["GET"]}}],"collection":[{"href":"https:\/\/www.ceramicbasin.com\/pt\/wp-json\/wp\/v2\/product"}],"about":[{"href":"https:\/\/www.ceramicbasin.com\/pt\/wp-json\/wp\/v2\/types\/product"}],"replies":[{"embeddable":true,"href":"https:\/\/www.ceramicbasin.com\/pt\/wp-json\/wp\/v2\/comments?post=4730"}],"wp:featuredmedia":[{"embeddable":true,"href":"https:\/\/www.ceramicbasin.com\/pt\/wp-json\/wp\/v2\/media\/4734"}],"wp:attachment":[{"href":"https:\/\/www.ceramicbasin.com\/pt\/wp-json\/wp\/v2\/media?parent=4730"}],"wp:term":[{"taxonomy":"product_brand","embeddable":true,"href":"https:\/\/www.ceramicbasin.com\/pt\/wp-json\/wp\/v2\/product_brand?post=4730"},{"taxonomy":"product_cat","embeddable":true,"href":"https:\/\/www.ceramicbasin.com\/pt\/wp-json\/wp\/v2\/product_cat?post=4730"},{"taxonomy":"product_tag","embeddable":true,"href":"https:\/\/www.ceramicbasin.com\/pt\/wp-json\/wp\/v2\/product_tag?post=4730"}],"curies":[{"name":"wp","href":"https:\/\/api.w.org\/{rel}","templated":true}]}}