{"id":4749,"date":"2024-08-17T06:42:46","date_gmt":"2024-08-17T06:42:46","guid":{"rendered":"https:\/\/www.ceramicbasin.com\/?post_type=product&#038;p=4749"},"modified":"2024-11-04T09:01:25","modified_gmt":"2024-11-04T09:01:25","slug":"porcelain-wall-hung-basin-wholesale","status":"publish","type":"product","link":"https:\/\/www.ceramicbasin.com\/pt\/produto\/porcelain-wall-hung-basin-wholesale\/","title":{"rendered":"Bacia suspensa de porcelana por atacado, pias estreitas do banheiro"},"content":{"rendered":"<div class=\"wp-block-columns is-layout-flex wp-container-core-columns-is-layout-9d6595d7 wp-block-columns-is-layout-flex\">\n<div class=\"wp-block-column is-layout-flow wp-block-column-is-layout-flow\">\n<h2 class=\"wp-block-heading\">Lavat\u00f3rio mural de porcelana Premium Carater\u00edsticas<\/h2>\n\n\n\n<ul class=\"wp-block-list\">\n<li><strong>Design estreito e compacto: <\/strong>Este lavat\u00f3rio suspenso por atacado tem um design estreito, para pequenas casas de banho ou divis\u00f5es, a fim de poupar mais espa\u00e7o, o que \u00e9 adequado para casas de banho em resid\u00eancias modernas, hot\u00e9is e locais comerciais.<\/li>\n\n\n\n<li><strong>Material cer\u00e2mico de alta qualidade: <\/strong>Estes lavat\u00f3rios de casa de banho estreitos por atacado s\u00e3o feitos de materiais cer\u00e2micos de alta qualidade cozidos a altas temperaturas para garantir que os produtos t\u00eam uma excelente durabilidade, e a superf\u00edcie \u00e9 lisa e delicada, anti-incrustante e resistente a riscos. Isto garante que, ap\u00f3s uma utiliza\u00e7\u00e3o prolongada, permanece limpo e brilhante, f\u00e1cil de limpar e manter.<\/li>\n\n\n\n<li><strong>Concebido para instala\u00e7\u00e3o na parede: <\/strong>poupa espa\u00e7o no ch\u00e3o de forma eficaz e \u00e9 f\u00e1cil de instalar. Entretanto, este lavat\u00f3rio suspenso na parede cria um efeito visual simples e generoso, fazendo com que a casa de banho pare\u00e7a mais espa\u00e7osa e arrumada, e a altura pode ser ajustada livremente para aumentar a comodidade de utiliza\u00e7\u00e3o, se necess\u00e1rio.<\/li>\n\n\n\n<li><strong>Venda por grosso e personaliza\u00e7\u00e3o: <\/strong>Estes lavat\u00f3rios de casa de banho por atacado s\u00e3o flex\u00edveis para o servi\u00e7o por atacado e personaliza\u00e7\u00e3o. Suporta m\u00faltiplas personaliza\u00e7\u00f5es de tamanho, cor e estilo para satisfazer v\u00e1rias necessidades de design de projectos e pode satisfazer v\u00e1rios estilos de decora\u00e7\u00e3o de interiores.<\/li>\n<\/ul>\n<\/div>\n\n\n\n<div class=\"wp-block-column is-layout-flow wp-block-column-is-layout-flow\">\n<figure class=\"wp-block-image size-full\"><img fetchpriority=\"high\" decoding=\"async\" width=\"573\" height=\"800\" src=\"https:\/\/www.ceramicbasin.com\/wp-content\/uploads\/2024\/08\/Porcelain-washbasin-factory-wall-hung-wash-basin.7.webp\" alt=\"Bacia suspensa de porcelana por atacado, pias estreitas do banheiro\" class=\"wp-image-4755\" srcset=\"https:\/\/www.ceramicbasin.com\/wp-content\/uploads\/2024\/08\/Porcelain-washbasin-factory-wall-hung-wash-basin.7.webp 573w, https:\/\/www.ceramicbasin.com\/wp-content\/uploads\/2024\/08\/Porcelain-washbasin-factory-wall-hung-wash-basin.7-215x300.webp 215w, https:\/\/www.ceramicbasin.com\/wp-content\/uploads\/2024\/08\/Porcelain-washbasin-factory-wall-hung-wash-basin.7-9x12.webp 9w, https:\/\/www.ceramicbasin.com\/wp-content\/uploads\/2024\/08\/Porcelain-washbasin-factory-wall-hung-wash-basin.7-285x398.webp 285w, https:\/\/www.ceramicbasin.com\/wp-content\/uploads\/2024\/08\/Porcelain-washbasin-factory-wall-hung-wash-basin.7-473x660.webp 473w, https:\/\/www.ceramicbasin.com\/wp-content\/uploads\/2024\/08\/Porcelain-washbasin-factory-wall-hung-wash-basin.7-107x150.webp 107w\" sizes=\"(max-width: 573px) 100vw, 573px\" \/><\/figure>\n<\/div>\n<\/div>","protected":false},"excerpt":{"rendered":"<p>Bem-vindo ao comprar pequenos lavat\u00f3rios de casa de banho por atacado. Este lavat\u00f3rio de parede foi concebido de forma compacta para poupar espa\u00e7o, \u00e9 feito de material cer\u00e2mico de alta qualidade que \u00e9 dur\u00e1vel e f\u00e1cil de limpar. O seu m\u00e9todo de instala\u00e7\u00e3o na parede melhora a utiliza\u00e7\u00e3o do espa\u00e7o da casa de banho, e \u00e9 adequado para v\u00e1rios estilos de casas de banho modernas.<\/p>\n<table style=\"border-collapse: collapse; width: 358.52pt;\" border=\"0\" width=\"478\" cellspacing=\"0\" cellpadding=\"0\">\n<tbody>\n<tr style=\"height: 17.25pt;\">\n<td class=\"et3\" style=\"height: 17.25pt; width: 125.00pt;\" width=\"166\" height=\"23\">Fabricante<\/td>\n<td class=\"et3\" style=\"width: 234.15pt;\" width=\"312\">HanYu<\/td>\n<\/tr>\n<tr style=\"height: 17.25pt;\">\n<td class=\"et3\" style=\"height: 17.25pt;\" height=\"23\">Modelo n.<\/td>\n<td class=\"et4\">HY-3043L<\/td>\n<\/tr>\n<tr style=\"height: 17.25pt;\">\n<td class=\"et3\" style=\"height: 17.25pt;\" height=\"23\">Tipo<\/td>\n<td class=\"et5\" style=\"width: 234.15pt;\" width=\"312\">Lava-lou\u00e7as de parede<\/td>\n<\/tr>\n<tr style=\"height: 18.00pt;\">\n<td class=\"et3\" style=\"height: 18.00pt;\" height=\"24\">Forma<\/td>\n<td class=\"et3\">Forma retangular<\/td>\n<\/tr>\n<tr style=\"height: 34.50pt;\">\n<td class=\"et4\" style=\"height: 34.50pt;\" height=\"46\">Cor<\/td>\n<td class=\"et5\" style=\"width: 234.15pt;\" width=\"312\">preto\/branco\/azul\/cinzento\/rosa\/verde\/castanho\/caqui<\/td>\n<\/tr>\n<tr style=\"height: 18.00pt;\">\n<td class=\"et3\" style=\"height: 18.00pt;\" height=\"24\">Dimens\u00e3o<\/td>\n<td class=\"et5\" style=\"width: 234.15pt;\" width=\"312\">45.5*25*12<\/td>\n<\/tr>\n<tr style=\"height: 17.25pt;\">\n<td class=\"et3\" style=\"height: 17.25pt;\" height=\"23\">N.W \/SET<\/td>\n<td class=\"et3\">7KGS\/PCS<\/td>\n<\/tr>\n<tr style=\"height: 17.25pt;\">\n<td class=\"et3\" style=\"height: 17.25pt;\" height=\"23\">MOQ<\/td>\n<td class=\"et3\">20 unidades<\/td>\n<\/tr>\n<tr style=\"height: 17.25pt;\">\n<td class=\"et3\" style=\"height: 17.25pt;\" height=\"23\">Op\u00e7\u00e3o personalizada<\/td>\n<td class=\"et3\">Cor\/Patente\/Tamanho\/Logotipo\/Embalagem<\/td>\n<\/tr>\n<\/tbody>\n<\/table>","protected":false},"featured_media":4752,"comment_status":"closed","ping_status":"closed","template":"","meta":{"_acf_changed":false},"product_brand":[],"product_cat":[56],"product_tag":[],"class_list":{"0":"post-4749","1":"product","2":"type-product","3":"status-publish","4":"has-post-thumbnail","6":"product_cat-wholesale-small-bathroom-sinks","8":"first","9":"instock","10":"shipping-taxable","11":"product-type-simple"},"acf":[],"_links":{"self":[{"href":"https:\/\/www.ceramicbasin.com\/pt\/wp-json\/wp\/v2\/product\/4749","targetHints":{"allow":["GET"]}}],"collection":[{"href":"https:\/\/www.ceramicbasin.com\/pt\/wp-json\/wp\/v2\/product"}],"about":[{"href":"https:\/\/www.ceramicbasin.com\/pt\/wp-json\/wp\/v2\/types\/product"}],"replies":[{"embeddable":true,"href":"https:\/\/www.ceramicbasin.com\/pt\/wp-json\/wp\/v2\/comments?post=4749"}],"wp:featuredmedia":[{"embeddable":true,"href":"https:\/\/www.ceramicbasin.com\/pt\/wp-json\/wp\/v2\/media\/4752"}],"wp:attachment":[{"href":"https:\/\/www.ceramicbasin.com\/pt\/wp-json\/wp\/v2\/media?parent=4749"}],"wp:term":[{"taxonomy":"product_brand","embeddable":true,"href":"https:\/\/www.ceramicbasin.com\/pt\/wp-json\/wp\/v2\/product_brand?post=4749"},{"taxonomy":"product_cat","embeddable":true,"href":"https:\/\/www.ceramicbasin.com\/pt\/wp-json\/wp\/v2\/product_cat?post=4749"},{"taxonomy":"product_tag","embeddable":true,"href":"https:\/\/www.ceramicbasin.com\/pt\/wp-json\/wp\/v2\/product_tag?post=4749"}],"curies":[{"name":"wp","href":"https:\/\/api.w.org\/{rel}","templated":true}]}}