{"id":4757,"date":"2024-08-17T07:17:37","date_gmt":"2024-08-17T07:17:37","guid":{"rendered":"https:\/\/www.ceramicbasin.com\/?post_type=product&#038;p=4757"},"modified":"2025-09-11T03:02:14","modified_gmt":"2025-09-11T03:02:14","slug":"corner-wall-hang-basin-wholesale","status":"publish","type":"product","link":"https:\/\/www.ceramicbasin.com\/pt\/produto\/corner-wall-hang-basin-wholesale\/","title":{"rendered":"Bacia de canto pendurada na parede de qualidade por atacado, pia de canto personalizada"},"content":{"rendered":"<div class=\"wp-block-columns is-layout-flex wp-container-core-columns-is-layout-9d6595d7 wp-block-columns-is-layout-flex\">\n<div class=\"wp-block-column is-layout-flow wp-block-column-is-layout-flow\">\n<h2 class=\"wp-block-heading\">Bacia de canto suspensa na parede Premium Carater\u00edsticas por atacado<\/h2>\n\n\n\n<ul class=\"wp-block-list\">\n<li><strong>Design de canto que poupa espa\u00e7o:<\/strong> Este lavat\u00f3rio de canto para pendurar na parede foi concebido para casas de banho pequenas ou espa\u00e7os compactos, aproveitando ao m\u00e1ximo a posi\u00e7\u00e3o do canto e melhorando a efici\u00eancia da utiliza\u00e7\u00e3o do espa\u00e7o. \u00c9 muito adequado para locais como casas, hot\u00e9is e edif\u00edcios comerciais que precisam de poupar espa\u00e7o.<\/li>\n\n\n\n<li><strong>Produtos cer\u00e2micos cozidos a alta temperatura:<\/strong> O nosso lavat\u00f3rio de canto personalizado \u00e9 feito de cer\u00e2mica de alta qualidade, cozida a alta temperatura com uma superf\u00edcie lisa e elegante. Tem uma boa resist\u00eancia a riscos, a manchas e a durabilidade, garantindo que nunca perder\u00e1 o seu brilho ap\u00f3s uma utiliza\u00e7\u00e3o prolongada, e pode ser mantido limpo e mantido facilmente.<\/li>\n\n\n\n<li><strong>Instala\u00e7\u00e3o na parede:<\/strong> O design de montagem na parede deste lavat\u00f3rio de canto para pendurar na parede por atacado n\u00e3o s\u00f3 poupa espa\u00e7o no ch\u00e3o, como tamb\u00e9m melhora a amplitude visual geral da casa de banho. \u00c9 simples e bonito, f\u00e1cil de instalar e adapta-se a diferentes requisitos de altura, tornando a \u00e1rea de lavagem das m\u00e3os mais pr\u00e1tica e elegante.<\/li>\n\n\n\n<li><strong>Apoiar servi\u00e7os personalizados: <\/strong>Fornecemos servi\u00e7os personalizados para lavat\u00f3rios de canto personalizados numa variedade de tamanhos, cores e formas, que podem ser adaptados de acordo com os diferentes requisitos do projeto para satisfazer os requisitos de design personalizado da decora\u00e7\u00e3o da casa, projectos de hot\u00e9is ou projectos comerciais.<\/li>\n<\/ul>\n<\/div>\n\n\n\n<div class=\"wp-block-column is-layout-flow wp-block-column-is-layout-flow\">\n<figure class=\"wp-block-image size-full\"><img fetchpriority=\"high\" decoding=\"async\" width=\"573\" height=\"800\" src=\"https:\/\/www.ceramicbasin.com\/wp-content\/uploads\/2024\/08\/Wholesale-wash-basin-supplier-wall-hanging-ceramic-basin.webp\" alt=\"Fornecimento de f\u00e1brica de bacia de canto pendurada na parede por atacado para casa de banho\" class=\"wp-image-4765\" srcset=\"https:\/\/www.ceramicbasin.com\/wp-content\/uploads\/2024\/08\/Wholesale-wash-basin-supplier-wall-hanging-ceramic-basin.webp 573w, https:\/\/www.ceramicbasin.com\/wp-content\/uploads\/2024\/08\/Wholesale-wash-basin-supplier-wall-hanging-ceramic-basin-215x300.webp 215w, https:\/\/www.ceramicbasin.com\/wp-content\/uploads\/2024\/08\/Wholesale-wash-basin-supplier-wall-hanging-ceramic-basin-9x12.webp 9w, https:\/\/www.ceramicbasin.com\/wp-content\/uploads\/2024\/08\/Wholesale-wash-basin-supplier-wall-hanging-ceramic-basin-285x398.webp 285w, https:\/\/www.ceramicbasin.com\/wp-content\/uploads\/2024\/08\/Wholesale-wash-basin-supplier-wall-hanging-ceramic-basin-473x660.webp 473w, https:\/\/www.ceramicbasin.com\/wp-content\/uploads\/2024\/08\/Wholesale-wash-basin-supplier-wall-hanging-ceramic-basin-107x150.webp 107w\" sizes=\"(max-width: 573px) 100vw, 573px\" \/><\/figure>\n<\/div>\n<\/div>","protected":false},"excerpt":{"rendered":"<p>Bem-vindo ao lavat\u00f3rio de canto personalizado. O lavat\u00f3rio de canto suspenso na parede \u00e9 um design de canto eficiente em termos de espa\u00e7o e \u00e9 feito de material cer\u00e2mico de alta qualidade com elevada durabilidade e resist\u00eancia a manchas. O design suspenso na parede n\u00e3o s\u00f3 poupa espa\u00e7o, como tamb\u00e9m melhora o aspeto geral da casa de banho. \u00c9 personaliz\u00e1vel e pode ser utilizado em v\u00e1rios ambientes dom\u00e9sticos e comerciais.<\/p>\n<table style=\"border-collapse: collapse; width: 358.52pt;\" border=\"0\" width=\"478\" cellspacing=\"0\" cellpadding=\"0\">\n<tbody>\n<tr style=\"height: 17.25pt;\">\n<td class=\"et3\" style=\"height: 17.25pt; width: 125.00pt;\" width=\"166\" height=\"23\">Fabricante<\/td>\n<td class=\"et3\" style=\"width: 234.15pt;\" width=\"312\">HanYu<\/td>\n<\/tr>\n<tr style=\"height: 17.25pt;\">\n<td class=\"et3\" style=\"height: 17.25pt;\" height=\"23\">Modelo n.<\/td>\n<td class=\"et4\">HY-3042<\/td>\n<\/tr>\n<tr style=\"height: 17.25pt;\">\n<td class=\"et3\" style=\"height: 17.25pt;\" height=\"23\">Tipo<\/td>\n<td class=\"et5\" style=\"width: 234.15pt;\" width=\"312\">Lava-lou\u00e7as de parede, bacias pequenas<\/td>\n<\/tr>\n<tr style=\"height: 18.00pt;\">\n<td class=\"et3\" style=\"height: 18.00pt;\" height=\"24\">Forma<\/td>\n<td class=\"et3\">Forma redonda<\/td>\n<\/tr>\n<tr style=\"height: 34.50pt;\">\n<td class=\"et4\" style=\"height: 34.50pt;\" height=\"46\">Cor<\/td>\n<td class=\"et5\" style=\"width: 234.15pt;\" width=\"312\">preto\/branco\/azul\/cinzento\/rosa\/verde\/castanho\/caqui<\/td>\n<\/tr>\n<tr style=\"height: 18.00pt;\">\n<td class=\"et3\" style=\"height: 18.00pt;\" height=\"24\">Dimens\u00e3o<\/td>\n<td class=\"et5\" style=\"width: 234.15pt;\" width=\"312\">31*43*12.5<\/td>\n<\/tr>\n<tr style=\"height: 17.25pt;\">\n<td class=\"et3\" style=\"height: 17.25pt;\" height=\"23\">N.W \/SET<\/td>\n<td class=\"et3\">7KGS\/PCS<\/td>\n<\/tr>\n<tr style=\"height: 17.25pt;\">\n<td class=\"et3\" style=\"height: 17.25pt;\" height=\"23\">MOQ<\/td>\n<td class=\"et3\">20 unidades<\/td>\n<\/tr>\n<tr style=\"height: 17.25pt;\">\n<td class=\"et3\" style=\"height: 17.25pt;\" height=\"23\">Op\u00e7\u00e3o personalizada<\/td>\n<td class=\"et3\">Cor\/Patente\/Tamanho\/Logotipo\/Embalagem<\/td>\n<\/tr>\n<\/tbody>\n<\/table>","protected":false},"featured_media":4761,"comment_status":"closed","ping_status":"closed","template":"","meta":{"_acf_changed":false},"product_brand":[],"product_cat":[56,57],"product_tag":[],"class_list":{"0":"post-4757","1":"product","2":"type-product","3":"status-publish","4":"has-post-thumbnail","6":"product_cat-wholesale-small-bathroom-sinks","7":"product_cat-wholesale-wall-mounted-sinks","9":"first","10":"instock","11":"shipping-taxable","12":"product-type-simple"},"acf":[],"_links":{"self":[{"href":"https:\/\/www.ceramicbasin.com\/pt\/wp-json\/wp\/v2\/product\/4757","targetHints":{"allow":["GET"]}}],"collection":[{"href":"https:\/\/www.ceramicbasin.com\/pt\/wp-json\/wp\/v2\/product"}],"about":[{"href":"https:\/\/www.ceramicbasin.com\/pt\/wp-json\/wp\/v2\/types\/product"}],"replies":[{"embeddable":true,"href":"https:\/\/www.ceramicbasin.com\/pt\/wp-json\/wp\/v2\/comments?post=4757"}],"wp:featuredmedia":[{"embeddable":true,"href":"https:\/\/www.ceramicbasin.com\/pt\/wp-json\/wp\/v2\/media\/4761"}],"wp:attachment":[{"href":"https:\/\/www.ceramicbasin.com\/pt\/wp-json\/wp\/v2\/media?parent=4757"}],"wp:term":[{"taxonomy":"product_brand","embeddable":true,"href":"https:\/\/www.ceramicbasin.com\/pt\/wp-json\/wp\/v2\/product_brand?post=4757"},{"taxonomy":"product_cat","embeddable":true,"href":"https:\/\/www.ceramicbasin.com\/pt\/wp-json\/wp\/v2\/product_cat?post=4757"},{"taxonomy":"product_tag","embeddable":true,"href":"https:\/\/www.ceramicbasin.com\/pt\/wp-json\/wp\/v2\/product_tag?post=4757"}],"curies":[{"name":"wp","href":"https:\/\/api.w.org\/{rel}","templated":true}]}}