{"id":4838,"date":"2024-08-19T06:35:44","date_gmt":"2024-08-19T06:35:44","guid":{"rendered":"https:\/\/www.ceramicbasin.com\/?post_type=product&#038;p=4838"},"modified":"2024-11-04T08:49:36","modified_gmt":"2024-11-04T08:49:36","slug":"porcelain-bathroom-sinks-wholesale","status":"publish","type":"product","link":"https:\/\/www.ceramicbasin.com\/pt\/produto\/porcelain-bathroom-sinks-wholesale\/","title":{"rendered":"Pias de casa de banho de porcelana por atacado, bacias redondas de bancada"},"content":{"rendered":"<div class=\"wp-block-columns is-layout-flex wp-container-core-columns-is-layout-9d6595d7 wp-block-columns-is-layout-flex\">\n<div class=\"wp-block-column is-layout-flow wp-block-column-is-layout-flow\">\n<h2 class=\"wp-block-heading\">Pias de casa de banho de porcelana premium por atacado Carater\u00edsticas:<\/h2>\n\n\n\n<ul class=\"wp-block-list\">\n<li><strong>Design redondo cl\u00e1ssico: <\/strong>A forma destes lavat\u00f3rios de porcelana para casa de banho por atacado foi concebida num estilo simples e elegante. As linhas arredondadas conferem ao espa\u00e7o de banho uma atmosfera harmoniosa, ao mesmo tempo que se adapta perfeitamente a qualquer estilo de decora\u00e7\u00e3o de casa de banho, desde a simplicidade moderna ao estilo tradicional.<\/li>\n\n\n\n<li><strong>Material de porcelana de alta qualidade: <\/strong>A qualidade do material de porcelana que comp\u00f5e os nossos lavat\u00f3rios redondos de bancada por atacado \u00e9 soberba. Queimada a altas temperaturas, a superf\u00edcie do produto \u00e9 lisa e delicada, com excelente resist\u00eancia ao desgaste e \u00e0s manchas. Minimiza a frequ\u00eancia de limpeza porque n\u00e3o consome muita mancha na sua superf\u00edcie.<\/li>\n\n\n\n<li><strong>Design que poupa espa\u00e7o: <\/strong>Estes lavat\u00f3rios de porcelana para casa de banho por atacado n\u00e3o s\u00e3o apenas visualmente requintados e bonitos, mas tamb\u00e9m utilizam totalmente o espa\u00e7o da bancada. A instala\u00e7\u00e3o pode ser feita em casas de banho de qualquer tamanho, especialmente numa \u00e1rea limitada. Melhora a utiliza\u00e7\u00e3o do espa\u00e7o sem comprometer as fun\u00e7\u00f5es pr\u00e1ticas.<\/li>\n\n\n\n<li><strong>Servi\u00e7os por grosso e por encomenda: <\/strong>Temos um pre\u00e7o de compra a granel e um servi\u00e7o personalizado para bacias redondas de bancada por atacado, que podem ser configuradas de acordo com os requisitos concretos dos clientes para se adaptarem ao estilo e \u00e0s necessidades funcionais de diferentes projectos.<\/li>\n<\/ul>\n<\/div>\n\n\n\n<div class=\"wp-block-column is-layout-flow wp-block-column-is-layout-flow\">\n<figure class=\"wp-block-image size-full\"><img fetchpriority=\"high\" decoding=\"async\" width=\"800\" height=\"800\" src=\"https:\/\/www.ceramicbasin.com\/wp-content\/uploads\/2024\/08\/White-Washroom-Ceramic-Sinkcustom-sink-countertopporcelain-bathroom-sink-6.webp\" alt=\"Pias de casa de banho de porcelana por atacado, bacias redondas de bancada\" class=\"wp-image-4844\" srcset=\"https:\/\/www.ceramicbasin.com\/wp-content\/uploads\/2024\/08\/White-Washroom-Ceramic-Sinkcustom-sink-countertopporcelain-bathroom-sink-6.webp 800w, https:\/\/www.ceramicbasin.com\/wp-content\/uploads\/2024\/08\/White-Washroom-Ceramic-Sinkcustom-sink-countertopporcelain-bathroom-sink-6-300x300.webp 300w, https:\/\/www.ceramicbasin.com\/wp-content\/uploads\/2024\/08\/White-Washroom-Ceramic-Sinkcustom-sink-countertopporcelain-bathroom-sink-6-150x150.webp 150w, https:\/\/www.ceramicbasin.com\/wp-content\/uploads\/2024\/08\/White-Washroom-Ceramic-Sinkcustom-sink-countertopporcelain-bathroom-sink-6-768x768.webp 768w, https:\/\/www.ceramicbasin.com\/wp-content\/uploads\/2024\/08\/White-Washroom-Ceramic-Sinkcustom-sink-countertopporcelain-bathroom-sink-6-12x12.webp 12w, https:\/\/www.ceramicbasin.com\/wp-content\/uploads\/2024\/08\/White-Washroom-Ceramic-Sinkcustom-sink-countertopporcelain-bathroom-sink-6-285x285.webp 285w, https:\/\/www.ceramicbasin.com\/wp-content\/uploads\/2024\/08\/White-Washroom-Ceramic-Sinkcustom-sink-countertopporcelain-bathroom-sink-6-270x270.webp 270w, https:\/\/www.ceramicbasin.com\/wp-content\/uploads\/2024\/08\/White-Washroom-Ceramic-Sinkcustom-sink-countertopporcelain-bathroom-sink-6-540x540.webp 540w, https:\/\/www.ceramicbasin.com\/wp-content\/uploads\/2024\/08\/White-Washroom-Ceramic-Sinkcustom-sink-countertopporcelain-bathroom-sink-6-660x660.webp 660w\" sizes=\"(max-width: 800px) 100vw, 800px\" \/><\/figure>\n<\/div>\n<\/div>","protected":false},"excerpt":{"rendered":"<p>Bem-vindo \u00e0 compra de lavat\u00f3rios redondos de bancada por atacado. Os nossos lavat\u00f3rios de casa de banho de porcelana por atacado adaptam-se a muitos tipos de estilos de casa de banho com o seu design simples e atmosf\u00e9rico, feitos de material de porcelana de alta qualidade com uma superf\u00edcie lisa, resistente ao desgaste e f\u00e1cil de limpar.<\/p>\n<table style=\"border-collapse: collapse; width: 358.52pt;\" border=\"0\" width=\"478\" cellspacing=\"0\" cellpadding=\"0\">\n<tbody>\n<tr style=\"height: 17.25pt;\">\n<td class=\"et3\" style=\"height: 17.25pt; width: 125.00pt;\" width=\"166\" height=\"23\">Fabricante<\/td>\n<td class=\"et3\" style=\"width: 234.15pt;\" width=\"312\">HanYu<\/td>\n<\/tr>\n<tr style=\"height: 17.25pt;\">\n<td class=\"et3\" style=\"height: 17.25pt;\" height=\"23\">Modelo n.<\/td>\n<td class=\"et4\">HY-8070<\/td>\n<\/tr>\n<tr style=\"height: 17.25pt;\">\n<td class=\"et3\" style=\"height: 17.25pt;\" height=\"23\">Tipo<\/td>\n<td class=\"et5\" style=\"width: 234.15pt;\" width=\"312\">Bacias de bancada<\/td>\n<\/tr>\n<tr style=\"height: 18.00pt;\">\n<td class=\"et3\" style=\"height: 18.00pt;\" height=\"24\">Forma<\/td>\n<td class=\"et3\">Forma redonda<\/td>\n<\/tr>\n<tr style=\"height: 34.50pt;\">\n<td class=\"et4\" style=\"height: 34.50pt;\" height=\"46\">Cor<\/td>\n<td class=\"et5\" style=\"width: 234.15pt;\" width=\"312\">preto\/branco\/azul\/cinzento\/rosa\/verde\/castanho\/caqui<\/td>\n<\/tr>\n<tr style=\"height: 18.00pt;\">\n<td class=\"et3\" style=\"height: 18.00pt;\" height=\"24\">Dimens\u00e3o<\/td>\n<td class=\"et5\" style=\"width: 234.15pt;\" width=\"312\">36*36*11.5<\/td>\n<\/tr>\n<tr style=\"height: 17.25pt;\">\n<td class=\"et3\" style=\"height: 17.25pt;\" height=\"23\">N.W \/SET<\/td>\n<td class=\"et3\">10KGS\/PCS<\/td>\n<\/tr>\n<tr style=\"height: 17.25pt;\">\n<td class=\"et3\" style=\"height: 17.25pt;\" height=\"23\">MOQ<\/td>\n<td class=\"et3\">20 unidades<\/td>\n<\/tr>\n<tr style=\"height: 17.25pt;\">\n<td class=\"et3\" style=\"height: 17.25pt;\" height=\"23\">Op\u00e7\u00e3o personalizada<\/td>\n<td class=\"et3\">Cor\/Patente\/Tamanho\/Logotipo\/Embalagem<\/td>\n<\/tr>\n<\/tbody>\n<\/table>","protected":false},"featured_media":4839,"comment_status":"closed","ping_status":"closed","template":"","meta":{"_acf_changed":false},"product_brand":[],"product_cat":[50],"product_tag":[],"class_list":{"0":"post-4838","1":"product","2":"type-product","3":"status-publish","4":"has-post-thumbnail","6":"product_cat-wholesale-countertop-sinks","8":"first","9":"instock","10":"shipping-taxable","11":"product-type-simple"},"acf":[],"_links":{"self":[{"href":"https:\/\/www.ceramicbasin.com\/pt\/wp-json\/wp\/v2\/product\/4838","targetHints":{"allow":["GET"]}}],"collection":[{"href":"https:\/\/www.ceramicbasin.com\/pt\/wp-json\/wp\/v2\/product"}],"about":[{"href":"https:\/\/www.ceramicbasin.com\/pt\/wp-json\/wp\/v2\/types\/product"}],"replies":[{"embeddable":true,"href":"https:\/\/www.ceramicbasin.com\/pt\/wp-json\/wp\/v2\/comments?post=4838"}],"wp:featuredmedia":[{"embeddable":true,"href":"https:\/\/www.ceramicbasin.com\/pt\/wp-json\/wp\/v2\/media\/4839"}],"wp:attachment":[{"href":"https:\/\/www.ceramicbasin.com\/pt\/wp-json\/wp\/v2\/media?parent=4838"}],"wp:term":[{"taxonomy":"product_brand","embeddable":true,"href":"https:\/\/www.ceramicbasin.com\/pt\/wp-json\/wp\/v2\/product_brand?post=4838"},{"taxonomy":"product_cat","embeddable":true,"href":"https:\/\/www.ceramicbasin.com\/pt\/wp-json\/wp\/v2\/product_cat?post=4838"},{"taxonomy":"product_tag","embeddable":true,"href":"https:\/\/www.ceramicbasin.com\/pt\/wp-json\/wp\/v2\/product_tag?post=4838"}],"curies":[{"name":"wp","href":"https:\/\/api.w.org\/{rel}","templated":true}]}}