{"id":4849,"date":"2024-08-20T06:42:40","date_gmt":"2024-08-20T06:42:40","guid":{"rendered":"https:\/\/www.ceramicbasin.com\/?post_type=product&#038;p=4849"},"modified":"2024-11-04T08:43:53","modified_gmt":"2024-11-04T08:43:53","slug":"wholesale-countertop-basins","status":"publish","type":"product","link":"https:\/\/www.ceramicbasin.com\/pt\/produto\/wholesale-countertop-basins\/","title":{"rendered":"Lavat\u00f3rios de bancada por atacado, lavat\u00f3rios de cer\u00e2mica para hotel"},"content":{"rendered":"<div class=\"wp-block-columns is-layout-flex wp-container-core-columns-is-layout-9d6595d7 wp-block-columns-is-layout-flex\">\n<div class=\"wp-block-column is-layout-flow wp-block-column-is-layout-flow\">\n<h2 class=\"wp-block-heading\">Lavat\u00f3rio de bancada Premium Wholesale Carater\u00edsticas:<\/h2>\n\n\n\n<ul class=\"wp-block-list\">\n<li><strong>Venda direta da f\u00e1brica:\u00a0<\/strong>As bacias de bancada por atacado da HanYu s\u00e3o vendidas diretamente pela f\u00e1brica, eliminando a diferen\u00e7a de pre\u00e7o dos intermedi\u00e1rios, e a compra a granel de lavat\u00f3rios de casa de banho garante que compra lavat\u00f3rios de casa de banho de alta qualidade a granel ao menor custo.<\/li>\n\n\n\n<li><strong>Sele\u00e7\u00e3o diversificada:\u00a0<\/strong>Oferecemos uma variedade de estilos, tamanhos e cores de bacias de lavat\u00f3rio de casa de banho por atacado \u00e0 escolha, satisfazendo as necessidades de diferentes estilos de casa de banho e integrando-as facilmente em v\u00e1rios designs de decora\u00e7\u00e3o<\/li>\n\n\n\n<li><strong>Instala\u00e7\u00e3o f\u00e1cil: <\/strong>Concebidos para montagem acima do balc\u00e3o, os nossos lavat\u00f3rios de bancada em porcelana para venda por grosso permitem uma instala\u00e7\u00e3o sem problemas, quer se trate de uma nova constru\u00e7\u00e3o ou de uma renova\u00e7\u00e3o da casa de banho.<\/li>\n\n\n\n<li><strong>Qualidade superior: <\/strong>A cer\u00e2mica de alta qualidade com a qual estas bacias de lavat\u00f3rio de casa de banho por atacado s\u00e3o feitas garante durabilidade, suavidade da superf\u00edcie e resist\u00eancia a manchas e riscos, portanto, de beleza duradoura.<\/li>\n<\/ul>\n<\/div>\n\n\n\n<div class=\"wp-block-column is-layout-flow wp-block-column-is-layout-flow\">\n<figure class=\"wp-block-image size-full\"><img fetchpriority=\"high\" decoding=\"async\" width=\"800\" height=\"800\" src=\"https:\/\/www.ceramicbasin.com\/wp-content\/uploads\/2024\/08\/custom-bathroom-sink-countertopbathroom-sink-wholesaleporcelain-sinks-6.webp\" alt=\"Bacia de bancada de estilo de venda quente por atacado para casa de banho de hotel\" class=\"wp-image-4855\" srcset=\"https:\/\/www.ceramicbasin.com\/wp-content\/uploads\/2024\/08\/custom-bathroom-sink-countertopbathroom-sink-wholesaleporcelain-sinks-6.webp 800w, https:\/\/www.ceramicbasin.com\/wp-content\/uploads\/2024\/08\/custom-bathroom-sink-countertopbathroom-sink-wholesaleporcelain-sinks-6-300x300.webp 300w, https:\/\/www.ceramicbasin.com\/wp-content\/uploads\/2024\/08\/custom-bathroom-sink-countertopbathroom-sink-wholesaleporcelain-sinks-6-150x150.webp 150w, https:\/\/www.ceramicbasin.com\/wp-content\/uploads\/2024\/08\/custom-bathroom-sink-countertopbathroom-sink-wholesaleporcelain-sinks-6-768x768.webp 768w, https:\/\/www.ceramicbasin.com\/wp-content\/uploads\/2024\/08\/custom-bathroom-sink-countertopbathroom-sink-wholesaleporcelain-sinks-6-12x12.webp 12w, https:\/\/www.ceramicbasin.com\/wp-content\/uploads\/2024\/08\/custom-bathroom-sink-countertopbathroom-sink-wholesaleporcelain-sinks-6-285x285.webp 285w, https:\/\/www.ceramicbasin.com\/wp-content\/uploads\/2024\/08\/custom-bathroom-sink-countertopbathroom-sink-wholesaleporcelain-sinks-6-270x270.webp 270w, https:\/\/www.ceramicbasin.com\/wp-content\/uploads\/2024\/08\/custom-bathroom-sink-countertopbathroom-sink-wholesaleporcelain-sinks-6-540x540.webp 540w, https:\/\/www.ceramicbasin.com\/wp-content\/uploads\/2024\/08\/custom-bathroom-sink-countertopbathroom-sink-wholesaleporcelain-sinks-6-660x660.webp 660w\" sizes=\"(max-width: 800px) 100vw, 800px\" \/><\/figure>\n<\/div>\n<\/div>","protected":false},"excerpt":{"rendered":"<p>Bem-vindo \u00e0 compra de bacias de lavat\u00f3rio de casa de banho por atacado. Os nossos lavat\u00f3rios de bancada por atacado s\u00e3o vendidos diretamente da f\u00e1brica, evitando intermedi\u00e1rios para obter os lavat\u00f3rios mais superiores ao mais baixo custo. A nossa sele\u00e7\u00e3o diversificada inclui uma variedade de estilos, tamanhos e cores que se adaptam a qualquer design na casa de banho. Muito f\u00e1cil de instalar em cima do balc\u00e3o, feito de cer\u00e2mica de alta qualidade, dur\u00e1vel, superf\u00edcie lisa, resistente a manchas e arranh\u00f5es.<\/p>\n<table style=\"border-collapse: collapse; width: 358.52pt;\" border=\"0\" width=\"478\" cellspacing=\"0\" cellpadding=\"0\">\n<tbody>\n<tr style=\"height: 17.25pt;\">\n<td class=\"et3\" style=\"height: 17.25pt; width: 125.00pt;\" width=\"166\" height=\"23\">Fabricante<\/td>\n<td class=\"et3\" style=\"width: 234.15pt;\" width=\"312\">HanYu<\/td>\n<\/tr>\n<tr style=\"height: 17.25pt;\">\n<td class=\"et3\" style=\"height: 17.25pt;\" height=\"23\">Modelo n.<\/td>\n<td class=\"et4\">HY-8070H<\/td>\n<\/tr>\n<tr style=\"height: 17.25pt;\">\n<td class=\"et3\" style=\"height: 17.25pt;\" height=\"23\">Tipo<\/td>\n<td class=\"et5\" style=\"width: 234.15pt;\" width=\"312\">Bacias de bancada<\/td>\n<\/tr>\n<tr style=\"height: 18.00pt;\">\n<td class=\"et3\" style=\"height: 18.00pt;\" height=\"24\">Forma<\/td>\n<td class=\"et3\">Forma redonda<\/td>\n<\/tr>\n<tr style=\"height: 34.50pt;\">\n<td class=\"et4\" style=\"height: 34.50pt;\" height=\"46\">Cor<\/td>\n<td class=\"et5\" style=\"width: 234.15pt;\" width=\"312\">preto\/branco\/azul\/cinzento\/rosa\/verde\/castanho\/caqui<\/td>\n<\/tr>\n<tr style=\"height: 18.00pt;\">\n<td class=\"et3\" style=\"height: 18.00pt;\" height=\"24\">Dimens\u00e3o<\/td>\n<td class=\"et5\" style=\"width: 234.15pt;\" width=\"312\">35.5*35.5*11.5<\/td>\n<\/tr>\n<tr style=\"height: 17.25pt;\">\n<td class=\"et3\" style=\"height: 17.25pt;\" height=\"23\">N.W \/SET<\/td>\n<td class=\"et3\">12KGS\/PCS<\/td>\n<\/tr>\n<tr style=\"height: 17.25pt;\">\n<td class=\"et3\" style=\"height: 17.25pt;\" height=\"23\">MOQ<\/td>\n<td class=\"et3\">20 unidades<\/td>\n<\/tr>\n<tr style=\"height: 17.25pt;\">\n<td class=\"et3\" style=\"height: 17.25pt;\" height=\"23\">Op\u00e7\u00e3o personalizada<\/td>\n<td class=\"et3\">Cor\/Patente\/Tamanho\/Logotipo\/Embalagem<\/td>\n<\/tr>\n<\/tbody>\n<\/table>","protected":false},"featured_media":4850,"comment_status":"closed","ping_status":"closed","template":"","meta":{"_acf_changed":false},"product_brand":[],"product_cat":[50],"product_tag":[],"class_list":{"0":"post-4849","1":"product","2":"type-product","3":"status-publish","4":"has-post-thumbnail","6":"product_cat-wholesale-countertop-sinks","8":"first","9":"instock","10":"shipping-taxable","11":"product-type-simple"},"acf":[],"_links":{"self":[{"href":"https:\/\/www.ceramicbasin.com\/pt\/wp-json\/wp\/v2\/product\/4849","targetHints":{"allow":["GET"]}}],"collection":[{"href":"https:\/\/www.ceramicbasin.com\/pt\/wp-json\/wp\/v2\/product"}],"about":[{"href":"https:\/\/www.ceramicbasin.com\/pt\/wp-json\/wp\/v2\/types\/product"}],"replies":[{"embeddable":true,"href":"https:\/\/www.ceramicbasin.com\/pt\/wp-json\/wp\/v2\/comments?post=4849"}],"wp:featuredmedia":[{"embeddable":true,"href":"https:\/\/www.ceramicbasin.com\/pt\/wp-json\/wp\/v2\/media\/4850"}],"wp:attachment":[{"href":"https:\/\/www.ceramicbasin.com\/pt\/wp-json\/wp\/v2\/media?parent=4849"}],"wp:term":[{"taxonomy":"product_brand","embeddable":true,"href":"https:\/\/www.ceramicbasin.com\/pt\/wp-json\/wp\/v2\/product_brand?post=4849"},{"taxonomy":"product_cat","embeddable":true,"href":"https:\/\/www.ceramicbasin.com\/pt\/wp-json\/wp\/v2\/product_cat?post=4849"},{"taxonomy":"product_tag","embeddable":true,"href":"https:\/\/www.ceramicbasin.com\/pt\/wp-json\/wp\/v2\/product_tag?post=4849"}],"curies":[{"name":"wp","href":"https:\/\/api.w.org\/{rel}","templated":true}]}}