{"id":4857,"date":"2024-08-21T02:58:59","date_gmt":"2024-08-21T02:58:59","guid":{"rendered":"https:\/\/www.ceramicbasin.com\/?post_type=product&#038;p=4857"},"modified":"2024-11-04T08:37:13","modified_gmt":"2024-11-04T08:37:13","slug":"new-style-custom-wash-basins","status":"publish","type":"product","link":"https:\/\/www.ceramicbasin.com\/pt\/produto\/new-style-custom-wash-basins\/","title":{"rendered":"Lavat\u00f3rios personalizados de estilo novo, lavat\u00f3rios redondos de cer\u00e2mica de bancada por atacado"},"content":{"rendered":"<div class=\"wp-block-columns is-layout-flex wp-container-core-columns-is-layout-9d6595d7 wp-block-columns-is-layout-flex\">\n<div class=\"wp-block-column is-layout-flow wp-block-column-is-layout-flow\">\n<h2 class=\"wp-block-heading\">Lavat\u00f3rios personalizados Premium Carater\u00edsticas:<\/h2>\n\n\n\n<ul class=\"wp-block-list\">\n<li><strong>Design simples e elegante: <\/strong>Os nossos lavat\u00f3rios personalizados t\u00eam linhas simples e formas elegantes. Com um aspeto requintado, podem certamente enquadrar-se no estilo de design minimalista das casas de banho modernas. Entretanto, mostram o seu elevado gosto e podem acrescentar requinte a todo o espa\u00e7o.<\/li>\n\n\n\n<li><strong>Desenho do orif\u00edcio da torneira: <\/strong>Todos os lavat\u00f3rios para vasos por atacado t\u00eam orif\u00edcios para torneiras. Com este design razo\u00e1vel, no momento da instala\u00e7\u00e3o, as torneiras podem ser diretamente combinadas pelos utilizadores sem perfura\u00e7\u00e3o adicional, o que aumentaria a conveni\u00eancia e a efici\u00eancia da instala\u00e7\u00e3o e satisfaria os requisitos de v\u00e1rias bancadas de casa de banho.<\/li>\n\n\n\n<li><strong>Material cer\u00e2mico de alta qualidade: <\/strong>Os nossos lavat\u00f3rios personalizados s\u00e3o fabricados com materiais cer\u00e2micos de alta qualidade, com uma superf\u00edcie suave e delicada, com forte resist\u00eancia ao desgaste e \u00e0s manchas. Mesmo depois de serem utilizados durante um longo per\u00edodo de tempo, podem permanecer intactos e, na vida quotidiana, s\u00e3o muito f\u00e1ceis de manter limpos.<\/li>\n\n\n\n<li><strong>V\u00e1rios tamanhos, cores e estilos:<\/strong> Estes lavat\u00f3rios para vasos por atacado podem ser oferecidos em formato personaliz\u00e1vel, de acordo com os requisitos de diferentes projectos. Quer se trate de decora\u00e7\u00e3o residencial ou de projectos comerciais, podem adaptar-se facilmente a v\u00e1rios estilos de casa de banho.<\/li>\n<\/ul>\n<\/div>\n\n\n\n<div class=\"wp-block-column is-layout-flow wp-block-column-is-layout-flow\">\n<figure class=\"wp-block-image size-full\"><img fetchpriority=\"high\" decoding=\"async\" width=\"800\" height=\"800\" src=\"https:\/\/www.ceramicbasin.com\/wp-content\/uploads\/2024\/08\/bathroom-porcelain-sinkceramic-laundry-basinceramic-basin-6.webp\" alt=\"Lavat\u00f3rios personalizados de estilo novo, lavat\u00f3rios de cer\u00e2mica de bancada redonda\" class=\"wp-image-4863\" srcset=\"https:\/\/www.ceramicbasin.com\/wp-content\/uploads\/2024\/08\/bathroom-porcelain-sinkceramic-laundry-basinceramic-basin-6.webp 800w, https:\/\/www.ceramicbasin.com\/wp-content\/uploads\/2024\/08\/bathroom-porcelain-sinkceramic-laundry-basinceramic-basin-6-300x300.webp 300w, https:\/\/www.ceramicbasin.com\/wp-content\/uploads\/2024\/08\/bathroom-porcelain-sinkceramic-laundry-basinceramic-basin-6-150x150.webp 150w, https:\/\/www.ceramicbasin.com\/wp-content\/uploads\/2024\/08\/bathroom-porcelain-sinkceramic-laundry-basinceramic-basin-6-768x768.webp 768w, https:\/\/www.ceramicbasin.com\/wp-content\/uploads\/2024\/08\/bathroom-porcelain-sinkceramic-laundry-basinceramic-basin-6-12x12.webp 12w, https:\/\/www.ceramicbasin.com\/wp-content\/uploads\/2024\/08\/bathroom-porcelain-sinkceramic-laundry-basinceramic-basin-6-285x285.webp 285w, https:\/\/www.ceramicbasin.com\/wp-content\/uploads\/2024\/08\/bathroom-porcelain-sinkceramic-laundry-basinceramic-basin-6-270x270.webp 270w, https:\/\/www.ceramicbasin.com\/wp-content\/uploads\/2024\/08\/bathroom-porcelain-sinkceramic-laundry-basinceramic-basin-6-540x540.webp 540w, https:\/\/www.ceramicbasin.com\/wp-content\/uploads\/2024\/08\/bathroom-porcelain-sinkceramic-laundry-basinceramic-basin-6-660x660.webp 660w\" sizes=\"(max-width: 800px) 100vw, 800px\" \/><\/figure>\n<\/div>\n<\/div>","protected":false},"excerpt":{"rendered":"<p>Bem-vindo ao inqu\u00e9rito sobre pias para vasos por atacado. Os nossos lavat\u00f3rios de cer\u00e2mica personalizados com orif\u00edcio para torneira, de design simples e elegante, adaptam-se a uma variedade de estilos de decora\u00e7\u00e3o de casas de banho modernas e t\u00eam um revestimento suave. Os materiais cer\u00e2micos de alta qualidade utilizados neste produto t\u00eam grande durabilidade e s\u00e3o f\u00e1ceis de limpar.<\/p>\n<table style=\"border-collapse: collapse; width: 358.52pt;\" border=\"0\" width=\"478\" cellspacing=\"0\" cellpadding=\"0\">\n<tbody>\n<tr style=\"height: 17.25pt;\">\n<td class=\"et3\" style=\"height: 17.25pt; width: 125.00pt;\" width=\"166\" height=\"23\">Fabricante<\/td>\n<td class=\"et3\" style=\"width: 234.15pt;\" width=\"312\">HanYu<\/td>\n<\/tr>\n<tr style=\"height: 17.25pt;\">\n<td class=\"et3\" style=\"height: 17.25pt;\" height=\"23\">Modelo n.<\/td>\n<td class=\"et4\">HY-8121<\/td>\n<\/tr>\n<tr style=\"height: 17.25pt;\">\n<td class=\"et3\" style=\"height: 17.25pt;\" height=\"23\">Tipo<\/td>\n<td class=\"et5\" style=\"width: 234.15pt;\" width=\"312\">Bacias de bancada<\/td>\n<\/tr>\n<tr style=\"height: 18.00pt;\">\n<td class=\"et3\" style=\"height: 18.00pt;\" height=\"24\">Forma<\/td>\n<td class=\"et3\">Forma redonda<\/td>\n<\/tr>\n<tr style=\"height: 34.50pt;\">\n<td class=\"et4\" style=\"height: 34.50pt;\" height=\"46\">Cor<\/td>\n<td class=\"et5\" style=\"width: 234.15pt;\" width=\"312\">preto\/branco\/azul\/cinzento\/rosa\/verde\/castanho\/caqui<\/td>\n<\/tr>\n<tr style=\"height: 18.00pt;\">\n<td class=\"et3\" style=\"height: 18.00pt;\" height=\"24\">Dimens\u00e3o<\/td>\n<td class=\"et5\" style=\"width: 234.15pt;\" width=\"312\">40*40*13.5<\/td>\n<\/tr>\n<tr style=\"height: 17.25pt;\">\n<td class=\"et3\" style=\"height: 17.25pt;\" height=\"23\">N.W \/SET<\/td>\n<td class=\"et3\">15KGS\/PCS<\/td>\n<\/tr>\n<tr style=\"height: 17.25pt;\">\n<td class=\"et3\" style=\"height: 17.25pt;\" height=\"23\">MOQ<\/td>\n<td class=\"et3\">20 unidades<\/td>\n<\/tr>\n<tr style=\"height: 17.25pt;\">\n<td class=\"et3\" style=\"height: 17.25pt;\" height=\"23\">Op\u00e7\u00e3o personalizada<\/td>\n<td class=\"et3\">Cor\/Patente\/Tamanho\/Logotipo\/Embalagem<\/td>\n<\/tr>\n<\/tbody>\n<\/table>","protected":false},"featured_media":4858,"comment_status":"closed","ping_status":"closed","template":"","meta":{"_acf_changed":false},"product_brand":[],"product_cat":[50],"product_tag":[],"class_list":{"0":"post-4857","1":"product","2":"type-product","3":"status-publish","4":"has-post-thumbnail","6":"product_cat-wholesale-countertop-sinks","8":"first","9":"instock","10":"shipping-taxable","11":"product-type-simple"},"acf":[],"_links":{"self":[{"href":"https:\/\/www.ceramicbasin.com\/pt\/wp-json\/wp\/v2\/product\/4857","targetHints":{"allow":["GET"]}}],"collection":[{"href":"https:\/\/www.ceramicbasin.com\/pt\/wp-json\/wp\/v2\/product"}],"about":[{"href":"https:\/\/www.ceramicbasin.com\/pt\/wp-json\/wp\/v2\/types\/product"}],"replies":[{"embeddable":true,"href":"https:\/\/www.ceramicbasin.com\/pt\/wp-json\/wp\/v2\/comments?post=4857"}],"wp:featuredmedia":[{"embeddable":true,"href":"https:\/\/www.ceramicbasin.com\/pt\/wp-json\/wp\/v2\/media\/4858"}],"wp:attachment":[{"href":"https:\/\/www.ceramicbasin.com\/pt\/wp-json\/wp\/v2\/media?parent=4857"}],"wp:term":[{"taxonomy":"product_brand","embeddable":true,"href":"https:\/\/www.ceramicbasin.com\/pt\/wp-json\/wp\/v2\/product_brand?post=4857"},{"taxonomy":"product_cat","embeddable":true,"href":"https:\/\/www.ceramicbasin.com\/pt\/wp-json\/wp\/v2\/product_cat?post=4857"},{"taxonomy":"product_tag","embeddable":true,"href":"https:\/\/www.ceramicbasin.com\/pt\/wp-json\/wp\/v2\/product_tag?post=4857"}],"curies":[{"name":"wp","href":"https:\/\/api.w.org\/{rel}","templated":true}]}}