{"id":4869,"date":"2024-08-22T06:40:29","date_gmt":"2024-08-22T06:40:29","guid":{"rendered":"https:\/\/www.ceramicbasin.com\/?post_type=product&#038;p=4869"},"modified":"2024-10-17T07:25:30","modified_gmt":"2024-10-17T07:25:30","slug":"bulk-customized-bathroom-sinks","status":"publish","type":"product","link":"https:\/\/www.ceramicbasin.com\/pt\/produto\/bulk-customized-bathroom-sinks\/","title":{"rendered":"Pias de casa de banho personalizadas a granel, bacias de bancada de luxo por atacado"},"content":{"rendered":"<div class=\"wp-block-columns is-layout-flex wp-container-core-columns-is-layout-9d6595d7 wp-block-columns-is-layout-flex\">\n<div class=\"wp-block-column is-layout-flow wp-block-column-is-layout-flow\">\n<h2 class=\"wp-block-heading\">Pias de casa de banho personalizadas a granel Premium Carater\u00edsticas:<\/h2>\n\n\n\n<ul class=\"wp-block-list\">\n<li><strong>Design redondo e elegante: <\/strong>Este lavat\u00f3rio de casa de banho personalizado a granel adopta um design redondo cl\u00e1ssico com linhas suaves e uma forma simples e elegante, que \u00e9 adequado para uma variedade de estilos de decora\u00e7\u00e3o de casas de banho modernas. A sua apar\u00eancia elegante n\u00e3o s\u00f3 acrescenta beleza ao espa\u00e7o.<\/li>\n\n\n\n<li><strong>Superf\u00edcie angular \u00fanica: <\/strong>A superf\u00edcie das nossas bacias de bancada por atacado adopta um design angular \u00fanico, quebrando a monotonia da superf\u00edcie lisa tradicional, aumentando a estratifica\u00e7\u00e3o visual e o efeito tridimensional, e refor\u00e7ando a sofistica\u00e7\u00e3o da decora\u00e7\u00e3o geral.<\/li>\n\n\n\n<li><strong>Materiais cer\u00e2micos de alta qualidade: <\/strong>Os nossos lavat\u00f3rios de casa de banho personalizados a granel s\u00e3o feitos de materiais cer\u00e2micos selecionados de alta qualidade. Ap\u00f3s a cozedura a alta temperatura, t\u00eam uma excelente resist\u00eancia ao desgaste e \u00e0s manchas, e podem manter um novo brilho ap\u00f3s uma utiliza\u00e7\u00e3o prolongada. A superf\u00edcie cer\u00e2mica \u00e9 lisa e f\u00e1cil de limpar e manter.<\/li>\n\n\n\n<li><strong>Solu\u00e7\u00f5es personalizadas: <\/strong>Fornecemos servi\u00e7os flex\u00edveis de personaliza\u00e7\u00e3o para bacias de bancada por atacado, e podemos ajustar o tamanho, a cor e o tratamento de superf\u00edcie da bacia de bancada de acordo com as necessidades do cliente. Quer se trate de uma resid\u00eancia de luxo, casa de banho de hotel ou projeto comercial, podemos fornecer solu\u00e7\u00f5es de personaliza\u00e7\u00e3o personalizadas.<\/li>\n<\/ul>\n<\/div>\n\n\n\n<div class=\"wp-block-column is-layout-flow wp-block-column-is-layout-flow\">\n<figure class=\"wp-block-image size-full\"><img fetchpriority=\"high\" decoding=\"async\" width=\"800\" height=\"800\" src=\"https:\/\/www.ceramicbasin.com\/wp-content\/uploads\/2024\/08\/wholesale-wash-basincustom-ceramic-sink-bathroom-countertop-5.webp\" alt=\"Lavat\u00f3rios de casa de banho personalizados a granel, bacias de bancada de luxo-1\" class=\"wp-image-4874\" srcset=\"https:\/\/www.ceramicbasin.com\/wp-content\/uploads\/2024\/08\/wholesale-wash-basincustom-ceramic-sink-bathroom-countertop-5.webp 800w, https:\/\/www.ceramicbasin.com\/wp-content\/uploads\/2024\/08\/wholesale-wash-basincustom-ceramic-sink-bathroom-countertop-5-300x300.webp 300w, https:\/\/www.ceramicbasin.com\/wp-content\/uploads\/2024\/08\/wholesale-wash-basincustom-ceramic-sink-bathroom-countertop-5-150x150.webp 150w, https:\/\/www.ceramicbasin.com\/wp-content\/uploads\/2024\/08\/wholesale-wash-basincustom-ceramic-sink-bathroom-countertop-5-768x768.webp 768w, https:\/\/www.ceramicbasin.com\/wp-content\/uploads\/2024\/08\/wholesale-wash-basincustom-ceramic-sink-bathroom-countertop-5-12x12.webp 12w, https:\/\/www.ceramicbasin.com\/wp-content\/uploads\/2024\/08\/wholesale-wash-basincustom-ceramic-sink-bathroom-countertop-5-285x285.webp 285w, https:\/\/www.ceramicbasin.com\/wp-content\/uploads\/2024\/08\/wholesale-wash-basincustom-ceramic-sink-bathroom-countertop-5-270x270.webp 270w, https:\/\/www.ceramicbasin.com\/wp-content\/uploads\/2024\/08\/wholesale-wash-basincustom-ceramic-sink-bathroom-countertop-5-540x540.webp 540w, https:\/\/www.ceramicbasin.com\/wp-content\/uploads\/2024\/08\/wholesale-wash-basincustom-ceramic-sink-bathroom-countertop-5-660x660.webp 660w\" sizes=\"(max-width: 800px) 100vw, 800px\" \/><\/figure>\n<\/div>\n<\/div>","protected":false},"excerpt":{"rendered":"<p>Bem-vindo ao comprar lavat\u00f3rios de bancada por atacado. Este lavat\u00f3rio de casa de banho redondo personalizado a granel destaca-se pela sua forma simples e elegante e design de superf\u00edcie angular \u00fanico, mostrando textura luxuosa e estilo personalizado. Feito de cer\u00e2mica premium de alta qualidade, tem excelente resist\u00eancia ao desgaste e \u00e0s manchas e \u00e9 f\u00e1cil de limpar.<\/p>\n<table style=\"border-collapse: collapse; width: 358.52pt;\" border=\"0\" width=\"478\" cellspacing=\"0\" cellpadding=\"0\">\n<tbody>\n<tr style=\"height: 17.25pt;\">\n<td class=\"et3\" style=\"height: 17.25pt; width: 125.00pt;\" width=\"166\" height=\"23\">Fabricante<\/td>\n<td class=\"et3\" style=\"width: 234.15pt;\" width=\"312\">HanYu<\/td>\n<\/tr>\n<tr style=\"height: 17.25pt;\">\n<td class=\"et3\" style=\"height: 17.25pt;\" height=\"23\">Modelo n.<\/td>\n<td class=\"et4\">HY-8176<\/td>\n<\/tr>\n<tr style=\"height: 17.25pt;\">\n<td class=\"et3\" style=\"height: 17.25pt;\" height=\"23\">Tipo<\/td>\n<td class=\"et5\" style=\"width: 234.15pt;\" width=\"312\">Bacias de bancada<\/td>\n<\/tr>\n<tr style=\"height: 18.00pt;\">\n<td class=\"et3\" style=\"height: 18.00pt;\" height=\"24\">Forma<\/td>\n<td class=\"et3\">Forma redonda<\/td>\n<\/tr>\n<tr style=\"height: 34.50pt;\">\n<td class=\"et4\" style=\"height: 34.50pt;\" height=\"46\">Cor<\/td>\n<td class=\"et5\" style=\"width: 234.15pt;\" width=\"312\">preto\/branco\/azul\/cinzento\/rosa\/verde\/castanho\/caqui<\/td>\n<\/tr>\n<tr style=\"height: 18.00pt;\">\n<td class=\"et3\" style=\"height: 18.00pt;\" height=\"24\">Dimens\u00e3o<\/td>\n<td class=\"et5\" style=\"width: 234.15pt;\" width=\"312\">41.5*41.5*14<\/td>\n<\/tr>\n<tr style=\"height: 17.25pt;\">\n<td class=\"et3\" style=\"height: 17.25pt;\" height=\"23\">N.W \/SET<\/td>\n<td class=\"et3\">15KGS\/PCS<\/td>\n<\/tr>\n<tr style=\"height: 17.25pt;\">\n<td class=\"et3\" style=\"height: 17.25pt;\" height=\"23\">MOQ<\/td>\n<td class=\"et3\">20 unidades<\/td>\n<\/tr>\n<tr style=\"height: 17.25pt;\">\n<td class=\"et3\" style=\"height: 17.25pt;\" height=\"23\">Op\u00e7\u00e3o personalizada<\/td>\n<td class=\"et3\">Cor\/Patente\/Tamanho\/Logotipo\/Embalagem<\/td>\n<\/tr>\n<\/tbody>\n<\/table>","protected":false},"featured_media":4870,"comment_status":"closed","ping_status":"closed","template":"","meta":{"_acf_changed":false},"product_brand":[],"product_cat":[50],"product_tag":[],"class_list":{"0":"post-4869","1":"product","2":"type-product","3":"status-publish","4":"has-post-thumbnail","6":"product_cat-wholesale-countertop-sinks","8":"first","9":"instock","10":"shipping-taxable","11":"product-type-simple"},"acf":[],"_links":{"self":[{"href":"https:\/\/www.ceramicbasin.com\/pt\/wp-json\/wp\/v2\/product\/4869","targetHints":{"allow":["GET"]}}],"collection":[{"href":"https:\/\/www.ceramicbasin.com\/pt\/wp-json\/wp\/v2\/product"}],"about":[{"href":"https:\/\/www.ceramicbasin.com\/pt\/wp-json\/wp\/v2\/types\/product"}],"replies":[{"embeddable":true,"href":"https:\/\/www.ceramicbasin.com\/pt\/wp-json\/wp\/v2\/comments?post=4869"}],"wp:featuredmedia":[{"embeddable":true,"href":"https:\/\/www.ceramicbasin.com\/pt\/wp-json\/wp\/v2\/media\/4870"}],"wp:attachment":[{"href":"https:\/\/www.ceramicbasin.com\/pt\/wp-json\/wp\/v2\/media?parent=4869"}],"wp:term":[{"taxonomy":"product_brand","embeddable":true,"href":"https:\/\/www.ceramicbasin.com\/pt\/wp-json\/wp\/v2\/product_brand?post=4869"},{"taxonomy":"product_cat","embeddable":true,"href":"https:\/\/www.ceramicbasin.com\/pt\/wp-json\/wp\/v2\/product_cat?post=4869"},{"taxonomy":"product_tag","embeddable":true,"href":"https:\/\/www.ceramicbasin.com\/pt\/wp-json\/wp\/v2\/product_tag?post=4869"}],"curies":[{"name":"wp","href":"https:\/\/api.w.org\/{rel}","templated":true}]}}