{"id":4989,"date":"2024-09-03T01:07:05","date_gmt":"2024-09-03T01:07:05","guid":{"rendered":"https:\/\/www.ceramicbasin.com\/?post_type=product&#038;p=4989"},"modified":"2024-09-03T01:16:38","modified_gmt":"2024-09-03T01:16:38","slug":"small-bathroom-sinks-wholesale","status":"publish","type":"product","link":"https:\/\/www.ceramicbasin.com\/pt\/produto\/small-bathroom-sinks-wholesale\/","title":{"rendered":"Pequenos lavat\u00f3rios de casa de banho por atacado, min\u00fasculos lavat\u00f3rios de parede"},"content":{"rendered":"<div class=\"wp-block-columns is-layout-flex wp-container-core-columns-is-layout-9d6595d7 wp-block-columns-is-layout-flex\">\n<div class=\"wp-block-column is-layout-flow wp-block-column-is-layout-flow\">\n<h2 class=\"wp-block-heading\">Pias de casa de banho pequenas Premium por atacado Carater\u00edsticas:<\/h2>\n\n\n\n<ul class=\"wp-block-list\">\n<li><strong>Conce\u00e7\u00e3o da otimiza\u00e7\u00e3o do espa\u00e7o:<\/strong> O nosso pequeno lavat\u00f3rio de casa de banho por atacado foi concebido para casas de banho min\u00fasculas. Poupa efetivamente espa\u00e7o e \u00e9 ideal para pequenos apartamentos ou quartos de hotel.<\/li>\n\n\n\n<li><strong>Materiais cer\u00e2micos de alta qualidade: <\/strong>Utilizamos mat\u00e9rias-primas cer\u00e2micas de alta qualidade, cozidas a uma temperatura elevada de 1280 graus, para garantir que o nosso min\u00fasculo lavat\u00f3rio suspenso na parede por atacado \u00e9 dur\u00e1vel, suave, f\u00e1cil de limpar, duradouro e bonito.<\/li>\n\n\n\n<li><strong>Instala\u00e7\u00e3o na parede: <\/strong>Estes pequenos lavat\u00f3rios de casa de banho por atacado s\u00e3o fixados \u00e0 parede, o que n\u00e3o s\u00f3 poupa espa\u00e7o, como tamb\u00e9m facilita a limpeza do ch\u00e3o e melhora a limpeza geral da casa de banho.<\/li>\n\n\n\n<li><strong>Vantagem do volume: <\/strong>Como fabricante profissional de lavat\u00f3rios de cer\u00e2mica, a Hanyu pode fornecer lavat\u00f3rios de casa de banho min\u00fasculos por atacado com pre\u00e7os altamente competitivos, o que \u00e9 adequado para necessidades de renova\u00e7\u00e3o em grande escala de hot\u00e9is, apartamentos e projectos residenciais.<\/li>\n<\/ul>\n<\/div>\n\n\n\n<div class=\"wp-block-column is-layout-flow wp-block-column-is-layout-flow\">\n<figure class=\"wp-block-image size-full\"><img fetchpriority=\"high\" decoding=\"async\" width=\"800\" height=\"800\" src=\"https:\/\/www.ceramicbasin.com\/wp-content\/uploads\/2024\/09\/Modern-Style-Lavatory-Small-Size-Ceramic-Hand-Wash-Basin-Wall-Hung-Mounted-Rectangular-Bathroom-Sink-6.webp\" alt=\"Pequenos lavat\u00f3rios de casa de banho por atacado, min\u00fasculos lavat\u00f3rios suspensos na parede-1\" class=\"wp-image-4984\" srcset=\"https:\/\/www.ceramicbasin.com\/wp-content\/uploads\/2024\/09\/Modern-Style-Lavatory-Small-Size-Ceramic-Hand-Wash-Basin-Wall-Hung-Mounted-Rectangular-Bathroom-Sink-6.webp 800w, https:\/\/www.ceramicbasin.com\/wp-content\/uploads\/2024\/09\/Modern-Style-Lavatory-Small-Size-Ceramic-Hand-Wash-Basin-Wall-Hung-Mounted-Rectangular-Bathroom-Sink-6-300x300.webp 300w, https:\/\/www.ceramicbasin.com\/wp-content\/uploads\/2024\/09\/Modern-Style-Lavatory-Small-Size-Ceramic-Hand-Wash-Basin-Wall-Hung-Mounted-Rectangular-Bathroom-Sink-6-150x150.webp 150w, https:\/\/www.ceramicbasin.com\/wp-content\/uploads\/2024\/09\/Modern-Style-Lavatory-Small-Size-Ceramic-Hand-Wash-Basin-Wall-Hung-Mounted-Rectangular-Bathroom-Sink-6-768x768.webp 768w, https:\/\/www.ceramicbasin.com\/wp-content\/uploads\/2024\/09\/Modern-Style-Lavatory-Small-Size-Ceramic-Hand-Wash-Basin-Wall-Hung-Mounted-Rectangular-Bathroom-Sink-6-12x12.webp 12w, https:\/\/www.ceramicbasin.com\/wp-content\/uploads\/2024\/09\/Modern-Style-Lavatory-Small-Size-Ceramic-Hand-Wash-Basin-Wall-Hung-Mounted-Rectangular-Bathroom-Sink-6-285x285.webp 285w, https:\/\/www.ceramicbasin.com\/wp-content\/uploads\/2024\/09\/Modern-Style-Lavatory-Small-Size-Ceramic-Hand-Wash-Basin-Wall-Hung-Mounted-Rectangular-Bathroom-Sink-6-270x270.webp 270w, https:\/\/www.ceramicbasin.com\/wp-content\/uploads\/2024\/09\/Modern-Style-Lavatory-Small-Size-Ceramic-Hand-Wash-Basin-Wall-Hung-Mounted-Rectangular-Bathroom-Sink-6-540x540.webp 540w, https:\/\/www.ceramicbasin.com\/wp-content\/uploads\/2024\/09\/Modern-Style-Lavatory-Small-Size-Ceramic-Hand-Wash-Basin-Wall-Hung-Mounted-Rectangular-Bathroom-Sink-6-660x660.webp 660w\" sizes=\"(max-width: 800px) 100vw, 800px\" \/><\/figure>\n<\/div>\n<\/div>","protected":false},"excerpt":{"rendered":"<p>A nossa f\u00e1brica fornece lavat\u00f3rios de casa de banho pequenos montados na parede, designs por atacado para casas de banho, estes lavat\u00f3rios montados na parede utilizam materiais selecionados e processos de produ\u00e7\u00e3o de precis\u00e3o para garantir que os lavat\u00f3rios s\u00e3o solidamente constru\u00eddos, lisos e f\u00e1ceis de limpar.<\/p>\n<table style=\"border-collapse: collapse; width: 358.52pt;\" border=\"0\" width=\"478\" cellspacing=\"0\" cellpadding=\"0\">\n<tbody>\n<tr style=\"height: 17.25pt;\">\n<td class=\"et3\" style=\"height: 17.25pt; width: 125.00pt;\" width=\"166\" height=\"23\">Fabricante<\/td>\n<td class=\"et3\" style=\"width: 234.15pt;\" width=\"312\">HanYu<\/td>\n<\/tr>\n<tr style=\"height: 17.25pt;\">\n<td class=\"et3\" style=\"height: 17.25pt;\" height=\"23\">Modelo n.<\/td>\n<td class=\"et4\">HY-3053AL<\/td>\n<\/tr>\n<tr style=\"height: 17.25pt;\">\n<td class=\"et3\" style=\"height: 17.25pt;\" height=\"23\">Tipo<\/td>\n<td class=\"et5\" style=\"width: 234.15pt;\" width=\"312\">Lava-lou\u00e7as de parede<\/td>\n<\/tr>\n<tr style=\"height: 18.00pt;\">\n<td class=\"et3\" style=\"height: 18.00pt;\" height=\"24\">Forma<\/td>\n<td class=\"et3\">Forma retangular<\/td>\n<\/tr>\n<tr style=\"height: 34.50pt;\">\n<td class=\"et4\" style=\"height: 34.50pt;\" height=\"46\">Cor<\/td>\n<td class=\"et5\" style=\"width: 234.15pt;\" width=\"312\">preto\/branco\/azul\/cinzento\/rosa\/verde\/castanho\/caqui<\/td>\n<\/tr>\n<tr style=\"height: 18.00pt;\">\n<td class=\"et3\" style=\"height: 18.00pt;\" height=\"24\">Dimens\u00e3o<\/td>\n<td class=\"et5\" style=\"width: 234.15pt;\" width=\"312\">40*22*11<\/td>\n<\/tr>\n<tr style=\"height: 17.25pt;\">\n<td class=\"et3\" style=\"height: 17.25pt;\" height=\"23\">N.W \/SET<\/td>\n<td class=\"et3\">8KGS\/PCS<\/td>\n<\/tr>\n<tr style=\"height: 17.25pt;\">\n<td class=\"et3\" style=\"height: 17.25pt;\" height=\"23\">MOQ<\/td>\n<td class=\"et3\">20 unidades<\/td>\n<\/tr>\n<tr style=\"height: 17.25pt;\">\n<td class=\"et3\" style=\"height: 17.25pt;\" height=\"23\">Op\u00e7\u00e3o personalizada<\/td>\n<td class=\"et3\">Cor\/Patente\/Tamanho\/Logotipo\/Embalagem<\/td>\n<\/tr>\n<\/tbody>\n<\/table>","protected":false},"featured_media":4982,"comment_status":"closed","ping_status":"closed","template":"","meta":{"_acf_changed":false},"product_brand":[],"product_cat":[56],"product_tag":[],"class_list":{"0":"post-4989","1":"product","2":"type-product","3":"status-publish","4":"has-post-thumbnail","6":"product_cat-wholesale-small-bathroom-sinks","8":"first","9":"instock","10":"shipping-taxable","11":"product-type-simple"},"acf":[],"_links":{"self":[{"href":"https:\/\/www.ceramicbasin.com\/pt\/wp-json\/wp\/v2\/product\/4989","targetHints":{"allow":["GET"]}}],"collection":[{"href":"https:\/\/www.ceramicbasin.com\/pt\/wp-json\/wp\/v2\/product"}],"about":[{"href":"https:\/\/www.ceramicbasin.com\/pt\/wp-json\/wp\/v2\/types\/product"}],"replies":[{"embeddable":true,"href":"https:\/\/www.ceramicbasin.com\/pt\/wp-json\/wp\/v2\/comments?post=4989"}],"wp:featuredmedia":[{"embeddable":true,"href":"https:\/\/www.ceramicbasin.com\/pt\/wp-json\/wp\/v2\/media\/4982"}],"wp:attachment":[{"href":"https:\/\/www.ceramicbasin.com\/pt\/wp-json\/wp\/v2\/media?parent=4989"}],"wp:term":[{"taxonomy":"product_brand","embeddable":true,"href":"https:\/\/www.ceramicbasin.com\/pt\/wp-json\/wp\/v2\/product_brand?post=4989"},{"taxonomy":"product_cat","embeddable":true,"href":"https:\/\/www.ceramicbasin.com\/pt\/wp-json\/wp\/v2\/product_cat?post=4989"},{"taxonomy":"product_tag","embeddable":true,"href":"https:\/\/www.ceramicbasin.com\/pt\/wp-json\/wp\/v2\/product_tag?post=4989"}],"curies":[{"name":"wp","href":"https:\/\/api.w.org\/{rel}","templated":true}]}}