{"id":4990,"date":"2024-09-03T01:16:02","date_gmt":"2024-09-03T01:16:02","guid":{"rendered":"https:\/\/www.ceramicbasin.com\/?post_type=product&#038;p=4990"},"modified":"2024-09-03T01:16:04","modified_gmt":"2024-09-03T01:16:04","slug":"bespoke-bathroom-sinks","status":"publish","type":"product","link":"https:\/\/www.ceramicbasin.com\/pt\/produto\/bespoke-bathroom-sinks\/","title":{"rendered":"Lavat\u00f3rios de casa de banho feitos \u00e0 medida, bacias de porcelana suspensas por atacado"},"content":{"rendered":"<div class=\"wp-block-columns is-layout-flex wp-container-core-columns-is-layout-9d6595d7 wp-block-columns-is-layout-flex\">\n<div class=\"wp-block-column is-layout-flow wp-block-column-is-layout-flow\">\n<h2 class=\"wp-block-heading\">Carater\u00edsticas dos lavat\u00f3rios de casa de banho Premium Bespoke:<\/h2>\n\n\n\n<ul class=\"wp-block-list\">\n<li>Novo design: Estes lavat\u00f3rios de casa de banho personalizados e suspensos na parede s\u00e3o lavat\u00f3rios de cer\u00e2mica personalizados. Este lavat\u00f3rio personalizado a granel tem um aspeto elegante que combina perfeitamente com o estilo moderno da casa de banho.<\/li>\n\n\n\n<li>Fabricado em porcelana de alta qualidade: As nossas bacias suspensas selecionam, por atacado, argila de porcelana de alta qualidade e s\u00e3o cozidas a altas temperaturas para garantir que as bacias t\u00eam uma textura s\u00f3lida, uma superf\u00edcie lisa, s\u00e3o f\u00e1ceis de limpar e t\u00eam um brilho duradouro.<\/li>\n\n\n\n<li>Instala\u00e7\u00e3o na parede: O design de montagem na parede dos nossos lavat\u00f3rios de casa de banho por medida n\u00e3o s\u00f3 poupa espa\u00e7o, como tamb\u00e9m facilita a limpeza do ch\u00e3o por baixo, mantendo a casa de banho arrumada e criando um ambiente de utiliza\u00e7\u00e3o refrescante.<\/li>\n\n\n\n<li>Poupan\u00e7a de custos de compra a granel: Como fabricante de lavat\u00f3rios de cer\u00e2mica por atacado, a HanYu pode fornecer-lhe pre\u00e7os competitivos para a compra de lavat\u00f3rios de casa de banho, para o ajudar a controlar eficazmente os custos de decora\u00e7\u00e3o sem sacrificar a qualidade.<\/li>\n<\/ul>\n<\/div>\n\n\n\n<div class=\"wp-block-column is-layout-flow wp-block-column-is-layout-flow\">\n<figure class=\"wp-block-image size-full\"><img fetchpriority=\"high\" decoding=\"async\" width=\"800\" height=\"800\" src=\"https:\/\/www.ceramicbasin.com\/wp-content\/uploads\/2024\/09\/Customize-OEM-ODM-Ceramic-Wash-Hand-Basin-Sink-Lavabo-Porcelain-Rectangular-Wall-Hung-Mounted-Bathroom-Sinks-6.jpg\" alt=\"Lavat\u00f3rios de casa de banho feitos \u00e0 medida, bacias de porcelana suspensas na parede grossista-1\" class=\"wp-image-4996\" srcset=\"https:\/\/www.ceramicbasin.com\/wp-content\/uploads\/2024\/09\/Customize-OEM-ODM-Ceramic-Wash-Hand-Basin-Sink-Lavabo-Porcelain-Rectangular-Wall-Hung-Mounted-Bathroom-Sinks-6.jpg 800w, https:\/\/www.ceramicbasin.com\/wp-content\/uploads\/2024\/09\/Customize-OEM-ODM-Ceramic-Wash-Hand-Basin-Sink-Lavabo-Porcelain-Rectangular-Wall-Hung-Mounted-Bathroom-Sinks-6-300x300.jpg 300w, https:\/\/www.ceramicbasin.com\/wp-content\/uploads\/2024\/09\/Customize-OEM-ODM-Ceramic-Wash-Hand-Basin-Sink-Lavabo-Porcelain-Rectangular-Wall-Hung-Mounted-Bathroom-Sinks-6-150x150.jpg 150w, https:\/\/www.ceramicbasin.com\/wp-content\/uploads\/2024\/09\/Customize-OEM-ODM-Ceramic-Wash-Hand-Basin-Sink-Lavabo-Porcelain-Rectangular-Wall-Hung-Mounted-Bathroom-Sinks-6-768x768.jpg 768w, https:\/\/www.ceramicbasin.com\/wp-content\/uploads\/2024\/09\/Customize-OEM-ODM-Ceramic-Wash-Hand-Basin-Sink-Lavabo-Porcelain-Rectangular-Wall-Hung-Mounted-Bathroom-Sinks-6-12x12.jpg 12w, https:\/\/www.ceramicbasin.com\/wp-content\/uploads\/2024\/09\/Customize-OEM-ODM-Ceramic-Wash-Hand-Basin-Sink-Lavabo-Porcelain-Rectangular-Wall-Hung-Mounted-Bathroom-Sinks-6-285x285.jpg 285w, https:\/\/www.ceramicbasin.com\/wp-content\/uploads\/2024\/09\/Customize-OEM-ODM-Ceramic-Wash-Hand-Basin-Sink-Lavabo-Porcelain-Rectangular-Wall-Hung-Mounted-Bathroom-Sinks-6-270x270.jpg 270w, https:\/\/www.ceramicbasin.com\/wp-content\/uploads\/2024\/09\/Customize-OEM-ODM-Ceramic-Wash-Hand-Basin-Sink-Lavabo-Porcelain-Rectangular-Wall-Hung-Mounted-Bathroom-Sinks-6-540x540.jpg 540w, https:\/\/www.ceramicbasin.com\/wp-content\/uploads\/2024\/09\/Customize-OEM-ODM-Ceramic-Wash-Hand-Basin-Sink-Lavabo-Porcelain-Rectangular-Wall-Hung-Mounted-Bathroom-Sinks-6-660x660.jpg 660w\" sizes=\"(max-width: 800px) 100vw, 800px\" \/><\/figure>\n<\/div>\n<\/div>","protected":false},"excerpt":{"rendered":"<p>Os nossos lavat\u00f3rios de casa de banho personalizados e pendurados na parede s\u00e3o cuidadosamente trabalhados para garantir a sua beleza e durabilidade. Tamb\u00e9m fornecemos servi\u00e7os personalizados, para que possa ajustar os detalhes do produto de acordo com as necessidades do projeto para obter uma combina\u00e7\u00e3o perfeita no design.<\/p>\n<table style=\"border-collapse: collapse; width: 311.02pt;\" border=\"0\" width=\"311\" cellspacing=\"0\" cellpadding=\"0\">\n<tbody>\n<tr style=\"height: 17.60pt;\">\n<td class=\"et3\" style=\"height: 17.60pt; width: 108.35pt;\" width=\"108\" height=\"17\">Fabricante<\/td>\n<td class=\"et3\" style=\"width: 202.95pt;\" width=\"202\">HanYu<\/td>\n<\/tr>\n<tr style=\"height: 17.60pt;\">\n<td class=\"et3\" style=\"height: 17.60pt;\" height=\"17\">Modelo n.<\/td>\n<td class=\"et4\">HY3116A<\/td>\n<\/tr>\n<tr style=\"height: 17.60pt;\">\n<td class=\"et3\" style=\"height: 17.60pt;\" height=\"17\">Tipo<\/td>\n<td class=\"et3\">Lavat\u00f3rio de parede<\/td>\n<\/tr>\n<tr style=\"height: 17.60pt;\">\n<td class=\"et3\" style=\"height: 17.60pt;\" height=\"17\">Forma<\/td>\n<td class=\"et3\">Forma retangular<\/td>\n<\/tr>\n<tr style=\"height: 17.60pt;\">\n<td class=\"et4\" style=\"height: 17.60pt;\" height=\"17\">Cor<\/td>\n<td class=\"et3\">Branco<\/td>\n<\/tr>\n<tr style=\"height: 18.00pt;\">\n<td class=\"et3\" style=\"height: 18.00pt;\" height=\"18\">Dimens\u00e3o<\/td>\n<td class=\"et6\" style=\"width: 202.95pt;\" width=\"202\">55*40*15<\/td>\n<\/tr>\n<tr style=\"height: 17.60pt;\">\n<td class=\"et3\" style=\"height: 17.60pt;\" height=\"17\">N.W \/SET<\/td>\n<td class=\"et3\">13KGS\/PCS<\/td>\n<\/tr>\n<tr style=\"height: 17.60pt;\">\n<td class=\"et3\" style=\"height: 17.60pt;\" height=\"17\">MOQ<\/td>\n<td class=\"et3\">20 unidades<\/td>\n<\/tr>\n<tr style=\"height: 17.60pt;\">\n<td class=\"et3\" style=\"height: 17.60pt;\" height=\"17\">Op\u00e7\u00e3o personalizada<\/td>\n<td class=\"et3\">Cor\/Patente\/Tamanho\/Logotipo\/Embalagem<\/td>\n<\/tr>\n<\/tbody>\n<\/table>","protected":false},"featured_media":4994,"comment_status":"closed","ping_status":"closed","template":"","meta":{"_acf_changed":false},"product_brand":[],"product_cat":[57],"product_tag":[],"class_list":{"0":"post-4990","1":"product","2":"type-product","3":"status-publish","4":"has-post-thumbnail","6":"product_cat-wholesale-wall-mounted-sinks","8":"first","9":"instock","10":"shipping-taxable","11":"product-type-simple"},"acf":[],"_links":{"self":[{"href":"https:\/\/www.ceramicbasin.com\/pt\/wp-json\/wp\/v2\/product\/4990","targetHints":{"allow":["GET"]}}],"collection":[{"href":"https:\/\/www.ceramicbasin.com\/pt\/wp-json\/wp\/v2\/product"}],"about":[{"href":"https:\/\/www.ceramicbasin.com\/pt\/wp-json\/wp\/v2\/types\/product"}],"replies":[{"embeddable":true,"href":"https:\/\/www.ceramicbasin.com\/pt\/wp-json\/wp\/v2\/comments?post=4990"}],"wp:featuredmedia":[{"embeddable":true,"href":"https:\/\/www.ceramicbasin.com\/pt\/wp-json\/wp\/v2\/media\/4994"}],"wp:attachment":[{"href":"https:\/\/www.ceramicbasin.com\/pt\/wp-json\/wp\/v2\/media?parent=4990"}],"wp:term":[{"taxonomy":"product_brand","embeddable":true,"href":"https:\/\/www.ceramicbasin.com\/pt\/wp-json\/wp\/v2\/product_brand?post=4990"},{"taxonomy":"product_cat","embeddable":true,"href":"https:\/\/www.ceramicbasin.com\/pt\/wp-json\/wp\/v2\/product_cat?post=4990"},{"taxonomy":"product_tag","embeddable":true,"href":"https:\/\/www.ceramicbasin.com\/pt\/wp-json\/wp\/v2\/product_tag?post=4990"}],"curies":[{"name":"wp","href":"https:\/\/api.w.org\/{rel}","templated":true}]}}