{"id":5000,"date":"2024-09-05T01:47:37","date_gmt":"2024-09-05T01:47:37","guid":{"rendered":"https:\/\/www.ceramicbasin.com\/?post_type=product&#038;p=5000"},"modified":"2024-09-05T01:47:39","modified_gmt":"2024-09-05T01:47:39","slug":"mini-bathroom-sink-wholesale","status":"publish","type":"product","link":"https:\/\/www.ceramicbasin.com\/pt\/produto\/mini-bathroom-sink-wholesale\/","title":{"rendered":"Venda quente Mini pia do banheiro por atacado, min\u00fascula bacia pendurada na parede"},"content":{"rendered":"<div class=\"wp-block-columns is-layout-flex wp-container-core-columns-is-layout-9d6595d7 wp-block-columns-is-layout-flex\">\n<div class=\"wp-block-column is-layout-flow wp-block-column-is-layout-flow\">\n<h2 class=\"wp-block-heading\">Mini lavat\u00f3rio de casa de banho Premium Carater\u00edsticas por atacado:<\/h2>\n\n\n\n<ul class=\"wp-block-list\">\n<li><strong>Design cl\u00e1ssico:\u00a0<\/strong>O nosso fornecimento de f\u00e1brica de pequenas bacias suspensas na parede por atacado apresenta um design cl\u00e1ssico intemporal com limpeza, com uma pequena instala\u00e7\u00e3o montada na parede para maximizar a utiliza\u00e7\u00e3o de espa\u00e7o limitado.<\/li>\n\n\n\n<li><strong>Instala\u00e7\u00e3o na parede:\u00a0<\/strong>O design de montagem na parede poupa espa\u00e7o e \u00e9 f\u00e1cil de limpar. Este mini lavat\u00f3rio de casa de banho por atacado \u00e9 particularmente adequado para casas de banho modernas e compactas, melhorando a limpeza e a modernidade de todo o espa\u00e7o.<\/li>\n\n\n\n<li><strong>Tratamento de esmalte f\u00e1cil de limpar:<\/strong>\u00a0A superf\u00edcie deste pequeno lavat\u00f3rio suspenso na parede adopta uma tecnologia especial de esmalte f\u00e1cil de limpar, que \u00e9 suave e delicada, as manchas n\u00e3o s\u00e3o f\u00e1ceis de aderir e s\u00e3o f\u00e1ceis de limpar.<\/li>\n\n\n\n<li><strong>Desconto para compras em massa:\u00a0<\/strong>Como um fabricante e fornecedor profissional de lavat\u00f3rio de cer\u00e2mica, oferecemos pre\u00e7os muito competitivos para mini lavat\u00f3rio de casa de banho por atacado, adequado para projectos de decora\u00e7\u00e3o em grande escala, como hot\u00e9is, apartamentos, escrit\u00f3rios, etc.<\/li>\n<\/ul>\n<\/div>\n\n\n\n<div class=\"wp-block-column is-layout-flow wp-block-column-is-layout-flow\">\n<figure class=\"wp-block-image size-full\"><img fetchpriority=\"high\" decoding=\"async\" width=\"1784\" height=\"1784\" src=\"https:\/\/www.ceramicbasin.com\/wp-content\/uploads\/2024\/09\/Hot-sale-Mini-bathroom-porcelain-sink-wall-hung-wash-basin-with-faucet-5.webp\" alt=\"Venda quente Mini lavat\u00f3rio de casa de banho por atacado, min\u00fasculo lavat\u00f3rio de parede-1\" class=\"wp-image-5005\" srcset=\"https:\/\/www.ceramicbasin.com\/wp-content\/uploads\/2024\/09\/Hot-sale-Mini-bathroom-porcelain-sink-wall-hung-wash-basin-with-faucet-5.webp 1784w, https:\/\/www.ceramicbasin.com\/wp-content\/uploads\/2024\/09\/Hot-sale-Mini-bathroom-porcelain-sink-wall-hung-wash-basin-with-faucet-5-300x300.webp 300w, https:\/\/www.ceramicbasin.com\/wp-content\/uploads\/2024\/09\/Hot-sale-Mini-bathroom-porcelain-sink-wall-hung-wash-basin-with-faucet-5-150x150.webp 150w, https:\/\/www.ceramicbasin.com\/wp-content\/uploads\/2024\/09\/Hot-sale-Mini-bathroom-porcelain-sink-wall-hung-wash-basin-with-faucet-5-768x768.webp 768w, https:\/\/www.ceramicbasin.com\/wp-content\/uploads\/2024\/09\/Hot-sale-Mini-bathroom-porcelain-sink-wall-hung-wash-basin-with-faucet-5-12x12.webp 12w, https:\/\/www.ceramicbasin.com\/wp-content\/uploads\/2024\/09\/Hot-sale-Mini-bathroom-porcelain-sink-wall-hung-wash-basin-with-faucet-5-285x285.webp 285w, https:\/\/www.ceramicbasin.com\/wp-content\/uploads\/2024\/09\/Hot-sale-Mini-bathroom-porcelain-sink-wall-hung-wash-basin-with-faucet-5-1600x1600.webp 1600w, https:\/\/www.ceramicbasin.com\/wp-content\/uploads\/2024\/09\/Hot-sale-Mini-bathroom-porcelain-sink-wall-hung-wash-basin-with-faucet-5-270x270.webp 270w, https:\/\/www.ceramicbasin.com\/wp-content\/uploads\/2024\/09\/Hot-sale-Mini-bathroom-porcelain-sink-wall-hung-wash-basin-with-faucet-5-540x540.webp 540w, https:\/\/www.ceramicbasin.com\/wp-content\/uploads\/2024\/09\/Hot-sale-Mini-bathroom-porcelain-sink-wall-hung-wash-basin-with-faucet-5-660x660.webp 660w\" sizes=\"(max-width: 1784px) 100vw, 1784px\" \/><\/figure>\n<\/div>\n<\/div>","protected":false},"excerpt":{"rendered":"<p>Este mini lavat\u00f3rio de casa de banho suspenso na parede, em cer\u00e2mica, foi concebido para casas de banho de pequenas dimens\u00f5es que procuram praticidade e beleza. A sele\u00e7\u00e3o de materiais cer\u00e2micos superiores garante que o nosso lavat\u00f3rio de parede tem uma excelente durabilidade e beleza. O design suspenso na parede n\u00e3o s\u00f3 poupa espa\u00e7o como tamb\u00e9m facilita a limpeza do ch\u00e3o.<\/p>\n<table style=\"border-collapse: collapse; width: 311.02pt;\" border=\"0\" width=\"311\" cellspacing=\"0\" cellpadding=\"0\">\n<tbody>\n<tr style=\"height: 17.60pt;\">\n<td class=\"et3\" style=\"height: 17.60pt; width: 108.35pt;\" width=\"108\" height=\"17\">Fabricante<\/td>\n<td class=\"et3\" style=\"width: 202.95pt;\" width=\"202\">HanYu<\/td>\n<\/tr>\n<tr style=\"height: 17.60pt;\">\n<td class=\"et3\" style=\"height: 17.60pt;\" height=\"17\">Modelo n.<\/td>\n<td class=\"et4\">HY3106<\/td>\n<\/tr>\n<tr style=\"height: 17.60pt;\">\n<td class=\"et3\" style=\"height: 17.60pt;\" height=\"17\">Tipo<\/td>\n<td class=\"et3\">Lavat\u00f3rio de parede<\/td>\n<\/tr>\n<tr style=\"height: 17.60pt;\">\n<td class=\"et3\" style=\"height: 17.60pt;\" height=\"17\">Forma<\/td>\n<td class=\"et3\">Forma redonda<\/td>\n<\/tr>\n<tr style=\"height: 17.60pt;\">\n<td class=\"et4\" style=\"height: 17.60pt;\" height=\"17\">Cor<\/td>\n<td class=\"et3\">Branco<\/td>\n<\/tr>\n<tr style=\"height: 18.00pt;\">\n<td class=\"et3\" style=\"height: 18.00pt;\" height=\"18\">Dimens\u00e3o<\/td>\n<td class=\"et6\" style=\"width: 202.95pt;\" width=\"202\">37.5*31*16<\/td>\n<\/tr>\n<tr style=\"height: 17.60pt;\">\n<td class=\"et3\" style=\"height: 17.60pt;\" height=\"17\">N.W \/SET<\/td>\n<td class=\"et3\">6.5KGS\/PCS<\/td>\n<\/tr>\n<tr style=\"height: 17.60pt;\">\n<td class=\"et3\" style=\"height: 17.60pt;\" height=\"17\">MOQ<\/td>\n<td class=\"et3\">20 unidades<\/td>\n<\/tr>\n<tr style=\"height: 17.60pt;\">\n<td class=\"et3\" style=\"height: 17.60pt;\" height=\"17\">Op\u00e7\u00e3o personalizada<\/td>\n<td class=\"et3\">Cor\/Patente\/Tamanho\/Logotipo\/Embalagem<\/td>\n<\/tr>\n<\/tbody>\n<\/table>\n<p>&nbsp;<\/p>","protected":false},"featured_media":5002,"comment_status":"closed","ping_status":"closed","template":"","meta":{"_acf_changed":false},"product_brand":[],"product_cat":[56],"product_tag":[],"class_list":{"0":"post-5000","1":"product","2":"type-product","3":"status-publish","4":"has-post-thumbnail","6":"product_cat-wholesale-small-bathroom-sinks","8":"first","9":"instock","10":"shipping-taxable","11":"product-type-simple"},"acf":[],"_links":{"self":[{"href":"https:\/\/www.ceramicbasin.com\/pt\/wp-json\/wp\/v2\/product\/5000","targetHints":{"allow":["GET"]}}],"collection":[{"href":"https:\/\/www.ceramicbasin.com\/pt\/wp-json\/wp\/v2\/product"}],"about":[{"href":"https:\/\/www.ceramicbasin.com\/pt\/wp-json\/wp\/v2\/types\/product"}],"replies":[{"embeddable":true,"href":"https:\/\/www.ceramicbasin.com\/pt\/wp-json\/wp\/v2\/comments?post=5000"}],"wp:featuredmedia":[{"embeddable":true,"href":"https:\/\/www.ceramicbasin.com\/pt\/wp-json\/wp\/v2\/media\/5002"}],"wp:attachment":[{"href":"https:\/\/www.ceramicbasin.com\/pt\/wp-json\/wp\/v2\/media?parent=5000"}],"wp:term":[{"taxonomy":"product_brand","embeddable":true,"href":"https:\/\/www.ceramicbasin.com\/pt\/wp-json\/wp\/v2\/product_brand?post=5000"},{"taxonomy":"product_cat","embeddable":true,"href":"https:\/\/www.ceramicbasin.com\/pt\/wp-json\/wp\/v2\/product_cat?post=5000"},{"taxonomy":"product_tag","embeddable":true,"href":"https:\/\/www.ceramicbasin.com\/pt\/wp-json\/wp\/v2\/product_tag?post=5000"}],"curies":[{"name":"wp","href":"https:\/\/api.w.org\/{rel}","templated":true}]}}