{"id":5007,"date":"2024-09-05T01:56:30","date_gmt":"2024-09-05T01:56:30","guid":{"rendered":"https:\/\/www.ceramicbasin.com\/?post_type=product&#038;p=5007"},"modified":"2024-09-05T01:56:32","modified_gmt":"2024-09-05T01:56:32","slug":"tiny-bathroom-basins-wholesale","status":"publish","type":"product","link":"https:\/\/www.ceramicbasin.com\/pt\/produto\/tiny-bathroom-basins-wholesale\/","title":{"rendered":"Pequenas bacias de casa de banho suspensas por atacado com prateleira para toalhas"},"content":{"rendered":"<div class=\"wp-block-columns is-layout-flex wp-container-core-columns-is-layout-9d6595d7 wp-block-columns-is-layout-flex\">\n<div class=\"wp-block-column is-layout-flow wp-block-column-is-layout-flow\">\n<div class=\"wp-block-columns is-layout-flex wp-container-core-columns-is-layout-9d6595d7 wp-block-columns-is-layout-flex\">\n<div class=\"wp-block-column is-layout-flow wp-block-column-is-layout-flow\" style=\"flex-basis:100%\">\n<div class=\"wp-block-columns is-layout-flex wp-container-core-columns-is-layout-9d6595d7 wp-block-columns-is-layout-flex\">\n<div class=\"wp-block-column is-layout-flow wp-block-column-is-layout-flow\">\n<h2 class=\"wp-block-heading\">Bacias de casa de banho min\u00fasculas Premium Carater\u00edsticas por atacado:<\/h2>\n\n\n\n<ul class=\"wp-block-list\">\n<li><strong>Design especial da prateleira para toalhas:\u00a0<\/strong>Estes pequenos lavat\u00f3rios de casa de banho de parede t\u00eam uma elegante prateleira para toalhas e linhas suaves, dando um toque suave e moderno ao espa\u00e7o, poupando outros suportes e deixando a casa de banho seca e limpa.<\/li>\n\n\n\n<li><strong>Lava-loi\u00e7as de alta qualidade:\u00a0<\/strong>Os nossos lavat\u00f3rios de casa de banho montados na parede utilizam materiais de alta qualidade e combinam artesanato requintado para garantir que a estrutura do lavat\u00f3rio \u00e9 est\u00e1vel, a superf\u00edcie \u00e9 lisa e delicada, f\u00e1cil de limpar e manter, e dur\u00e1vel.<\/li>\n\n\n\n<li><strong>Vantagem do pre\u00e7o por grosso:\u00a0<\/strong>Como fabricante de lavat\u00f3rios de casa de banho em cer\u00e2mica, a HanYu oferece pre\u00e7os grossistas muito competitivos para lavat\u00f3rios de casa de banho min\u00fasculos montados na parede por atacado, as compras a granel desfrutam de mais descontos, tornando os acess\u00f3rios de casa de banho de alta qualidade a sua escolha ideal sob controlo de custos.<\/li>\n\n\n\n<li><strong>Servi\u00e7o personalizado de alta qualidade:\u00a0<\/strong>Fornecer um servi\u00e7o personalizado de lavat\u00f3rio de casa de banho montado na parede para garantir que cada lavat\u00f3rio de casa de banho satisfaz os requisitos de design e espa\u00e7o da sua casa de banho e cria um estilo exclusivo.<\/li>\n<\/ul>\n<\/div>\n\n\n\n<div class=\"wp-block-column is-layout-flow wp-block-column-is-layout-flow\">\n<figure class=\"wp-block-image size-full\"><img fetchpriority=\"high\" decoding=\"async\" width=\"800\" height=\"800\" src=\"https:\/\/www.ceramicbasin.com\/wp-content\/uploads\/2024\/09\/Hot-sale-Porcelain-Sink-Quality-White-Bathroom-Wash-Basin-For-Sale-Ceramic-European-Hand-Wash-Basin-With-Towel-Shelf-5.webp\" alt=\"Pequenas bacias de casa de banho suspensas por atacado com prateleira de toalhas-1\" class=\"wp-image-5012\" srcset=\"https:\/\/www.ceramicbasin.com\/wp-content\/uploads\/2024\/09\/Hot-sale-Porcelain-Sink-Quality-White-Bathroom-Wash-Basin-For-Sale-Ceramic-European-Hand-Wash-Basin-With-Towel-Shelf-5.webp 800w, https:\/\/www.ceramicbasin.com\/wp-content\/uploads\/2024\/09\/Hot-sale-Porcelain-Sink-Quality-White-Bathroom-Wash-Basin-For-Sale-Ceramic-European-Hand-Wash-Basin-With-Towel-Shelf-5-300x300.webp 300w, https:\/\/www.ceramicbasin.com\/wp-content\/uploads\/2024\/09\/Hot-sale-Porcelain-Sink-Quality-White-Bathroom-Wash-Basin-For-Sale-Ceramic-European-Hand-Wash-Basin-With-Towel-Shelf-5-150x150.webp 150w, https:\/\/www.ceramicbasin.com\/wp-content\/uploads\/2024\/09\/Hot-sale-Porcelain-Sink-Quality-White-Bathroom-Wash-Basin-For-Sale-Ceramic-European-Hand-Wash-Basin-With-Towel-Shelf-5-768x768.webp 768w, https:\/\/www.ceramicbasin.com\/wp-content\/uploads\/2024\/09\/Hot-sale-Porcelain-Sink-Quality-White-Bathroom-Wash-Basin-For-Sale-Ceramic-European-Hand-Wash-Basin-With-Towel-Shelf-5-12x12.webp 12w, https:\/\/www.ceramicbasin.com\/wp-content\/uploads\/2024\/09\/Hot-sale-Porcelain-Sink-Quality-White-Bathroom-Wash-Basin-For-Sale-Ceramic-European-Hand-Wash-Basin-With-Towel-Shelf-5-285x285.webp 285w, https:\/\/www.ceramicbasin.com\/wp-content\/uploads\/2024\/09\/Hot-sale-Porcelain-Sink-Quality-White-Bathroom-Wash-Basin-For-Sale-Ceramic-European-Hand-Wash-Basin-With-Towel-Shelf-5-270x270.webp 270w, https:\/\/www.ceramicbasin.com\/wp-content\/uploads\/2024\/09\/Hot-sale-Porcelain-Sink-Quality-White-Bathroom-Wash-Basin-For-Sale-Ceramic-European-Hand-Wash-Basin-With-Towel-Shelf-5-540x540.webp 540w, https:\/\/www.ceramicbasin.com\/wp-content\/uploads\/2024\/09\/Hot-sale-Porcelain-Sink-Quality-White-Bathroom-Wash-Basin-For-Sale-Ceramic-European-Hand-Wash-Basin-With-Towel-Shelf-5-660x660.webp 660w\" sizes=\"(max-width: 800px) 100vw, 800px\" \/><\/figure>\n<\/div>\n<\/div>\n<\/div>\n<\/div>\n<\/div>\n<\/div>","protected":false},"excerpt":{"rendered":"<p>Os nossos lavat\u00f3rios de casa de banho min\u00fasculos montados na parede utilizam materiais de alta qualidade e artesanato requintado para garantir a durabilidade e a conveni\u00eancia de limpeza do lavat\u00f3rio. Tamb\u00e9m fornecemos servi\u00e7os personalizados, para que possa ajustar os detalhes do produto de acordo com as necessidades do projeto para obter uma combina\u00e7\u00e3o perfeita no design.<\/p>\n<table style=\"border-collapse: collapse; width: 311.02pt;\" border=\"0\" width=\"311\" cellspacing=\"0\" cellpadding=\"0\">\n<tbody>\n<tr style=\"height: 17.60pt;\">\n<td class=\"et3\" style=\"height: 17.60pt; width: 108.35pt;\" width=\"108\" height=\"17\">Fabricante<\/td>\n<td class=\"et3\" style=\"width: 202.95pt;\" width=\"202\">HanYu<\/td>\n<\/tr>\n<tr style=\"height: 17.60pt;\">\n<td class=\"et3\" style=\"height: 17.60pt;\" height=\"17\">Modelo n.<\/td>\n<td class=\"et4\">HY3117<\/td>\n<\/tr>\n<tr style=\"height: 17.60pt;\">\n<td class=\"et3\" style=\"height: 17.60pt;\" height=\"17\">Tipo<\/td>\n<td class=\"et3\">Lavat\u00f3rio de parede<\/td>\n<\/tr>\n<tr style=\"height: 17.60pt;\">\n<td class=\"et3\" style=\"height: 17.60pt;\" height=\"17\">Forma<\/td>\n<td class=\"et3\">Forma retangular<\/td>\n<\/tr>\n<tr style=\"height: 17.60pt;\">\n<td class=\"et4\" style=\"height: 17.60pt;\" height=\"17\">Cor<\/td>\n<td class=\"et3\">Branco<\/td>\n<\/tr>\n<tr style=\"height: 18.00pt;\">\n<td class=\"et3\" style=\"height: 18.00pt;\" height=\"18\">Dimens\u00e3o<\/td>\n<td class=\"et6\" style=\"width: 202.95pt;\" width=\"202\">39.5*20*29.5<\/td>\n<\/tr>\n<tr style=\"height: 17.60pt;\">\n<td class=\"et3\" style=\"height: 17.60pt;\" height=\"17\">N.W \/SET<\/td>\n<td class=\"et3\">9.5KGS\/PCS<\/td>\n<\/tr>\n<tr style=\"height: 17.60pt;\">\n<td class=\"et3\" style=\"height: 17.60pt;\" height=\"17\">MOQ<\/td>\n<td class=\"et3\">20 unidades<\/td>\n<\/tr>\n<tr style=\"height: 17.60pt;\">\n<td class=\"et3\" style=\"height: 17.60pt;\" height=\"17\">Op\u00e7\u00e3o personalizada<\/td>\n<td class=\"et3\">Cor\/Patente\/Tamanho\/Logotipo\/Embalagem<\/td>\n<\/tr>\n<\/tbody>\n<\/table>","protected":false},"featured_media":5008,"comment_status":"closed","ping_status":"closed","template":"","meta":{"_acf_changed":false},"product_brand":[],"product_cat":[57],"product_tag":[],"class_list":{"0":"post-5007","1":"product","2":"type-product","3":"status-publish","4":"has-post-thumbnail","6":"product_cat-wholesale-wall-mounted-sinks","8":"first","9":"instock","10":"shipping-taxable","11":"product-type-simple"},"acf":[],"_links":{"self":[{"href":"https:\/\/www.ceramicbasin.com\/pt\/wp-json\/wp\/v2\/product\/5007","targetHints":{"allow":["GET"]}}],"collection":[{"href":"https:\/\/www.ceramicbasin.com\/pt\/wp-json\/wp\/v2\/product"}],"about":[{"href":"https:\/\/www.ceramicbasin.com\/pt\/wp-json\/wp\/v2\/types\/product"}],"replies":[{"embeddable":true,"href":"https:\/\/www.ceramicbasin.com\/pt\/wp-json\/wp\/v2\/comments?post=5007"}],"wp:featuredmedia":[{"embeddable":true,"href":"https:\/\/www.ceramicbasin.com\/pt\/wp-json\/wp\/v2\/media\/5008"}],"wp:attachment":[{"href":"https:\/\/www.ceramicbasin.com\/pt\/wp-json\/wp\/v2\/media?parent=5007"}],"wp:term":[{"taxonomy":"product_brand","embeddable":true,"href":"https:\/\/www.ceramicbasin.com\/pt\/wp-json\/wp\/v2\/product_brand?post=5007"},{"taxonomy":"product_cat","embeddable":true,"href":"https:\/\/www.ceramicbasin.com\/pt\/wp-json\/wp\/v2\/product_cat?post=5007"},{"taxonomy":"product_tag","embeddable":true,"href":"https:\/\/www.ceramicbasin.com\/pt\/wp-json\/wp\/v2\/product_tag?post=5007"}],"curies":[{"name":"wp","href":"https:\/\/api.w.org\/{rel}","templated":true}]}}