{"id":5027,"date":"2024-09-09T03:55:19","date_gmt":"2024-09-09T03:55:19","guid":{"rendered":"https:\/\/www.ceramicbasin.com\/?post_type=product&#038;p=5027"},"modified":"2024-09-09T10:07:44","modified_gmt":"2024-09-09T10:07:44","slug":"factory-supply-countertop-sink","status":"publish","type":"product","link":"https:\/\/www.ceramicbasin.com\/pt\/produto\/factory-supply-countertop-sink\/","title":{"rendered":"Fornecimento de f\u00e1brica de lavat\u00f3rio de bancada com design redondo especial"},"content":{"rendered":"<div class=\"wp-block-columns is-layout-flex wp-container-core-columns-is-layout-9d6595d7 wp-block-columns-is-layout-flex\">\n<div class=\"wp-block-column is-layout-flow wp-block-column-is-layout-flow\">\n<h2 class=\"wp-block-heading\">Carater\u00edsticas do lavat\u00f3rio de bancada Premium Factory Supply:<\/h2>\n\n\n\n<ul class=\"wp-block-list\">\n<li><strong>Design redondo \u00fanico, que real\u00e7a o charme individual:<\/strong> O nosso lavat\u00f3rio de bancada de fornecimento de f\u00e1brica adopta um design redondo simplificado com linhas bonitas e formas \u00fanicas. Este design n\u00e3o s\u00f3 real\u00e7a a beleza geral da casa de banho, como tamb\u00e9m acrescenta suavidade e calor ao espa\u00e7o.<\/li>\n\n\n\n<li><strong>Manuten\u00e7\u00e3o di\u00e1ria simples: <\/strong>Tendo em conta as necessidades reais dos utilizadores, a superf\u00edcie do lava-loi\u00e7a de bancada a granel foi especialmente tratada, o que n\u00e3o \u00e9 f\u00e1cil de manchar. A limpeza di\u00e1ria requer apenas uma simples passagem de pano para restaurar a limpeza, o que poupa muito tempo e energia na manuten\u00e7\u00e3o.<\/li>\n\n\n\n<li><strong>Servi\u00e7os de personaliza\u00e7\u00e3o diversificados:<\/strong> A fim de satisfazer as diferentes necessidades de diferentes clientes para pias de bancada de fornecimento de f\u00e1brica, fornecemos servi\u00e7os de personaliza\u00e7\u00e3o abrangentes. Quer se trate de cor ou tamanho, podemos ajust\u00e1-lo de acordo com as suas necessidades para que se adapte totalmente ao seu cen\u00e1rio de utiliza\u00e7\u00e3o, verdadeiramente feito \u00e0 medida.<\/li>\n\n\n\n<li><strong>Fornecimento direto da f\u00e1brica, desempenho de alto custo: <\/strong>Como fabricante de lavat\u00f3rios de bancada de fornecimento de f\u00e1brica com anos de experi\u00eancia, podemos garantir que o pre\u00e7o dos lavat\u00f3rios que oferecemos \u00e9 o mais competitivo do mercado. Independentemente do tamanho da encomenda, podemos garantir uma entrega atempada.<\/li>\n<\/ul>\n<\/div>\n\n\n\n<div class=\"wp-block-column is-layout-flow wp-block-column-is-layout-flow\">\n<figure class=\"wp-block-image size-full\"><img fetchpriority=\"high\" decoding=\"async\" width=\"750\" height=\"750\" src=\"https:\/\/www.ceramicbasin.com\/wp-content\/uploads\/2024\/09\/Factory-Supply-Countertop-Sink-With-Special-Round-Design-1.webp\" alt=\"Fornecimento de f\u00e1brica de lavat\u00f3rio de bancada com design redondo especial 1\" class=\"wp-image-5028\" srcset=\"https:\/\/www.ceramicbasin.com\/wp-content\/uploads\/2024\/09\/Factory-Supply-Countertop-Sink-With-Special-Round-Design-1.webp 750w, https:\/\/www.ceramicbasin.com\/wp-content\/uploads\/2024\/09\/Factory-Supply-Countertop-Sink-With-Special-Round-Design-1-300x300.webp 300w, https:\/\/www.ceramicbasin.com\/wp-content\/uploads\/2024\/09\/Factory-Supply-Countertop-Sink-With-Special-Round-Design-1-150x150.webp 150w, https:\/\/www.ceramicbasin.com\/wp-content\/uploads\/2024\/09\/Factory-Supply-Countertop-Sink-With-Special-Round-Design-1-12x12.webp 12w, https:\/\/www.ceramicbasin.com\/wp-content\/uploads\/2024\/09\/Factory-Supply-Countertop-Sink-With-Special-Round-Design-1-285x285.webp 285w, https:\/\/www.ceramicbasin.com\/wp-content\/uploads\/2024\/09\/Factory-Supply-Countertop-Sink-With-Special-Round-Design-1-270x270.webp 270w, https:\/\/www.ceramicbasin.com\/wp-content\/uploads\/2024\/09\/Factory-Supply-Countertop-Sink-With-Special-Round-Design-1-540x540.webp 540w, https:\/\/www.ceramicbasin.com\/wp-content\/uploads\/2024\/09\/Factory-Supply-Countertop-Sink-With-Special-Round-Design-1-660x660.webp 660w\" sizes=\"(max-width: 750px) 100vw, 750px\" \/><\/figure>\n<\/div>\n<\/div>","protected":false},"excerpt":{"rendered":"<p>Bem-vindo \u00e0 compra de lavat\u00f3rios de cer\u00e2mica por atacado. O nosso lava-loi\u00e7a de bancada de fornecimento de f\u00e1brica tem um design redondo \u00fanico que \u00e9 esteticamente agrad\u00e1vel e solidamente constru\u00eddo para f\u00e1cil instala\u00e7\u00e3o e manuten\u00e7\u00e3o. A nossa aten\u00e7\u00e3o aos detalhes e servi\u00e7os de personaliza\u00e7\u00e3o garantem que o produto se adapta perfeitamente a uma variedade de ambientes de casa de banho.<\/p>\n<table style=\"border-collapse: collapse; width: 311.02pt;\" border=\"0\" width=\"311\" cellspacing=\"0\" cellpadding=\"0\">\n<tbody>\n<tr style=\"height: 17.60pt;\">\n<td class=\"et3\" style=\"height: 17.60pt; width: 108.35pt;\" width=\"108\" height=\"17\">Fabricante<\/td>\n<td class=\"et3\" style=\"width: 202.95pt;\" width=\"202\">HanYu<\/td>\n<\/tr>\n<tr style=\"height: 17.60pt;\">\n<td class=\"et3\" style=\"height: 17.60pt;\" height=\"17\">Modelo n.<\/td>\n<td class=\"et4\">HY-8070<\/td>\n<\/tr>\n<tr style=\"height: 18.00pt;\">\n<td class=\"et3\" style=\"height: 18.00pt;\" height=\"18\">Tipo<\/td>\n<td class=\"et5\" style=\"width: 202.95pt;\" width=\"202\">Lavat\u00f3rio de bancada<\/td>\n<\/tr>\n<tr style=\"height: 17.60pt;\">\n<td class=\"et3\" style=\"height: 17.60pt;\" height=\"17\">Forma<\/td>\n<td class=\"et3\">Forma redonda<\/td>\n<\/tr>\n<tr style=\"height: 18.00pt;\">\n<td class=\"et4\" style=\"height: 18.00pt;\" height=\"18\">Cor<\/td>\n<td class=\"et5\" style=\"width: 202.95pt;\" width=\"202\">Branco<\/td>\n<\/tr>\n<tr style=\"height: 18.00pt;\">\n<td class=\"et3\" style=\"height: 18.00pt;\" height=\"18\">Dimens\u00e3o<\/td>\n<td class=\"et5\" style=\"width: 202.95pt;\" width=\"202\">36*36*11.5<\/td>\n<\/tr>\n<tr style=\"height: 17.60pt;\">\n<td class=\"et3\" style=\"height: 17.60pt;\" height=\"17\">N.W \/SET<\/td>\n<td class=\"et3\">8.5KGS\/PCS<\/td>\n<\/tr>\n<tr style=\"height: 17.60pt;\">\n<td class=\"et3\" style=\"height: 17.60pt;\" height=\"17\">MOQ<\/td>\n<td class=\"et3\">20 unidades<\/td>\n<\/tr>\n<tr style=\"height: 17.60pt;\">\n<td class=\"et3\" style=\"height: 17.60pt;\" height=\"17\">Op\u00e7\u00e3o personalizada<\/td>\n<td class=\"et3\">Cor\/Patente\/Tamanho\/Logotipo\/Embalagem<\/td>\n<\/tr>\n<\/tbody>\n<\/table>","protected":false},"featured_media":5032,"comment_status":"closed","ping_status":"closed","template":"","meta":{"_acf_changed":false},"product_brand":[],"product_cat":[50],"product_tag":[],"class_list":{"0":"post-5027","1":"product","2":"type-product","3":"status-publish","4":"has-post-thumbnail","6":"product_cat-wholesale-countertop-sinks","8":"first","9":"instock","10":"shipping-taxable","11":"product-type-simple"},"acf":[],"_links":{"self":[{"href":"https:\/\/www.ceramicbasin.com\/pt\/wp-json\/wp\/v2\/product\/5027","targetHints":{"allow":["GET"]}}],"collection":[{"href":"https:\/\/www.ceramicbasin.com\/pt\/wp-json\/wp\/v2\/product"}],"about":[{"href":"https:\/\/www.ceramicbasin.com\/pt\/wp-json\/wp\/v2\/types\/product"}],"replies":[{"embeddable":true,"href":"https:\/\/www.ceramicbasin.com\/pt\/wp-json\/wp\/v2\/comments?post=5027"}],"wp:featuredmedia":[{"embeddable":true,"href":"https:\/\/www.ceramicbasin.com\/pt\/wp-json\/wp\/v2\/media\/5032"}],"wp:attachment":[{"href":"https:\/\/www.ceramicbasin.com\/pt\/wp-json\/wp\/v2\/media?parent=5027"}],"wp:term":[{"taxonomy":"product_brand","embeddable":true,"href":"https:\/\/www.ceramicbasin.com\/pt\/wp-json\/wp\/v2\/product_brand?post=5027"},{"taxonomy":"product_cat","embeddable":true,"href":"https:\/\/www.ceramicbasin.com\/pt\/wp-json\/wp\/v2\/product_cat?post=5027"},{"taxonomy":"product_tag","embeddable":true,"href":"https:\/\/www.ceramicbasin.com\/pt\/wp-json\/wp\/v2\/product_tag?post=5027"}],"curies":[{"name":"wp","href":"https:\/\/api.w.org\/{rel}","templated":true}]}}