{"id":5034,"date":"2024-09-09T06:44:59","date_gmt":"2024-09-09T06:44:59","guid":{"rendered":"https:\/\/www.ceramicbasin.com\/?post_type=product&#038;p=5034"},"modified":"2024-11-21T08:16:58","modified_gmt":"2024-11-21T08:16:58","slug":"customized-above-counter-sink","status":"publish","type":"product","link":"https:\/\/www.ceramicbasin.com\/pt\/produto\/customized-above-counter-sink\/","title":{"rendered":"Lavat\u00f3rio personalizado acima do balc\u00e3o por atacado, bacias de venda quente"},"content":{"rendered":"<div class=\"wp-block-columns is-layout-flex wp-container-core-columns-is-layout-9d6595d7 wp-block-columns-is-layout-flex\">\n<div class=\"wp-block-column is-layout-flow wp-block-column-is-layout-flow\">\n<h2 class=\"wp-block-heading\">Carater\u00edsticas do lava-loi\u00e7a de balc\u00e3o personalizado Premium:<\/h2>\n\n\n\n<ul class=\"wp-block-list\">\n<li><strong>Design redondo \u00fanico, elegante e bonito: <\/strong>Este lavat\u00f3rio personalizado por cima do balc\u00e3o adopta o popular design redondo. As suas linhas suaves e curvas elegantes podem dar uma sensa\u00e7\u00e3o de modernidade e arte a qualquer espa\u00e7o de casa de banho. O design redondo tamb\u00e9m pode fazer uma utiliza\u00e7\u00e3o eficaz do espa\u00e7o e \u00e9 adequado para casas de banho de v\u00e1rios tipos, tornando-se um destaque da decora\u00e7\u00e3o de interiores.<\/li>\n\n\n\n<li><strong>Produtos de venda quente, amplamente elogiados: <\/strong>O lavat\u00f3rio de balc\u00e3o por atacado a granel, devido ao excelente conceito de design e excelente qualidade, esta bacia tornou-se um produto de venda quente no mercado. O produto ganhou elogios generalizados e alta avalia\u00e7\u00e3o assim que entrou no mercado.<\/li>\n\n\n\n<li><strong>F\u00e1cil de instalar e limpar: <\/strong>Ao conceber este lava-loi\u00e7a personalizado por cima do balc\u00e3o, consider\u00e1mos a experi\u00eancia completa do utilizador. Certific\u00e1mo-nos de que o processo de instala\u00e7\u00e3o poderia ser facilmente conclu\u00eddo por n\u00e3o profissionais. Para al\u00e9m disso, devido ao tratamento especial, a superf\u00edcie do lavat\u00f3rio \u00e9 muito lisa, pelo que \u00e9 muito simples e eficiente de limpar todos os dias.<\/li>\n\n\n\n<li><strong>Personaliza\u00e7\u00e3o em massa, desempenho de alto custo: <\/strong>Como um fornecedor profissional de f\u00e1brica para pia acima do balc\u00e3o por atacado, fornecemos servi\u00e7os de personaliza\u00e7\u00e3o em massa para atender \u00e0s suas v\u00e1rias necessidades de quantidade e design. Assegure-se de que obt\u00e9m produtos de alta qualidade ao pre\u00e7o mais competitivo para maximizar a rela\u00e7\u00e3o custo-efic\u00e1cia.<\/li>\n<\/ul>\n<\/div>\n\n\n\n<div class=\"wp-block-column is-layout-flow wp-block-column-is-layout-flow\">\n<figure class=\"wp-block-image size-full is-resized\"><img fetchpriority=\"high\" decoding=\"async\" width=\"750\" height=\"750\" src=\"https:\/\/www.ceramicbasin.com\/wp-content\/uploads\/2024\/09\/Wholesale-Customized-Above-Counter-Sink-\uff0cRound-Hot-Selling-1.webp\" alt=\"Atacado personalizado acima da pia do balc\u00e3o \uff0c Venda quente redonda 1\" class=\"wp-image-5035\" style=\"width:409px;height:auto\" srcset=\"https:\/\/www.ceramicbasin.com\/wp-content\/uploads\/2024\/09\/Wholesale-Customized-Above-Counter-Sink-\uff0cRound-Hot-Selling-1.webp 750w, https:\/\/www.ceramicbasin.com\/wp-content\/uploads\/2024\/09\/Wholesale-Customized-Above-Counter-Sink-\uff0cRound-Hot-Selling-1-300x300.webp 300w, https:\/\/www.ceramicbasin.com\/wp-content\/uploads\/2024\/09\/Wholesale-Customized-Above-Counter-Sink-\uff0cRound-Hot-Selling-1-150x150.webp 150w, https:\/\/www.ceramicbasin.com\/wp-content\/uploads\/2024\/09\/Wholesale-Customized-Above-Counter-Sink-\uff0cRound-Hot-Selling-1-12x12.webp 12w, https:\/\/www.ceramicbasin.com\/wp-content\/uploads\/2024\/09\/Wholesale-Customized-Above-Counter-Sink-\uff0cRound-Hot-Selling-1-285x285.webp 285w, https:\/\/www.ceramicbasin.com\/wp-content\/uploads\/2024\/09\/Wholesale-Customized-Above-Counter-Sink-\uff0cRound-Hot-Selling-1-270x270.webp 270w, https:\/\/www.ceramicbasin.com\/wp-content\/uploads\/2024\/09\/Wholesale-Customized-Above-Counter-Sink-\uff0cRound-Hot-Selling-1-540x540.webp 540w, https:\/\/www.ceramicbasin.com\/wp-content\/uploads\/2024\/09\/Wholesale-Customized-Above-Counter-Sink-\uff0cRound-Hot-Selling-1-660x660.webp 660w\" sizes=\"(max-width: 750px) 100vw, 750px\" \/><\/figure>\n<\/div>\n<\/div>","protected":false},"excerpt":{"rendered":"<p>Bem-vindo ao comprar pias de cer\u00e2mica por atacado. O nosso lava-loi\u00e7a personalizado acima do balc\u00e3o \u00e9 popular no mercado pelo seu design redondo \u00fanico e estrutura est\u00e1vel. N\u00e3o \u00e9 apenas bonito, mas tamb\u00e9m muito f\u00e1cil de instalar e manter. A nossa empresa insiste na garantia de produtos de alta qualidade, fornecendo servi\u00e7os personalizados para que os nossos produtos combinem perfeitamente com todos os tipos de ambientes de casa de banho. Sendo o produto mais vendido, ganha a confian\u00e7a e o elogio de in\u00fameros utilizadores. Por isso, \u00e9 a escolha ideal quando se trata de elevar o espa\u00e7o da casa de banho.<\/p>\n<table style=\"border-collapse: collapse; width: 311.02pt;\" border=\"0\" width=\"311\" cellspacing=\"0\" cellpadding=\"0\">\n<tbody>\n<tr style=\"height: 17.60pt;\">\n<td class=\"et3\" style=\"height: 17.60pt; width: 108.35pt;\" width=\"108\" height=\"17\">Fabricante<\/td>\n<td class=\"et3\" style=\"width: 202.95pt;\" width=\"202\">HanYu<\/td>\n<\/tr>\n<tr style=\"height: 17.60pt;\">\n<td class=\"et3\" style=\"height: 17.60pt;\" height=\"17\">Modelo n.<\/td>\n<td class=\"et4\">HY-8070H<\/td>\n<\/tr>\n<tr style=\"height: 18.00pt;\">\n<td class=\"et3\" style=\"height: 18.00pt;\" height=\"18\">Tipo<\/td>\n<td class=\"et5\" style=\"width: 202.95pt;\" width=\"202\">Lavat\u00f3rio de bancada<\/td>\n<\/tr>\n<tr style=\"height: 17.60pt;\">\n<td class=\"et3\" style=\"height: 17.60pt;\" height=\"17\">Forma<\/td>\n<td class=\"et3\">Forma redonda<\/td>\n<\/tr>\n<tr style=\"height: 18.00pt;\">\n<td class=\"et4\" style=\"height: 18.00pt;\" height=\"18\">Cor<\/td>\n<td class=\"et5\" style=\"width: 202.95pt;\" width=\"202\">Branco<\/td>\n<\/tr>\n<tr style=\"height: 18.00pt;\">\n<td class=\"et3\" style=\"height: 18.00pt;\" height=\"18\">Dimens\u00e3o<\/td>\n<td class=\"et5\" style=\"width: 202.95pt;\" width=\"202\">35.5*35.5*11.5<\/td>\n<\/tr>\n<tr style=\"height: 17.60pt;\">\n<td class=\"et3\" style=\"height: 17.60pt;\" height=\"17\">N.W \/SET<\/td>\n<td class=\"et3\">9.5KGS\/PCS<\/td>\n<\/tr>\n<tr style=\"height: 17.60pt;\">\n<td class=\"et3\" style=\"height: 17.60pt;\" height=\"17\">MOQ<\/td>\n<td class=\"et3\">20 unidades<\/td>\n<\/tr>\n<tr style=\"height: 17.60pt;\">\n<td class=\"et3\" style=\"height: 17.60pt;\" height=\"17\">Op\u00e7\u00e3o personalizada<\/td>\n<td class=\"et3\">Cor\/Patente\/Tamanho\/Logotipo\/Embalagem<\/td>\n<\/tr>\n<\/tbody>\n<\/table>","protected":false},"featured_media":5039,"comment_status":"closed","ping_status":"closed","template":"","meta":{"_acf_changed":false},"product_brand":[],"product_cat":[50],"product_tag":[],"class_list":{"0":"post-5034","1":"product","2":"type-product","3":"status-publish","4":"has-post-thumbnail","6":"product_cat-wholesale-countertop-sinks","8":"first","9":"instock","10":"shipping-taxable","11":"product-type-simple"},"acf":[],"_links":{"self":[{"href":"https:\/\/www.ceramicbasin.com\/pt\/wp-json\/wp\/v2\/product\/5034","targetHints":{"allow":["GET"]}}],"collection":[{"href":"https:\/\/www.ceramicbasin.com\/pt\/wp-json\/wp\/v2\/product"}],"about":[{"href":"https:\/\/www.ceramicbasin.com\/pt\/wp-json\/wp\/v2\/types\/product"}],"replies":[{"embeddable":true,"href":"https:\/\/www.ceramicbasin.com\/pt\/wp-json\/wp\/v2\/comments?post=5034"}],"wp:featuredmedia":[{"embeddable":true,"href":"https:\/\/www.ceramicbasin.com\/pt\/wp-json\/wp\/v2\/media\/5039"}],"wp:attachment":[{"href":"https:\/\/www.ceramicbasin.com\/pt\/wp-json\/wp\/v2\/media?parent=5034"}],"wp:term":[{"taxonomy":"product_brand","embeddable":true,"href":"https:\/\/www.ceramicbasin.com\/pt\/wp-json\/wp\/v2\/product_brand?post=5034"},{"taxonomy":"product_cat","embeddable":true,"href":"https:\/\/www.ceramicbasin.com\/pt\/wp-json\/wp\/v2\/product_cat?post=5034"},{"taxonomy":"product_tag","embeddable":true,"href":"https:\/\/www.ceramicbasin.com\/pt\/wp-json\/wp\/v2\/product_tag?post=5034"}],"curies":[{"name":"wp","href":"https:\/\/api.w.org\/{rel}","templated":true}]}}