{"id":5063,"date":"2024-09-09T07:44:55","date_gmt":"2024-09-09T07:44:55","guid":{"rendered":"https:\/\/www.ceramicbasin.com\/?post_type=product&#038;p=5063"},"modified":"2024-11-21T08:24:37","modified_gmt":"2024-11-21T08:24:37","slug":"bulk-ceramic-countertop-sinks","status":"publish","type":"product","link":"https:\/\/www.ceramicbasin.com\/pt\/produto\/bulk-ceramic-countertop-sinks\/","title":{"rendered":"Lava-lou\u00e7as de bancada em cer\u00e2mica a granel, bacias de alto n\u00edvel de estilo novo"},"content":{"rendered":"<div class=\"wp-block-columns is-layout-flex wp-container-core-columns-is-layout-9d6595d7 wp-block-columns-is-layout-flex\">\n<div class=\"wp-block-column is-layout-flow wp-block-column-is-layout-flow\">\n<h2 class=\"wp-block-heading\">Pias de bancada de cer\u00e2mica Premium Bulk Carater\u00edsticas:<\/h2>\n\n\n\n<ul class=\"wp-block-list\">\n<li><strong>Material cer\u00e2mico, excelente qualidade:<\/strong> Os nossos lava-loi\u00e7as de bancada em cer\u00e2mica a granel s\u00e3o feitos de alta qualidade, e as suas carater\u00edsticas s\u00e3o a alta resist\u00eancia e a resist\u00eancia ao desgaste. A superf\u00edcie \u00e9 lisa e delicada em estrutura, a cor \u00e9 duradoura, n\u00e3o se desvanece facilmente e pode manter a beleza por um longo per\u00edodo de tempo.<\/li>\n\n\n\n<li><strong>Novo design, liderando a tend\u00eancia:<\/strong> Combinando os mais recentes conceitos de design e a procura do mercado de lavat\u00f3rios de bancada em cer\u00e2mica por atacado, lan\u00e7\u00e1mos uma s\u00e9rie de novos estilos. Estes designs n\u00e3o s\u00f3 acompanham as tend\u00eancias da moda, mas tamb\u00e9m consideram plenamente a combina\u00e7\u00e3o de praticidade e est\u00e9tica, o que pode satisfazer a decora\u00e7\u00e3o moderna da casa de banho com pedidos elevados.<\/li>\n\n\n\n<li><strong>F\u00e1cil de instalar e simples de limpar: <\/strong>Os nossos lava-loi\u00e7as de bancada em cer\u00e2mica a granel t\u00eam um design simples e elegante. \u00c9 simples e r\u00e1pido de instalar. A superf\u00edcie do lavat\u00f3rio tem um tratamento especial, que n\u00e3o \u00e9 f\u00e1cil de aderir a n\u00f3doas. Na limpeza di\u00e1ria, \u00e9 muito pr\u00e1tico e s\u00f3 precisa de ser limpo para voltar a ficar limpo, reduzindo as tarefas de manuten\u00e7\u00e3o para o utilizador.<\/li>\n\n\n\n<li><strong>Entrega r\u00e1pida:<\/strong> Os nossos lava-loi\u00e7as de bancada de cer\u00e2mica a granel t\u00eam um sistema de produ\u00e7\u00e3o e log\u00edstica eficiente para garantir uma resposta r\u00e1pida e uma entrega atempada das encomendas. Quer necessite de comprar em grandes quantidades ou personalizar em pequenas quantidades, podemos concluir a produ\u00e7\u00e3o e a entrega dentro do prazo acordado para garantir que pode receber os produtos necess\u00e1rios a tempo.<\/li>\n<\/ul>\n<\/div>\n\n\n\n<div class=\"wp-block-column is-layout-flow wp-block-column-is-layout-flow\">\n<figure class=\"wp-block-image size-full\"><img fetchpriority=\"high\" decoding=\"async\" width=\"750\" height=\"750\" src=\"https:\/\/www.ceramicbasin.com\/wp-content\/uploads\/2024\/09\/Bulk-Ceramic-Countertop-Sinks-New-Style-High-Grade-1.webp\" alt=\"Lava-lou\u00e7as de bancada de cer\u00e2mica a granel, novo estilo de alta qualidade 1\" class=\"wp-image-5064\" srcset=\"https:\/\/www.ceramicbasin.com\/wp-content\/uploads\/2024\/09\/Bulk-Ceramic-Countertop-Sinks-New-Style-High-Grade-1.webp 750w, https:\/\/www.ceramicbasin.com\/wp-content\/uploads\/2024\/09\/Bulk-Ceramic-Countertop-Sinks-New-Style-High-Grade-1-300x300.webp 300w, https:\/\/www.ceramicbasin.com\/wp-content\/uploads\/2024\/09\/Bulk-Ceramic-Countertop-Sinks-New-Style-High-Grade-1-150x150.webp 150w, https:\/\/www.ceramicbasin.com\/wp-content\/uploads\/2024\/09\/Bulk-Ceramic-Countertop-Sinks-New-Style-High-Grade-1-12x12.webp 12w, https:\/\/www.ceramicbasin.com\/wp-content\/uploads\/2024\/09\/Bulk-Ceramic-Countertop-Sinks-New-Style-High-Grade-1-285x285.webp 285w, https:\/\/www.ceramicbasin.com\/wp-content\/uploads\/2024\/09\/Bulk-Ceramic-Countertop-Sinks-New-Style-High-Grade-1-270x270.webp 270w, https:\/\/www.ceramicbasin.com\/wp-content\/uploads\/2024\/09\/Bulk-Ceramic-Countertop-Sinks-New-Style-High-Grade-1-540x540.webp 540w, https:\/\/www.ceramicbasin.com\/wp-content\/uploads\/2024\/09\/Bulk-Ceramic-Countertop-Sinks-New-Style-High-Grade-1-660x660.webp 660w\" sizes=\"(max-width: 750px) 100vw, 750px\" \/><\/figure>\n<\/div>\n<\/div>","protected":false},"excerpt":{"rendered":"<p>Bem-vindo \u00e0 compra de lavat\u00f3rios de casa de banho por atacado. Os nossos lavat\u00f3rios de bancada em cer\u00e2mica fornecidos em grande quantidade aplicam materiais cer\u00e2micos de alta qualidade, garantindo a resist\u00eancia e durabilidade dos nossos produtos com uma superf\u00edcie lisa e delicada, que \u00e9 f\u00e1cil de instalar e limpar. Combinando a est\u00e9tica e a praticidade da moda neste novo design, pode combinar perfeitamente com os diferentes estilos de casas de banho, aumentando a sua sensa\u00e7\u00e3o de luxo.<\/p>\n<table style=\"border-collapse: collapse; width: 311.02pt;\" border=\"0\" width=\"311\" cellspacing=\"0\" cellpadding=\"0\">\n<tbody>\n<tr style=\"height: 17.60pt;\">\n<td class=\"et3\" style=\"height: 17.60pt; width: 108.35pt;\" width=\"108\" height=\"17\">Fabricante<\/td>\n<td class=\"et3\" style=\"width: 202.95pt;\" width=\"202\">HanYu<\/td>\n<\/tr>\n<tr style=\"height: 17.60pt;\">\n<td class=\"et3\" style=\"height: 17.60pt;\" height=\"17\">Modelo n.<\/td>\n<td class=\"et4\">HY-8121<\/td>\n<\/tr>\n<tr style=\"height: 18.00pt;\">\n<td class=\"et3\" style=\"height: 18.00pt;\" height=\"18\">Tipo<\/td>\n<td class=\"et5\" style=\"width: 202.95pt;\" width=\"202\">Lavat\u00f3rio de bancada<\/td>\n<\/tr>\n<tr style=\"height: 17.60pt;\">\n<td class=\"et3\" style=\"height: 17.60pt;\" height=\"17\">Forma<\/td>\n<td class=\"et3\">Forma redonda<\/td>\n<\/tr>\n<tr style=\"height: 18.00pt;\">\n<td class=\"et4\" style=\"height: 18.00pt;\" height=\"18\">Cor<\/td>\n<td class=\"et5\" style=\"width: 202.95pt;\" width=\"202\">Branco<\/td>\n<\/tr>\n<tr style=\"height: 18.00pt;\">\n<td class=\"et3\" style=\"height: 18.00pt;\" height=\"18\">Dimens\u00e3o<\/td>\n<td class=\"et5\" style=\"width: 202.95pt;\" width=\"202\">40*40*13.5<\/td>\n<\/tr>\n<tr style=\"height: 17.60pt;\">\n<td class=\"et3\" style=\"height: 17.60pt;\" height=\"17\">N.W \/SET<\/td>\n<td class=\"et3\">10KGS\/PCS<\/td>\n<\/tr>\n<tr style=\"height: 17.60pt;\">\n<td class=\"et3\" style=\"height: 17.60pt;\" height=\"17\">MOQ<\/td>\n<td class=\"et3\">20 unidades<\/td>\n<\/tr>\n<tr style=\"height: 17.60pt;\">\n<td class=\"et3\" style=\"height: 17.60pt;\" height=\"17\">Op\u00e7\u00e3o personalizada<\/td>\n<td class=\"et3\">Cor\/Patente\/Tamanho\/Logotipo\/Embalagem<\/td>\n<\/tr>\n<\/tbody>\n<\/table>","protected":false},"featured_media":5066,"comment_status":"closed","ping_status":"closed","template":"","meta":{"_acf_changed":false},"product_brand":[],"product_cat":[50],"product_tag":[],"class_list":{"0":"post-5063","1":"product","2":"type-product","3":"status-publish","4":"has-post-thumbnail","6":"product_cat-wholesale-countertop-sinks","8":"first","9":"instock","10":"shipping-taxable","11":"product-type-simple"},"acf":[],"_links":{"self":[{"href":"https:\/\/www.ceramicbasin.com\/pt\/wp-json\/wp\/v2\/product\/5063","targetHints":{"allow":["GET"]}}],"collection":[{"href":"https:\/\/www.ceramicbasin.com\/pt\/wp-json\/wp\/v2\/product"}],"about":[{"href":"https:\/\/www.ceramicbasin.com\/pt\/wp-json\/wp\/v2\/types\/product"}],"replies":[{"embeddable":true,"href":"https:\/\/www.ceramicbasin.com\/pt\/wp-json\/wp\/v2\/comments?post=5063"}],"wp:featuredmedia":[{"embeddable":true,"href":"https:\/\/www.ceramicbasin.com\/pt\/wp-json\/wp\/v2\/media\/5066"}],"wp:attachment":[{"href":"https:\/\/www.ceramicbasin.com\/pt\/wp-json\/wp\/v2\/media?parent=5063"}],"wp:term":[{"taxonomy":"product_brand","embeddable":true,"href":"https:\/\/www.ceramicbasin.com\/pt\/wp-json\/wp\/v2\/product_brand?post=5063"},{"taxonomy":"product_cat","embeddable":true,"href":"https:\/\/www.ceramicbasin.com\/pt\/wp-json\/wp\/v2\/product_cat?post=5063"},{"taxonomy":"product_tag","embeddable":true,"href":"https:\/\/www.ceramicbasin.com\/pt\/wp-json\/wp\/v2\/product_tag?post=5063"}],"curies":[{"name":"wp","href":"https:\/\/api.w.org\/{rel}","templated":true}]}}