{"id":5077,"date":"2024-09-09T09:25:13","date_gmt":"2024-09-09T09:25:13","guid":{"rendered":"https:\/\/www.ceramicbasin.com\/?post_type=product&#038;p=5077"},"modified":"2024-09-11T02:06:44","modified_gmt":"2024-09-11T02:06:44","slug":"countertop-sinks-in-bulk","status":"publish","type":"product","link":"https:\/\/www.ceramicbasin.com\/pt\/produto\/countertop-sinks-in-bulk\/","title":{"rendered":"Lava-lou\u00e7as de bancada a granel, bacias de tamanho pequeno e formato redondo"},"content":{"rendered":"<div class=\"wp-block-columns is-layout-flex wp-container-core-columns-is-layout-9d6595d7 wp-block-columns-is-layout-flex\">\n<div class=\"wp-block-column is-layout-flow wp-block-column-is-layout-flow\">\n<h2 class=\"wp-block-heading\">Pias de bancada Premium a granel Carater\u00edsticas:<\/h2>\n\n\n\n<ul class=\"wp-block-list\">\n<li><strong>Design compacto, adapta\u00e7\u00e3o flex\u00edvel:<\/strong> Os nossos lava-loi\u00e7as de bancada a granel com o seu tamanho compacto e design redondo, o nosso lava-loi\u00e7a de bancada mini redondo adapta-se perfeitamente a qualquer espa\u00e7o. O seu aspeto moderno tamb\u00e9m pode melhorar o estilo geral da decora\u00e7\u00e3o e resolver problemas de design em espa\u00e7os pequenos. <\/li>\n\n\n\n<li><strong>Materiais de alta qualidade<\/strong>: Os nossos lavat\u00f3rios de bancada por atacado s\u00e3o feitos de materiais cer\u00e2micos de alta qualidade, que t\u00eam uma excelente durabilidade e resist\u00eancia \u00e0s manchas. Mesmo com uso frequente, pode permanecer t\u00e3o brilhante como novo. Ao mesmo tempo, \u00e9 f\u00e1cil de limpar, o que reduz o trabalho de manuten\u00e7\u00e3o.<\/li>\n\n\n\n<li><strong>Embalagem personalizada:<\/strong> Fornecemos solu\u00e7\u00f5es de embalagem \u00e0 medida para lava-loi\u00e7as de bancada a granel e podemos conceber embalagens \u00fanicas de acordo com as necessidades dos clientes, tais como a imagem da marca, os requisitos do produto e o posicionamento no mercado.<\/li>\n\n\n\n<li><strong>Descontos em compras a granel, poupan\u00e7a de custos:<\/strong>  Os nossos lava-loi\u00e7as de bancada a granel oferecem descontos competitivos para compras em grande escala, ajudando-o a reduzir significativamente os custos.<\/li>\n<\/ul>\n<\/div>\n\n\n\n<div class=\"wp-block-column is-layout-flow wp-block-column-is-layout-flow\">\n<figure class=\"wp-block-image size-full\"><img fetchpriority=\"high\" decoding=\"async\" width=\"750\" height=\"750\" src=\"https:\/\/www.ceramicbasin.com\/wp-content\/uploads\/2024\/09\/Mini-Size-Round-Shape-Countertop-Sinks-In-Bulk\uff0cCustomized-Packaging-1.webp\" alt=\"Mini pias de bancada de tamanho redondo em massa \uff0c Embalagem personalizada 1\" class=\"wp-image-5078\" srcset=\"https:\/\/www.ceramicbasin.com\/wp-content\/uploads\/2024\/09\/Mini-Size-Round-Shape-Countertop-Sinks-In-Bulk\uff0cCustomized-Packaging-1.webp 750w, https:\/\/www.ceramicbasin.com\/wp-content\/uploads\/2024\/09\/Mini-Size-Round-Shape-Countertop-Sinks-In-Bulk\uff0cCustomized-Packaging-1-300x300.webp 300w, https:\/\/www.ceramicbasin.com\/wp-content\/uploads\/2024\/09\/Mini-Size-Round-Shape-Countertop-Sinks-In-Bulk\uff0cCustomized-Packaging-1-150x150.webp 150w, https:\/\/www.ceramicbasin.com\/wp-content\/uploads\/2024\/09\/Mini-Size-Round-Shape-Countertop-Sinks-In-Bulk\uff0cCustomized-Packaging-1-12x12.webp 12w, https:\/\/www.ceramicbasin.com\/wp-content\/uploads\/2024\/09\/Mini-Size-Round-Shape-Countertop-Sinks-In-Bulk\uff0cCustomized-Packaging-1-285x285.webp 285w, https:\/\/www.ceramicbasin.com\/wp-content\/uploads\/2024\/09\/Mini-Size-Round-Shape-Countertop-Sinks-In-Bulk\uff0cCustomized-Packaging-1-270x270.webp 270w, https:\/\/www.ceramicbasin.com\/wp-content\/uploads\/2024\/09\/Mini-Size-Round-Shape-Countertop-Sinks-In-Bulk\uff0cCustomized-Packaging-1-540x540.webp 540w, https:\/\/www.ceramicbasin.com\/wp-content\/uploads\/2024\/09\/Mini-Size-Round-Shape-Countertop-Sinks-In-Bulk\uff0cCustomized-Packaging-1-660x660.webp 660w\" sizes=\"(max-width: 750px) 100vw, 750px\" \/><\/figure>\n<\/div>\n<\/div>","protected":false},"excerpt":{"rendered":"<p>Os nossos mini lava-loi\u00e7as redondos de bancada a granel t\u00eam um design compacto e moderno que se adapta a qualquer espa\u00e7o, quer seja para uso dom\u00e9stico ou comercial. Fabricados com materiais de alta qualidade, s\u00e3o duradouros e de f\u00e1cil manuten\u00e7\u00e3o. Oferecemos um servi\u00e7o de embalagem personalizado para satisfazer as suas necessidades espec\u00edficas, e pode beneficiar de pre\u00e7os preferenciais ao comprar a granel, o que \u00e9 ideal para compras em grande escala.<\/p>\n<table style=\"border-collapse: collapse; width: 311.02pt;\" border=\"0\" width=\"311\" cellspacing=\"0\" cellpadding=\"0\">\n<tbody>\n<tr style=\"height: 17.60pt;\">\n<td class=\"et3\" style=\"height: 17.60pt; width: 108.35pt;\" width=\"108\" height=\"17\">Fabricante<\/td>\n<td class=\"et3\" style=\"width: 202.95pt;\" width=\"202\">HanYu<\/td>\n<\/tr>\n<tr style=\"height: 17.60pt;\">\n<td class=\"et3\" style=\"height: 17.60pt;\" height=\"17\">Modelo n.<\/td>\n<td class=\"et4\">HY-8200<\/td>\n<\/tr>\n<tr style=\"height: 18.00pt;\">\n<td class=\"et3\" style=\"height: 18.00pt;\" height=\"18\">Tipo<\/td>\n<td class=\"et5\" style=\"width: 202.95pt;\" width=\"202\">Lavat\u00f3rio de bancada<\/td>\n<\/tr>\n<tr style=\"height: 17.60pt;\">\n<td class=\"et3\" style=\"height: 17.60pt;\" height=\"17\">Forma<\/td>\n<td class=\"et3\">Forma redonda<\/td>\n<\/tr>\n<tr style=\"height: 18.00pt;\">\n<td class=\"et4\" style=\"height: 18.00pt;\" height=\"18\">Cor<\/td>\n<td class=\"et5\" style=\"width: 202.95pt;\" width=\"202\">Branco<\/td>\n<\/tr>\n<tr style=\"height: 18.00pt;\">\n<td class=\"et3\" style=\"height: 18.00pt;\" height=\"18\">Dimens\u00e3o<\/td>\n<td class=\"et5\" style=\"width: 202.95pt;\" width=\"202\">20*20*9<\/td>\n<\/tr>\n<tr style=\"height: 17.60pt;\">\n<td class=\"et3\" style=\"height: 17.60pt;\" height=\"17\">N.W \/SET<\/td>\n<td class=\"et3\">5KGS\/PCS<\/td>\n<\/tr>\n<tr style=\"height: 17.60pt;\">\n<td class=\"et3\" style=\"height: 17.60pt;\" height=\"17\">MOQ<\/td>\n<td class=\"et3\">20 unidades<\/td>\n<\/tr>\n<tr style=\"height: 17.60pt;\">\n<td class=\"et3\" style=\"height: 17.60pt;\" height=\"17\">Op\u00e7\u00e3o personalizada<\/td>\n<td class=\"et3\">Cor\/Patente\/Tamanho\/Logotipo\/Embalagem<\/td>\n<\/tr>\n<\/tbody>\n<\/table>","protected":false},"featured_media":5080,"comment_status":"closed","ping_status":"closed","template":"","meta":{"_acf_changed":false},"product_brand":[],"product_cat":[56,50],"product_tag":[],"class_list":{"0":"post-5077","1":"product","2":"type-product","3":"status-publish","4":"has-post-thumbnail","6":"product_cat-wholesale-small-bathroom-sinks","7":"product_cat-wholesale-countertop-sinks","9":"first","10":"instock","11":"shipping-taxable","12":"product-type-simple"},"acf":[],"_links":{"self":[{"href":"https:\/\/www.ceramicbasin.com\/pt\/wp-json\/wp\/v2\/product\/5077","targetHints":{"allow":["GET"]}}],"collection":[{"href":"https:\/\/www.ceramicbasin.com\/pt\/wp-json\/wp\/v2\/product"}],"about":[{"href":"https:\/\/www.ceramicbasin.com\/pt\/wp-json\/wp\/v2\/types\/product"}],"replies":[{"embeddable":true,"href":"https:\/\/www.ceramicbasin.com\/pt\/wp-json\/wp\/v2\/comments?post=5077"}],"wp:featuredmedia":[{"embeddable":true,"href":"https:\/\/www.ceramicbasin.com\/pt\/wp-json\/wp\/v2\/media\/5080"}],"wp:attachment":[{"href":"https:\/\/www.ceramicbasin.com\/pt\/wp-json\/wp\/v2\/media?parent=5077"}],"wp:term":[{"taxonomy":"product_brand","embeddable":true,"href":"https:\/\/www.ceramicbasin.com\/pt\/wp-json\/wp\/v2\/product_brand?post=5077"},{"taxonomy":"product_cat","embeddable":true,"href":"https:\/\/www.ceramicbasin.com\/pt\/wp-json\/wp\/v2\/product_cat?post=5077"},{"taxonomy":"product_tag","embeddable":true,"href":"https:\/\/www.ceramicbasin.com\/pt\/wp-json\/wp\/v2\/product_tag?post=5077"}],"curies":[{"name":"wp","href":"https:\/\/api.w.org\/{rel}","templated":true}]}}