{"id":5105,"date":"2024-09-13T03:47:56","date_gmt":"2024-09-13T03:47:56","guid":{"rendered":"https:\/\/www.ceramicbasin.com\/?post_type=product&#038;p=5105"},"modified":"2024-09-13T03:48:08","modified_gmt":"2024-09-13T03:48:08","slug":"gold-washbasin-wholesale","status":"publish","type":"product","link":"https:\/\/www.ceramicbasin.com\/pt\/produto\/gold-washbasin-wholesale\/","title":{"rendered":"Lavat\u00f3rio de ouro galvanizado de luxo por atacado para casa de banho"},"content":{"rendered":"<div class=\"wp-block-columns is-layout-flex wp-container-core-columns-is-layout-9d6595d7 wp-block-columns-is-layout-flex\">\n<div class=\"wp-block-column is-layout-flow wp-block-column-is-layout-flow\">\n<h2 class=\"wp-block-heading\">Lavat\u00f3rio de ouro Premium Carater\u00edsticas por atacado:<\/h2>\n\n\n\n<ul class=\"wp-block-list\">\n<li><strong>Combina\u00e7\u00e3o luxuosa de cores:\u00a0<\/strong>Este lavat\u00f3rio de ouro galvanizado por atacado adopta uma combina\u00e7\u00e3o de cores cl\u00e1ssica de ouro e branco, a parte dourada \u00e9 brilhante e a parte branca \u00e9 pura e elegante, criando uma atmosfera luxuosa e elegante.<\/li>\n\n\n\n<li><strong>Design moderno: <\/strong>O design elegante em branco e dourado deste lavat\u00f3rio por atacado com linhas de crocodilo e a combina\u00e7\u00e3o inteligente de dourado e branco real\u00e7am o estilo geral da casa de banho.<\/li>\n\n\n\n<li><strong>Satisfazer necessidades personalizadas:<\/strong>\u00a0Somos um fabricante profissional de lavat\u00f3rios de casa de banho, fornecendo servi\u00e7os de personaliza\u00e7\u00e3o para lavat\u00f3rios por atacado, e podemos ajustar o tamanho e as cores de acordo com as suas necessidades espec\u00edficas.<\/li>\n\n\n\n<li><strong>Fornecimento est\u00e1vel:\u00a0<\/strong>Como fabricante de lavat\u00f3rio de casa de banho em cer\u00e2mica, a HanYu oferece aos clientes pre\u00e7os competitivos e fornecimento r\u00e1pido para este lavat\u00f3rio em ouro galvanizado por atacado, que se adequa a grandes projectos, como hot\u00e9is e edif\u00edcios comerciais.<\/li>\n<\/ul>\n<\/div>\n\n\n\n<div class=\"wp-block-column is-layout-flow wp-block-column-is-layout-flow\">\n<figure class=\"wp-block-image size-full\"><img fetchpriority=\"high\" decoding=\"async\" width=\"623\" height=\"801\" src=\"https:\/\/www.ceramicbasin.com\/wp-content\/uploads\/2024\/09\/Ceramic-basin-factory-gold-color-porcelain-hand-washing-basin-5.webp\" alt=\"Lavat\u00f3rio de ouro galvanizado de luxo por atacado para casa de banho-1\" class=\"wp-image-5047\" srcset=\"https:\/\/www.ceramicbasin.com\/wp-content\/uploads\/2024\/09\/Ceramic-basin-factory-gold-color-porcelain-hand-washing-basin-5.webp 623w, https:\/\/www.ceramicbasin.com\/wp-content\/uploads\/2024\/09\/Ceramic-basin-factory-gold-color-porcelain-hand-washing-basin-5-233x300.webp 233w, https:\/\/www.ceramicbasin.com\/wp-content\/uploads\/2024\/09\/Ceramic-basin-factory-gold-color-porcelain-hand-washing-basin-5-9x12.webp 9w, https:\/\/www.ceramicbasin.com\/wp-content\/uploads\/2024\/09\/Ceramic-basin-factory-gold-color-porcelain-hand-washing-basin-5-285x366.webp 285w, https:\/\/www.ceramicbasin.com\/wp-content\/uploads\/2024\/09\/Ceramic-basin-factory-gold-color-porcelain-hand-washing-basin-5-513x660.webp 513w, https:\/\/www.ceramicbasin.com\/wp-content\/uploads\/2024\/09\/Ceramic-basin-factory-gold-color-porcelain-hand-washing-basin-5-117x150.webp 117w\" sizes=\"(max-width: 623px) 100vw, 623px\" \/><\/figure>\n<\/div>\n<\/div>","protected":false},"excerpt":{"rendered":"<p>O nosso lavat\u00f3rio de ouro galvanizado por atacado adopta a combina\u00e7\u00e3o de cores cl\u00e1ssica de ouro e branco, criando uma atmosfera luxuosa e elegante. Podemos fornecer servi\u00e7os de personaliza\u00e7\u00e3o para lavat\u00f3rios de casa de banho por atacado e podemos ajustar o tamanho e as cores de acordo com as suas necessidades espec\u00edficas.<\/p>\n<table style=\"border-collapse: collapse; width: 358.52pt;\" border=\"0\" width=\"478\" cellspacing=\"0\" cellpadding=\"0\">\n<tbody>\n<tr style=\"height: 17.25pt;\">\n<td class=\"et3\" style=\"height: 17.25pt; width: 125.00pt;\" width=\"166\" height=\"23\">Fabricante<\/td>\n<td class=\"et3\" style=\"width: 234.15pt;\" width=\"312\">HanYu<\/td>\n<\/tr>\n<tr style=\"height: 17.25pt;\">\n<td class=\"et3\" style=\"height: 17.25pt;\" height=\"23\">Modelo n.<\/td>\n<td class=\"et4\">HY-8018GY<\/td>\n<\/tr>\n<tr style=\"height: 17.25pt;\">\n<td class=\"et3\" style=\"height: 17.25pt;\" height=\"23\">Tipo<\/td>\n<td class=\"et5\" style=\"width: 234.15pt;\" width=\"312\">Lava-lou\u00e7as galvanizados<\/td>\n<\/tr>\n<tr style=\"height: 18.00pt;\">\n<td class=\"et3\" style=\"height: 18.00pt;\" height=\"24\">Forma<\/td>\n<td class=\"et3\">Forma retangular<\/td>\n<\/tr>\n<tr style=\"height: 34.50pt;\">\n<td class=\"et4\" style=\"height: 34.50pt;\" height=\"46\">Cor<\/td>\n<td class=\"et5\" style=\"width: 234.15pt;\" width=\"312\">Ouro\/Prata+Branco<\/td>\n<\/tr>\n<tr style=\"height: 18.00pt;\">\n<td class=\"et3\" style=\"height: 18.00pt;\" height=\"24\">Dimens\u00e3o<\/td>\n<td class=\"et5\" style=\"width: 234.15pt;\" width=\"312\">50*40*14.5<\/td>\n<\/tr>\n<tr style=\"height: 17.25pt;\">\n<td class=\"et3\" style=\"height: 17.25pt;\" height=\"23\">N.W \/SET<\/td>\n<td class=\"et3\">11KGS\/PCS<\/td>\n<\/tr>\n<tr style=\"height: 17.25pt;\">\n<td class=\"et3\" style=\"height: 17.25pt;\" height=\"23\">MOQ<\/td>\n<td class=\"et3\">20 unidades<\/td>\n<\/tr>\n<tr style=\"height: 17.25pt;\">\n<td class=\"et3\" style=\"height: 17.25pt;\" height=\"23\">Op\u00e7\u00e3o personalizada<\/td>\n<td class=\"et3\">Cor\/Patente\/Tamanho\/Logotipo\/Embalagem<\/td>\n<\/tr>\n<\/tbody>\n<\/table>","protected":false},"featured_media":5046,"comment_status":"closed","ping_status":"closed","template":"","meta":{"_acf_changed":false},"product_brand":[],"product_cat":[53,50],"product_tag":[],"class_list":{"0":"post-5105","1":"product","2":"type-product","3":"status-publish","4":"has-post-thumbnail","6":"product_cat-electroplated-bathroom-sinks","7":"product_cat-wholesale-countertop-sinks","9":"first","10":"instock","11":"shipping-taxable","12":"product-type-simple"},"acf":[],"_links":{"self":[{"href":"https:\/\/www.ceramicbasin.com\/pt\/wp-json\/wp\/v2\/product\/5105","targetHints":{"allow":["GET"]}}],"collection":[{"href":"https:\/\/www.ceramicbasin.com\/pt\/wp-json\/wp\/v2\/product"}],"about":[{"href":"https:\/\/www.ceramicbasin.com\/pt\/wp-json\/wp\/v2\/types\/product"}],"replies":[{"embeddable":true,"href":"https:\/\/www.ceramicbasin.com\/pt\/wp-json\/wp\/v2\/comments?post=5105"}],"wp:featuredmedia":[{"embeddable":true,"href":"https:\/\/www.ceramicbasin.com\/pt\/wp-json\/wp\/v2\/media\/5046"}],"wp:attachment":[{"href":"https:\/\/www.ceramicbasin.com\/pt\/wp-json\/wp\/v2\/media?parent=5105"}],"wp:term":[{"taxonomy":"product_brand","embeddable":true,"href":"https:\/\/www.ceramicbasin.com\/pt\/wp-json\/wp\/v2\/product_brand?post=5105"},{"taxonomy":"product_cat","embeddable":true,"href":"https:\/\/www.ceramicbasin.com\/pt\/wp-json\/wp\/v2\/product_cat?post=5105"},{"taxonomy":"product_tag","embeddable":true,"href":"https:\/\/www.ceramicbasin.com\/pt\/wp-json\/wp\/v2\/product_tag?post=5105"}],"curies":[{"name":"wp","href":"https:\/\/api.w.org\/{rel}","templated":true}]}}