{"id":5109,"date":"2024-09-19T08:03:18","date_gmt":"2024-09-19T08:03:18","guid":{"rendered":"https:\/\/www.ceramicbasin.com\/?post_type=product&#038;p=5109"},"modified":"2024-09-19T08:03:20","modified_gmt":"2024-09-19T08:03:20","slug":"silver-white-basin-wholesale","status":"publish","type":"product","link":"https:\/\/www.ceramicbasin.com\/pt\/produto\/silver-white-basin-wholesale\/","title":{"rendered":"Bacia de prata branca de venda quente por atacado, pias de banheiro personalizadas"},"content":{"rendered":"<div class=\"wp-block-columns is-layout-flex wp-container-core-columns-is-layout-9d6595d7 wp-block-columns-is-layout-flex\">\n<div class=\"wp-block-column is-layout-flow wp-block-column-is-layout-flow\">\n<h2 class=\"wp-block-heading\">Bacia Premium Silver White Whin Wholesale Carater\u00edsticas:<\/h2>\n\n\n\n<ul class=\"wp-block-list\">\n<li><strong>Est\u00e9tica moderna:\u00a0<\/strong>O design \u00fanico do padr\u00e3o, a combina\u00e7\u00e3o desta bacia branca prateada por atacado, d\u00e1 um impacto visual brilhante, mas tamb\u00e9m acrescenta um belo cen\u00e1rio \u00e0 casa de banho.<\/li>\n\n\n\n<li><strong>Materiais de alta qualidade:<\/strong>\u00a0Esta bacia com acabamento prateado \u00e9 feita de materiais cer\u00e2micos de alta qualidade para garantir que a bacia \u00e9 resistente e dur\u00e1vel, e o acabamento galvanizado prateado \u00e9 suave e f\u00e1cil de limpar e manter diariamente.<\/li>\n\n\n\n<li><strong>Otimiza\u00e7\u00e3o do espa\u00e7o:\u00a0<\/strong>Estes lavat\u00f3rios brancos prateados foram concebidos para serem instalados por cima da bancada, o que n\u00e3o s\u00f3 poupa espa\u00e7o, como tamb\u00e9m facilita a utiliza\u00e7\u00e3o e a limpeza di\u00e1rias, melhorando a praticidade e a beleza de toda a casa de banho.<\/li>\n\n\n\n<li><strong>Servi\u00e7o personalizado:\u00a0<\/strong>Podemos fornecer servi\u00e7os personalizados de lavat\u00f3rios de casa de banho em todos os aspectos, incluindo log\u00f3tipo personalizado, padr\u00e3o, cor ou embalagem, etc., para satisfazer as necessidades de grandes encomendas de engenharia.<\/li>\n<\/ul>\n<\/div>\n\n\n\n<div class=\"wp-block-column is-layout-flow wp-block-column-is-layout-flow\">\n<figure class=\"wp-block-image size-full\"><img fetchpriority=\"high\" decoding=\"async\" width=\"587\" height=\"800\" src=\"https:\/\/www.ceramicbasin.com\/wp-content\/uploads\/2024\/09\/Porcelain-basin-factory-silver-color-art-basin-5.webp\" alt=\"Bacia branca de prata de venda quente por atacado, pias de banheiro personalizadas-1\" class=\"wp-image-5057\" srcset=\"https:\/\/www.ceramicbasin.com\/wp-content\/uploads\/2024\/09\/Porcelain-basin-factory-silver-color-art-basin-5.webp 587w, https:\/\/www.ceramicbasin.com\/wp-content\/uploads\/2024\/09\/Porcelain-basin-factory-silver-color-art-basin-5-220x300.webp 220w, https:\/\/www.ceramicbasin.com\/wp-content\/uploads\/2024\/09\/Porcelain-basin-factory-silver-color-art-basin-5-9x12.webp 9w, https:\/\/www.ceramicbasin.com\/wp-content\/uploads\/2024\/09\/Porcelain-basin-factory-silver-color-art-basin-5-285x388.webp 285w, https:\/\/www.ceramicbasin.com\/wp-content\/uploads\/2024\/09\/Porcelain-basin-factory-silver-color-art-basin-5-484x660.webp 484w, https:\/\/www.ceramicbasin.com\/wp-content\/uploads\/2024\/09\/Porcelain-basin-factory-silver-color-art-basin-5-110x150.webp 110w\" sizes=\"(max-width: 587px) 100vw, 587px\" \/><\/figure>\n<\/div>\n<\/div>","protected":false},"excerpt":{"rendered":"<p>Bem-vindo aos lavat\u00f3rios de casa de banho personalizados. Feito de materiais cer\u00e2micos de alta qualidade para garantir que a bacia seja resistente e dur\u00e1vel. Podemos fornecer servi\u00e7os personalizados em todos os aspectos, incluindo logotipo personalizado, padr\u00e3o, cor ou embalagem, etc., para atender \u00e0s necessidades de grandes pedidos de engenharia.<\/p>\n<table style=\"border-collapse: collapse; width: 358.52pt;\" border=\"0\" width=\"478\" cellspacing=\"0\" cellpadding=\"0\">\n<tbody>\n<tr style=\"height: 17.25pt;\">\n<td class=\"et3\" style=\"height: 17.25pt; width: 125.00pt;\" width=\"166\" height=\"23\">Fabricante<\/td>\n<td class=\"et3\" style=\"width: 234.15pt;\" width=\"312\">HanYu<\/td>\n<\/tr>\n<tr style=\"height: 17.25pt;\">\n<td class=\"et3\" style=\"height: 17.25pt;\" height=\"23\">Modelo n.<\/td>\n<td class=\"et4\">HY-5038Y1<\/td>\n<\/tr>\n<tr style=\"height: 17.25pt;\">\n<td class=\"et3\" style=\"height: 17.25pt;\" height=\"23\">Tipo<\/td>\n<td class=\"et5\" style=\"width: 234.15pt;\" width=\"312\">Lava-lou\u00e7as galvanizados<\/td>\n<\/tr>\n<tr style=\"height: 18.00pt;\">\n<td class=\"et3\" style=\"height: 18.00pt;\" height=\"24\">Forma<\/td>\n<td class=\"et3\">Forma oval<\/td>\n<\/tr>\n<tr style=\"height: 34.50pt;\">\n<td class=\"et4\" style=\"height: 34.50pt;\" height=\"46\">Cor<\/td>\n<td class=\"et5\" style=\"width: 234.15pt;\" width=\"312\">Ouro\/Prata+Branco<\/td>\n<\/tr>\n<tr style=\"height: 18.00pt;\">\n<td class=\"et3\" style=\"height: 18.00pt;\" height=\"24\">Dimens\u00e3o<\/td>\n<td class=\"et5\" style=\"width: 234.15pt;\" width=\"312\">60*40.5*15.5<\/td>\n<\/tr>\n<tr style=\"height: 17.25pt;\">\n<td class=\"et3\" style=\"height: 17.25pt;\" height=\"23\">N.W \/SET<\/td>\n<td class=\"et3\">11KGS\/PCS<\/td>\n<\/tr>\n<tr style=\"height: 17.25pt;\">\n<td class=\"et3\" style=\"height: 17.25pt;\" height=\"23\">MOQ<\/td>\n<td class=\"et3\">20 unidades<\/td>\n<\/tr>\n<tr style=\"height: 17.25pt;\">\n<td class=\"et3\" style=\"height: 17.25pt;\" height=\"23\">Op\u00e7\u00e3o personalizada<\/td>\n<td class=\"et3\">Cor\/Patente\/Tamanho\/Logotipo\/Embalagem<\/td>\n<\/tr>\n<\/tbody>\n<\/table>","protected":false},"featured_media":5053,"comment_status":"closed","ping_status":"closed","template":"","meta":{"_acf_changed":false},"product_brand":[],"product_cat":[50,53],"product_tag":[],"class_list":{"0":"post-5109","1":"product","2":"type-product","3":"status-publish","4":"has-post-thumbnail","6":"product_cat-wholesale-countertop-sinks","7":"product_cat-electroplated-bathroom-sinks","9":"first","10":"instock","11":"shipping-taxable","12":"product-type-simple"},"acf":[],"_links":{"self":[{"href":"https:\/\/www.ceramicbasin.com\/pt\/wp-json\/wp\/v2\/product\/5109","targetHints":{"allow":["GET"]}}],"collection":[{"href":"https:\/\/www.ceramicbasin.com\/pt\/wp-json\/wp\/v2\/product"}],"about":[{"href":"https:\/\/www.ceramicbasin.com\/pt\/wp-json\/wp\/v2\/types\/product"}],"replies":[{"embeddable":true,"href":"https:\/\/www.ceramicbasin.com\/pt\/wp-json\/wp\/v2\/comments?post=5109"}],"wp:featuredmedia":[{"embeddable":true,"href":"https:\/\/www.ceramicbasin.com\/pt\/wp-json\/wp\/v2\/media\/5053"}],"wp:attachment":[{"href":"https:\/\/www.ceramicbasin.com\/pt\/wp-json\/wp\/v2\/media?parent=5109"}],"wp:term":[{"taxonomy":"product_brand","embeddable":true,"href":"https:\/\/www.ceramicbasin.com\/pt\/wp-json\/wp\/v2\/product_brand?post=5109"},{"taxonomy":"product_cat","embeddable":true,"href":"https:\/\/www.ceramicbasin.com\/pt\/wp-json\/wp\/v2\/product_cat?post=5109"},{"taxonomy":"product_tag","embeddable":true,"href":"https:\/\/www.ceramicbasin.com\/pt\/wp-json\/wp\/v2\/product_tag?post=5109"}],"curies":[{"name":"wp","href":"https:\/\/api.w.org\/{rel}","templated":true}]}}