{"id":5112,"date":"2024-09-25T03:54:43","date_gmt":"2024-09-25T03:54:43","guid":{"rendered":"https:\/\/www.ceramicbasin.com\/?post_type=product&#038;p=5112"},"modified":"2024-09-25T03:54:46","modified_gmt":"2024-09-25T03:54:46","slug":"custom-porcelain-sinks","status":"publish","type":"product","link":"https:\/\/www.ceramicbasin.com\/pt\/produto\/custom-porcelain-sinks\/","title":{"rendered":"Lavat\u00f3rios de porcelana por atacado e personalizados, lavat\u00f3rios de balc\u00e3o a granel"},"content":{"rendered":"<div class=\"wp-block-columns is-layout-flex wp-container-core-columns-is-layout-9d6595d7 wp-block-columns-is-layout-flex\">\n<div class=\"wp-block-column is-layout-flow wp-block-column-is-layout-flow\">\n<h2 class=\"wp-block-heading\">Pias de porcelana personalizadas Premium Carater\u00edsticas:<\/h2>\n\n\n\n<ul class=\"wp-block-list\">\n<li><strong>Fornecimento direto da f\u00e1brica:&nbsp;<\/strong>Os nossos lavat\u00f3rios de porcelana personalizados s\u00e3o fornecidos diretamente pela f\u00e1brica, eliminando o intermedi\u00e1rio e garantindo que obt\u00e9m um lavat\u00f3rio de alta qualidade ao pre\u00e7o mais competitivo. Os lavat\u00f3rios comprados a granel tamb\u00e9m podem beneficiar de descontos adicionais, ajudando-o a poupar custos e a aumentar as margens de lucro.<\/li>\n\n\n\n<li><strong>Design requintado:&nbsp;<\/strong>Este lavat\u00f3rio de balc\u00e3o por atacado tem um estilo de design moderno e elegante, simples e elegante, adequado para casas de banho e sanit\u00e1rios de v\u00e1rios estilos de decora\u00e7\u00e3o, e real\u00e7a o gosto geral do espa\u00e7o.<\/li>\n\n\n\n<li><strong>Garantia de qualidade:&nbsp;<\/strong>O nosso equipamento de produ\u00e7\u00e3o avan\u00e7ado e o sistema de controlo de qualidade rigoroso garantem que todos os lava-loi\u00e7as de porcelana personalizados enviados da f\u00e1brica cumprem padr\u00f5es elevados. Quer se trate de durabilidade ou de est\u00e9tica, podem satisfazer as elevadas exig\u00eancias dos clientes.<\/li>\n\n\n\n<li><strong>F\u00e1cil de instalar:&nbsp;<\/strong>A nossa bacia de cer\u00e2mica por atacado foi concebida para a bacia interm\u00e9dia, e o processo de instala\u00e7\u00e3o \u00e9 simples e r\u00e1pido. \u00c9 adequado para v\u00e1rios materiais de bancada, f\u00e1cil de instalar e adequado para v\u00e1rios projectos comerciais ou revendedores.<\/li>\n<\/ul>\n<\/div>\n\n\n\n<div class=\"wp-block-column is-layout-flow wp-block-column-is-layout-flow\">\n<figure class=\"wp-block-image size-full\"><img fetchpriority=\"high\" decoding=\"async\" width=\"640\" height=\"800\" src=\"https:\/\/www.ceramicbasin.com\/wp-content\/uploads\/2024\/09\/Ceramic-basin-supplieroval-shape-drop-in-washbasin-1.webp\" alt=\"Lavat\u00f3rios de porcelana por atacado e personalizados, em bacias de balc\u00e3o Bulk-1\" class=\"wp-image-5118\" srcset=\"https:\/\/www.ceramicbasin.com\/wp-content\/uploads\/2024\/09\/Ceramic-basin-supplieroval-shape-drop-in-washbasin-1.webp 640w, https:\/\/www.ceramicbasin.com\/wp-content\/uploads\/2024\/09\/Ceramic-basin-supplieroval-shape-drop-in-washbasin-1-240x300.webp 240w, https:\/\/www.ceramicbasin.com\/wp-content\/uploads\/2024\/09\/Ceramic-basin-supplieroval-shape-drop-in-washbasin-1-10x12.webp 10w, https:\/\/www.ceramicbasin.com\/wp-content\/uploads\/2024\/09\/Ceramic-basin-supplieroval-shape-drop-in-washbasin-1-285x356.webp 285w, https:\/\/www.ceramicbasin.com\/wp-content\/uploads\/2024\/09\/Ceramic-basin-supplieroval-shape-drop-in-washbasin-1-528x660.webp 528w, https:\/\/www.ceramicbasin.com\/wp-content\/uploads\/2024\/09\/Ceramic-basin-supplieroval-shape-drop-in-washbasin-1-120x150.webp 120w\" sizes=\"(max-width: 640px) 100vw, 640px\" \/><\/figure>\n<\/div>\n<\/div>","protected":false},"excerpt":{"rendered":"<p>Os nossos lavat\u00f3rios de porcelana personalizados por atacado t\u00eam estilos de design modernos e elegantes, simples e elegantes, adequados para casas de banho e sanit\u00e1rios de v\u00e1rios estilos de decora\u00e7\u00e3o. O nosso equipamento de produ\u00e7\u00e3o avan\u00e7ado e o sistema de controlo de qualidade rigoroso garantem que todos os lavat\u00f3rios de porcelana personalizados enviados da f\u00e1brica cumprem os padr\u00f5es elevados.<\/p>\n<table style=\"border-collapse: collapse; width: 358.52pt;\" border=\"0\" width=\"478\" cellspacing=\"0\" cellpadding=\"0\">\n<tbody>\n<tr style=\"height: 17.25pt;\">\n<td class=\"et3\" style=\"height: 17.25pt; width: 125.00pt;\" width=\"166\" height=\"23\">Fabricante<\/td>\n<td class=\"et3\" style=\"width: 234.15pt;\" width=\"312\">HanYu<\/td>\n<\/tr>\n<tr style=\"height: 17.25pt;\">\n<td class=\"et3\" style=\"height: 17.25pt;\" height=\"23\">Modelo n.<\/td>\n<td class=\"et4\">HY-5006C<\/td>\n<\/tr>\n<tr style=\"height: 17.25pt;\">\n<td class=\"et3\" style=\"height: 17.25pt;\" height=\"23\">Tipo<\/td>\n<td class=\"et5\" style=\"width: 234.15pt;\" width=\"312\">Em lavat\u00f3rios de balc\u00e3o<\/td>\n<\/tr>\n<tr style=\"height: 18.00pt;\">\n<td class=\"et3\" style=\"height: 18.00pt;\" height=\"24\">Forma<\/td>\n<td class=\"et3\">Forma oval<\/td>\n<\/tr>\n<tr style=\"height: 34.50pt;\">\n<td class=\"et4\" style=\"height: 34.50pt;\" height=\"46\">Cor<\/td>\n<td class=\"et5\" style=\"width: 234.15pt;\" width=\"312\">preto\/branco\/azul\/cinzento\/rosa\/verde\/castanho\/caqui<\/td>\n<\/tr>\n<tr style=\"height: 18.00pt;\">\n<td class=\"et3\" style=\"height: 18.00pt;\" height=\"24\">Dimens\u00e3o<\/td>\n<td class=\"et5\" style=\"width: 234.15pt;\" width=\"312\">60.5*40.5*18.5<\/td>\n<\/tr>\n<tr style=\"height: 17.25pt;\">\n<td class=\"et3\" style=\"height: 17.25pt;\" height=\"23\">N.W \/SET<\/td>\n<td class=\"et3\">8KGS\/PCS<\/td>\n<\/tr>\n<tr style=\"height: 17.25pt;\">\n<td class=\"et3\" style=\"height: 17.25pt;\" height=\"23\">MOQ<\/td>\n<td class=\"et3\">20 unidades<\/td>\n<\/tr>\n<tr style=\"height: 17.25pt;\">\n<td class=\"et3\" style=\"height: 17.25pt;\" height=\"23\">Op\u00e7\u00e3o personalizada<\/td>\n<td class=\"et3\">Cor\/Patente\/Tamanho\/Logotipo\/Embalagem<\/td>\n<\/tr>\n<\/tbody>\n<\/table>","protected":false},"featured_media":5119,"comment_status":"closed","ping_status":"closed","template":"","meta":{"_acf_changed":false},"product_brand":[],"product_cat":[51],"product_tag":[],"class_list":{"0":"post-5112","1":"product","2":"type-product","3":"status-publish","4":"has-post-thumbnail","6":"product_cat-wholesale-drop-in-sinks","8":"first","9":"instock","10":"shipping-taxable","11":"product-type-simple"},"acf":[],"_links":{"self":[{"href":"https:\/\/www.ceramicbasin.com\/pt\/wp-json\/wp\/v2\/product\/5112","targetHints":{"allow":["GET"]}}],"collection":[{"href":"https:\/\/www.ceramicbasin.com\/pt\/wp-json\/wp\/v2\/product"}],"about":[{"href":"https:\/\/www.ceramicbasin.com\/pt\/wp-json\/wp\/v2\/types\/product"}],"replies":[{"embeddable":true,"href":"https:\/\/www.ceramicbasin.com\/pt\/wp-json\/wp\/v2\/comments?post=5112"}],"wp:featuredmedia":[{"embeddable":true,"href":"https:\/\/www.ceramicbasin.com\/pt\/wp-json\/wp\/v2\/media\/5119"}],"wp:attachment":[{"href":"https:\/\/www.ceramicbasin.com\/pt\/wp-json\/wp\/v2\/media?parent=5112"}],"wp:term":[{"taxonomy":"product_brand","embeddable":true,"href":"https:\/\/www.ceramicbasin.com\/pt\/wp-json\/wp\/v2\/product_brand?post=5112"},{"taxonomy":"product_cat","embeddable":true,"href":"https:\/\/www.ceramicbasin.com\/pt\/wp-json\/wp\/v2\/product_cat?post=5112"},{"taxonomy":"product_tag","embeddable":true,"href":"https:\/\/www.ceramicbasin.com\/pt\/wp-json\/wp\/v2\/product_tag?post=5112"}],"curies":[{"name":"wp","href":"https:\/\/api.w.org\/{rel}","templated":true}]}}