{"id":5126,"date":"2024-09-19T08:16:55","date_gmt":"2024-09-19T08:16:55","guid":{"rendered":"https:\/\/www.ceramicbasin.com\/?post_type=product&#038;p=5126"},"modified":"2024-09-19T08:16:57","modified_gmt":"2024-09-19T08:16:57","slug":"wholesale-in-counter-wash-basin","status":"publish","type":"product","link":"https:\/\/www.ceramicbasin.com\/pt\/produto\/wholesale-in-counter-wash-basin\/","title":{"rendered":"Lavat\u00f3rio de balc\u00e3o por atacado, lavat\u00f3rios de cer\u00e2mica suspensos"},"content":{"rendered":"<div class=\"wp-block-columns is-layout-flex wp-container-core-columns-is-layout-9d6595d7 wp-block-columns-is-layout-flex\">\n<div class=\"wp-block-column is-layout-flow wp-block-column-is-layout-flow\">\n<h2 class=\"wp-block-heading\">Bacia de lavagem de balc\u00e3o Premium Wholesale Carater\u00edsticas:<\/h2>\n\n\n\n<ul class=\"wp-block-list\">\n<li><strong>Fornecimento direto da f\u00e1brica:\u00a0<\/strong>Como fabricante de lavat\u00f3rios de casa de banho, vendemos por atacado lavat\u00f3rios de balc\u00e3o com anos de experi\u00eancia, podemos garantir que o pre\u00e7o dos lavat\u00f3rios por atacado que oferecemos \u00e9 o mais competitivo do mercado. Independentemente do tamanho da encomenda, podemos garantir uma entrega atempada.<\/li>\n\n\n\n<li><strong>F\u00e1cil de manter:&nbsp;<\/strong>A superf\u00edcie desta bacia de cer\u00e2mica por atacado \u00e9 lisa e delicada, resistente a manchas e mofo, f\u00e1cil de limpar e f\u00e1cil de manter limpa como nova, reduzindo o tempo e a energia da limpeza e manuten\u00e7\u00e3o di\u00e1rias.<\/li>\n\n\n\n<li><strong>Sele\u00e7\u00e3o diversificada:<\/strong>\u00a0A HanYu oferece uma variedade de estilos, tamanhos e cores de lavat\u00f3rios de balc\u00e3o para escolher, satisfazendo as necessidades de diferentes estilos de casa de banho e integrando-se facilmente em v\u00e1rios designs de decora\u00e7\u00e3o.<\/li>\n\n\n\n<li><strong>Capacidade de entrega r\u00e1pida:&nbsp;<\/strong>Com uma forte rede de invent\u00e1rio e log\u00edstica, prometemos responder rapidamente \u00e0s encomendas de lavat\u00f3rios de casa de banho a granel, garantir a entrega atempada e ajudar o seu projeto a progredir.<\/li>\n<\/ul>\n<\/div>\n\n\n\n<div class=\"wp-block-column is-layout-flow wp-block-column-is-layout-flow\">\n<figure class=\"wp-block-image size-full\"><img fetchpriority=\"high\" decoding=\"async\" width=\"612\" height=\"800\" src=\"https:\/\/www.ceramicbasin.com\/wp-content\/uploads\/2024\/09\/Wholesale-manufacturerceramic-drop-in-sink-5.webp\" alt=\"Lavat\u00f3rio de balc\u00e3o por atacado, lavat\u00f3rios de cer\u00e2mica suspensos-1\" class=\"wp-image-5117\" srcset=\"https:\/\/www.ceramicbasin.com\/wp-content\/uploads\/2024\/09\/Wholesale-manufacturerceramic-drop-in-sink-5.webp 612w, https:\/\/www.ceramicbasin.com\/wp-content\/uploads\/2024\/09\/Wholesale-manufacturerceramic-drop-in-sink-5-230x300.webp 230w, https:\/\/www.ceramicbasin.com\/wp-content\/uploads\/2024\/09\/Wholesale-manufacturerceramic-drop-in-sink-5-9x12.webp 9w, https:\/\/www.ceramicbasin.com\/wp-content\/uploads\/2024\/09\/Wholesale-manufacturerceramic-drop-in-sink-5-285x373.webp 285w, https:\/\/www.ceramicbasin.com\/wp-content\/uploads\/2024\/09\/Wholesale-manufacturerceramic-drop-in-sink-5-505x660.webp 505w, https:\/\/www.ceramicbasin.com\/wp-content\/uploads\/2024\/09\/Wholesale-manufacturerceramic-drop-in-sink-5-115x150.webp 115w\" sizes=\"(max-width: 612px) 100vw, 612px\" \/><\/figure>\n<\/div>\n<\/div>\n\n\n\n<p><\/p>","protected":false},"excerpt":{"rendered":"<p>A superf\u00edcie deste lavat\u00f3rio de balc\u00e3o por atacado \u00e9 lisa e delicada, resistente a manchas e mofo, f\u00e1cil de limpar e f\u00e1cil de manter limpa como nova. Como fabricante de lavat\u00f3rio de cer\u00e2mica, oferecemos pre\u00e7os de atacado muito competitivos, nossa f\u00e1brica com um forte estoque e rede de log\u00edstica, independentemente do tamanho do pedido, podemos garantir a entrega pontual.<\/p>\n<table style=\"border-collapse: collapse; width: 358.52pt;\" border=\"0\" width=\"478\" cellspacing=\"0\" cellpadding=\"0\">\n<tbody>\n<tr style=\"height: 17.25pt;\">\n<td class=\"et3\" style=\"height: 17.25pt; width: 125.00pt;\" width=\"166\" height=\"23\">Fabricante<\/td>\n<td class=\"et3\" style=\"width: 234.15pt;\" width=\"312\">HanYu<\/td>\n<\/tr>\n<tr style=\"height: 17.25pt;\">\n<td class=\"et3\" style=\"height: 17.25pt;\" height=\"23\">Modelo n.<\/td>\n<td class=\"et4\">HY-5009<\/td>\n<\/tr>\n<tr style=\"height: 17.25pt;\">\n<td class=\"et3\" style=\"height: 17.25pt;\" height=\"23\">Tipo<\/td>\n<td class=\"et5\" style=\"width: 234.15pt;\" width=\"312\">Lava-lou\u00e7as<\/td>\n<\/tr>\n<tr style=\"height: 18.00pt;\">\n<td class=\"et3\" style=\"height: 18.00pt;\" height=\"24\">Forma<\/td>\n<td class=\"et3\">Forma redonda<\/td>\n<\/tr>\n<tr style=\"height: 34.50pt;\">\n<td class=\"et4\" style=\"height: 34.50pt;\" height=\"46\">Cor<\/td>\n<td class=\"et5\" style=\"width: 234.15pt;\" width=\"312\">preto\/branco\/azul\/cinzento\/rosa\/verde\/castanho\/caqui<\/td>\n<\/tr>\n<tr style=\"height: 18.00pt;\">\n<td class=\"et3\" style=\"height: 18.00pt;\" height=\"24\">Dimens\u00e3o<\/td>\n<td class=\"et5\" style=\"width: 234.15pt;\" width=\"312\">40*40*11<\/td>\n<\/tr>\n<tr style=\"height: 17.25pt;\">\n<td class=\"et3\" style=\"height: 17.25pt;\" height=\"23\">N.W \/SET<\/td>\n<td class=\"et3\">8.5KGS\/PCS<\/td>\n<\/tr>\n<tr style=\"height: 17.25pt;\">\n<td class=\"et3\" style=\"height: 17.25pt;\" height=\"23\">MOQ<\/td>\n<td class=\"et3\">20 unidades<\/td>\n<\/tr>\n<tr style=\"height: 17.25pt;\">\n<td class=\"et3\" style=\"height: 17.25pt;\" height=\"23\">Op\u00e7\u00e3o personalizada<\/td>\n<td class=\"et3\">Cor\/Patente\/Tamanho\/Logotipo\/Embalagem<\/td>\n<\/tr>\n<\/tbody>\n<\/table>","protected":false},"featured_media":5116,"comment_status":"closed","ping_status":"closed","template":"","meta":{"_acf_changed":false},"product_brand":[],"product_cat":[51],"product_tag":[],"class_list":{"0":"post-5126","1":"product","2":"type-product","3":"status-publish","4":"has-post-thumbnail","6":"product_cat-wholesale-drop-in-sinks","8":"first","9":"instock","10":"shipping-taxable","11":"product-type-simple"},"acf":[],"_links":{"self":[{"href":"https:\/\/www.ceramicbasin.com\/pt\/wp-json\/wp\/v2\/product\/5126","targetHints":{"allow":["GET"]}}],"collection":[{"href":"https:\/\/www.ceramicbasin.com\/pt\/wp-json\/wp\/v2\/product"}],"about":[{"href":"https:\/\/www.ceramicbasin.com\/pt\/wp-json\/wp\/v2\/types\/product"}],"replies":[{"embeddable":true,"href":"https:\/\/www.ceramicbasin.com\/pt\/wp-json\/wp\/v2\/comments?post=5126"}],"wp:featuredmedia":[{"embeddable":true,"href":"https:\/\/www.ceramicbasin.com\/pt\/wp-json\/wp\/v2\/media\/5116"}],"wp:attachment":[{"href":"https:\/\/www.ceramicbasin.com\/pt\/wp-json\/wp\/v2\/media?parent=5126"}],"wp:term":[{"taxonomy":"product_brand","embeddable":true,"href":"https:\/\/www.ceramicbasin.com\/pt\/wp-json\/wp\/v2\/product_brand?post=5126"},{"taxonomy":"product_cat","embeddable":true,"href":"https:\/\/www.ceramicbasin.com\/pt\/wp-json\/wp\/v2\/product_cat?post=5126"},{"taxonomy":"product_tag","embeddable":true,"href":"https:\/\/www.ceramicbasin.com\/pt\/wp-json\/wp\/v2\/product_tag?post=5126"}],"curies":[{"name":"wp","href":"https:\/\/api.w.org\/{rel}","templated":true}]}}