{"id":5127,"date":"2024-09-16T06:54:37","date_gmt":"2024-09-16T06:54:37","guid":{"rendered":"https:\/\/www.ceramicbasin.com\/?post_type=product&#038;p=5127"},"modified":"2024-09-19T08:43:04","modified_gmt":"2024-09-19T08:43:04","slug":"wall-hung-small-basin-wholesale","status":"publish","type":"product","link":"https:\/\/www.ceramicbasin.com\/pt\/produto\/wall-hung-small-basin-wholesale\/","title":{"rendered":"Superf\u00edcie s\u00f3lida pendente da parede da bacia pequena por atacado, pias da vaidade do banheiro"},"content":{"rendered":"<div class=\"wp-block-columns is-layout-flex wp-container-core-columns-is-layout-9d6595d7 wp-block-columns-is-layout-flex\">\n<div class=\"wp-block-column is-layout-flow wp-block-column-is-layout-flow\">\n<h2 class=\"wp-block-heading\">Bacia pequena de parede Premium Carater\u00edsticas por atacado:<\/h2>\n\n\n\n<ul class=\"wp-block-list\">\n<li><strong>Vantagem de pre\u00e7o:<\/strong> Fornecemos servi\u00e7os de encomendas a granel para estas pequenas bacias penduradas na parede por atacado, que n\u00e3o s\u00f3 s\u00e3o acess\u00edveis, mas tamb\u00e9m s\u00e3o entregues rapidamente, adequadas para projectos comerciais e decora\u00e7\u00e3o residencial em grande escala, satisfazendo as necessidades de alta efici\u00eancia e baixo custo.<\/li>\n\n\n\n<li><strong>Instala\u00e7\u00e3o na parede:\u00a0<\/strong>O design de montagem na parede destes pequenos lavat\u00f3rios de casa de banho por atacado poupa espa\u00e7o e \u00e9 f\u00e1cil de limpar. Este mini lavat\u00f3rio de casa de banho por atacado \u00e9 particularmente adequado para casas de banho modernas e compactas, melhorando a limpeza e a modernidade do espa\u00e7o em geral.<\/li>\n\n\n\n<li><strong>Tratamento de esmalte f\u00e1cil de limpar:<\/strong>\u00a0A superf\u00edcie deste pequeno lavat\u00f3rio suspenso na parede adopta uma tecnologia especial de esmalte f\u00e1cil de limpar, que \u00e9 suave e delicada, as manchas n\u00e3o s\u00e3o f\u00e1ceis de aderir e s\u00e3o f\u00e1ceis de limpar.<\/li>\n\n\n\n<li><strong>Desconto para compras em massa:\u00a0<\/strong>Como um fabricante e fornecedor profissional de lavat\u00f3rios de cer\u00e2mica, oferecemos pre\u00e7os muito competitivos para mini lavat\u00f3rios de casa de banho por atacado, adequados para projectos de decora\u00e7\u00e3o em grande escala, como hot\u00e9is, apartamentos, escrit\u00f3rios, etc.<\/li>\n<\/ul>\n<\/div>\n\n\n\n<div class=\"wp-block-column is-layout-flow wp-block-column-is-layout-flow\">\n<figure class=\"wp-block-image size-full\"><img fetchpriority=\"high\" decoding=\"async\" width=\"800\" height=\"800\" src=\"https:\/\/www.ceramicbasin.com\/wp-content\/uploads\/2024\/09\/wash-basin-sinkceramic-basinswall-hung-basin6.webp\" alt=\"Superf\u00edcie s\u00f3lida pendente da parede da bacia pequena por atacado, pias da vaidade-1\" class=\"wp-image-5133\" srcset=\"https:\/\/www.ceramicbasin.com\/wp-content\/uploads\/2024\/09\/wash-basin-sinkceramic-basinswall-hung-basin6.webp 800w, https:\/\/www.ceramicbasin.com\/wp-content\/uploads\/2024\/09\/wash-basin-sinkceramic-basinswall-hung-basin6-300x300.webp 300w, https:\/\/www.ceramicbasin.com\/wp-content\/uploads\/2024\/09\/wash-basin-sinkceramic-basinswall-hung-basin6-150x150.webp 150w, https:\/\/www.ceramicbasin.com\/wp-content\/uploads\/2024\/09\/wash-basin-sinkceramic-basinswall-hung-basin6-768x768.webp 768w, https:\/\/www.ceramicbasin.com\/wp-content\/uploads\/2024\/09\/wash-basin-sinkceramic-basinswall-hung-basin6-12x12.webp 12w, https:\/\/www.ceramicbasin.com\/wp-content\/uploads\/2024\/09\/wash-basin-sinkceramic-basinswall-hung-basin6-285x285.webp 285w, https:\/\/www.ceramicbasin.com\/wp-content\/uploads\/2024\/09\/wash-basin-sinkceramic-basinswall-hung-basin6-270x270.webp 270w, https:\/\/www.ceramicbasin.com\/wp-content\/uploads\/2024\/09\/wash-basin-sinkceramic-basinswall-hung-basin6-540x540.webp 540w, https:\/\/www.ceramicbasin.com\/wp-content\/uploads\/2024\/09\/wash-basin-sinkceramic-basinswall-hung-basin6-660x660.webp 660w\" sizes=\"(max-width: 800px) 100vw, 800px\" \/><\/figure>\n<\/div>\n<\/div>","protected":false},"excerpt":{"rendered":"<p>Bem-vindo \u00e0 compra de lavat\u00f3rio pequeno suspenso na parede por atacado. O design de montagem na parede deste mini lavat\u00f3rio de casa de banho poupa espa\u00e7o e \u00e9 f\u00e1cil de limpar. O seu tratamento especial de esmalte f\u00e1cil de limpar garante uma superf\u00edcie lisa que resiste a manchas, melhorando a limpeza e a modernidade do seu espa\u00e7o.<\/p>\n<table style=\"border-collapse: collapse; width: 311.02pt;\" border=\"0\" width=\"311\" cellspacing=\"0\" cellpadding=\"0\">\n<tbody>\n<tr style=\"height: 17.60pt;\">\n<td class=\"et3\" style=\"height: 17.60pt; width: 108.35pt;\" width=\"108\" height=\"17\">Fabricante<\/td>\n<td class=\"et3\" style=\"width: 202.95pt;\" width=\"202\">HanYu<\/td>\n<\/tr>\n<tr style=\"height: 17.60pt;\">\n<td class=\"et3\" style=\"height: 17.60pt;\" height=\"17\">Modelo n.<\/td>\n<td class=\"et4\">HY3125<\/td>\n<\/tr>\n<tr style=\"height: 17.60pt;\">\n<td class=\"et3\" style=\"height: 17.60pt;\" height=\"17\">Tipo<\/td>\n<td class=\"et3\">Lavat\u00f3rios de casa de banho pequenos<\/td>\n<\/tr>\n<tr style=\"height: 17.60pt;\">\n<td class=\"et3\" style=\"height: 17.60pt;\" height=\"17\">Forma<\/td>\n<td class=\"et3\">\u00a0Forma quadrada<\/td>\n<\/tr>\n<tr style=\"height: 17.60pt;\">\n<td class=\"et4\" style=\"height: 17.60pt;\" height=\"17\">Cor<\/td>\n<td class=\"et3\">Branco<\/td>\n<\/tr>\n<tr style=\"height: 18.00pt;\">\n<td class=\"et3\" style=\"height: 18.00pt;\" height=\"18\">Dimens\u00e3o<\/td>\n<td class=\"et6\" style=\"width: 202.95pt;\" width=\"202\">28*28*10<\/td>\n<\/tr>\n<tr style=\"height: 17.60pt;\">\n<td class=\"et3\" style=\"height: 17.60pt;\" height=\"17\">N.W \/SET<\/td>\n<td class=\"et3\">5.5KGS\/PCS<\/td>\n<\/tr>\n<tr style=\"height: 17.60pt;\">\n<td class=\"et3\" style=\"height: 17.60pt;\" height=\"17\">MOQ<\/td>\n<td class=\"et3\">20 unidades<\/td>\n<\/tr>\n<tr style=\"height: 17.60pt;\">\n<td class=\"et3\" style=\"height: 17.60pt;\" height=\"17\">Op\u00e7\u00e3o personalizada<\/td>\n<td class=\"et3\">Cor\/Patente\/Tamanho\/Logotipo\/Embalagem<\/td>\n<\/tr>\n<\/tbody>\n<\/table>\n<p>&nbsp;<\/p>","protected":false},"featured_media":5131,"comment_status":"closed","ping_status":"closed","template":"","meta":{"_acf_changed":false},"product_brand":[],"product_cat":[56],"product_tag":[],"class_list":{"0":"post-5127","1":"product","2":"type-product","3":"status-publish","4":"has-post-thumbnail","6":"product_cat-wholesale-small-bathroom-sinks","8":"first","9":"instock","10":"shipping-taxable","11":"product-type-simple"},"acf":[],"_links":{"self":[{"href":"https:\/\/www.ceramicbasin.com\/pt\/wp-json\/wp\/v2\/product\/5127","targetHints":{"allow":["GET"]}}],"collection":[{"href":"https:\/\/www.ceramicbasin.com\/pt\/wp-json\/wp\/v2\/product"}],"about":[{"href":"https:\/\/www.ceramicbasin.com\/pt\/wp-json\/wp\/v2\/types\/product"}],"replies":[{"embeddable":true,"href":"https:\/\/www.ceramicbasin.com\/pt\/wp-json\/wp\/v2\/comments?post=5127"}],"wp:featuredmedia":[{"embeddable":true,"href":"https:\/\/www.ceramicbasin.com\/pt\/wp-json\/wp\/v2\/media\/5131"}],"wp:attachment":[{"href":"https:\/\/www.ceramicbasin.com\/pt\/wp-json\/wp\/v2\/media?parent=5127"}],"wp:term":[{"taxonomy":"product_brand","embeddable":true,"href":"https:\/\/www.ceramicbasin.com\/pt\/wp-json\/wp\/v2\/product_brand?post=5127"},{"taxonomy":"product_cat","embeddable":true,"href":"https:\/\/www.ceramicbasin.com\/pt\/wp-json\/wp\/v2\/product_cat?post=5127"},{"taxonomy":"product_tag","embeddable":true,"href":"https:\/\/www.ceramicbasin.com\/pt\/wp-json\/wp\/v2\/product_tag?post=5127"}],"curies":[{"name":"wp","href":"https:\/\/api.w.org\/{rel}","templated":true}]}}