{"id":5143,"date":"2024-09-18T08:36:41","date_gmt":"2024-09-18T08:36:41","guid":{"rendered":"https:\/\/www.ceramicbasin.com\/?post_type=product&#038;p=5143"},"modified":"2024-11-05T01:33:54","modified_gmt":"2024-11-05T01:33:54","slug":"wall-mounted-bathroom-sinks-wholesale","status":"publish","type":"product","link":"https:\/\/www.ceramicbasin.com\/pt\/produto\/wall-mounted-bathroom-sinks-wholesale\/","title":{"rendered":"Lavat\u00f3rios de porcelana de parede para casa de banho por atacado com torneira"},"content":{"rendered":"<div class=\"wp-block-columns is-layout-flex wp-container-core-columns-is-layout-9d6595d7 wp-block-columns-is-layout-flex\">\n<div class=\"wp-block-column is-layout-flow wp-block-column-is-layout-flow\">\n<div class=\"wp-block-columns is-layout-flex wp-container-core-columns-is-layout-9d6595d7 wp-block-columns-is-layout-flex\">\n<div class=\"wp-block-column is-layout-flow wp-block-column-is-layout-flow\" style=\"flex-basis:100%\">\n<div class=\"wp-block-columns is-layout-flex wp-container-core-columns-is-layout-9d6595d7 wp-block-columns-is-layout-flex\">\n<div class=\"wp-block-column is-layout-flow wp-block-column-is-layout-flow\">\n<h2 class=\"wp-block-heading\">Pias de casa de banho de parede Premium Carater\u00edsticas por atacado:<\/h2>\n\n\n\n<ul class=\"wp-block-list\">\n<li><strong>Design quadrado elegante: <\/strong>Todos estes lavat\u00f3rios de casa de banho montados na parede adoptam uma apar\u00eancia quadrada. N\u00e3o s\u00f3 adiciona um efeito visual simples e elegante \u00e0 casa de banho, como tamb\u00e9m aproveita totalmente o espa\u00e7o interno, aumenta o conforto de utiliza\u00e7\u00e3o e \u00e9 adequado para v\u00e1rios estilos de decora\u00e7\u00e3o de casas de banho topo de gama.<\/li>\n\n\n\n<li><strong>Cer\u00e2mica de alta qualidade Material:<\/strong> Os nossos lavat\u00f3rios personalizados para casas de banho s\u00e3o feitos de cer\u00e2mica de alta qualidade, cuja superf\u00edcie \u00e9 lisa, macia, n\u00e3o \u00e9 f\u00e1cil de manchar e \u00e9 dur\u00e1vel. As boas propriedades \u00e0 prova de humidade e antibacterianas mant\u00eam a casa de banho limpa e higi\u00e9nica.<\/li>\n\n\n\n<li><strong>Economia de espa\u00e7o com montagem na parede: <\/strong>Estes lavat\u00f3rios de casa de banho por atacado s\u00e3o montados na parede, o que funciona eficazmente para poupar espa\u00e7o no ch\u00e3o. \u00c9 muito adequado para pequenas fam\u00edlias ou utilizadores que querem manter a casa de banho simples, facilitar a limpeza di\u00e1ria, melhorar a utiliza\u00e7\u00e3o do espa\u00e7o e criar um efeito visual leve.<\/li>\n\n\n\n<li><strong>Emparelhado com torneiras de qualidade superior:<\/strong> Estes lavat\u00f3rios de casa de banho de montagem na parede combinam na perfei\u00e7\u00e3o e combinam bem com as torneiras de alta qualidade para proporcionar uma experi\u00eancia de \u00e1gua suave. O design da torneira \u00e9 requintado e ergon\u00f3mico, conveniente para o funcionamento di\u00e1rio e acrescenta beleza geral \u00e0 casa de banho.<\/li>\n<\/ul>\n<\/div>\n\n\n\n<div class=\"wp-block-column is-layout-flow wp-block-column-is-layout-flow\">\n<figure class=\"wp-block-image size-full\"><img fetchpriority=\"high\" decoding=\"async\" width=\"800\" height=\"800\" src=\"https:\/\/www.ceramicbasin.com\/wp-content\/uploads\/2024\/09\/ceramic-sink-bathroomwhite-basin-sinkwall-mounted-vanity6.webp\" alt=\"Lavat\u00f3rios de casa de banho de parede em porcelana por atacado com torneira-1\" class=\"wp-image-5149\" srcset=\"https:\/\/www.ceramicbasin.com\/wp-content\/uploads\/2024\/09\/ceramic-sink-bathroomwhite-basin-sinkwall-mounted-vanity6.webp 800w, https:\/\/www.ceramicbasin.com\/wp-content\/uploads\/2024\/09\/ceramic-sink-bathroomwhite-basin-sinkwall-mounted-vanity6-300x300.webp 300w, https:\/\/www.ceramicbasin.com\/wp-content\/uploads\/2024\/09\/ceramic-sink-bathroomwhite-basin-sinkwall-mounted-vanity6-150x150.webp 150w, https:\/\/www.ceramicbasin.com\/wp-content\/uploads\/2024\/09\/ceramic-sink-bathroomwhite-basin-sinkwall-mounted-vanity6-768x768.webp 768w, https:\/\/www.ceramicbasin.com\/wp-content\/uploads\/2024\/09\/ceramic-sink-bathroomwhite-basin-sinkwall-mounted-vanity6-12x12.webp 12w, https:\/\/www.ceramicbasin.com\/wp-content\/uploads\/2024\/09\/ceramic-sink-bathroomwhite-basin-sinkwall-mounted-vanity6-285x285.webp 285w, https:\/\/www.ceramicbasin.com\/wp-content\/uploads\/2024\/09\/ceramic-sink-bathroomwhite-basin-sinkwall-mounted-vanity6-270x270.webp 270w, https:\/\/www.ceramicbasin.com\/wp-content\/uploads\/2024\/09\/ceramic-sink-bathroomwhite-basin-sinkwall-mounted-vanity6-540x540.webp 540w, https:\/\/www.ceramicbasin.com\/wp-content\/uploads\/2024\/09\/ceramic-sink-bathroomwhite-basin-sinkwall-mounted-vanity6-660x660.webp 660w\" sizes=\"(max-width: 800px) 100vw, 800px\" \/><\/figure>\n<\/div>\n<\/div>\n<\/div>\n<\/div>\n<\/div>\n<\/div>","protected":false},"excerpt":{"rendered":"<p>Bem-vindo \u00e0 compra de lavat\u00f3rio de parede. Os nossos lavat\u00f3rios de cer\u00e2mica para casa de banho montados na parede s\u00e3o os favoritos do mercado devido \u00e0 sua durabilidade, cor uniforme e f\u00e1cil manuten\u00e7\u00e3o, oferecendo um excelente desempenho de custos. O design montado na parede poupa espa\u00e7o e simplifica a limpeza por baixo, mantendo a casa de banho arrumada e criando um ambiente refrescante.<\/p>\n<table style=\"border-collapse: collapse; width: 311.02pt;\" border=\"0\" width=\"311\" cellspacing=\"0\" cellpadding=\"0\">\n<tbody>\n<tr style=\"height: 17.60pt;\">\n<td class=\"et3\" style=\"height: 17.60pt; width: 108.35pt;\" width=\"108\" height=\"17\">Fabricante<\/td>\n<td class=\"et3\" style=\"width: 202.95pt;\" width=\"202\">HanYu<\/td>\n<\/tr>\n<tr style=\"height: 17.60pt;\">\n<td class=\"et3\" style=\"height: 17.60pt;\" height=\"17\">Modelo n.<\/td>\n<td class=\"et4\">HY3122<\/td>\n<\/tr>\n<tr style=\"height: 17.60pt;\">\n<td class=\"et3\" style=\"height: 17.60pt;\" height=\"17\">Tipo<\/td>\n<td class=\"et3\">Lavat\u00f3rio de parede<\/td>\n<\/tr>\n<tr style=\"height: 17.60pt;\">\n<td class=\"et3\" style=\"height: 17.60pt;\" height=\"17\">Forma<\/td>\n<td class=\"et3\">Forma retangular<\/td>\n<\/tr>\n<tr style=\"height: 17.60pt;\">\n<td class=\"et4\" style=\"height: 17.60pt;\" height=\"17\">Cor<\/td>\n<td class=\"et3\">Branco<\/td>\n<\/tr>\n<tr style=\"height: 18.00pt;\">\n<td class=\"et3\" style=\"height: 18.00pt;\" height=\"18\">Dimens\u00e3o<\/td>\n<td class=\"et6\" style=\"width: 202.95pt;\" width=\"202\">50*35*13<\/td>\n<\/tr>\n<tr style=\"height: 17.60pt;\">\n<td class=\"et3\" style=\"height: 17.60pt;\" height=\"17\">N.W \/SET<\/td>\n<td class=\"et3\">11.5KGS\/PCS<\/td>\n<\/tr>\n<tr style=\"height: 17.60pt;\">\n<td class=\"et3\" style=\"height: 17.60pt;\" height=\"17\">MOQ<\/td>\n<td class=\"et3\">20 unidades<\/td>\n<\/tr>\n<tr style=\"height: 17.60pt;\">\n<td class=\"et3\" style=\"height: 17.60pt;\" height=\"17\">Op\u00e7\u00e3o personalizada<\/td>\n<td class=\"et3\">Cor\/Patente\/Tamanho\/Logotipo\/Embalagem<\/td>\n<\/tr>\n<\/tbody>\n<\/table>","protected":false},"featured_media":5144,"comment_status":"closed","ping_status":"closed","template":"","meta":{"_acf_changed":false},"product_brand":[],"product_cat":[57],"product_tag":[],"class_list":{"0":"post-5143","1":"product","2":"type-product","3":"status-publish","4":"has-post-thumbnail","6":"product_cat-wholesale-wall-mounted-sinks","8":"first","9":"instock","10":"shipping-taxable","11":"product-type-simple"},"acf":[],"_links":{"self":[{"href":"https:\/\/www.ceramicbasin.com\/pt\/wp-json\/wp\/v2\/product\/5143","targetHints":{"allow":["GET"]}}],"collection":[{"href":"https:\/\/www.ceramicbasin.com\/pt\/wp-json\/wp\/v2\/product"}],"about":[{"href":"https:\/\/www.ceramicbasin.com\/pt\/wp-json\/wp\/v2\/types\/product"}],"replies":[{"embeddable":true,"href":"https:\/\/www.ceramicbasin.com\/pt\/wp-json\/wp\/v2\/comments?post=5143"}],"wp:featuredmedia":[{"embeddable":true,"href":"https:\/\/www.ceramicbasin.com\/pt\/wp-json\/wp\/v2\/media\/5144"}],"wp:attachment":[{"href":"https:\/\/www.ceramicbasin.com\/pt\/wp-json\/wp\/v2\/media?parent=5143"}],"wp:term":[{"taxonomy":"product_brand","embeddable":true,"href":"https:\/\/www.ceramicbasin.com\/pt\/wp-json\/wp\/v2\/product_brand?post=5143"},{"taxonomy":"product_cat","embeddable":true,"href":"https:\/\/www.ceramicbasin.com\/pt\/wp-json\/wp\/v2\/product_cat?post=5143"},{"taxonomy":"product_tag","embeddable":true,"href":"https:\/\/www.ceramicbasin.com\/pt\/wp-json\/wp\/v2\/product_tag?post=5143"}],"curies":[{"name":"wp","href":"https:\/\/api.w.org\/{rel}","templated":true}]}}