{"id":5150,"date":"2024-09-18T09:09:38","date_gmt":"2024-09-18T09:09:38","guid":{"rendered":"https:\/\/www.ceramicbasin.com\/?post_type=product&#038;p=5150"},"modified":"2024-09-19T08:23:41","modified_gmt":"2024-09-19T08:23:41","slug":"tiniest-bathroom-sink-wholesale","status":"publish","type":"product","link":"https:\/\/www.ceramicbasin.com\/pt\/produto\/tiniest-bathroom-sink-wholesale\/","title":{"rendered":"Lavat\u00f3rio de casa de banho mais pequeno por atacado para casa de banho pequena"},"content":{"rendered":"<div class=\"wp-block-columns is-layout-flex wp-container-core-columns-is-layout-9d6595d7 wp-block-columns-is-layout-flex\">\n<div class=\"wp-block-column is-layout-flow wp-block-column-is-layout-flow\">\n<div class=\"wp-block-columns is-layout-flex wp-container-core-columns-is-layout-9d6595d7 wp-block-columns-is-layout-flex\">\n<div class=\"wp-block-column is-layout-flow wp-block-column-is-layout-flow\" style=\"flex-basis:100%\">\n<div class=\"wp-block-columns is-layout-flex wp-container-core-columns-is-layout-9d6595d7 wp-block-columns-is-layout-flex\">\n<div class=\"wp-block-column is-layout-flow wp-block-column-is-layout-flow\">\n<h2 class=\"wp-block-heading\">Lavat\u00f3rio de casa de banho mais pequeno Premium Carater\u00edsticas por atacado:<\/h2>\n\n\n\n<ul class=\"wp-block-list\">\n<li><strong>Sele\u00e7\u00e3o diversificada:<\/strong>\u00a0Oferecemos uma variedade de estilos, tamanhos e cores do nosso lavat\u00f3rio de casa de banho mais pequeno para escolher, satisfazendo as necessidades de diferentes estilos de casa de banho e integrando-os facilmente em v\u00e1rios designs de decora\u00e7\u00e3o.<\/li>\n\n\n\n<li><strong>Design elegante:<\/strong> Os nossos pequenos lavat\u00f3rios de casa de banho por atacado d\u00e3o um toque de eleg\u00e2ncia e modernidade a qualquer casa de banho, tornando-os um ponto focal com estilo.<\/li>\n\n\n\n<li><strong>Vantagem do pre\u00e7o por grosso:\u00a0<\/strong>Como fabricante de lavat\u00f3rio de casa de banho em cer\u00e2mica, a HanYu oferece pre\u00e7os por atacado muito competitivos para lavat\u00f3rio de casa de banho mais pequeno montado na parede por atacado, as compras a granel desfrutam de mais descontos, tornando os acess\u00f3rios de casa de banho de alta qualidade a sua escolha ideal sob controlo de custos.<\/li>\n\n\n\n<li><strong>Instala\u00e7\u00e3o na parede:<\/strong> O design de montagem na parede dos nossos lavat\u00f3rios de casa de banho por medida n\u00e3o s\u00f3 poupa espa\u00e7o, como tamb\u00e9m facilita a limpeza do ch\u00e3o por baixo, mantendo a casa de banho arrumada e criando um ambiente de utiliza\u00e7\u00e3o refrescante.<\/li>\n<\/ul>\n<\/div>\n\n\n\n<div class=\"wp-block-column is-layout-flow wp-block-column-is-layout-flow\">\n<figure class=\"wp-block-image size-full\"><img fetchpriority=\"high\" decoding=\"async\" width=\"800\" height=\"800\" src=\"https:\/\/www.ceramicbasin.com\/wp-content\/uploads\/2024\/09\/washroom-sink\uff0cporcelain-sinks-for-bathroom\uff0cwall-hung-basin6.webp\" alt=\"Lavat\u00f3rio de casa de banho mais pequeno por atacado para casa de banho pequena-1\" class=\"wp-image-5156\" srcset=\"https:\/\/www.ceramicbasin.com\/wp-content\/uploads\/2024\/09\/washroom-sink\uff0cporcelain-sinks-for-bathroom\uff0cwall-hung-basin6.webp 800w, https:\/\/www.ceramicbasin.com\/wp-content\/uploads\/2024\/09\/washroom-sink\uff0cporcelain-sinks-for-bathroom\uff0cwall-hung-basin6-300x300.webp 300w, https:\/\/www.ceramicbasin.com\/wp-content\/uploads\/2024\/09\/washroom-sink\uff0cporcelain-sinks-for-bathroom\uff0cwall-hung-basin6-150x150.webp 150w, https:\/\/www.ceramicbasin.com\/wp-content\/uploads\/2024\/09\/washroom-sink\uff0cporcelain-sinks-for-bathroom\uff0cwall-hung-basin6-768x768.webp 768w, https:\/\/www.ceramicbasin.com\/wp-content\/uploads\/2024\/09\/washroom-sink\uff0cporcelain-sinks-for-bathroom\uff0cwall-hung-basin6-12x12.webp 12w, https:\/\/www.ceramicbasin.com\/wp-content\/uploads\/2024\/09\/washroom-sink\uff0cporcelain-sinks-for-bathroom\uff0cwall-hung-basin6-285x285.webp 285w, https:\/\/www.ceramicbasin.com\/wp-content\/uploads\/2024\/09\/washroom-sink\uff0cporcelain-sinks-for-bathroom\uff0cwall-hung-basin6-270x270.webp 270w, https:\/\/www.ceramicbasin.com\/wp-content\/uploads\/2024\/09\/washroom-sink\uff0cporcelain-sinks-for-bathroom\uff0cwall-hung-basin6-540x540.webp 540w, https:\/\/www.ceramicbasin.com\/wp-content\/uploads\/2024\/09\/washroom-sink\uff0cporcelain-sinks-for-bathroom\uff0cwall-hung-basin6-660x660.webp 660w\" sizes=\"(max-width: 800px) 100vw, 800px\" \/><\/figure>\n<\/div>\n<\/div>\n<\/div>\n<\/div>\n<\/div>\n<\/div>","protected":false},"excerpt":{"rendered":"<p>Bem-vindo \u00e0 compra de lavat\u00f3rios de casa de banho min\u00fasculos. Oferecemos uma sele\u00e7\u00e3o diversificada de lavat\u00f3rios de casa de banho mais pequenos por atacado em v\u00e1rios estilos, tamanhos e cores para se adequarem a diferentes designs de casa de banho. Os nossos lavat\u00f3rios acrescentam eleg\u00e2ncia e modernidade, servindo como um ponto focal com estilo em qualquer espa\u00e7o.<\/p>\n<table style=\"border-collapse: collapse; width: 311.02pt;\" border=\"0\" width=\"311\" cellspacing=\"0\" cellpadding=\"0\">\n<tbody>\n<tr style=\"height: 17.60pt;\">\n<td class=\"et3\" style=\"height: 17.60pt; width: 108.35pt;\" width=\"108\" height=\"17\">Fabricante<\/td>\n<td class=\"et3\" style=\"width: 202.95pt;\" width=\"202\">HanYu<\/td>\n<\/tr>\n<tr style=\"height: 17.60pt;\">\n<td class=\"et3\" style=\"height: 17.60pt;\" height=\"17\">Modelo n.<\/td>\n<td class=\"et4\">HY3124<\/td>\n<\/tr>\n<tr style=\"height: 17.60pt;\">\n<td class=\"et3\" style=\"height: 17.60pt;\" height=\"17\">Tipo<\/td>\n<td class=\"et3\">Lavat\u00f3rio de parede, Lavat\u00f3rio pequeno<\/td>\n<\/tr>\n<tr style=\"height: 17.60pt;\">\n<td class=\"et3\" style=\"height: 17.60pt;\" height=\"17\">Forma<\/td>\n<td class=\"et3\">Forma retangular<\/td>\n<\/tr>\n<tr style=\"height: 17.60pt;\">\n<td class=\"et4\" style=\"height: 17.60pt;\" height=\"17\">Cor<\/td>\n<td class=\"et3\">Branco<\/td>\n<\/tr>\n<tr style=\"height: 18.00pt;\">\n<td class=\"et3\" style=\"height: 18.00pt;\" height=\"18\">Dimens\u00e3o<\/td>\n<td class=\"et6\" style=\"width: 202.95pt;\" width=\"202\">46*28.5*14<\/td>\n<\/tr>\n<tr style=\"height: 17.60pt;\">\n<td class=\"et3\" style=\"height: 17.60pt;\" height=\"17\">\n<p>N.W \/SET<\/p>\n<\/td>\n<td class=\"et3\">12KGS\/PCS<\/td>\n<\/tr>\n<tr style=\"height: 17.60pt;\">\n<td class=\"et3\" style=\"height: 17.60pt;\" height=\"17\">MOQ<\/td>\n<td class=\"et3\">20 unidades<\/td>\n<\/tr>\n<tr style=\"height: 17.60pt;\">\n<td class=\"et3\" style=\"height: 17.60pt;\" height=\"17\">Op\u00e7\u00e3o personalizada<\/td>\n<td class=\"et3\">Cor\/Patente\/Tamanho\/Logotipo\/Embalagem<\/td>\n<\/tr>\n<\/tbody>\n<\/table>","protected":false},"featured_media":5152,"comment_status":"closed","ping_status":"closed","template":"","meta":{"_acf_changed":false},"product_brand":[],"product_cat":[56],"product_tag":[],"class_list":{"0":"post-5150","1":"product","2":"type-product","3":"status-publish","4":"has-post-thumbnail","6":"product_cat-wholesale-small-bathroom-sinks","8":"first","9":"instock","10":"shipping-taxable","11":"product-type-simple"},"acf":[],"_links":{"self":[{"href":"https:\/\/www.ceramicbasin.com\/pt\/wp-json\/wp\/v2\/product\/5150","targetHints":{"allow":["GET"]}}],"collection":[{"href":"https:\/\/www.ceramicbasin.com\/pt\/wp-json\/wp\/v2\/product"}],"about":[{"href":"https:\/\/www.ceramicbasin.com\/pt\/wp-json\/wp\/v2\/types\/product"}],"replies":[{"embeddable":true,"href":"https:\/\/www.ceramicbasin.com\/pt\/wp-json\/wp\/v2\/comments?post=5150"}],"wp:featuredmedia":[{"embeddable":true,"href":"https:\/\/www.ceramicbasin.com\/pt\/wp-json\/wp\/v2\/media\/5152"}],"wp:attachment":[{"href":"https:\/\/www.ceramicbasin.com\/pt\/wp-json\/wp\/v2\/media?parent=5150"}],"wp:term":[{"taxonomy":"product_brand","embeddable":true,"href":"https:\/\/www.ceramicbasin.com\/pt\/wp-json\/wp\/v2\/product_brand?post=5150"},{"taxonomy":"product_cat","embeddable":true,"href":"https:\/\/www.ceramicbasin.com\/pt\/wp-json\/wp\/v2\/product_cat?post=5150"},{"taxonomy":"product_tag","embeddable":true,"href":"https:\/\/www.ceramicbasin.com\/pt\/wp-json\/wp\/v2\/product_tag?post=5150"}],"curies":[{"name":"wp","href":"https:\/\/api.w.org\/{rel}","templated":true}]}}