{"id":5204,"date":"2024-09-25T08:08:54","date_gmt":"2024-09-25T08:08:54","guid":{"rendered":"https:\/\/www.ceramicbasin.com\/?post_type=product&#038;p=5204"},"modified":"2025-08-15T03:29:36","modified_gmt":"2025-08-15T03:29:36","slug":"ceramic-vessel-sinks-wholesale","status":"publish","type":"product","link":"https:\/\/www.ceramicbasin.com\/pt\/produto\/ceramic-vessel-sinks-wholesale\/","title":{"rendered":"Pias de cer\u00e2mica para vasos por atacado, pequenas bacias de lavagem suspensas na parede"},"content":{"rendered":"<div class=\"wp-block-columns is-layout-flex wp-container-core-columns-is-layout-9d6595d7 wp-block-columns-is-layout-flex\">\n<div class=\"wp-block-column is-layout-flow wp-block-column-is-layout-flow\">\n<h2 class=\"wp-block-heading\">Pias para vasos de cer\u00e2mica Premium Carater\u00edsticas por atacado:<\/h2>\n\n\n\n<ul class=\"wp-block-list\">\n<li><strong>Vantagem de pre\u00e7o:<\/strong> Fornecemos servi\u00e7os de encomendas a granel para estes lava-loi\u00e7as de cer\u00e2mica por atacado, que n\u00e3o s\u00e3o apenas acess\u00edveis, mas tamb\u00e9m de entrega r\u00e1pida, adequados para projectos comerciais e decora\u00e7\u00e3o residencial em grande escala, satisfazendo as necessidades de alta efici\u00eancia e baixo custo.<\/li>\n\n\n\n<li><strong>Instala\u00e7\u00e3o na parede:&nbsp;<\/strong>O design de montagem na parede destes pequenos lavat\u00f3rios de casa de banho por atacado poupa espa\u00e7o e \u00e9 f\u00e1cil de limpar. Este mini lavat\u00f3rio de casa de banho por atacado \u00e9 particularmente adequado para casas de banho modernas e compactas, melhorando a limpeza e a modernidade do espa\u00e7o em geral.<\/li>\n\n\n\n<li><strong>Tratamento de esmalte f\u00e1cil de limpar:<\/strong>\u00a0A superf\u00edcie deste lavat\u00f3rio de cer\u00e2mica suspenso na parede adopta uma tecnologia especial de esmalte f\u00e1cil de limpar, que \u00e9 suave e delicada, as manchas n\u00e3o s\u00e3o f\u00e1ceis de aderir e s\u00e3o f\u00e1ceis de limpar.<\/li>\n\n\n\n<li><strong>Design elegante:<\/strong> O nosso lavat\u00f3rio de casa de banho suspenso na parede acrescenta um toque de eleg\u00e2ncia e modernidade a qualquer casa de banho, tornando-o um ponto focal com estilo. H\u00e1 um espa\u00e7o direito perto da torneira, onde se pode colocar champ\u00f4 ou telem\u00f3vel.<\/li>\n<\/ul>\n<\/div>\n\n\n\n<div class=\"wp-block-column is-layout-flow wp-block-column-is-layout-flow\">\n<figure class=\"wp-block-image size-full\"><img fetchpriority=\"high\" decoding=\"async\" width=\"980\" height=\"1362\" src=\"https:\/\/www.ceramicbasin.com\/wp-content\/uploads\/2024\/09\/Rectangle-wall-hung-wash-basins-6.webp\" alt=\"Pias de cer\u00e2mica para vasos por atacado, pequenas bacias de lavagem suspensas na parede-1\" class=\"wp-image-5205\" srcset=\"https:\/\/www.ceramicbasin.com\/wp-content\/uploads\/2024\/09\/Rectangle-wall-hung-wash-basins-6.webp 980w, https:\/\/www.ceramicbasin.com\/wp-content\/uploads\/2024\/09\/Rectangle-wall-hung-wash-basins-6-216x300.webp 216w, https:\/\/www.ceramicbasin.com\/wp-content\/uploads\/2024\/09\/Rectangle-wall-hung-wash-basins-6-768x1067.webp 768w, https:\/\/www.ceramicbasin.com\/wp-content\/uploads\/2024\/09\/Rectangle-wall-hung-wash-basins-6-9x12.webp 9w, https:\/\/www.ceramicbasin.com\/wp-content\/uploads\/2024\/09\/Rectangle-wall-hung-wash-basins-6-285x396.webp 285w, https:\/\/www.ceramicbasin.com\/wp-content\/uploads\/2024\/09\/Rectangle-wall-hung-wash-basins-6-475x660.webp 475w, https:\/\/www.ceramicbasin.com\/wp-content\/uploads\/2024\/09\/Rectangle-wall-hung-wash-basins-6-108x150.webp 108w\" sizes=\"(max-width: 980px) 100vw, 980px\" \/><\/figure>\n<\/div>\n<\/div>","protected":false},"excerpt":{"rendered":"<p>Os nossos pequenos lavat\u00f3rios de cer\u00e2mica suspensos na parede foram concebidos para poupar espa\u00e7o. Estes pequenos lavat\u00f3rios de casa de banho por atacado s\u00e3o dur\u00e1veis e f\u00e1ceis de limpar, com uma superf\u00edcie lisa e delicada. O design compacto n\u00e3o s\u00f3 \u00e9 adequado para casas de banho pequenas, como tamb\u00e9m d\u00e1 um toque moderno a qualquer espa\u00e7o. Quer seja para uso dom\u00e9stico ou para projectos comerciais, estes lavat\u00f3rios suspensos na parede s\u00e3o a escolha ideal.<\/p>\n<table style=\"border-collapse: collapse; width: 311.02pt;\" border=\"0\" width=\"311\" cellspacing=\"0\" cellpadding=\"0\">\n<tbody>\n<tr style=\"height: 17.60pt;\">\n<td class=\"et3\" style=\"height: 17.60pt; width: 108.35pt;\" width=\"108\" height=\"17\">Fabricante<\/td>\n<td class=\"et3\" style=\"width: 202.95pt;\" width=\"202\">HanYu<\/td>\n<\/tr>\n<tr style=\"height: 17.60pt;\">\n<td class=\"et3\" style=\"height: 17.60pt;\" height=\"17\">Modelo n.<\/td>\n<td class=\"et4\">HY-3123<\/td>\n<\/tr>\n<tr style=\"height: 17.60pt;\">\n<td class=\"et3\" style=\"height: 17.60pt;\" height=\"17\">Tipo<\/td>\n<td class=\"et3\">Pequenos lavat\u00f3rios de casa de banho\/lavat\u00f3rios de parede<\/td>\n<\/tr>\n<tr style=\"height: 17.60pt;\">\n<td class=\"et3\" style=\"height: 17.60pt;\" height=\"17\">Forma<\/td>\n<td class=\"et3\">\u00a0Forma quadrada<\/td>\n<\/tr>\n<tr style=\"height: 17.60pt;\">\n<td class=\"et4\" style=\"height: 17.60pt;\" height=\"17\">Cor<\/td>\n<td class=\"et3\">Branco<\/td>\n<\/tr>\n<tr style=\"height: 18.00pt;\">\n<td class=\"et3\" style=\"height: 18.00pt;\" height=\"18\">Dimens\u00e3o<\/td>\n<td class=\"et6\" style=\"width: 202.95pt;\" width=\"202\">41.5*31*14<\/td>\n<\/tr>\n<tr style=\"height: 17.60pt;\">\n<td class=\"et3\" style=\"height: 17.60pt;\" height=\"17\">N.W \/SET<\/td>\n<td class=\"et3\">8KGS\/PCS<\/td>\n<\/tr>\n<tr style=\"height: 17.60pt;\">\n<td class=\"et3\" style=\"height: 17.60pt;\" height=\"17\">MOQ<\/td>\n<td class=\"et3\">20 unidades<\/td>\n<\/tr>\n<tr style=\"height: 17.60pt;\">\n<td class=\"et3\" style=\"height: 17.60pt;\" height=\"17\">Op\u00e7\u00e3o personalizada<\/td>\n<td class=\"et3\">Cor\/Patente\/Tamanho\/Logotipo\/Embalagem<\/td>\n<\/tr>\n<\/tbody>\n<\/table>\n<p>&nbsp;<\/p>","protected":false},"featured_media":5206,"comment_status":"closed","ping_status":"closed","template":"","meta":{"_acf_changed":false},"product_brand":[],"product_cat":[57],"product_tag":[],"class_list":{"0":"post-5204","1":"product","2":"type-product","3":"status-publish","4":"has-post-thumbnail","6":"product_cat-wholesale-wall-mounted-sinks","8":"first","9":"instock","10":"shipping-taxable","11":"product-type-simple"},"acf":[],"_links":{"self":[{"href":"https:\/\/www.ceramicbasin.com\/pt\/wp-json\/wp\/v2\/product\/5204","targetHints":{"allow":["GET"]}}],"collection":[{"href":"https:\/\/www.ceramicbasin.com\/pt\/wp-json\/wp\/v2\/product"}],"about":[{"href":"https:\/\/www.ceramicbasin.com\/pt\/wp-json\/wp\/v2\/types\/product"}],"replies":[{"embeddable":true,"href":"https:\/\/www.ceramicbasin.com\/pt\/wp-json\/wp\/v2\/comments?post=5204"}],"wp:featuredmedia":[{"embeddable":true,"href":"https:\/\/www.ceramicbasin.com\/pt\/wp-json\/wp\/v2\/media\/5206"}],"wp:attachment":[{"href":"https:\/\/www.ceramicbasin.com\/pt\/wp-json\/wp\/v2\/media?parent=5204"}],"wp:term":[{"taxonomy":"product_brand","embeddable":true,"href":"https:\/\/www.ceramicbasin.com\/pt\/wp-json\/wp\/v2\/product_brand?post=5204"},{"taxonomy":"product_cat","embeddable":true,"href":"https:\/\/www.ceramicbasin.com\/pt\/wp-json\/wp\/v2\/product_cat?post=5204"},{"taxonomy":"product_tag","embeddable":true,"href":"https:\/\/www.ceramicbasin.com\/pt\/wp-json\/wp\/v2\/product_tag?post=5204"}],"curies":[{"name":"wp","href":"https:\/\/api.w.org\/{rel}","templated":true}]}}