{"id":5215,"date":"2024-09-25T08:55:58","date_gmt":"2024-09-25T08:55:58","guid":{"rendered":"https:\/\/www.ceramicbasin.com\/?post_type=product&#038;p=5215"},"modified":"2024-09-26T07:36:18","modified_gmt":"2024-09-26T07:36:18","slug":"wholesale-above-counter-basin","status":"publish","type":"product","link":"https:\/\/www.ceramicbasin.com\/pt\/produto\/wholesale-above-counter-basin\/","title":{"rendered":"Bacia de balc\u00e3o por atacado, bacia de arte em cer\u00e2mica em forma de tigela"},"content":{"rendered":"<div class=\"wp-block-columns is-layout-flex wp-container-core-columns-is-layout-9d6595d7 wp-block-columns-is-layout-flex\">\n<div class=\"wp-block-column is-layout-flow wp-block-column-is-layout-flow\">\n<h2 class=\"wp-block-heading\">Bacia superior de balc\u00e3o Premium Wholesale Carater\u00edsticas:<\/h2>\n\n\n\n<ul class=\"wp-block-list\">\n<li><strong>Design elegante e \u00fanico da ta\u00e7a:<\/strong> Este lavat\u00f3rio de balc\u00e3o por atacado utiliza uma forma de ta\u00e7a delicada, uma atmosfera art\u00edstica \u00fanica, para quebrar o design mon\u00f3tono do lavat\u00f3rio de casa de banho tradicional. As suas linhas redondas e suaves conferem eleg\u00e2ncia e estilo \u00e0 casa de banho.<\/li>\n\n\n\n<li><strong>Materiais cer\u00e2micos de alta qualidade para maior durabilidade: <\/strong>O nosso vaso cer\u00e2mico sinls por atacado utiliza cer\u00e2micas selecionadas de alta qualidade cozidas a altas temperaturas para garantir uma excelente dureza e durabilidade. O seu esmalte liso n\u00e3o \u00e9 apenas bonito, mas tamb\u00e9m tem carater\u00edsticas anti-incrustantes e anti-riscos, que podem efetivamente resistir ao desgaste di\u00e1rio.<\/li>\n\n\n\n<li><strong>Adaptar-se a diferentes estilos: <\/strong>Para satisfazer as necessidades de diferentes estilos de acabamento de casas de banho, o lavat\u00f3rio por atacado acima do balc\u00e3o est\u00e1 dispon\u00edvel numa variedade de tamanhos e cores. Quer se trate de simplicidade moderna, luxo europeu ou estilo personalizado, pode encontrar os produtos certos.<\/li>\n\n\n\n<li><strong>Instala\u00e7\u00e3o f\u00e1cil: <\/strong>Como um design de bacia, o nosso processo de instala\u00e7\u00e3o por atacado de vasos de cer\u00e2mica \u00e9 simples e r\u00e1pido, adequado para uma variedade de materiais de superf\u00edcie e layouts. Quer se trate de uma casa de banho dom\u00e9stica, de um hotel ou de uma casa de banho comercial, pode ser facilmente instalado e rapidamente utilizado.<\/li>\n<\/ul>\n<\/div>\n\n\n\n<div class=\"wp-block-column is-layout-flow wp-block-column-is-layout-flow\">\n<figure class=\"wp-block-image size-full\"><img fetchpriority=\"high\" decoding=\"async\" width=\"980\" height=\"1352\" src=\"https:\/\/www.ceramicbasin.com\/wp-content\/uploads\/2024\/09\/Bowl-Art-Table-Top-Wash-Basin-6.webp\" alt=\"Bacia de balc\u00e3o por atacado, bacia de arte em cer\u00e2mica em forma de tigela-1\" class=\"wp-image-5237\" srcset=\"https:\/\/www.ceramicbasin.com\/wp-content\/uploads\/2024\/09\/Bowl-Art-Table-Top-Wash-Basin-6.webp 980w, https:\/\/www.ceramicbasin.com\/wp-content\/uploads\/2024\/09\/Bowl-Art-Table-Top-Wash-Basin-6-217x300.webp 217w, https:\/\/www.ceramicbasin.com\/wp-content\/uploads\/2024\/09\/Bowl-Art-Table-Top-Wash-Basin-6-768x1060.webp 768w, https:\/\/www.ceramicbasin.com\/wp-content\/uploads\/2024\/09\/Bowl-Art-Table-Top-Wash-Basin-6-9x12.webp 9w, https:\/\/www.ceramicbasin.com\/wp-content\/uploads\/2024\/09\/Bowl-Art-Table-Top-Wash-Basin-6-285x393.webp 285w, https:\/\/www.ceramicbasin.com\/wp-content\/uploads\/2024\/09\/Bowl-Art-Table-Top-Wash-Basin-6-478x660.webp 478w, https:\/\/www.ceramicbasin.com\/wp-content\/uploads\/2024\/09\/Bowl-Art-Table-Top-Wash-Basin-6-109x150.webp 109w\" sizes=\"(max-width: 980px) 100vw, 980px\" \/><\/figure>\n<\/div>\n<\/div>\n\n\n\n<p><\/p>","protected":false},"excerpt":{"rendered":"<p>Bem-vindo ao comprar vasos de cer\u00e2mica por atacado, a nossa bacia de balc\u00e3o por atacado que combina beleza art\u00edstica com fun\u00e7\u00e3o pr\u00e1tica, apresentando um design elegante em forma de tigela e materiais cer\u00e2micos de alta qualidade que s\u00e3o resistentes a manchas, dur\u00e1veis e f\u00e1ceis de limpar. Ideal para fam\u00edlias, hot\u00e9is e empresas.<\/p>\n<table style=\"border-collapse: collapse; width: 311.02pt;\" border=\"0\" width=\"311\" cellspacing=\"0\" cellpadding=\"0\">\n<tbody>\n<tr style=\"height: 17.60pt;\">\n<td class=\"et3\" style=\"height: 17.60pt; width: 108.35pt;\" width=\"108\" height=\"17\">Fabricante<\/td>\n<td class=\"et3\" style=\"width: 202.95pt;\" width=\"202\">HanYu<\/td>\n<\/tr>\n<tr style=\"height: 17.60pt;\">\n<td class=\"et3\" style=\"height: 17.60pt;\" height=\"17\">Modelo n.<\/td>\n<td class=\"et4\">HY-8224<\/td>\n<\/tr>\n<tr style=\"height: 17.60pt;\">\n<td class=\"et3\" style=\"height: 17.60pt;\" height=\"17\">Tipo<\/td>\n<td class=\"et3\">Lava-lou\u00e7as de bancada<\/td>\n<\/tr>\n<tr style=\"height: 17.60pt;\">\n<td class=\"et3\" style=\"height: 17.60pt;\" height=\"17\">Forma<\/td>\n<td class=\"et3\">\u00a0Forma quadrada<\/td>\n<\/tr>\n<tr style=\"height: 17.60pt;\">\n<td class=\"et4\" style=\"height: 17.60pt;\" height=\"17\">Cor<\/td>\n<td class=\"et3\">Branco<\/td>\n<\/tr>\n<tr style=\"height: 18.00pt;\">\n<td class=\"et3\" style=\"height: 18.00pt;\" height=\"18\">Dimens\u00e3o<\/td>\n<td class=\"et6\" style=\"width: 202.95pt;\" width=\"202\">43*45.5*12.5<\/td>\n<\/tr>\n<tr style=\"height: 17.60pt;\">\n<td class=\"et3\" style=\"height: 17.60pt;\" height=\"17\">N.W \/SET<\/td>\n<td class=\"et3\">10KGS\/PCS<\/td>\n<\/tr>\n<tr style=\"height: 17.60pt;\">\n<td class=\"et3\" style=\"height: 17.60pt;\" height=\"17\">MOQ<\/td>\n<td class=\"et3\">20 unidades<\/td>\n<\/tr>\n<tr style=\"height: 17.60pt;\">\n<td class=\"et3\" style=\"height: 17.60pt;\" height=\"17\">Op\u00e7\u00e3o personalizada<\/td>\n<td class=\"et3\">Cor\/Patente\/Tamanho\/Logotipo\/Embalagem<\/td>\n<\/tr>\n<\/tbody>\n<\/table>\n<p>&nbsp;<\/p>","protected":false},"featured_media":5238,"comment_status":"closed","ping_status":"closed","template":"","meta":{"_acf_changed":false},"product_brand":[],"product_cat":[50],"product_tag":[],"class_list":{"0":"post-5215","1":"product","2":"type-product","3":"status-publish","4":"has-post-thumbnail","6":"product_cat-wholesale-countertop-sinks","8":"first","9":"instock","10":"shipping-taxable","11":"product-type-simple"},"acf":[],"_links":{"self":[{"href":"https:\/\/www.ceramicbasin.com\/pt\/wp-json\/wp\/v2\/product\/5215","targetHints":{"allow":["GET"]}}],"collection":[{"href":"https:\/\/www.ceramicbasin.com\/pt\/wp-json\/wp\/v2\/product"}],"about":[{"href":"https:\/\/www.ceramicbasin.com\/pt\/wp-json\/wp\/v2\/types\/product"}],"replies":[{"embeddable":true,"href":"https:\/\/www.ceramicbasin.com\/pt\/wp-json\/wp\/v2\/comments?post=5215"}],"wp:featuredmedia":[{"embeddable":true,"href":"https:\/\/www.ceramicbasin.com\/pt\/wp-json\/wp\/v2\/media\/5238"}],"wp:attachment":[{"href":"https:\/\/www.ceramicbasin.com\/pt\/wp-json\/wp\/v2\/media?parent=5215"}],"wp:term":[{"taxonomy":"product_brand","embeddable":true,"href":"https:\/\/www.ceramicbasin.com\/pt\/wp-json\/wp\/v2\/product_brand?post=5215"},{"taxonomy":"product_cat","embeddable":true,"href":"https:\/\/www.ceramicbasin.com\/pt\/wp-json\/wp\/v2\/product_cat?post=5215"},{"taxonomy":"product_tag","embeddable":true,"href":"https:\/\/www.ceramicbasin.com\/pt\/wp-json\/wp\/v2\/product_tag?post=5215"}],"curies":[{"name":"wp","href":"https:\/\/api.w.org\/{rel}","templated":true}]}}