{"id":5225,"date":"2024-09-25T09:36:51","date_gmt":"2024-09-25T09:36:51","guid":{"rendered":"https:\/\/www.ceramicbasin.com\/?post_type=product&#038;p=5225"},"modified":"2024-09-26T03:50:24","modified_gmt":"2024-09-26T03:50:24","slug":"counter-top-sinks-wholesale","status":"publish","type":"product","link":"https:\/\/www.ceramicbasin.com\/pt\/produto\/counter-top-sinks-wholesale\/","title":{"rendered":"Novo design de pias de bancada de cer\u00e2mica branca por atacado para casa de banho"},"content":{"rendered":"<div class=\"wp-block-columns is-layout-flex wp-container-core-columns-is-layout-9d6595d7 wp-block-columns-is-layout-flex\">\n<div class=\"wp-block-column is-layout-flow wp-block-column-is-layout-flow\">\n<h2 class=\"wp-block-heading\">Pias de balc\u00e3o Premium por atacado Carater\u00edsticas:<\/h2>\n\n\n\n<ul class=\"wp-block-list\">\n<li><strong>Vantagem de pre\u00e7o:<\/strong> Fornecemos servi\u00e7os de encomenda a granel para estes lava-loi\u00e7as de cer\u00e2mica por atacado, que n\u00e3o s\u00e3o apenas acess\u00edveis, mas tamb\u00e9m de entrega r\u00e1pida, adequados para projectos comerciais e decora\u00e7\u00e3o residencial em grande escala, satisfazendo as necessidades de alta efici\u00eancia e baixo custo.<\/li>\n\n\n\n<li><strong>Grande capacidade de produ\u00e7\u00e3o: <\/strong>Grande armaz\u00e9m para conter estes produtos de pias de cer\u00e2mica por atacado. Escolha os itens que lhe interessam e pergunte-nos, a maioria dos pias de cer\u00e2mica branca por atacado est\u00e3o em estoque, ent\u00e3o o tempo de envio seria muito mais curto.<\/li>\n\n\n\n<li><strong>Superf\u00edcie agrad\u00e1vel: <\/strong>A superf\u00edcie dos nossos lava-loi\u00e7as de cer\u00e2mica por atacado \u00e9 lisa e pode ser mate ou brilhante, conforme necess\u00e1rio. Toca-lhe e sente-o, \u00e9 sedoso e requintado.<\/li>\n\n\n\n<li><strong>Design de moda: <\/strong>O nosso lavat\u00f3rio redondo de balc\u00e3o por atacado, que tem um design moderno e elegante com linhas suaves, \u00e9 adequado para v\u00e1rias disposi\u00e7\u00f5es de casa de banho e real\u00e7a a beleza geral e o grau do espa\u00e7o.<\/li>\n<\/ul>\n<\/div>\n\n\n\n<div class=\"wp-block-column is-layout-flow wp-block-column-is-layout-flow\">\n<figure class=\"wp-block-image size-full\"><img fetchpriority=\"high\" decoding=\"async\" width=\"827\" height=\"1200\" src=\"https:\/\/www.ceramicbasin.com\/wp-content\/uploads\/2024\/09\/Counter-Top-Hand-Wash-Basin-6-1.webp\" alt=\"Novo design de pias de bancada de cer\u00e2mica branca por atacado para casa de banho-1\" class=\"wp-image-5232\" srcset=\"https:\/\/www.ceramicbasin.com\/wp-content\/uploads\/2024\/09\/Counter-Top-Hand-Wash-Basin-6-1.webp 827w, https:\/\/www.ceramicbasin.com\/wp-content\/uploads\/2024\/09\/Counter-Top-Hand-Wash-Basin-6-1-207x300.webp 207w, https:\/\/www.ceramicbasin.com\/wp-content\/uploads\/2024\/09\/Counter-Top-Hand-Wash-Basin-6-1-768x1114.webp 768w, https:\/\/www.ceramicbasin.com\/wp-content\/uploads\/2024\/09\/Counter-Top-Hand-Wash-Basin-6-1-8x12.webp 8w, https:\/\/www.ceramicbasin.com\/wp-content\/uploads\/2024\/09\/Counter-Top-Hand-Wash-Basin-6-1-285x414.webp 285w, https:\/\/www.ceramicbasin.com\/wp-content\/uploads\/2024\/09\/Counter-Top-Hand-Wash-Basin-6-1-455x660.webp 455w, https:\/\/www.ceramicbasin.com\/wp-content\/uploads\/2024\/09\/Counter-Top-Hand-Wash-Basin-6-1-103x150.webp 103w\" sizes=\"(max-width: 827px) 100vw, 827px\" \/><figcaption class=\"wp-element-caption\">Novo design de pias de bancada de cer\u00e2mica branca por atacado para casa de banho-1<\/figcaption><\/figure>\n<\/div>\n<\/div>","protected":false},"excerpt":{"rendered":"<p>Bem-vindo \u00e0 compra de lavat\u00f3rios de porcelana. Os nossos lava-loi\u00e7as de cer\u00e2mica de forma redonda t\u00eam um design moderno e elegante com linhas suaves. A superf\u00edcie \u00e9 lisa e pode ser mate e brilhante, conforme necess\u00e1rio.<\/p>\n<table style=\"border-collapse: collapse; width: 311.02pt;\" border=\"0\" width=\"311\" cellspacing=\"0\" cellpadding=\"0\">\n<tbody>\n<tr style=\"height: 17.60pt;\">\n<td class=\"et3\" style=\"height: 17.60pt; width: 108.35pt;\" width=\"108\" height=\"17\">Fabricante<\/td>\n<td class=\"et3\" style=\"width: 202.95pt;\" width=\"202\">HanYu<\/td>\n<\/tr>\n<tr style=\"height: 17.60pt;\">\n<td class=\"et3\" style=\"height: 17.60pt;\" height=\"17\">Modelo n.<\/td>\n<td class=\"et4\">HY-8182<\/td>\n<\/tr>\n<tr style=\"height: 17.60pt;\">\n<td class=\"et3\" style=\"height: 17.60pt;\" height=\"17\">Tipo<\/td>\n<td class=\"et3\">Lava-lou\u00e7as de bancada<\/td>\n<\/tr>\n<tr style=\"height: 17.60pt;\">\n<td class=\"et3\" style=\"height: 17.60pt;\" height=\"17\">Forma<\/td>\n<td class=\"et3\">\u00a0Forma redonda<\/td>\n<\/tr>\n<tr style=\"height: 17.60pt;\">\n<td class=\"et4\" style=\"height: 17.60pt;\" height=\"17\">Cor<\/td>\n<td class=\"et3\">Branco<\/td>\n<\/tr>\n<tr style=\"height: 18.00pt;\">\n<td class=\"et3\" style=\"height: 18.00pt;\" height=\"18\">Dimens\u00e3o<\/td>\n<td class=\"et6\" style=\"width: 202.95pt;\" width=\"202\">35*35*12<\/td>\n<\/tr>\n<tr style=\"height: 17.60pt;\">\n<td class=\"et3\" style=\"height: 17.60pt;\" height=\"17\">N.W \/SET<\/td>\n<td class=\"et3\">5.5KGS\/PCS<\/td>\n<\/tr>\n<tr style=\"height: 17.60pt;\">\n<td class=\"et3\" style=\"height: 17.60pt;\" height=\"17\">MOQ<\/td>\n<td class=\"et3\">20 unidades<\/td>\n<\/tr>\n<tr style=\"height: 17.60pt;\">\n<td class=\"et3\" style=\"height: 17.60pt;\" height=\"17\">Op\u00e7\u00e3o personalizada<\/td>\n<td class=\"et3\">Cor\/Patente\/Tamanho\/Logotipo\/Embalagem<\/td>\n<\/tr>\n<\/tbody>\n<\/table>\n<p>&nbsp;<\/p>","protected":false},"featured_media":5227,"comment_status":"closed","ping_status":"closed","template":"","meta":{"_acf_changed":false},"product_brand":[],"product_cat":[50],"product_tag":[],"class_list":{"0":"post-5225","1":"product","2":"type-product","3":"status-publish","4":"has-post-thumbnail","6":"product_cat-wholesale-countertop-sinks","8":"first","9":"instock","10":"shipping-taxable","11":"product-type-simple"},"acf":[],"_links":{"self":[{"href":"https:\/\/www.ceramicbasin.com\/pt\/wp-json\/wp\/v2\/product\/5225","targetHints":{"allow":["GET"]}}],"collection":[{"href":"https:\/\/www.ceramicbasin.com\/pt\/wp-json\/wp\/v2\/product"}],"about":[{"href":"https:\/\/www.ceramicbasin.com\/pt\/wp-json\/wp\/v2\/types\/product"}],"replies":[{"embeddable":true,"href":"https:\/\/www.ceramicbasin.com\/pt\/wp-json\/wp\/v2\/comments?post=5225"}],"wp:featuredmedia":[{"embeddable":true,"href":"https:\/\/www.ceramicbasin.com\/pt\/wp-json\/wp\/v2\/media\/5227"}],"wp:attachment":[{"href":"https:\/\/www.ceramicbasin.com\/pt\/wp-json\/wp\/v2\/media?parent=5225"}],"wp:term":[{"taxonomy":"product_brand","embeddable":true,"href":"https:\/\/www.ceramicbasin.com\/pt\/wp-json\/wp\/v2\/product_brand?post=5225"},{"taxonomy":"product_cat","embeddable":true,"href":"https:\/\/www.ceramicbasin.com\/pt\/wp-json\/wp\/v2\/product_cat?post=5225"},{"taxonomy":"product_tag","embeddable":true,"href":"https:\/\/www.ceramicbasin.com\/pt\/wp-json\/wp\/v2\/product_tag?post=5225"}],"curies":[{"name":"wp","href":"https:\/\/api.w.org\/{rel}","templated":true}]}}