{"id":5260,"date":"2024-10-08T07:17:24","date_gmt":"2024-10-08T07:17:24","guid":{"rendered":"https:\/\/www.ceramicbasin.com\/?post_type=product&#038;p=5260"},"modified":"2024-10-08T07:17:27","modified_gmt":"2024-10-08T07:17:27","slug":"wholesale-vessel-sinks","status":"publish","type":"product","link":"https:\/\/www.ceramicbasin.com\/pt\/produto\/wholesale-vessel-sinks\/","title":{"rendered":"Lava-lou\u00e7as quadrado pequeno por atacado, lavat\u00f3rio acima do balc\u00e3o"},"content":{"rendered":"<div class=\"wp-block-columns is-layout-flex wp-container-core-columns-is-layout-9d6595d7 wp-block-columns-is-layout-flex\">\n<div class=\"wp-block-column is-layout-flow wp-block-column-is-layout-flow\">\n<h2 class=\"wp-block-heading\">Pias de vaso Premium Wholesale Carater\u00edsticas:<\/h2>\n\n\n\n<ul class=\"wp-block-list\">\n<li><strong>Design requintado:<\/strong> Estes lava-lou\u00e7as por atacado adoptam um design aerodin\u00e2mico, arestas arredondadas e linhas suaves, apresentando um elevado valor est\u00e9tico, acrescentando um toque de requinte e eleg\u00e2ncia ao espa\u00e7o de banho.<\/li>\n\n\n\n<li><strong>Cer\u00e2mica de alta qualidade:<\/strong> As mat\u00e9rias-primas cer\u00e2micas selecionadas de alta qualidade, sinterizadas a alta temperatura, garantem que os nossos lavat\u00f3rios para vasos feitos \u00e0 medida t\u00eam uma estrutura s\u00f3lida, uma superf\u00edcie delicada e lisa, f\u00e1cil de limpar e duram como novos.<\/li>\n\n\n\n<li><strong>Instala\u00e7\u00e3o de topo:<\/strong> Este lava-loi\u00e7as de cer\u00e2mica por atacado adopta um m\u00e9todo de instala\u00e7\u00e3o superior, que \u00e9 f\u00e1cil de instalar, est\u00e1vel e fi\u00e1vel, n\u00e3o s\u00f3 poupando espa\u00e7o, mas tamb\u00e9m conveniente para a manuten\u00e7\u00e3o e limpeza di\u00e1rias, e melhorando a experi\u00eancia do utilizador.<\/li>\n\n\n\n<li><strong>Poupan\u00e7a de custos na compra em massa:<\/strong> Como fabricante de bacias de cer\u00e2mica por atacado, a HanYu pode fornecer pias para vasos sanit\u00e1rios personalizadas por atacado com pre\u00e7os de compra competitivos para ajud\u00e1-lo a controlar eficazmente os custos de decora\u00e7\u00e3o sem sacrificar a qualidade.<\/li>\n<\/ul>\n<\/div>\n\n\n\n<div class=\"wp-block-column is-layout-flow wp-block-column-is-layout-flow\">\n<figure class=\"wp-block-image size-full\"><img fetchpriority=\"high\" decoding=\"async\" width=\"1000\" height=\"1000\" src=\"https:\/\/www.ceramicbasin.com\/wp-content\/uploads\/2024\/10\/Customized-Square-White-Bathroom-Single-Vessel-Sink-Ceramic-Above-Counter-Small-Wash-Basin-5.webp\" alt=\"Lava-lou\u00e7as quadrado pequeno por atacado, lavat\u00f3rio acima do balc\u00e3o-1\" class=\"wp-image-5266\" srcset=\"https:\/\/www.ceramicbasin.com\/wp-content\/uploads\/2024\/10\/Customized-Square-White-Bathroom-Single-Vessel-Sink-Ceramic-Above-Counter-Small-Wash-Basin-5.webp 1000w, https:\/\/www.ceramicbasin.com\/wp-content\/uploads\/2024\/10\/Customized-Square-White-Bathroom-Single-Vessel-Sink-Ceramic-Above-Counter-Small-Wash-Basin-5-300x300.webp 300w, https:\/\/www.ceramicbasin.com\/wp-content\/uploads\/2024\/10\/Customized-Square-White-Bathroom-Single-Vessel-Sink-Ceramic-Above-Counter-Small-Wash-Basin-5-150x150.webp 150w, https:\/\/www.ceramicbasin.com\/wp-content\/uploads\/2024\/10\/Customized-Square-White-Bathroom-Single-Vessel-Sink-Ceramic-Above-Counter-Small-Wash-Basin-5-768x768.webp 768w, https:\/\/www.ceramicbasin.com\/wp-content\/uploads\/2024\/10\/Customized-Square-White-Bathroom-Single-Vessel-Sink-Ceramic-Above-Counter-Small-Wash-Basin-5-12x12.webp 12w, https:\/\/www.ceramicbasin.com\/wp-content\/uploads\/2024\/10\/Customized-Square-White-Bathroom-Single-Vessel-Sink-Ceramic-Above-Counter-Small-Wash-Basin-5-285x285.webp 285w, https:\/\/www.ceramicbasin.com\/wp-content\/uploads\/2024\/10\/Customized-Square-White-Bathroom-Single-Vessel-Sink-Ceramic-Above-Counter-Small-Wash-Basin-5-270x270.webp 270w, https:\/\/www.ceramicbasin.com\/wp-content\/uploads\/2024\/10\/Customized-Square-White-Bathroom-Single-Vessel-Sink-Ceramic-Above-Counter-Small-Wash-Basin-5-540x540.webp 540w, https:\/\/www.ceramicbasin.com\/wp-content\/uploads\/2024\/10\/Customized-Square-White-Bathroom-Single-Vessel-Sink-Ceramic-Above-Counter-Small-Wash-Basin-5-660x660.webp 660w\" sizes=\"(max-width: 1000px) 100vw, 1000px\" \/><\/figure>\n<\/div>\n<\/div>","protected":false},"excerpt":{"rendered":"<p>Bem-vindo \u00e0 compra de pias para vasos por atacado. Estes lavat\u00f3rios de cer\u00e2mica por atacado s\u00e3o fornecidos diretamente pela nossa f\u00e1brica, reduzindo consideravelmente os seus custos de compra. Os nossos lavat\u00f3rios de cer\u00e2mica por atacado s\u00e3o feitos de cer\u00e2mica de alta qualidade e cozidos a altas temperaturas. Oferecemos descontos por atacado neste design popular para atender \u00e0s necessidades de projectos comerciais ou grandes renova\u00e7\u00f5es residenciais.<\/p>\n<table style=\"border-collapse: collapse; width: 358.52pt;\" border=\"0\" width=\"478\" cellspacing=\"0\" cellpadding=\"0\">\n<tbody>\n<tr style=\"height: 17.25pt;\">\n<td class=\"et3\" style=\"height: 17.25pt; width: 125.00pt;\" width=\"166\" height=\"23\">Fabricante<\/td>\n<td class=\"et3\" style=\"width: 234.15pt;\" width=\"312\">HanYu<\/td>\n<\/tr>\n<tr style=\"height: 17.25pt;\">\n<td class=\"et3\" style=\"height: 17.25pt;\" height=\"23\">Modelo n.<\/td>\n<td class=\"et4\">HY-8198<\/td>\n<\/tr>\n<tr style=\"height: 17.25pt;\">\n<td class=\"et3\" style=\"height: 17.25pt;\" height=\"23\">Tipo<\/td>\n<td class=\"et5\" style=\"width: 234.15pt;\" width=\"312\">Bacias de bancada<\/td>\n<\/tr>\n<tr style=\"height: 18.00pt;\">\n<td class=\"et3\" style=\"height: 18.00pt;\" height=\"24\">Forma<\/td>\n<td class=\"et3\">Forma quadrada<\/td>\n<\/tr>\n<tr style=\"height: 34.50pt;\">\n<td class=\"et4\" style=\"height: 34.50pt;\" height=\"46\">Cor<\/td>\n<td class=\"et5\" style=\"width: 234.15pt;\" width=\"312\">preto\/branco\/azul\/cinzento\/rosa\/verde\/castanho\/caqui<\/td>\n<\/tr>\n<tr style=\"height: 18.00pt;\">\n<td class=\"et3\" style=\"height: 18.00pt;\" height=\"24\">Dimens\u00e3o<\/td>\n<td class=\"et5\" style=\"width: 234.15pt;\" width=\"312\">37.5*37.5*13.5<\/td>\n<\/tr>\n<tr style=\"height: 17.25pt;\">\n<td class=\"et3\" style=\"height: 17.25pt;\" height=\"23\">N.W \/SET<\/td>\n<td class=\"et3\">7 KGS\/PCS<\/td>\n<\/tr>\n<tr style=\"height: 17.25pt;\">\n<td class=\"et3\" style=\"height: 17.25pt;\" height=\"23\">MOQ<\/td>\n<td class=\"et3\">20 unidades<\/td>\n<\/tr>\n<tr style=\"height: 17.25pt;\">\n<td class=\"et3\" style=\"height: 17.25pt;\" height=\"23\">Op\u00e7\u00e3o personalizada<\/td>\n<td class=\"et3\">Cor\/Patente\/Tamanho\/Logotipo\/Embalagem<\/td>\n<\/tr>\n<\/tbody>\n<\/table>\n<p>&nbsp;<\/p>","protected":false},"featured_media":5265,"comment_status":"closed","ping_status":"closed","template":"","meta":{"_acf_changed":false},"product_brand":[],"product_cat":[50,56],"product_tag":[],"class_list":{"0":"post-5260","1":"product","2":"type-product","3":"status-publish","4":"has-post-thumbnail","6":"product_cat-wholesale-countertop-sinks","7":"product_cat-wholesale-small-bathroom-sinks","9":"first","10":"instock","11":"shipping-taxable","12":"product-type-simple"},"acf":[],"_links":{"self":[{"href":"https:\/\/www.ceramicbasin.com\/pt\/wp-json\/wp\/v2\/product\/5260","targetHints":{"allow":["GET"]}}],"collection":[{"href":"https:\/\/www.ceramicbasin.com\/pt\/wp-json\/wp\/v2\/product"}],"about":[{"href":"https:\/\/www.ceramicbasin.com\/pt\/wp-json\/wp\/v2\/types\/product"}],"replies":[{"embeddable":true,"href":"https:\/\/www.ceramicbasin.com\/pt\/wp-json\/wp\/v2\/comments?post=5260"}],"wp:featuredmedia":[{"embeddable":true,"href":"https:\/\/www.ceramicbasin.com\/pt\/wp-json\/wp\/v2\/media\/5265"}],"wp:attachment":[{"href":"https:\/\/www.ceramicbasin.com\/pt\/wp-json\/wp\/v2\/media?parent=5260"}],"wp:term":[{"taxonomy":"product_brand","embeddable":true,"href":"https:\/\/www.ceramicbasin.com\/pt\/wp-json\/wp\/v2\/product_brand?post=5260"},{"taxonomy":"product_cat","embeddable":true,"href":"https:\/\/www.ceramicbasin.com\/pt\/wp-json\/wp\/v2\/product_cat?post=5260"},{"taxonomy":"product_tag","embeddable":true,"href":"https:\/\/www.ceramicbasin.com\/pt\/wp-json\/wp\/v2\/product_tag?post=5260"}],"curies":[{"name":"wp","href":"https:\/\/api.w.org\/{rel}","templated":true}]}}