{"id":5322,"date":"2024-10-11T02:57:34","date_gmt":"2024-10-11T02:57:34","guid":{"rendered":"https:\/\/www.ceramicbasin.com\/?post_type=product&#038;p=5322"},"modified":"2024-10-11T02:57:36","modified_gmt":"2024-10-11T02:57:36","slug":"semi-recessed-wholesale-sinks","status":"publish","type":"product","link":"https:\/\/www.ceramicbasin.com\/pt\/produto\/semi-recessed-wholesale-sinks\/","title":{"rendered":"Pias semi-encastradas de alta qualidade por atacado, bacias de cer\u00e2mica por atacado"},"content":{"rendered":"<div class=\"wp-block-columns is-layout-flex wp-container-core-columns-is-layout-9d6595d7 wp-block-columns-is-layout-flex\">\n<div class=\"wp-block-column is-layout-flow wp-block-column-is-layout-flow\">\n<h2 class=\"wp-block-heading\">Pias Premium semi-encastradas por atacado Carater\u00edsticas:<\/h2>\n\n\n\n<ul class=\"wp-block-list\">\n<li><strong>Material cer\u00e2mico, excelente qualidade:<\/strong>\u00a0Estes lava-loi\u00e7as semi-encastrados por atacado s\u00e3o feitos de material cer\u00e2mico de alta qualidade, este material tem as carater\u00edsticas de alta resist\u00eancia e resist\u00eancia ao desgaste. A superf\u00edcie da cer\u00e2mica \u00e9 lisa e delicada, a cor \u00e9 duradoura, n\u00e3o \u00e9 f\u00e1cil de desvanecer e pode manter a sua beleza durante muito tempo.<\/li>\n\n\n\n<li><strong>Novo design, liderando a tend\u00eancia:<\/strong>\u00a0Combinando os mais recentes conceitos de design e a procura do mercado de lavat\u00f3rios semi-encastrados de cer\u00e2mica por atacado, lan\u00e7\u00e1mos uma s\u00e9rie de novos estilos. Estes designs n\u00e3o s\u00f3 acompanham as tend\u00eancias da moda, mas tamb\u00e9m consideram plenamente a combina\u00e7\u00e3o de praticidade e est\u00e9tica, e podem satisfazer as elevadas exig\u00eancias da decora\u00e7\u00e3o moderna da casa de banho.<\/li>\n\n\n\n<li><strong>Robusto e duradouro:<\/strong>&nbsp;O nosso lava-loi\u00e7a de cer\u00e2mica por atacado \u00e9 feito de materiais cer\u00e2micos de alta qualidade e cozido a altas temperaturas para garantir que o produto \u00e9 dur\u00e1vel, resistente a manchas e a riscos. A superf\u00edcie lisa n\u00e3o s\u00f3 \u00e9 f\u00e1cil de limpar, como tamb\u00e9m mant\u00e9m a beleza e o brilho durante muito tempo.<\/li>\n\n\n\n<li><strong>Pre\u00e7o competitivo:\u00a0<\/strong>Como fabricante s\u00e9nior de lavat\u00f3rios de casa de banho, a Hanyu fornece-lhe lavat\u00f3rios semi-rebaixados de alta qualidade a pre\u00e7os mais competitivos para aumentar as suas margens de lucro.<\/li>\n<\/ul>\n<\/div>\n\n\n\n<div class=\"wp-block-column is-layout-flow wp-block-column-is-layout-flow\">\n<figure class=\"wp-block-image size-full\"><img fetchpriority=\"high\" decoding=\"async\" width=\"679\" height=\"931\" src=\"https:\/\/www.ceramicbasin.com\/wp-content\/uploads\/2024\/10\/Wholesale-basin-supplier-semi-counter-hand-washing-basin-1.webp\" alt=\"Pias semi-encastradas de alta qualidade por atacado, bacias de cer\u00e2mica por atacado-1\" class=\"wp-image-5295\" srcset=\"https:\/\/www.ceramicbasin.com\/wp-content\/uploads\/2024\/10\/Wholesale-basin-supplier-semi-counter-hand-washing-basin-1.webp 679w, https:\/\/www.ceramicbasin.com\/wp-content\/uploads\/2024\/10\/Wholesale-basin-supplier-semi-counter-hand-washing-basin-1-219x300.webp 219w, https:\/\/www.ceramicbasin.com\/wp-content\/uploads\/2024\/10\/Wholesale-basin-supplier-semi-counter-hand-washing-basin-1-9x12.webp 9w, https:\/\/www.ceramicbasin.com\/wp-content\/uploads\/2024\/10\/Wholesale-basin-supplier-semi-counter-hand-washing-basin-1-285x391.webp 285w, https:\/\/www.ceramicbasin.com\/wp-content\/uploads\/2024\/10\/Wholesale-basin-supplier-semi-counter-hand-washing-basin-1-481x660.webp 481w, https:\/\/www.ceramicbasin.com\/wp-content\/uploads\/2024\/10\/Wholesale-basin-supplier-semi-counter-hand-washing-basin-1-109x150.webp 109w\" sizes=\"(max-width: 679px) 100vw, 679px\" \/><figcaption class=\"wp-element-caption\">Pias semi-encastradas de alta qualidade por atacado, bacias de cer\u00e2mica por atacado-1<\/figcaption><\/figure>\n<\/div>\n<\/div>","protected":false},"excerpt":{"rendered":"<p>Estes lavat\u00f3rios semi-encastrados para venda por grosso s\u00e3o feitos de cer\u00e2mica de alta qualidade com uma textura suave, excelente durabilidade e resist\u00eancia \u00e0s manchas. O design semi-embutido combina moda e funcionalidade, poupando espa\u00e7o e melhorando a sensa\u00e7\u00e3o moderna da casa de banho. Adequado para todos os tipos de projectos residenciais, hoteleiros e comerciais de alta qualidade, o fornecimento por atacado pode fornecer uma variedade de tamanhos e cores de acordo com as necessidades do cliente.<\/p>\n<table style=\"border-collapse: collapse; width: 358.52pt;\" border=\"0\" width=\"478\" cellspacing=\"0\" cellpadding=\"0\">\n<tbody>\n<tr style=\"height: 17.25pt;\">\n<td class=\"et3\" style=\"height: 17.25pt; width: 125.00pt;\" width=\"166\" height=\"23\">Fabricante<\/td>\n<td class=\"et3\" style=\"width: 234.15pt;\" width=\"312\">HanYu<\/td>\n<\/tr>\n<tr style=\"height: 17.25pt;\">\n<td class=\"et3\" style=\"height: 17.25pt;\" height=\"23\">Modelo n.<\/td>\n<td class=\"et4\">HY-409<\/td>\n<\/tr>\n<tr style=\"height: 17.25pt;\">\n<td class=\"et3\" style=\"height: 17.25pt;\" height=\"23\">Tipo<\/td>\n<td class=\"et5\" style=\"width: 234.15pt;\" width=\"312\">Lava-lou\u00e7as semi-encastrados<\/td>\n<\/tr>\n<tr style=\"height: 18.00pt;\">\n<td class=\"et3\" style=\"height: 18.00pt;\" height=\"24\">Forma<\/td>\n<td class=\"et3\">Forma redonda<\/td>\n<\/tr>\n<tr style=\"height: 34.50pt;\">\n<td class=\"et4\" style=\"height: 34.50pt;\" height=\"46\">Cor<\/td>\n<td class=\"et5\" style=\"width: 234.15pt;\" width=\"312\">preto\/branco\/azul\/cinzento\/rosa\/verde\/castanho\/caqui<\/td>\n<\/tr>\n<tr style=\"height: 18.00pt;\">\n<td class=\"et3\" style=\"height: 18.00pt;\" height=\"24\">Dimens\u00e3o<\/td>\n<td class=\"et5\" style=\"width: 234.15pt;\" width=\"312\">43.5*43.5*15.5<\/td>\n<\/tr>\n<tr style=\"height: 17.25pt;\">\n<td class=\"et3\" style=\"height: 17.25pt;\" height=\"23\">N.W \/SET<\/td>\n<td class=\"et3\">8KGS\/PCS<\/td>\n<\/tr>\n<tr style=\"height: 17.25pt;\">\n<td class=\"et3\" style=\"height: 17.25pt;\" height=\"23\">MOQ<\/td>\n<td class=\"et3\">20 unidades<\/td>\n<\/tr>\n<tr style=\"height: 17.25pt;\">\n<td class=\"et3\" style=\"height: 17.25pt;\" height=\"23\">Op\u00e7\u00e3o personalizada<\/td>\n<td class=\"et3\">Cor\/Patente\/Tamanho\/Logotipo\/Embalagem<\/td>\n<\/tr>\n<\/tbody>\n<\/table>","protected":false},"featured_media":5301,"comment_status":"closed","ping_status":"closed","template":"","meta":{"_acf_changed":false},"product_brand":[],"product_cat":[58],"product_tag":[],"class_list":{"0":"post-5322","1":"product","2":"type-product","3":"status-publish","4":"has-post-thumbnail","6":"product_cat-wholesale-semi-recessed-sinks","8":"first","9":"instock","10":"shipping-taxable","11":"product-type-simple"},"acf":[],"_links":{"self":[{"href":"https:\/\/www.ceramicbasin.com\/pt\/wp-json\/wp\/v2\/product\/5322","targetHints":{"allow":["GET"]}}],"collection":[{"href":"https:\/\/www.ceramicbasin.com\/pt\/wp-json\/wp\/v2\/product"}],"about":[{"href":"https:\/\/www.ceramicbasin.com\/pt\/wp-json\/wp\/v2\/types\/product"}],"replies":[{"embeddable":true,"href":"https:\/\/www.ceramicbasin.com\/pt\/wp-json\/wp\/v2\/comments?post=5322"}],"wp:featuredmedia":[{"embeddable":true,"href":"https:\/\/www.ceramicbasin.com\/pt\/wp-json\/wp\/v2\/media\/5301"}],"wp:attachment":[{"href":"https:\/\/www.ceramicbasin.com\/pt\/wp-json\/wp\/v2\/media?parent=5322"}],"wp:term":[{"taxonomy":"product_brand","embeddable":true,"href":"https:\/\/www.ceramicbasin.com\/pt\/wp-json\/wp\/v2\/product_brand?post=5322"},{"taxonomy":"product_cat","embeddable":true,"href":"https:\/\/www.ceramicbasin.com\/pt\/wp-json\/wp\/v2\/product_cat?post=5322"},{"taxonomy":"product_tag","embeddable":true,"href":"https:\/\/www.ceramicbasin.com\/pt\/wp-json\/wp\/v2\/product_tag?post=5322"}],"curies":[{"name":"wp","href":"https:\/\/api.w.org\/{rel}","templated":true}]}}