{"id":5323,"date":"2024-10-11T02:49:19","date_gmt":"2024-10-11T02:49:19","guid":{"rendered":"https:\/\/www.ceramicbasin.com\/?post_type=product&#038;p=5323"},"modified":"2024-10-11T02:49:22","modified_gmt":"2024-10-11T02:49:22","slug":"semi-recessed-basins-wholesale","status":"publish","type":"product","link":"https:\/\/www.ceramicbasin.com\/pt\/produto\/semi-recessed-basins-wholesale\/","title":{"rendered":"Lavat\u00f3rios semi-encastrados de forma redonda por atacado para casa de banho"},"content":{"rendered":"<div class=\"wp-block-columns is-layout-flex wp-container-core-columns-is-layout-9d6595d7 wp-block-columns-is-layout-flex\">\n<div class=\"wp-block-column is-layout-flow wp-block-column-is-layout-flow\">\n<h2 class=\"wp-block-heading\">Bacias semi-encastradas Premium Carater\u00edsticas por atacado:<\/h2>\n\n\n\n<ul class=\"wp-block-list\">\n<li><strong>Design moderno:\u00a0<\/strong>Estes lavat\u00f3rios semi-encastrados por atacado adoptam um design moderno e simples. O design redondo e suave pode integrar-se perfeitamente em v\u00e1rios estilos de casa de banho, dando um toque moderno e sofisticado ao espa\u00e7o de banho.<\/li>\n\n\n\n<li><strong>Materiais de alta qualidade:\u00a0<\/strong>Os materiais cer\u00e2micos selecionados de alta qualidade, cozidos a altas temperaturas, garantem que o nosso lavat\u00f3rio de casa de banho por atacado \u00e9 dur\u00e1vel, resistente a manchas e a riscos. A superf\u00edcie lisa do nosso lavat\u00f3rio de casa de banho semi-encastrado por atacado n\u00e3o s\u00f3 \u00e9 f\u00e1cil de limpar, como tamb\u00e9m se mant\u00e9m bonita e brilhante durante muito tempo.<\/li>\n\n\n\n<li><strong>Pre\u00e7o favor\u00e1vel:\u00a0<\/strong>Como produto por grosso, a HanYu oferece um pre\u00e7o de compra a granel muito competitivo para bacias semi-encastradas por grosso, garantindo que pode desfrutar de bacias de cer\u00e2mica de alta qualidade enquanto controla os custos.<\/li>\n\n\n\n<li><strong>Capacidade de entrega r\u00e1pida:\u00a0<\/strong>Com uma forte rede de invent\u00e1rio e log\u00edstica, prometemos responder rapidamente \u00e0 compra por grosso de lavat\u00f3rios para casas de banho, garantir a entrega atempada e ajudar o seu projeto a progredir.<\/li>\n<\/ul>\n<\/div>\n\n\n\n<div class=\"wp-block-column is-layout-flow wp-block-column-is-layout-flow\">\n<figure class=\"wp-block-image size-full\"><img fetchpriority=\"high\" decoding=\"async\" width=\"679\" height=\"931\" src=\"https:\/\/www.ceramicbasin.com\/wp-content\/uploads\/2024\/10\/Bathroom-wash-basin-manufacturer-round-shape-semi-counter-sink-1.webp\" alt=\"Lavat\u00f3rios semi-encastrados de forma redonda por atacado para casa de banho-1\" class=\"wp-image-5302\" srcset=\"https:\/\/www.ceramicbasin.com\/wp-content\/uploads\/2024\/10\/Bathroom-wash-basin-manufacturer-round-shape-semi-counter-sink-1.webp 679w, https:\/\/www.ceramicbasin.com\/wp-content\/uploads\/2024\/10\/Bathroom-wash-basin-manufacturer-round-shape-semi-counter-sink-1-219x300.webp 219w, https:\/\/www.ceramicbasin.com\/wp-content\/uploads\/2024\/10\/Bathroom-wash-basin-manufacturer-round-shape-semi-counter-sink-1-9x12.webp 9w, https:\/\/www.ceramicbasin.com\/wp-content\/uploads\/2024\/10\/Bathroom-wash-basin-manufacturer-round-shape-semi-counter-sink-1-285x391.webp 285w, https:\/\/www.ceramicbasin.com\/wp-content\/uploads\/2024\/10\/Bathroom-wash-basin-manufacturer-round-shape-semi-counter-sink-1-481x660.webp 481w, https:\/\/www.ceramicbasin.com\/wp-content\/uploads\/2024\/10\/Bathroom-wash-basin-manufacturer-round-shape-semi-counter-sink-1-109x150.webp 109w\" sizes=\"(max-width: 679px) 100vw, 679px\" \/><figcaption class=\"wp-element-caption\">Lavat\u00f3rios semi-encastrados de forma redonda por atacado para casa de banho-1<\/figcaption><\/figure>\n<\/div>\n<\/div>","protected":false},"excerpt":{"rendered":"<p>Bem-vindo ao comprar lavat\u00f3rio para casa de banho por atacado. Estas bacias semi-embutidas por atacado adoptam um design moderno e simples, com apar\u00eancia elegante, adequado para v\u00e1rios estilos de casa de banho. O seu material cer\u00e2mico de alta qualidade \u00e9 dur\u00e1vel e f\u00e1cil de limpar, tornando-o uma escolha ideal para projectos hoteleiros, residenciais e comerciais. Suporte para lavat\u00f3rios de casa de banho personalizados.<\/p>\n<table style=\"border-collapse: collapse; width: 358.52pt;\" border=\"0\" width=\"478\" cellspacing=\"0\" cellpadding=\"0\">\n<tbody>\n<tr style=\"height: 17.25pt;\">\n<td class=\"et3\" style=\"height: 17.25pt; width: 125.00pt;\" width=\"166\" height=\"23\">Fabricante<\/td>\n<td class=\"et3\" style=\"width: 234.15pt;\" width=\"312\">HanYu<\/td>\n<\/tr>\n<tr style=\"height: 17.25pt;\">\n<td class=\"et3\" style=\"height: 17.25pt;\" height=\"23\">Modelo n.<\/td>\n<td class=\"et4\">HY-496<\/td>\n<\/tr>\n<tr style=\"height: 17.25pt;\">\n<td class=\"et3\" style=\"height: 17.25pt;\" height=\"23\">Tipo<\/td>\n<td class=\"et5\" style=\"width: 234.15pt;\" width=\"312\">Lava-lou\u00e7as semi-encastrados<\/td>\n<\/tr>\n<tr style=\"height: 18.00pt;\">\n<td class=\"et3\" style=\"height: 18.00pt;\" height=\"24\">Forma<\/td>\n<td class=\"et3\">Forma redonda<\/td>\n<\/tr>\n<tr style=\"height: 34.50pt;\">\n<td class=\"et4\" style=\"height: 34.50pt;\" height=\"46\">Cor<\/td>\n<td class=\"et5\" style=\"width: 234.15pt;\" width=\"312\">preto\/branco\/azul\/cinzento\/rosa\/verde\/castanho\/caqui<\/td>\n<\/tr>\n<tr style=\"height: 18.00pt;\">\n<td class=\"et3\" style=\"height: 18.00pt;\" height=\"24\">Dimens\u00e3o<\/td>\n<td class=\"et5\" style=\"width: 234.15pt;\" width=\"312\">43*43*18<\/td>\n<\/tr>\n<tr style=\"height: 17.25pt;\">\n<td class=\"et3\" style=\"height: 17.25pt;\" height=\"23\">N.W \/SET<\/td>\n<td class=\"et3\">9KGS\/PCS<\/td>\n<\/tr>\n<tr style=\"height: 17.25pt;\">\n<td class=\"et3\" style=\"height: 17.25pt;\" height=\"23\">MOQ<\/td>\n<td class=\"et3\">20 unidades<\/td>\n<\/tr>\n<tr style=\"height: 17.25pt;\">\n<td class=\"et3\" style=\"height: 17.25pt;\" height=\"23\">Op\u00e7\u00e3o personalizada<\/td>\n<td class=\"et3\">Cor\/Patente\/Tamanho\/Logotipo\/Embalagem<\/td>\n<\/tr>\n<\/tbody>\n<\/table>","protected":false},"featured_media":5305,"comment_status":"closed","ping_status":"closed","template":"","meta":{"_acf_changed":false},"product_brand":[],"product_cat":[58],"product_tag":[],"class_list":{"0":"post-5323","1":"product","2":"type-product","3":"status-publish","4":"has-post-thumbnail","6":"product_cat-wholesale-semi-recessed-sinks","8":"first","9":"instock","10":"shipping-taxable","11":"product-type-simple"},"acf":[],"_links":{"self":[{"href":"https:\/\/www.ceramicbasin.com\/pt\/wp-json\/wp\/v2\/product\/5323","targetHints":{"allow":["GET"]}}],"collection":[{"href":"https:\/\/www.ceramicbasin.com\/pt\/wp-json\/wp\/v2\/product"}],"about":[{"href":"https:\/\/www.ceramicbasin.com\/pt\/wp-json\/wp\/v2\/types\/product"}],"replies":[{"embeddable":true,"href":"https:\/\/www.ceramicbasin.com\/pt\/wp-json\/wp\/v2\/comments?post=5323"}],"wp:featuredmedia":[{"embeddable":true,"href":"https:\/\/www.ceramicbasin.com\/pt\/wp-json\/wp\/v2\/media\/5305"}],"wp:attachment":[{"href":"https:\/\/www.ceramicbasin.com\/pt\/wp-json\/wp\/v2\/media?parent=5323"}],"wp:term":[{"taxonomy":"product_brand","embeddable":true,"href":"https:\/\/www.ceramicbasin.com\/pt\/wp-json\/wp\/v2\/product_brand?post=5323"},{"taxonomy":"product_cat","embeddable":true,"href":"https:\/\/www.ceramicbasin.com\/pt\/wp-json\/wp\/v2\/product_cat?post=5323"},{"taxonomy":"product_tag","embeddable":true,"href":"https:\/\/www.ceramicbasin.com\/pt\/wp-json\/wp\/v2\/product_tag?post=5323"}],"curies":[{"name":"wp","href":"https:\/\/api.w.org\/{rel}","templated":true}]}}