{"id":5327,"date":"2024-10-25T01:38:19","date_gmt":"2024-10-25T01:38:19","guid":{"rendered":"https:\/\/www.ceramicbasin.com\/?post_type=product&#038;p=5327"},"modified":"2024-10-25T01:38:21","modified_gmt":"2024-10-25T01:38:21","slug":"wholesale-sink","status":"publish","type":"product","link":"https:\/\/www.ceramicbasin.com\/pt\/produto\/wholesale-sink\/","title":{"rendered":"Lavat\u00f3rio por atacado de f\u00e1brica, lavat\u00f3rios semi-encastrados personalizados com orif\u00edcio superior"},"content":{"rendered":"<div class=\"wp-block-columns is-layout-flex wp-container-core-columns-is-layout-9d6595d7 wp-block-columns-is-layout-flex\">\n<div class=\"wp-block-column is-layout-flow wp-block-column-is-layout-flow\">\n<h2 class=\"wp-block-heading\">Carater\u00edsticas do lava-loi\u00e7a Premium Wholesale:<\/h2>\n\n\n\n<ul class=\"wp-block-list\">\n<li><strong>Grande capacidade de produ\u00e7\u00e3o:\u00a0<\/strong>Grande armaz\u00e9m para conter estes lavat\u00f3rios de cer\u00e2mica por atacado. Escolha os itens que lhe interessam e pergunte-nos, a maioria dos pias de cer\u00e2mica branca por atacado est\u00e3o em estoque, ent\u00e3o o tempo de envio seria muito mais curto.<\/li>\n\n\n\n<li><strong>Superf\u00edcie agrad\u00e1vel:\u00a0<\/strong>A superf\u00edcie dos nossos lavat\u00f3rios personalizados semi-encastrados em cer\u00e2mica \u00e9 lisa e pode ser mate ou brilhante, se necess\u00e1rio. Toque-lhe e sinta-a, \u00e9 sedosa e requintada.<\/li>\n\n\n\n<li><strong>Poupan\u00e7a de custos:\u00a0<\/strong>Fornecemos lavat\u00f3rios de cer\u00e2mica por atacado e fornecemos diretamente da f\u00e1brica para garantir que pode fornecer produtos de alta qualidade aos pre\u00e7os mais competitivos. As compras a granel podem beneficiar de descontos adicionais e ajudar os propriet\u00e1rios de hot\u00e9is a poupar nos custos de decora\u00e7\u00e3o.<\/li>\n\n\n\n<li><strong>Sa\u00fade e seguran\u00e7a:<\/strong>\u00a0Os nossos lavat\u00f3rios personalizados semi-encastrados de cer\u00e2mica por atacado adoptam processos de produ\u00e7\u00e3o amigos do ambiente e n\u00e3o cont\u00eam subst\u00e2ncias nocivas para garantir que os produtos s\u00e3o inofensivos para o corpo humano. A HanYu est\u00e1 empenhada em fornecer produtos de casa de banho seguros e ecol\u00f3gicos para o seu hotel.<\/li>\n<\/ul>\n<\/div>\n\n\n\n<div class=\"wp-block-column is-layout-flow wp-block-column-is-layout-flow\">\n<figure class=\"wp-block-image size-full\"><img fetchpriority=\"high\" decoding=\"async\" width=\"682\" height=\"967\" src=\"https:\/\/www.ceramicbasin.com\/wp-content\/uploads\/2024\/10\/Ceramic-wash-basin-supplier-semi-recessed-basin-with-tap-hole-5.webp\" alt=\"Lavat\u00f3rio por atacado de f\u00e1brica, lavat\u00f3rios semi-encastrados personalizados com furo superior-1\" class=\"wp-image-5316\" srcset=\"https:\/\/www.ceramicbasin.com\/wp-content\/uploads\/2024\/10\/Ceramic-wash-basin-supplier-semi-recessed-basin-with-tap-hole-5.webp 682w, https:\/\/www.ceramicbasin.com\/wp-content\/uploads\/2024\/10\/Ceramic-wash-basin-supplier-semi-recessed-basin-with-tap-hole-5-212x300.webp 212w, https:\/\/www.ceramicbasin.com\/wp-content\/uploads\/2024\/10\/Ceramic-wash-basin-supplier-semi-recessed-basin-with-tap-hole-5-8x12.webp 8w, https:\/\/www.ceramicbasin.com\/wp-content\/uploads\/2024\/10\/Ceramic-wash-basin-supplier-semi-recessed-basin-with-tap-hole-5-285x404.webp 285w, https:\/\/www.ceramicbasin.com\/wp-content\/uploads\/2024\/10\/Ceramic-wash-basin-supplier-semi-recessed-basin-with-tap-hole-5-465x660.webp 465w, https:\/\/www.ceramicbasin.com\/wp-content\/uploads\/2024\/10\/Ceramic-wash-basin-supplier-semi-recessed-basin-with-tap-hole-5-106x150.webp 106w\" sizes=\"(max-width: 682px) 100vw, 682px\" \/><\/figure>\n<\/div>\n<\/div>\n\n\n\n<p><\/p>","protected":false},"excerpt":{"rendered":"<p>Bem-vindo \u00e0 compra de lavat\u00f3rios. A Hanyu fornece lavat\u00f3rios de cer\u00e2mica semi-encastrados por atacado e fornecimentos diretamente da f\u00e1brica para garantir que pode encomendar produtos de alta qualidade aos pre\u00e7os mais competitivos. As compras a granel podem beneficiar de descontos adicionais e ajudar os propriet\u00e1rios de hot\u00e9is a poupar nos custos de decora\u00e7\u00e3o.<\/p>\n<table style=\"border-collapse: collapse; width: 358.52pt;\" border=\"0\" width=\"478\" cellspacing=\"0\" cellpadding=\"0\">\n<tbody>\n<tr style=\"height: 17.25pt;\">\n<td class=\"et3\" style=\"height: 17.25pt; width: 125.00pt;\" width=\"166\" height=\"23\">Fabricante<\/td>\n<td class=\"et3\" style=\"width: 234.15pt;\" width=\"312\">HanYu<\/td>\n<\/tr>\n<tr style=\"height: 17.25pt;\">\n<td class=\"et3\" style=\"height: 17.25pt;\" height=\"23\">Modelo n.<\/td>\n<td class=\"et4\">HY-5078<\/td>\n<\/tr>\n<tr style=\"height: 17.25pt;\">\n<td class=\"et3\" style=\"height: 17.25pt;\" height=\"23\">Tipo<\/td>\n<td class=\"et5\" style=\"width: 234.15pt;\" width=\"312\">Lava-lou\u00e7as semi-encastrados<\/td>\n<\/tr>\n<tr style=\"height: 18.00pt;\">\n<td class=\"et3\" style=\"height: 18.00pt;\" height=\"24\">Forma<\/td>\n<td class=\"et3\">Forma oval<\/td>\n<\/tr>\n<tr style=\"height: 34.50pt;\">\n<td class=\"et4\" style=\"height: 34.50pt;\" height=\"46\">Cor<\/td>\n<td class=\"et5\" style=\"width: 234.15pt;\" width=\"312\">preto\/branco\/azul\/cinzento\/rosa\/verde\/castanho\/caqui<\/td>\n<\/tr>\n<tr style=\"height: 18.00pt;\">\n<td class=\"et3\" style=\"height: 18.00pt;\" height=\"24\">Dimens\u00e3o<\/td>\n<td class=\"et5\" style=\"width: 234.15pt;\" width=\"312\">50*43*17<\/td>\n<\/tr>\n<tr style=\"height: 17.25pt;\">\n<td class=\"et3\" style=\"height: 17.25pt;\" height=\"23\">N.W \/SET<\/td>\n<td class=\"et3\">9KGS\/PCS<\/td>\n<\/tr>\n<tr style=\"height: 17.25pt;\">\n<td class=\"et3\" style=\"height: 17.25pt;\" height=\"23\">MOQ<\/td>\n<td class=\"et3\">20 unidades<\/td>\n<\/tr>\n<tr style=\"height: 17.25pt;\">\n<td class=\"et3\" style=\"height: 17.25pt;\" height=\"23\">Op\u00e7\u00e3o personalizada<\/td>\n<td class=\"et3\">Cor\/Patente\/Tamanho\/Logotipo\/Embalagem<\/td>\n<\/tr>\n<\/tbody>\n<\/table>","protected":false},"featured_media":5315,"comment_status":"closed","ping_status":"closed","template":"","meta":{"_acf_changed":false},"product_brand":[],"product_cat":[58],"product_tag":[],"class_list":{"0":"post-5327","1":"product","2":"type-product","3":"status-publish","4":"has-post-thumbnail","6":"product_cat-wholesale-semi-recessed-sinks","8":"first","9":"instock","10":"shipping-taxable","11":"product-type-simple"},"acf":[],"_links":{"self":[{"href":"https:\/\/www.ceramicbasin.com\/pt\/wp-json\/wp\/v2\/product\/5327","targetHints":{"allow":["GET"]}}],"collection":[{"href":"https:\/\/www.ceramicbasin.com\/pt\/wp-json\/wp\/v2\/product"}],"about":[{"href":"https:\/\/www.ceramicbasin.com\/pt\/wp-json\/wp\/v2\/types\/product"}],"replies":[{"embeddable":true,"href":"https:\/\/www.ceramicbasin.com\/pt\/wp-json\/wp\/v2\/comments?post=5327"}],"wp:featuredmedia":[{"embeddable":true,"href":"https:\/\/www.ceramicbasin.com\/pt\/wp-json\/wp\/v2\/media\/5315"}],"wp:attachment":[{"href":"https:\/\/www.ceramicbasin.com\/pt\/wp-json\/wp\/v2\/media?parent=5327"}],"wp:term":[{"taxonomy":"product_brand","embeddable":true,"href":"https:\/\/www.ceramicbasin.com\/pt\/wp-json\/wp\/v2\/product_brand?post=5327"},{"taxonomy":"product_cat","embeddable":true,"href":"https:\/\/www.ceramicbasin.com\/pt\/wp-json\/wp\/v2\/product_cat?post=5327"},{"taxonomy":"product_tag","embeddable":true,"href":"https:\/\/www.ceramicbasin.com\/pt\/wp-json\/wp\/v2\/product_tag?post=5327"}],"curies":[{"name":"wp","href":"https:\/\/api.w.org\/{rel}","templated":true}]}}