{"id":5366,"date":"2024-10-17T06:24:17","date_gmt":"2024-10-17T06:24:17","guid":{"rendered":"https:\/\/www.ceramicbasin.com\/?post_type=product&#038;p=5366"},"modified":"2024-10-17T09:35:17","modified_gmt":"2024-10-17T09:35:17","slug":"oval-vessel-sink-wholesale","status":"publish","type":"product","link":"https:\/\/www.ceramicbasin.com\/pt\/produto\/oval-vessel-sink-wholesale\/","title":{"rendered":"Pia de vaso oval por atacado, pias de casa de banho personalizadas a granel"},"content":{"rendered":"<div class=\"wp-block-columns is-layout-flex wp-container-core-columns-is-layout-9d6595d7 wp-block-columns-is-layout-flex\">\n<div class=\"wp-block-column is-layout-flow wp-block-column-is-layout-flow\">\n<h2 class=\"wp-block-heading\">Lavat\u00f3rio Oval de Vessel Premium Carater\u00edsticas por atacado:<\/h2>\n\n\n\n<ul class=\"wp-block-list\">\n<li><strong>Design oval cl\u00e1ssico:<\/strong> Este lava-loi\u00e7a oval por atacado adopta um design oval elegante com linhas suaves e atmosfera simples, que \u00e9 adequado para v\u00e1rios estilos de casa de banho modernos ou cl\u00e1ssicos, acrescentando uma sensa\u00e7\u00e3o de requinte \u00e0 casa de banho e real\u00e7ando a beleza geral do espa\u00e7o.<\/li>\n\n\n\n<li><strong>Material cer\u00e2mico de alta qualidade: <\/strong>Estes lavat\u00f3rios para casa de banho feitos \u00e0 medida s\u00e3o fabricados em cer\u00e2mica de alta qualidade e cozidos a altas temperaturas para garantir que os produtos t\u00eam uma excelente durabilidade e resist\u00eancia ao desgaste, adequados para uma utiliza\u00e7\u00e3o a longo prazo, e mant\u00eam o ambiente da casa de banho limpo e bonito.<\/li>\n\n\n\n<li><strong>Esmalte liso e f\u00e1cil de limpar: <\/strong>Este lava-loi\u00e7a oval por atacado tem uma superf\u00edcie lisa e delicada, excelente desempenho anti-incrustante, f\u00e1cil de limpar e manter, e pode permanecer brilhante e novo ap\u00f3s uma utiliza\u00e7\u00e3o a longo prazo, reduzindo o peso da limpeza di\u00e1ria.<\/li>\n\n\n\n<li><strong>Servi\u00e7o de personaliza\u00e7\u00e3o em massa: <\/strong>Fornecemos aos clientes servi\u00e7os de lava-loi\u00e7as \u00e0 medida, suportando uma variedade de tamanhos, cores e op\u00e7\u00f5es de tratamento de superf\u00edcie, que podem ser adaptados de acordo com as necessidades do projeto para satisfazer as necessidades de design de diferentes cen\u00e1rios, adequados para decora\u00e7\u00e3o de casas e projectos comerciais.<\/li>\n<\/ul>\n<\/div>\n\n\n\n<div class=\"wp-block-column is-layout-flow wp-block-column-is-layout-flow\">\n<figure class=\"wp-block-image size-full\"><img fetchpriority=\"high\" decoding=\"async\" width=\"980\" height=\"1348\" src=\"https:\/\/www.ceramicbasin.com\/wp-content\/uploads\/2024\/10\/Oval-Shape-Sanitary-Ware-6.webp\" alt=\"Pia de vaso oval por atacado, pias de banheiro personalizadas a granel-1\" class=\"wp-image-5367\" srcset=\"https:\/\/www.ceramicbasin.com\/wp-content\/uploads\/2024\/10\/Oval-Shape-Sanitary-Ware-6.webp 980w, https:\/\/www.ceramicbasin.com\/wp-content\/uploads\/2024\/10\/Oval-Shape-Sanitary-Ware-6-218x300.webp 218w, https:\/\/www.ceramicbasin.com\/wp-content\/uploads\/2024\/10\/Oval-Shape-Sanitary-Ware-6-768x1056.webp 768w, https:\/\/www.ceramicbasin.com\/wp-content\/uploads\/2024\/10\/Oval-Shape-Sanitary-Ware-6-9x12.webp 9w, https:\/\/www.ceramicbasin.com\/wp-content\/uploads\/2024\/10\/Oval-Shape-Sanitary-Ware-6-285x392.webp 285w, https:\/\/www.ceramicbasin.com\/wp-content\/uploads\/2024\/10\/Oval-Shape-Sanitary-Ware-6-480x660.webp 480w, https:\/\/www.ceramicbasin.com\/wp-content\/uploads\/2024\/10\/Oval-Shape-Sanitary-Ware-6-109x150.webp 109w\" sizes=\"(max-width: 980px) 100vw, 980px\" \/><\/figure>\n<\/div>\n<\/div>","protected":false},"excerpt":{"rendered":"<p>Bem-vindo aos lavat\u00f3rios feitos \u00e0 medida para a casa de banho. Este lava-loi\u00e7a oval por atacado \u00e9 feito de cer\u00e2mica de alta qualidade cozida a alta temperatura, com carater\u00edsticas dur\u00e1veis e resistentes ao desgaste, e o esmalte liso \u00e9 f\u00e1cil de limpar, mantendo a casa de banho limpa e bonita. Suporta a personaliza\u00e7\u00e3o em lote de lavat\u00f3rios de casa de banho para combinar com uma variedade de estilos de design de casa de banho para resid\u00eancias e locais comerciais.<\/p>\n<table style=\"border-collapse: collapse; width: 358.52pt;\" border=\"0\" width=\"478\" cellspacing=\"0\" cellpadding=\"0\">\n<tbody>\n<tr style=\"height: 17.25pt;\">\n<td class=\"et3\" style=\"height: 17.25pt; width: 125.00pt;\" width=\"166\" height=\"23\">Fabricante<\/td>\n<td class=\"et3\" style=\"width: 234.15pt;\" width=\"312\">HanYu<\/td>\n<\/tr>\n<tr style=\"height: 17.25pt;\">\n<td class=\"et3\" style=\"height: 17.25pt;\" height=\"23\">Modelo n.<\/td>\n<td class=\"et4\">HY-8237<\/td>\n<\/tr>\n<tr style=\"height: 17.25pt;\">\n<td class=\"et3\" style=\"height: 17.25pt;\" height=\"23\">Tipo<\/td>\n<td class=\"et5\" style=\"width: 234.15pt;\" width=\"312\">Lavat\u00f3rio de bancada<\/td>\n<\/tr>\n<tr style=\"height: 18.00pt;\">\n<td class=\"et3\" style=\"height: 18.00pt;\" height=\"24\">Forma<\/td>\n<td class=\"et3\">Forma oval<\/td>\n<\/tr>\n<tr style=\"height: 34.50pt;\">\n<td class=\"et4\" style=\"height: 34.50pt;\" height=\"46\">Cor<\/td>\n<td class=\"et5\" style=\"width: 234.15pt;\" width=\"312\">branco<\/td>\n<\/tr>\n<tr style=\"height: 18.00pt;\">\n<td class=\"et3\" style=\"height: 18.00pt;\" height=\"24\">Dimens\u00e3o<\/td>\n<td class=\"et5\" style=\"width: 234.15pt;\" width=\"312\">61*37*12<\/td>\n<\/tr>\n<tr style=\"height: 17.25pt;\">\n<td class=\"et3\" style=\"height: 17.25pt;\" height=\"23\">N.W \/SET<\/td>\n<td class=\"et3\">11 KGS\/PCS<\/td>\n<\/tr>\n<tr style=\"height: 17.25pt;\">\n<td class=\"et3\" style=\"height: 17.25pt;\" height=\"23\">MOQ<\/td>\n<td class=\"et3\">20 unidades<\/td>\n<\/tr>\n<tr style=\"height: 17.25pt;\">\n<td class=\"et3\" style=\"height: 17.25pt;\" height=\"23\">Op\u00e7\u00e3o personalizada<\/td>\n<td class=\"et3\">Cor\/Patente\/Tamanho\/Logotipo\/Embalagem<\/td>\n<\/tr>\n<\/tbody>\n<\/table>","protected":false},"featured_media":5368,"comment_status":"closed","ping_status":"closed","template":"","meta":{"_acf_changed":false},"product_brand":[],"product_cat":[50],"product_tag":[],"class_list":{"0":"post-5366","1":"product","2":"type-product","3":"status-publish","4":"has-post-thumbnail","6":"product_cat-wholesale-countertop-sinks","8":"first","9":"instock","10":"shipping-taxable","11":"product-type-simple"},"acf":[],"_links":{"self":[{"href":"https:\/\/www.ceramicbasin.com\/pt\/wp-json\/wp\/v2\/product\/5366","targetHints":{"allow":["GET"]}}],"collection":[{"href":"https:\/\/www.ceramicbasin.com\/pt\/wp-json\/wp\/v2\/product"}],"about":[{"href":"https:\/\/www.ceramicbasin.com\/pt\/wp-json\/wp\/v2\/types\/product"}],"replies":[{"embeddable":true,"href":"https:\/\/www.ceramicbasin.com\/pt\/wp-json\/wp\/v2\/comments?post=5366"}],"wp:featuredmedia":[{"embeddable":true,"href":"https:\/\/www.ceramicbasin.com\/pt\/wp-json\/wp\/v2\/media\/5368"}],"wp:attachment":[{"href":"https:\/\/www.ceramicbasin.com\/pt\/wp-json\/wp\/v2\/media?parent=5366"}],"wp:term":[{"taxonomy":"product_brand","embeddable":true,"href":"https:\/\/www.ceramicbasin.com\/pt\/wp-json\/wp\/v2\/product_brand?post=5366"},{"taxonomy":"product_cat","embeddable":true,"href":"https:\/\/www.ceramicbasin.com\/pt\/wp-json\/wp\/v2\/product_cat?post=5366"},{"taxonomy":"product_tag","embeddable":true,"href":"https:\/\/www.ceramicbasin.com\/pt\/wp-json\/wp\/v2\/product_tag?post=5366"}],"curies":[{"name":"wp","href":"https:\/\/api.w.org\/{rel}","templated":true}]}}