{"id":5374,"date":"2024-10-17T06:55:20","date_gmt":"2024-10-17T06:55:20","guid":{"rendered":"https:\/\/www.ceramicbasin.com\/?post_type=product&#038;p=5374"},"modified":"2024-10-17T09:44:05","modified_gmt":"2024-10-17T09:44:05","slug":"bespoke-sinks-for-bathroom","status":"publish","type":"product","link":"https:\/\/www.ceramicbasin.com\/pt\/produto\/bespoke-sinks-for-bathroom\/","title":{"rendered":"Lavat\u00f3rios de cer\u00e2mica feitos \u00e0 medida para casa de banho, Lavat\u00f3rio acima do balc\u00e3o"},"content":{"rendered":"<div class=\"wp-block-columns is-layout-flex wp-container-core-columns-is-layout-9d6595d7 wp-block-columns-is-layout-flex\">\n<div class=\"wp-block-column is-layout-flow wp-block-column-is-layout-flow\">\n<h2 class=\"wp-block-heading\">Pias Premium Bespoke para casa de banho Carater\u00edsticas:<\/h2>\n\n\n\n<ul class=\"wp-block-list\">\n<li><strong>Design de renda requintado: <\/strong>Os nossos lavat\u00f3rios de cer\u00e2mica para casa de banho adoptam um design de renda \u00fanico. O delicado trabalho artesanal contribui para a beleza geral, mostrando eleg\u00e2ncia e personalidade. Pode acrescentar uma atmosfera art\u00edstica \u00fanica ao espa\u00e7o da casa de banho e atrair a aten\u00e7\u00e3o.<\/li>\n\n\n\n<li><strong>Servi\u00e7o \u00e0 medida e design personalizado: <\/strong>Fornecemos servi\u00e7os flex\u00edveis de lavat\u00f3rios feitos \u00e0 medida, que podem ser personalizados de acordo com as necessidades do cliente em termos de tamanho, cor e estilo de renda, combinando perfeitamente com o estilo de decora\u00e7\u00e3o de diferentes casas de banho e satisfazendo as necessidades \u00fanicas dos clientes.<\/li>\n\n\n\n<li><strong>Instala\u00e7\u00e3o f\u00e1cil:<\/strong> Concebidos para montagem acima do balc\u00e3o, estes lavat\u00f3rios \u00e0 medida para casa de banho s\u00e3o f\u00e1ceis de instalar, oferecendo uma solu\u00e7\u00e3o sem complica\u00e7\u00f5es tanto para novas constru\u00e7\u00f5es como para renova\u00e7\u00f5es de casas de banho.<\/li>\n\n\n\n<li><strong>Superf\u00edcie lisa e f\u00e1cil de limpar: <\/strong>Estes lavat\u00f3rios por medida para casa de banho t\u00eam uma superf\u00edcie lisa e delicada, com tratamento de esmalte de alta qualidade, boa resist\u00eancia \u00e0s manchas e impermeabilidade, muito simples de limpar e manter, garantindo a higiene e arruma\u00e7\u00e3o do ambiente da casa de banho.<\/li>\n<\/ul>\n<\/div>\n\n\n\n<div class=\"wp-block-column is-layout-flow wp-block-column-is-layout-flow\">\n<figure class=\"wp-block-image size-full\"><img fetchpriority=\"high\" decoding=\"async\" width=\"980\" height=\"1348\" src=\"https:\/\/www.ceramicbasin.com\/wp-content\/uploads\/2024\/10\/Round-Shape-New-Style-basin-6.webp\" alt=\"Lavat\u00f3rios de cer\u00e2mica feitos \u00e0 medida para casa de banho, Lavat\u00f3rio acima do balc\u00e3o-1\" class=\"wp-image-5375\" srcset=\"https:\/\/www.ceramicbasin.com\/wp-content\/uploads\/2024\/10\/Round-Shape-New-Style-basin-6.webp 980w, https:\/\/www.ceramicbasin.com\/wp-content\/uploads\/2024\/10\/Round-Shape-New-Style-basin-6-218x300.webp 218w, https:\/\/www.ceramicbasin.com\/wp-content\/uploads\/2024\/10\/Round-Shape-New-Style-basin-6-768x1056.webp 768w, https:\/\/www.ceramicbasin.com\/wp-content\/uploads\/2024\/10\/Round-Shape-New-Style-basin-6-9x12.webp 9w, https:\/\/www.ceramicbasin.com\/wp-content\/uploads\/2024\/10\/Round-Shape-New-Style-basin-6-285x392.webp 285w, https:\/\/www.ceramicbasin.com\/wp-content\/uploads\/2024\/10\/Round-Shape-New-Style-basin-6-480x660.webp 480w, https:\/\/www.ceramicbasin.com\/wp-content\/uploads\/2024\/10\/Round-Shape-New-Style-basin-6-109x150.webp 109w\" sizes=\"(max-width: 980px) 100vw, 980px\" \/><\/figure>\n<\/div>\n<\/div>\n\n\n\n<p><\/p>","protected":false},"excerpt":{"rendered":"<p>Bem-vindo ao lavat\u00f3rio feito \u00e0 medida para o seu projeto. Este lavat\u00f3rio de cer\u00e2mica por medida para casa de banho destaca-se pelo seu design requintado em renda, mostrando um sentido de arte \u00fanico. Feito de materiais cer\u00e2micos de alta qualidade, \u00e9 dur\u00e1vel, suave e f\u00e1cil de limpar. Fornecemos servi\u00e7os completos de lavat\u00f3rio de casa de banho \u00e0 medida para satisfazer as necessidades personalizadas dos clientes em termos de tamanho e design.<\/p>\n<table style=\"border-collapse: collapse; width: 358.52pt;\" border=\"0\" width=\"478\" cellspacing=\"0\" cellpadding=\"0\">\n<tbody>\n<tr style=\"height: 17.25pt;\">\n<td class=\"et3\" style=\"height: 17.25pt; width: 125.00pt;\" width=\"166\" height=\"23\">Fabricante<\/td>\n<td class=\"et3\" style=\"width: 234.15pt;\" width=\"312\">HanYu<\/td>\n<\/tr>\n<tr style=\"height: 17.25pt;\">\n<td class=\"et3\" style=\"height: 17.25pt;\" height=\"23\">Modelo n.<\/td>\n<td class=\"et4\">HY-8239<\/td>\n<\/tr>\n<tr style=\"height: 17.25pt;\">\n<td class=\"et3\" style=\"height: 17.25pt;\" height=\"23\">Tipo<\/td>\n<td class=\"et5\" style=\"width: 234.15pt;\" width=\"312\">Lavat\u00f3rio de bancada<\/td>\n<\/tr>\n<tr style=\"height: 18.00pt;\">\n<td class=\"et3\" style=\"height: 18.00pt;\" height=\"24\">Forma<\/td>\n<td class=\"et3\">Forma redonda<\/td>\n<\/tr>\n<tr style=\"height: 34.50pt;\">\n<td class=\"et4\" style=\"height: 34.50pt;\" height=\"46\">Cor<\/td>\n<td class=\"et5\" style=\"width: 234.15pt;\" width=\"312\">branco<\/td>\n<\/tr>\n<tr style=\"height: 18.00pt;\">\n<td class=\"et3\" style=\"height: 18.00pt;\" height=\"24\">Dimens\u00e3o<\/td>\n<td class=\"et5\" style=\"width: 234.15pt;\" width=\"312\">38*38*11<\/td>\n<\/tr>\n<tr style=\"height: 17.25pt;\">\n<td class=\"et3\" style=\"height: 17.25pt;\" height=\"23\">N.W \/SET<\/td>\n<td class=\"et3\">8 KGS\/PCS<\/td>\n<\/tr>\n<tr style=\"height: 17.25pt;\">\n<td class=\"et3\" style=\"height: 17.25pt;\" height=\"23\">MOQ<\/td>\n<td class=\"et3\">20 unidades<\/td>\n<\/tr>\n<tr style=\"height: 17.25pt;\">\n<td class=\"et3\" style=\"height: 17.25pt;\" height=\"23\">Op\u00e7\u00e3o personalizada<\/td>\n<td class=\"et3\">Cor\/Patente\/Tamanho\/Logotipo\/Embalagem<\/td>\n<\/tr>\n<\/tbody>\n<\/table>","protected":false},"featured_media":5376,"comment_status":"closed","ping_status":"closed","template":"","meta":{"_acf_changed":false},"product_brand":[],"product_cat":[50],"product_tag":[],"class_list":{"0":"post-5374","1":"product","2":"type-product","3":"status-publish","4":"has-post-thumbnail","6":"product_cat-wholesale-countertop-sinks","8":"first","9":"instock","10":"shipping-taxable","11":"product-type-simple"},"acf":[],"_links":{"self":[{"href":"https:\/\/www.ceramicbasin.com\/pt\/wp-json\/wp\/v2\/product\/5374","targetHints":{"allow":["GET"]}}],"collection":[{"href":"https:\/\/www.ceramicbasin.com\/pt\/wp-json\/wp\/v2\/product"}],"about":[{"href":"https:\/\/www.ceramicbasin.com\/pt\/wp-json\/wp\/v2\/types\/product"}],"replies":[{"embeddable":true,"href":"https:\/\/www.ceramicbasin.com\/pt\/wp-json\/wp\/v2\/comments?post=5374"}],"wp:featuredmedia":[{"embeddable":true,"href":"https:\/\/www.ceramicbasin.com\/pt\/wp-json\/wp\/v2\/media\/5376"}],"wp:attachment":[{"href":"https:\/\/www.ceramicbasin.com\/pt\/wp-json\/wp\/v2\/media?parent=5374"}],"wp:term":[{"taxonomy":"product_brand","embeddable":true,"href":"https:\/\/www.ceramicbasin.com\/pt\/wp-json\/wp\/v2\/product_brand?post=5374"},{"taxonomy":"product_cat","embeddable":true,"href":"https:\/\/www.ceramicbasin.com\/pt\/wp-json\/wp\/v2\/product_cat?post=5374"},{"taxonomy":"product_tag","embeddable":true,"href":"https:\/\/www.ceramicbasin.com\/pt\/wp-json\/wp\/v2\/product_tag?post=5374"}],"curies":[{"name":"wp","href":"https:\/\/api.w.org\/{rel}","templated":true}]}}