{"id":5409,"date":"2024-10-22T06:28:15","date_gmt":"2024-10-22T06:28:15","guid":{"rendered":"https:\/\/www.ceramicbasin.com\/?post_type=product&#038;p=5409"},"modified":"2024-12-06T09:23:33","modified_gmt":"2024-12-06T09:23:33","slug":"wholesale-marble-sink","status":"publish","type":"product","link":"https:\/\/www.ceramicbasin.com\/pt\/produto\/wholesale-marble-sink\/","title":{"rendered":"Lavat\u00f3rio de m\u00e1rmore artificial por atacado, lavat\u00f3rios feitos \u00e0 medida"},"content":{"rendered":"<div class=\"wp-block-columns is-layout-flex wp-container-core-columns-is-layout-9d6595d7 wp-block-columns-is-layout-flex\">\n<div class=\"wp-block-column is-layout-flow wp-block-column-is-layout-flow\">\n<h2 class=\"wp-block-heading\">Carater\u00edsticas do lavat\u00f3rio de m\u00e1rmore Premium Wholesale:<\/h2>\n\n\n\n<ul class=\"wp-block-list\">\n<li><strong>Vasto \u00e2mbito de aplica\u00e7\u00e3o: <\/strong>Os nossos lavat\u00f3rios de m\u00e1rmore por atacado n\u00e3o s\u00e3o apenas adequados para casas de banho dom\u00e9sticas, mas tamb\u00e9m para esta\u00e7\u00f5es ferrovi\u00e1rias de alta velocidade, esta\u00e7\u00f5es de metro, bem como centros comerciais, casas de banho de restaurantes, hospitais e outros locais.<\/li>\n\n\n\n<li><strong>Colorido: <\/strong>A cor do m\u00e1rmore \u00e9 feita pelo processo de transfer\u00eancia de \u00e1gua com base numa bacia branca brilhante comum, que \u00e9 bonita e dur\u00e1vel. Oferecemos mais de 100 cores e padr\u00f5es para escolher, e todos os modelos de lavat\u00f3rio por atacado podem ser personalizados em cor e textura.<\/li>\n\n\n\n<li><strong>Vendas a quente: <\/strong>Este lavat\u00f3rio de m\u00e1rmore por atacado \u00e9 bem recebido pelo mercado devido \u00e0 sua durabilidade, cor uniforme, f\u00e1cil limpeza e manuten\u00e7\u00e3o, e desempenho de alto custo.<\/li>\n\n\n\n<li><strong>Op\u00e7\u00f5es personaliz\u00e1veis:<\/strong> Dispon\u00edvel em v\u00e1rias cores, acabamentos de superf\u00edcie e embalagens personaliz\u00e1veis, permitindo-lhe adaptar o produto \u00e0s necessidades espec\u00edficas da sua marca e do seu mercado.<\/li>\n<\/ul>\n<\/div>\n\n\n\n<div class=\"wp-block-column is-layout-flow wp-block-column-is-layout-flow\">\n<figure class=\"wp-block-image size-full\"><img fetchpriority=\"high\" decoding=\"async\" width=\"800\" height=\"800\" src=\"https:\/\/www.ceramicbasin.com\/wp-content\/uploads\/2024\/10\/bathroom-ceramics-basinsmarble-washbasinsbathroom-marble-basin5.webp\" alt=\"Lavat\u00f3rio de m\u00e1rmore artificial por atacado, lavat\u00f3rios feitos \u00e0 medida-1\" class=\"wp-image-5414\" srcset=\"https:\/\/www.ceramicbasin.com\/wp-content\/uploads\/2024\/10\/bathroom-ceramics-basinsmarble-washbasinsbathroom-marble-basin5.webp 800w, https:\/\/www.ceramicbasin.com\/wp-content\/uploads\/2024\/10\/bathroom-ceramics-basinsmarble-washbasinsbathroom-marble-basin5-300x300.webp 300w, https:\/\/www.ceramicbasin.com\/wp-content\/uploads\/2024\/10\/bathroom-ceramics-basinsmarble-washbasinsbathroom-marble-basin5-150x150.webp 150w, https:\/\/www.ceramicbasin.com\/wp-content\/uploads\/2024\/10\/bathroom-ceramics-basinsmarble-washbasinsbathroom-marble-basin5-768x768.webp 768w, https:\/\/www.ceramicbasin.com\/wp-content\/uploads\/2024\/10\/bathroom-ceramics-basinsmarble-washbasinsbathroom-marble-basin5-12x12.webp 12w, https:\/\/www.ceramicbasin.com\/wp-content\/uploads\/2024\/10\/bathroom-ceramics-basinsmarble-washbasinsbathroom-marble-basin5-285x285.webp 285w, https:\/\/www.ceramicbasin.com\/wp-content\/uploads\/2024\/10\/bathroom-ceramics-basinsmarble-washbasinsbathroom-marble-basin5-270x270.webp 270w, https:\/\/www.ceramicbasin.com\/wp-content\/uploads\/2024\/10\/bathroom-ceramics-basinsmarble-washbasinsbathroom-marble-basin5-540x540.webp 540w, https:\/\/www.ceramicbasin.com\/wp-content\/uploads\/2024\/10\/bathroom-ceramics-basinsmarble-washbasinsbathroom-marble-basin5-660x660.webp 660w\" sizes=\"(max-width: 800px) 100vw, 800px\" \/><\/figure>\n<\/div>\n<\/div>","protected":false},"excerpt":{"rendered":"<p>Bem-vindo \u00e0 compra de lavat\u00f3rios feitos \u00e0 medida. Os nossos lavat\u00f3rios de m\u00e1rmore por atacado s\u00e3o vers\u00e1teis para v\u00e1rias aplica\u00e7\u00f5es, tais como esta\u00e7\u00f5es ferrovi\u00e1rias de alta velocidade, centros comerciais, restaurantes e hospitais, satisfazendo a procura de qualidade em espa\u00e7os p\u00fablicos. Estes lavat\u00f3rios dur\u00e1veis por atacado est\u00e3o dispon\u00edveis em mais de 100 cores e padr\u00f5es personaliz\u00e1veis. S\u00e3o populares pela sua durabilidade, facilidade de manuten\u00e7\u00e3o e rela\u00e7\u00e3o custo-efic\u00e1cia.<\/p>\n<table style=\"border-collapse: collapse; width: 358.52pt;\" border=\"0\" width=\"478\" cellspacing=\"0\" cellpadding=\"0\">\n<tbody>\n<tr style=\"height: 17.25pt;\">\n<td class=\"et3\" style=\"height: 17.25pt; width: 125.00pt;\" width=\"166\" height=\"23\">Fabricante<\/td>\n<td class=\"et3\" style=\"width: 234.15pt;\" width=\"312\">HanYu<\/td>\n<\/tr>\n<tr style=\"height: 17.25pt;\">\n<td class=\"et3\" style=\"height: 17.25pt;\" height=\"23\">Modelo n.<\/td>\n<td class=\"et4\">HY-488AD117<\/td>\n<\/tr>\n<tr style=\"height: 17.25pt;\">\n<td class=\"et3\" style=\"height: 17.25pt;\" height=\"23\">Tipo<\/td>\n<td class=\"et5\" style=\"width: 234.15pt;\" width=\"312\">Lavat\u00f3rio de m\u00e1rmore<\/td>\n<\/tr>\n<tr style=\"height: 18.00pt;\">\n<td class=\"et3\" style=\"height: 18.00pt;\" height=\"24\">Forma<\/td>\n<td class=\"et3\">Forma oval<\/td>\n<\/tr>\n<tr style=\"height: 34.50pt;\">\n<td class=\"et4\" style=\"height: 34.50pt;\" height=\"46\">Cor<\/td>\n<td class=\"et5\" style=\"width: 234.15pt;\" width=\"312\">Cor M\u00e1rmore<\/td>\n<\/tr>\n<tr style=\"height: 18.00pt;\">\n<td class=\"et3\" style=\"height: 18.00pt;\" height=\"24\">Dimens\u00e3o<\/td>\n<td class=\"et5\" style=\"width: 234.15pt;\" width=\"312\">68*44*16.5<\/td>\n<\/tr>\n<tr style=\"height: 17.25pt;\">\n<td class=\"et3\" style=\"height: 17.25pt;\" height=\"23\">N.W \/SET<\/td>\n<td class=\"et3\">15KGS\/PCS<\/td>\n<\/tr>\n<tr style=\"height: 17.25pt;\">\n<td class=\"et3\" style=\"height: 17.25pt;\" height=\"23\">MOQ<\/td>\n<td class=\"et3\">20 unidades<\/td>\n<\/tr>\n<tr style=\"height: 17.25pt;\">\n<td class=\"et3\" style=\"height: 17.25pt;\" height=\"23\">Op\u00e7\u00e3o personalizada<\/td>\n<td class=\"et3\">Cor\/Patente\/Tamanho\/Logotipo\/Embalagem<\/td>\n<\/tr>\n<\/tbody>\n<\/table>","protected":false},"featured_media":5411,"comment_status":"closed","ping_status":"closed","template":"","meta":{"_acf_changed":false},"product_brand":[],"product_cat":[54,50],"product_tag":[],"class_list":{"0":"post-5409","1":"product","2":"type-product","3":"status-publish","4":"has-post-thumbnail","6":"product_cat-wholesale-marble-sinks","7":"product_cat-wholesale-countertop-sinks","9":"first","10":"instock","11":"shipping-taxable","12":"product-type-simple"},"acf":[],"_links":{"self":[{"href":"https:\/\/www.ceramicbasin.com\/pt\/wp-json\/wp\/v2\/product\/5409","targetHints":{"allow":["GET"]}}],"collection":[{"href":"https:\/\/www.ceramicbasin.com\/pt\/wp-json\/wp\/v2\/product"}],"about":[{"href":"https:\/\/www.ceramicbasin.com\/pt\/wp-json\/wp\/v2\/types\/product"}],"replies":[{"embeddable":true,"href":"https:\/\/www.ceramicbasin.com\/pt\/wp-json\/wp\/v2\/comments?post=5409"}],"wp:featuredmedia":[{"embeddable":true,"href":"https:\/\/www.ceramicbasin.com\/pt\/wp-json\/wp\/v2\/media\/5411"}],"wp:attachment":[{"href":"https:\/\/www.ceramicbasin.com\/pt\/wp-json\/wp\/v2\/media?parent=5409"}],"wp:term":[{"taxonomy":"product_brand","embeddable":true,"href":"https:\/\/www.ceramicbasin.com\/pt\/wp-json\/wp\/v2\/product_brand?post=5409"},{"taxonomy":"product_cat","embeddable":true,"href":"https:\/\/www.ceramicbasin.com\/pt\/wp-json\/wp\/v2\/product_cat?post=5409"},{"taxonomy":"product_tag","embeddable":true,"href":"https:\/\/www.ceramicbasin.com\/pt\/wp-json\/wp\/v2\/product_tag?post=5409"}],"curies":[{"name":"wp","href":"https:\/\/api.w.org\/{rel}","templated":true}]}}