{"id":5416,"date":"2024-10-22T07:02:38","date_gmt":"2024-10-22T07:02:38","guid":{"rendered":"https:\/\/www.ceramicbasin.com\/?post_type=product&#038;p=5416"},"modified":"2024-10-25T02:14:28","modified_gmt":"2024-10-25T02:14:28","slug":"wholesale-small-bathroom-sink-bowls","status":"publish","type":"product","link":"https:\/\/www.ceramicbasin.com\/pt\/produto\/wholesale-small-bathroom-sink-bowls\/","title":{"rendered":"Lavat\u00f3rios de casa de banho pequenos com textura de m\u00e1rmore, lavat\u00f3rios de parede"},"content":{"rendered":"<div class=\"wp-block-columns is-layout-flex wp-container-core-columns-is-layout-9d6595d7 wp-block-columns-is-layout-flex\">\n<div class=\"wp-block-column is-layout-flow wp-block-column-is-layout-flow\">\n<h2 class=\"wp-block-heading\">Carater\u00edsticas das bacias de lavat\u00f3rio de casa de banho pequenas por atacado Premium:<\/h2>\n\n\n\n<ul class=\"wp-block-list\">\n<li><strong>Design de moda: <\/strong>Os nossos lavat\u00f3rios de casa de banho pequenos de cor m\u00e1rmore t\u00eam um design moderno e elegante com linhas suaves, s\u00e3o adequados para v\u00e1rios layouts de casa de banho e real\u00e7am a beleza geral e o grau do espa\u00e7o.<\/li>\n\n\n\n<li><strong>Colorido: <\/strong>A cor do m\u00e1rmore \u00e9 feita por um processo de transfer\u00eancia de \u00e1gua com base numa bacia branca brilhante comum, que \u00e9 bonita e dur\u00e1vel. Oferecemos mais de 100 cores e padr\u00f5es para escolher, e todos os modelos de lavat\u00f3rios suspensos na parede podem ser personalizados em cores e texturas.<\/li>\n\n\n\n<li><strong>Instala\u00e7\u00e3o f\u00e1cil:<\/strong> Concebidas para montagem acima do balc\u00e3o, estas pequenas bacias de lavat\u00f3rio de casa de banho por atacado s\u00e3o f\u00e1ceis de instalar, oferecendo uma solu\u00e7\u00e3o sem complica\u00e7\u00f5es tanto para novas constru\u00e7\u00f5es como para renova\u00e7\u00f5es de casas de banho.<\/li>\n\n\n\n<li><strong>Venda direta da f\u00e1brica:<\/strong>\u00a0Os lavat\u00f3rios suspensos HanYu s\u00e3o vendidos diretamente pela f\u00e1brica, eliminando a diferen\u00e7a de pre\u00e7os dos intermedi\u00e1rios, e a compra a granel de lavat\u00f3rios de casa de banho garante a compra de lavat\u00f3rios de casa de banho de alta qualidade a granel ao mais baixo custo.<\/li>\n<\/ul>\n<\/div>\n\n\n\n<div class=\"wp-block-column is-layout-flow wp-block-column-is-layout-flow\">\n<figure class=\"wp-block-image size-full\"><img fetchpriority=\"high\" decoding=\"async\" width=\"800\" height=\"800\" src=\"https:\/\/www.ceramicbasin.com\/wp-content\/uploads\/2024\/10\/bathroom-sinks-ceramic-wall-hung-wash-basinElegant-Style-Bathroom-Sinkssmall-bathroom-sink5.webp\" alt=\"Lavat\u00f3rio de casa de banho pequeno com textura de m\u00e1rmore, lavat\u00f3rio de parede-1\" class=\"wp-image-5421\" srcset=\"https:\/\/www.ceramicbasin.com\/wp-content\/uploads\/2024\/10\/bathroom-sinks-ceramic-wall-hung-wash-basinElegant-Style-Bathroom-Sinkssmall-bathroom-sink5.webp 800w, https:\/\/www.ceramicbasin.com\/wp-content\/uploads\/2024\/10\/bathroom-sinks-ceramic-wall-hung-wash-basinElegant-Style-Bathroom-Sinkssmall-bathroom-sink5-300x300.webp 300w, https:\/\/www.ceramicbasin.com\/wp-content\/uploads\/2024\/10\/bathroom-sinks-ceramic-wall-hung-wash-basinElegant-Style-Bathroom-Sinkssmall-bathroom-sink5-150x150.webp 150w, https:\/\/www.ceramicbasin.com\/wp-content\/uploads\/2024\/10\/bathroom-sinks-ceramic-wall-hung-wash-basinElegant-Style-Bathroom-Sinkssmall-bathroom-sink5-768x768.webp 768w, https:\/\/www.ceramicbasin.com\/wp-content\/uploads\/2024\/10\/bathroom-sinks-ceramic-wall-hung-wash-basinElegant-Style-Bathroom-Sinkssmall-bathroom-sink5-12x12.webp 12w, https:\/\/www.ceramicbasin.com\/wp-content\/uploads\/2024\/10\/bathroom-sinks-ceramic-wall-hung-wash-basinElegant-Style-Bathroom-Sinkssmall-bathroom-sink5-285x285.webp 285w, https:\/\/www.ceramicbasin.com\/wp-content\/uploads\/2024\/10\/bathroom-sinks-ceramic-wall-hung-wash-basinElegant-Style-Bathroom-Sinkssmall-bathroom-sink5-270x270.webp 270w, https:\/\/www.ceramicbasin.com\/wp-content\/uploads\/2024\/10\/bathroom-sinks-ceramic-wall-hung-wash-basinElegant-Style-Bathroom-Sinkssmall-bathroom-sink5-540x540.webp 540w, https:\/\/www.ceramicbasin.com\/wp-content\/uploads\/2024\/10\/bathroom-sinks-ceramic-wall-hung-wash-basinElegant-Style-Bathroom-Sinkssmall-bathroom-sink5-660x660.webp 660w\" sizes=\"(max-width: 800px) 100vw, 800px\" \/><\/figure>\n<\/div>\n<\/div>\n\n\n\n<p><\/p>","protected":false},"excerpt":{"rendered":"<p>Bem-vindo \u00e0 compra por grosso de pequenos lavat\u00f3rios de casa de banho. Os nossos min\u00fasculos lavat\u00f3rios de parede t\u00eam um design moderno com linhas suaves, melhorando qualquer disposi\u00e7\u00e3o da casa de banho. Fabricados atrav\u00e9s de um processo de transfer\u00eancia de \u00e1gua numa base branca brilhante, s\u00e3o dur\u00e1veis e est\u00e3o dispon\u00edveis em mais de 100 cores e padr\u00f5es personaliz\u00e1veis. Vendidos diretamente da f\u00e1brica, os lavat\u00f3rios de cer\u00e2mica por atacado da HanYu eliminam os custos de intermedi\u00e1rios, permitindo compras a granel a pre\u00e7os mais baixos.<\/p>\n<table style=\"border-collapse: collapse; width: 358.52pt;\" border=\"0\" width=\"478\" cellspacing=\"0\" cellpadding=\"0\">\n<tbody>\n<tr style=\"height: 17.25pt;\">\n<td class=\"et3\" style=\"height: 17.25pt; width: 125.00pt;\" width=\"166\" height=\"23\">Fabricante<\/td>\n<td class=\"et3\" style=\"width: 234.15pt;\" width=\"312\">HanYu<\/td>\n<\/tr>\n<tr style=\"height: 17.25pt;\">\n<td class=\"et3\" style=\"height: 17.25pt;\" height=\"23\">Modelo n.<\/td>\n<td class=\"et4\">HY-3043LD137<\/td>\n<\/tr>\n<tr style=\"height: 17.25pt;\">\n<td class=\"et3\" style=\"height: 17.25pt;\" height=\"23\">Tipo<\/td>\n<td class=\"et5\" style=\"width: 234.15pt;\" width=\"312\">Lavat\u00f3rio de m\u00e1rmore<\/td>\n<\/tr>\n<tr style=\"height: 18.00pt;\">\n<td class=\"et3\" style=\"height: 18.00pt;\" height=\"24\">Forma<\/td>\n<td class=\"et3\">Forma retangular<\/td>\n<\/tr>\n<tr style=\"height: 34.50pt;\">\n<td class=\"et4\" style=\"height: 34.50pt;\" height=\"46\">Cor<\/td>\n<td class=\"et5\" style=\"width: 234.15pt;\" width=\"312\">Cor de m\u00e1rmore<\/td>\n<\/tr>\n<tr style=\"height: 18.00pt;\">\n<td class=\"et3\" style=\"height: 18.00pt;\" height=\"24\">Dimens\u00e3o<\/td>\n<td class=\"et5\" style=\"width: 234.15pt;\" width=\"312\">45.5*25*112<\/td>\n<\/tr>\n<tr style=\"height: 17.25pt;\">\n<td class=\"et3\" style=\"height: 17.25pt;\" height=\"23\">N.W \/SET<\/td>\n<td class=\"et3\">10KGS\/PCS<\/td>\n<\/tr>\n<tr style=\"height: 17.25pt;\">\n<td class=\"et3\" style=\"height: 17.25pt;\" height=\"23\">MOQ<\/td>\n<td class=\"et3\">20 unidades<\/td>\n<\/tr>\n<tr style=\"height: 17.25pt;\">\n<td class=\"et3\" style=\"height: 17.25pt;\" height=\"23\">Op\u00e7\u00e3o personalizada<\/td>\n<td class=\"et3\">Cor\/Patente\/Tamanho\/Logotipo\/Embalagem<\/td>\n<\/tr>\n<\/tbody>\n<\/table>","protected":false},"featured_media":5417,"comment_status":"closed","ping_status":"closed","template":"","meta":{"_acf_changed":false},"product_brand":[],"product_cat":[54,56],"product_tag":[],"class_list":{"0":"post-5416","1":"product","2":"type-product","3":"status-publish","4":"has-post-thumbnail","6":"product_cat-wholesale-marble-sinks","7":"product_cat-wholesale-small-bathroom-sinks","9":"first","10":"instock","11":"shipping-taxable","12":"product-type-simple"},"acf":[],"_links":{"self":[{"href":"https:\/\/www.ceramicbasin.com\/pt\/wp-json\/wp\/v2\/product\/5416","targetHints":{"allow":["GET"]}}],"collection":[{"href":"https:\/\/www.ceramicbasin.com\/pt\/wp-json\/wp\/v2\/product"}],"about":[{"href":"https:\/\/www.ceramicbasin.com\/pt\/wp-json\/wp\/v2\/types\/product"}],"replies":[{"embeddable":true,"href":"https:\/\/www.ceramicbasin.com\/pt\/wp-json\/wp\/v2\/comments?post=5416"}],"wp:featuredmedia":[{"embeddable":true,"href":"https:\/\/www.ceramicbasin.com\/pt\/wp-json\/wp\/v2\/media\/5417"}],"wp:attachment":[{"href":"https:\/\/www.ceramicbasin.com\/pt\/wp-json\/wp\/v2\/media?parent=5416"}],"wp:term":[{"taxonomy":"product_brand","embeddable":true,"href":"https:\/\/www.ceramicbasin.com\/pt\/wp-json\/wp\/v2\/product_brand?post=5416"},{"taxonomy":"product_cat","embeddable":true,"href":"https:\/\/www.ceramicbasin.com\/pt\/wp-json\/wp\/v2\/product_cat?post=5416"},{"taxonomy":"product_tag","embeddable":true,"href":"https:\/\/www.ceramicbasin.com\/pt\/wp-json\/wp\/v2\/product_tag?post=5416"}],"curies":[{"name":"wp","href":"https:\/\/api.w.org\/{rel}","templated":true}]}}