{"id":5423,"date":"2024-10-22T07:18:16","date_gmt":"2024-10-22T07:18:16","guid":{"rendered":"https:\/\/www.ceramicbasin.com\/?post_type=product&#038;p=5423"},"modified":"2024-10-25T02:30:27","modified_gmt":"2024-10-25T02:30:27","slug":"wall-hung-bathroom-sink-wholesale","status":"publish","type":"product","link":"https:\/\/www.ceramicbasin.com\/pt\/produto\/wall-hung-bathroom-sink-wholesale\/","title":{"rendered":"Lavat\u00f3rio de casa de banho suspenso por atacado, lavat\u00f3rio de meio pedestal"},"content":{"rendered":"<div class=\"wp-block-columns is-layout-flex wp-container-core-columns-is-layout-9d6595d7 wp-block-columns-is-layout-flex\">\n<div class=\"wp-block-column is-layout-flow wp-block-column-is-layout-flow\">\n<h2 class=\"wp-block-heading\">Carater\u00edsticas do lavat\u00f3rio de casa de banho suspenso Premium por atacado<\/h2>\n\n\n\n<ul class=\"wp-block-list\">\n<li><strong>Design elegante:<\/strong> O nosso lavat\u00f3rio de casa de banho suspenso por atacado d\u00e1 um toque de eleg\u00e2ncia e modernidade a qualquer casa de banho, tornando-o um ponto focal com estilo.<\/li>\n\n\n\n<li><strong>Materiais cer\u00e2micos de alta qualidade: <\/strong>O nosso lavat\u00f3rio de meio pedestal por atacado \u00e9 feito de cer\u00e2mica de alta qualidade, que \u00e9 cozida a alta temperatura e tem uma superf\u00edcie lisa e delicada. Tem excelente durabilidade, resist\u00eancia a manchas e resist\u00eancia a arranh\u00f5es, garantindo que permane\u00e7a brilhante e brilhante ap\u00f3s o uso a longo prazo, e \u00e9 f\u00e1cil de limpar e manter.<\/li>\n\n\n\n<li><strong>Instala\u00e7\u00e3o na parede:<\/strong> O design de montagem na parede deste lavat\u00f3rio de casa de banho suspenso por atacado n\u00e3o s\u00f3 poupa espa\u00e7o no ch\u00e3o, como tamb\u00e9m melhora a amplitude visual geral da casa de banho. \u00c9 simples e bonito, f\u00e1cil de instalar e adapta-se a diferentes requisitos de altura, tornando a \u00e1rea de lavagem das m\u00e3os mais pr\u00e1tica e elegante.<\/li>\n\n\n\n<li><strong>Sele\u00e7\u00e3o diversificada:<\/strong>\u00a0Oferecemos uma variedade de estilos, tamanhos e cores de lavat\u00f3rios de meio pedestal por atacado para escolher, satisfazendo as necessidades de diferentes estilos de casa de banho e integrando-os facilmente em v\u00e1rios designs de decora\u00e7\u00e3o.<\/li>\n<\/ul>\n<\/div>\n\n\n\n<div class=\"wp-block-column is-layout-flow wp-block-column-is-layout-flow\">\n<figure class=\"wp-block-image size-full\"><img fetchpriority=\"high\" decoding=\"async\" width=\"800\" height=\"800\" src=\"https:\/\/www.ceramicbasin.com\/wp-content\/uploads\/2024\/10\/wall-mount-bathroom-sinkwall-Mounted-Bathroom-Sinks-Wholesalecustom-ceramic-sink2.webp\" alt=\"Lavat\u00f3rio de casa de banho suspenso por atacado, lavat\u00f3rio de meio pedestal-1\" class=\"wp-image-5425\" srcset=\"https:\/\/www.ceramicbasin.com\/wp-content\/uploads\/2024\/10\/wall-mount-bathroom-sinkwall-Mounted-Bathroom-Sinks-Wholesalecustom-ceramic-sink2.webp 800w, https:\/\/www.ceramicbasin.com\/wp-content\/uploads\/2024\/10\/wall-mount-bathroom-sinkwall-Mounted-Bathroom-Sinks-Wholesalecustom-ceramic-sink2-300x300.webp 300w, https:\/\/www.ceramicbasin.com\/wp-content\/uploads\/2024\/10\/wall-mount-bathroom-sinkwall-Mounted-Bathroom-Sinks-Wholesalecustom-ceramic-sink2-150x150.webp 150w, https:\/\/www.ceramicbasin.com\/wp-content\/uploads\/2024\/10\/wall-mount-bathroom-sinkwall-Mounted-Bathroom-Sinks-Wholesalecustom-ceramic-sink2-768x768.webp 768w, https:\/\/www.ceramicbasin.com\/wp-content\/uploads\/2024\/10\/wall-mount-bathroom-sinkwall-Mounted-Bathroom-Sinks-Wholesalecustom-ceramic-sink2-12x12.webp 12w, https:\/\/www.ceramicbasin.com\/wp-content\/uploads\/2024\/10\/wall-mount-bathroom-sinkwall-Mounted-Bathroom-Sinks-Wholesalecustom-ceramic-sink2-285x285.webp 285w, https:\/\/www.ceramicbasin.com\/wp-content\/uploads\/2024\/10\/wall-mount-bathroom-sinkwall-Mounted-Bathroom-Sinks-Wholesalecustom-ceramic-sink2-270x270.webp 270w, https:\/\/www.ceramicbasin.com\/wp-content\/uploads\/2024\/10\/wall-mount-bathroom-sinkwall-Mounted-Bathroom-Sinks-Wholesalecustom-ceramic-sink2-540x540.webp 540w, https:\/\/www.ceramicbasin.com\/wp-content\/uploads\/2024\/10\/wall-mount-bathroom-sinkwall-Mounted-Bathroom-Sinks-Wholesalecustom-ceramic-sink2-660x660.webp 660w\" sizes=\"(max-width: 800px) 100vw, 800px\" \/><\/figure>\n<\/div>\n<\/div>","protected":false},"excerpt":{"rendered":"<p>Bem-vindo aos lavat\u00f3rios de parede personalizados. Este lavat\u00f3rio de casa de banho suspenso na parede apresenta um design que poupa espa\u00e7o e \u00e9 feito de materiais cer\u00e2micos de alta qualidade com excelente durabilidade e resist\u00eancia a manchas. O design de montagem na parede n\u00e3o s\u00f3 optimiza a utiliza\u00e7\u00e3o do espa\u00e7o, como tamb\u00e9m melhora a est\u00e9tica geral da casa de banho. Suporta a personaliza\u00e7\u00e3o e \u00e9 adequado para uma variedade de locais dom\u00e9sticos e comerciais.<\/p>\n<table style=\"border-collapse: collapse; width: 358.52pt;\" border=\"0\" width=\"478\" cellspacing=\"0\" cellpadding=\"0\">\n<tbody>\n<tr style=\"height: 17.25pt;\">\n<td class=\"et3\" style=\"height: 17.25pt; width: 125.00pt;\" width=\"166\" height=\"23\">Fabricante<\/td>\n<td class=\"et3\" style=\"width: 234.15pt;\" width=\"312\">HanYu<\/td>\n<\/tr>\n<tr style=\"height: 17.25pt;\">\n<td class=\"et3\" style=\"height: 17.25pt;\" height=\"23\">Modelo n.<\/td>\n<td class=\"et4\">HY-3042<\/td>\n<\/tr>\n<tr style=\"height: 17.25pt;\">\n<td class=\"et3\" style=\"height: 17.25pt;\" height=\"23\">Tipo<\/td>\n<td class=\"et5\" style=\"width: 234.15pt;\" width=\"312\">Lava-lou\u00e7as de parede, bacias pequenas<\/td>\n<\/tr>\n<tr style=\"height: 18.00pt;\">\n<td class=\"et3\" style=\"height: 18.00pt;\" height=\"24\">Forma<\/td>\n<td class=\"et3\">Forma redonda<\/td>\n<\/tr>\n<tr style=\"height: 34.50pt;\">\n<td class=\"et4\" style=\"height: 34.50pt;\" height=\"46\">Cor<\/td>\n<td class=\"et5\" style=\"width: 234.15pt;\" width=\"312\">preto\/branco\/azul\/cinzento\/rosa\/verde\/castanho\/caqui<\/td>\n<\/tr>\n<tr style=\"height: 18.00pt;\">\n<td class=\"et3\" style=\"height: 18.00pt;\" height=\"24\">Dimens\u00e3o<\/td>\n<td class=\"et5\" style=\"width: 234.15pt;\" width=\"312\">31*43*12.5<\/td>\n<\/tr>\n<tr style=\"height: 17.25pt;\">\n<td class=\"et3\" style=\"height: 17.25pt;\" height=\"23\">N.W \/SET<\/td>\n<td class=\"et3\">7KGS\/PCS<\/td>\n<\/tr>\n<tr style=\"height: 17.25pt;\">\n<td class=\"et3\" style=\"height: 17.25pt;\" height=\"23\">MOQ<\/td>\n<td class=\"et3\">20 unidades<\/td>\n<\/tr>\n<tr style=\"height: 17.25pt;\">\n<td class=\"et3\" style=\"height: 17.25pt;\" height=\"23\">Op\u00e7\u00e3o personalizada<\/td>\n<td class=\"et3\">Cor\/Patente\/Tamanho\/Logotipo\/Embalagem<\/td>\n<\/tr>\n<\/tbody>\n<\/table>","protected":false},"featured_media":5428,"comment_status":"closed","ping_status":"closed","template":"","meta":{"_acf_changed":false},"product_brand":[],"product_cat":[57],"product_tag":[],"class_list":{"0":"post-5423","1":"product","2":"type-product","3":"status-publish","4":"has-post-thumbnail","6":"product_cat-wholesale-wall-mounted-sinks","8":"first","9":"instock","10":"shipping-taxable","11":"product-type-simple"},"acf":[],"_links":{"self":[{"href":"https:\/\/www.ceramicbasin.com\/pt\/wp-json\/wp\/v2\/product\/5423","targetHints":{"allow":["GET"]}}],"collection":[{"href":"https:\/\/www.ceramicbasin.com\/pt\/wp-json\/wp\/v2\/product"}],"about":[{"href":"https:\/\/www.ceramicbasin.com\/pt\/wp-json\/wp\/v2\/types\/product"}],"replies":[{"embeddable":true,"href":"https:\/\/www.ceramicbasin.com\/pt\/wp-json\/wp\/v2\/comments?post=5423"}],"wp:featuredmedia":[{"embeddable":true,"href":"https:\/\/www.ceramicbasin.com\/pt\/wp-json\/wp\/v2\/media\/5428"}],"wp:attachment":[{"href":"https:\/\/www.ceramicbasin.com\/pt\/wp-json\/wp\/v2\/media?parent=5423"}],"wp:term":[{"taxonomy":"product_brand","embeddable":true,"href":"https:\/\/www.ceramicbasin.com\/pt\/wp-json\/wp\/v2\/product_brand?post=5423"},{"taxonomy":"product_cat","embeddable":true,"href":"https:\/\/www.ceramicbasin.com\/pt\/wp-json\/wp\/v2\/product_cat?post=5423"},{"taxonomy":"product_tag","embeddable":true,"href":"https:\/\/www.ceramicbasin.com\/pt\/wp-json\/wp\/v2\/product_tag?post=5423"}],"curies":[{"name":"wp","href":"https:\/\/api.w.org\/{rel}","templated":true}]}}