{"id":5433,"date":"2024-10-30T02:19:52","date_gmt":"2024-10-30T02:19:52","guid":{"rendered":"https:\/\/www.ceramicbasin.com\/?post_type=product&#038;p=5433"},"modified":"2024-11-08T09:57:31","modified_gmt":"2024-11-08T09:57:31","slug":"basin-wholesale","status":"publish","type":"product","link":"https:\/\/www.ceramicbasin.com\/pt\/produto\/basin-wholesale\/","title":{"rendered":"Bacia de cer\u00e2mica personalizada retangular por atacado, suprimento de f\u00e1brica de pia de banheiro"},"content":{"rendered":"<div class=\"wp-block-columns is-layout-flex wp-container-core-columns-is-layout-9d6595d7 wp-block-columns-is-layout-flex\">\n<div class=\"wp-block-column is-layout-flow wp-block-column-is-layout-flow\">\n<h2 class=\"wp-block-heading\">Bacia de cer\u00e2mica premium Carater\u00edsticas por atacado:<\/h2>\n\n\n\n<ul class=\"wp-block-list\">\n<li><strong>Design retangular elegante: <\/strong>Esta bacia de cer\u00e2mica personalizada por atacado adopta um design retangular simples com linhas suaves, que pode ser facilmente integrado em v\u00e1rios estilos de decora\u00e7\u00e3o de casas de banho, acrescentando eleg\u00e2ncia a casas de banho de estilo moderno, simples ou cl\u00e1ssico.<\/li>\n\n\n\n<li><strong>Duradouro e bonito: <\/strong>A nossa f\u00e1brica fornece lavat\u00f3rio de casa de banho por atacado com materiais cer\u00e2micos selecionados de alta qualidade. Tem uma superf\u00edcie delicada e lisa que n\u00e3o adere facilmente \u00e0s manchas. Portanto, \u00e9 f\u00e1cil de limpar e manter um alto brilho. Mesmo que tenha sido utilizado durante muito tempo, continua a ser t\u00e3o bom como novo.<\/li>\n\n\n\n<li><strong>Excelente resist\u00eancia aos riscos e \u00e0 corros\u00e3o: <\/strong>Esta bacia de cer\u00e2mica personalizada por atacado tem uma resist\u00eancia superior a riscos e \u00e0 corros\u00e3o qu\u00edmica. No uso di\u00e1rio, pode evitar a abras\u00e3o por desgaste ou detergente e corros\u00e3o qu\u00edmica de forma eficaz para permanecer dur\u00e1vel e manter sua apar\u00eancia integral por um longo tempo.<\/li>\n\n\n\n<li><strong>Personaliza\u00e7\u00e3o dispon\u00edvel: <\/strong>A fim de satisfazer as necessidades personalizadas de diferentes utilizadores, fornecemos servi\u00e7os personalizados para lavat\u00f3rios de casa de banho por atacado em v\u00e1rios tamanhos e estilos. Quer se trate de uma pequena casa de banho familiar ou de um grande espa\u00e7o comercial, pode encontrar o tamanho e o design certos com grande flexibilidade.<\/li>\n<\/ul>\n<\/div>\n\n\n\n<div class=\"wp-block-column is-layout-flow wp-block-column-is-layout-flow\">\n<figure class=\"wp-block-image size-full\"><img fetchpriority=\"high\" decoding=\"async\" width=\"860\" height=\"860\" src=\"https:\/\/www.ceramicbasin.com\/wp-content\/uploads\/2024\/10\/Bathroom-Wash-Basin-FactoryCeramic-Rectangle-Shape-Basin-4.webp\" alt=\"Bacia de cer\u00e2mica personalizada retangular por atacado, pia de banheiro Fornecimento de f\u00e1brica-1\" class=\"wp-image-5437\" srcset=\"https:\/\/www.ceramicbasin.com\/wp-content\/uploads\/2024\/10\/Bathroom-Wash-Basin-FactoryCeramic-Rectangle-Shape-Basin-4.webp 860w, https:\/\/www.ceramicbasin.com\/wp-content\/uploads\/2024\/10\/Bathroom-Wash-Basin-FactoryCeramic-Rectangle-Shape-Basin-4-300x300.webp 300w, https:\/\/www.ceramicbasin.com\/wp-content\/uploads\/2024\/10\/Bathroom-Wash-Basin-FactoryCeramic-Rectangle-Shape-Basin-4-150x150.webp 150w, https:\/\/www.ceramicbasin.com\/wp-content\/uploads\/2024\/10\/Bathroom-Wash-Basin-FactoryCeramic-Rectangle-Shape-Basin-4-768x768.webp 768w, https:\/\/www.ceramicbasin.com\/wp-content\/uploads\/2024\/10\/Bathroom-Wash-Basin-FactoryCeramic-Rectangle-Shape-Basin-4-12x12.webp 12w, https:\/\/www.ceramicbasin.com\/wp-content\/uploads\/2024\/10\/Bathroom-Wash-Basin-FactoryCeramic-Rectangle-Shape-Basin-4-285x285.webp 285w, https:\/\/www.ceramicbasin.com\/wp-content\/uploads\/2024\/10\/Bathroom-Wash-Basin-FactoryCeramic-Rectangle-Shape-Basin-4-270x270.webp 270w, https:\/\/www.ceramicbasin.com\/wp-content\/uploads\/2024\/10\/Bathroom-Wash-Basin-FactoryCeramic-Rectangle-Shape-Basin-4-540x540.webp 540w, https:\/\/www.ceramicbasin.com\/wp-content\/uploads\/2024\/10\/Bathroom-Wash-Basin-FactoryCeramic-Rectangle-Shape-Basin-4-660x660.webp 660w\" sizes=\"(max-width: 860px) 100vw, 860px\" \/><\/figure>\n<\/div>\n<\/div>\n\n\n\n<p><\/p>","protected":false},"excerpt":{"rendered":"<p>Bem-vindo ao comprar lavat\u00f3rio de casa de banho da f\u00e1brica hanyu. Feito de mat\u00e9ria-prima superior, esta bacia de cer\u00e2mica retangular por atacado tem um design simples e elegante e superf\u00edcie lisa, f\u00e1cil de limpar, resistente a arranh\u00f5es e \u00e0 corros\u00e3o. Ele tamb\u00e9m suporta v\u00e1rios tamanhos com personaliza\u00e7\u00e3o acess\u00edvel. Esta \u00e9 uma escolha ideal para casas de banho dom\u00e9sticas e comerciais.<\/p>\n<table style=\"border-collapse: collapse; width: 358.52pt;\" border=\"0\" width=\"478\" cellspacing=\"0\" cellpadding=\"0\">\n<tbody>\n<tr style=\"height: 17.25pt;\">\n<td class=\"et3\" style=\"height: 17.25pt; width: 125.00pt;\" width=\"166\" height=\"23\">Fabricante<\/td>\n<td class=\"et3\" style=\"width: 234.15pt;\" width=\"312\">HanYu<\/td>\n<\/tr>\n<tr style=\"height: 17.25pt;\">\n<td class=\"et3\" style=\"height: 17.25pt;\" height=\"23\">Modelo n.<\/td>\n<td class=\"et4\">HY-401<\/td>\n<\/tr>\n<tr style=\"height: 17.25pt;\">\n<td class=\"et3\" style=\"height: 17.25pt;\" height=\"23\">Tipo<\/td>\n<td class=\"et5\" style=\"width: 234.15pt;\" width=\"312\">Lavat\u00f3rio de bancada<\/td>\n<\/tr>\n<tr style=\"height: 18.00pt;\">\n<td class=\"et3\" style=\"height: 18.00pt;\" height=\"24\">Forma<\/td>\n<td class=\"et3\">Forma retangular<\/td>\n<\/tr>\n<tr style=\"height: 34.50pt;\">\n<td class=\"et4\" style=\"height: 34.50pt;\" height=\"46\">Cor<\/td>\n<td class=\"et5\" style=\"width: 234.15pt;\" width=\"312\">Branco<\/td>\n<\/tr>\n<tr style=\"height: 18.00pt;\">\n<td class=\"et3\" style=\"height: 18.00pt;\" height=\"24\">Dimens\u00e3o<\/td>\n<td class=\"et5\" style=\"width: 234.15pt;\" width=\"312\">47.5*37.5*13.5<\/td>\n<\/tr>\n<tr style=\"height: 17.25pt;\">\n<td class=\"et3\" style=\"height: 17.25pt;\" height=\"23\">N.W \/SET<\/td>\n<td class=\"et3\">11 KGS\/PCS<\/td>\n<\/tr>\n<tr style=\"height: 17.25pt;\">\n<td class=\"et3\" style=\"height: 17.25pt;\" height=\"23\">MOQ<\/td>\n<td class=\"et3\">20 unidades<\/td>\n<\/tr>\n<tr style=\"height: 17.25pt;\">\n<td class=\"et3\" style=\"height: 17.25pt;\" height=\"23\">Op\u00e7\u00e3o personalizada<\/td>\n<td class=\"et3\">Cor\/Patente\/Tamanho\/Logotipo\/Embalagem<\/td>\n<\/tr>\n<\/tbody>\n<\/table>","protected":false},"featured_media":5434,"comment_status":"closed","ping_status":"closed","template":"","meta":{"_acf_changed":false},"product_brand":[],"product_cat":[50],"product_tag":[],"class_list":{"0":"post-5433","1":"product","2":"type-product","3":"status-publish","4":"has-post-thumbnail","6":"product_cat-wholesale-countertop-sinks","8":"first","9":"instock","10":"shipping-taxable","11":"product-type-simple"},"acf":[],"_links":{"self":[{"href":"https:\/\/www.ceramicbasin.com\/pt\/wp-json\/wp\/v2\/product\/5433","targetHints":{"allow":["GET"]}}],"collection":[{"href":"https:\/\/www.ceramicbasin.com\/pt\/wp-json\/wp\/v2\/product"}],"about":[{"href":"https:\/\/www.ceramicbasin.com\/pt\/wp-json\/wp\/v2\/types\/product"}],"replies":[{"embeddable":true,"href":"https:\/\/www.ceramicbasin.com\/pt\/wp-json\/wp\/v2\/comments?post=5433"}],"wp:featuredmedia":[{"embeddable":true,"href":"https:\/\/www.ceramicbasin.com\/pt\/wp-json\/wp\/v2\/media\/5434"}],"wp:attachment":[{"href":"https:\/\/www.ceramicbasin.com\/pt\/wp-json\/wp\/v2\/media?parent=5433"}],"wp:term":[{"taxonomy":"product_brand","embeddable":true,"href":"https:\/\/www.ceramicbasin.com\/pt\/wp-json\/wp\/v2\/product_brand?post=5433"},{"taxonomy":"product_cat","embeddable":true,"href":"https:\/\/www.ceramicbasin.com\/pt\/wp-json\/wp\/v2\/product_cat?post=5433"},{"taxonomy":"product_tag","embeddable":true,"href":"https:\/\/www.ceramicbasin.com\/pt\/wp-json\/wp\/v2\/product_tag?post=5433"}],"curies":[{"name":"wp","href":"https:\/\/api.w.org\/{rel}","templated":true}]}}