{"id":5441,"date":"2024-10-30T02:28:56","date_gmt":"2024-10-30T02:28:56","guid":{"rendered":"https:\/\/www.ceramicbasin.com\/?post_type=product&#038;p=5441"},"modified":"2024-10-30T02:28:58","modified_gmt":"2024-10-30T02:28:58","slug":"sink-wholesale","status":"publish","type":"product","link":"https:\/\/www.ceramicbasin.com\/pt\/produto\/sink-wholesale\/","title":{"rendered":"Novo design de pia de cer\u00e2mica por atacado, pia de banheiro de bancada"},"content":{"rendered":"<div class=\"wp-block-columns is-layout-flex wp-container-core-columns-is-layout-9d6595d7 wp-block-columns-is-layout-flex\">\n<div class=\"wp-block-column is-layout-flow wp-block-column-is-layout-flow\">\n<h2 class=\"wp-block-heading\">Lavat\u00f3rio Premium Wholesale Carater\u00edsticas:<\/h2>\n\n\n\n<ul class=\"wp-block-list\">\n<li><strong>Design quadrado moderno: <\/strong>Este lavat\u00f3rio de cer\u00e2mica por atacado apresenta um design quadrado simples e elegante que se pode integrar perfeitamente numa variedade de estilos de decora\u00e7\u00e3o de casa de banho. A sua apar\u00eancia moderna n\u00e3o s\u00f3 real\u00e7a a beleza geral do espa\u00e7o, como tamb\u00e9m se torna o foco visual da casa de banho, proporcionando aos utilizadores uma experi\u00eancia de utiliza\u00e7\u00e3o confort\u00e1vel.<\/li>\n\n\n\n<li><strong>Materiais cer\u00e2micos de alta qualidade:<\/strong> Fabricamos cuidadosamente cada bacia de bancada por atacado com materiais cer\u00e2micos de alta qualidade para garantir que seja resistente ao desgaste, \u00e0s manchas e \u00e0s altas temperaturas. Essas propriedades do material fazem com que o produto tenha um bom desempenho no uso di\u00e1rio, dur\u00e1vel e f\u00e1cil de limpar, trazendo grande comodidade \u00e0 vida dos utilizadores.<\/li>\n\n\n\n<li><strong>V\u00e1rias op\u00e7\u00f5es de cores:<\/strong> A fim de satisfazer as necessidades e prefer\u00eancias de diferentes consumidores, o nosso lavat\u00f3rio de bancada por atacado oferece uma variedade de op\u00e7\u00f5es de cores. Quer se trate do branco cl\u00e1ssico ou de tons escuros individuais, pode ajudar os utilizadores a criar um ambiente de casa de banho \u00fanico e a mostrar o seu estilo pessoal.<\/li>\n\n\n\n<li><strong>Instala\u00e7\u00e3o f\u00e1cil: <\/strong>Esta bacia de bancada em cer\u00e2mica foi concebida tendo em conta a conveni\u00eancia do utilizador, e o processo de instala\u00e7\u00e3o \u00e9 simples e claro, adequado para uma variedade de tipos de bancadas de casa de banho. Os utilizadores n\u00e3o precisam de se preocupar com passos de instala\u00e7\u00e3o complicados, poupando assim tempo e custos, tornando a transforma\u00e7\u00e3o da casa de banho mais f\u00e1cil e r\u00e1pida.<\/li>\n<\/ul>\n<\/div>\n\n\n\n<div class=\"wp-block-column is-layout-flow wp-block-column-is-layout-flow\">\n<figure class=\"wp-block-image size-full\"><img fetchpriority=\"high\" decoding=\"async\" width=\"876\" height=\"876\" src=\"https:\/\/www.ceramicbasin.com\/wp-content\/uploads\/2024\/10\/New-Design-Custom-Basin-Bathroom-Ceramic-Counter-Top-Sink-Wash-Hand-Basin-5.webp\" alt=\"Novo design de pia de cer\u00e2mica por atacado, pia de bancada de banheiro-1\" class=\"wp-image-5446\" srcset=\"https:\/\/www.ceramicbasin.com\/wp-content\/uploads\/2024\/10\/New-Design-Custom-Basin-Bathroom-Ceramic-Counter-Top-Sink-Wash-Hand-Basin-5.webp 876w, https:\/\/www.ceramicbasin.com\/wp-content\/uploads\/2024\/10\/New-Design-Custom-Basin-Bathroom-Ceramic-Counter-Top-Sink-Wash-Hand-Basin-5-300x300.webp 300w, https:\/\/www.ceramicbasin.com\/wp-content\/uploads\/2024\/10\/New-Design-Custom-Basin-Bathroom-Ceramic-Counter-Top-Sink-Wash-Hand-Basin-5-150x150.webp 150w, https:\/\/www.ceramicbasin.com\/wp-content\/uploads\/2024\/10\/New-Design-Custom-Basin-Bathroom-Ceramic-Counter-Top-Sink-Wash-Hand-Basin-5-768x768.webp 768w, https:\/\/www.ceramicbasin.com\/wp-content\/uploads\/2024\/10\/New-Design-Custom-Basin-Bathroom-Ceramic-Counter-Top-Sink-Wash-Hand-Basin-5-12x12.webp 12w, https:\/\/www.ceramicbasin.com\/wp-content\/uploads\/2024\/10\/New-Design-Custom-Basin-Bathroom-Ceramic-Counter-Top-Sink-Wash-Hand-Basin-5-285x285.webp 285w, https:\/\/www.ceramicbasin.com\/wp-content\/uploads\/2024\/10\/New-Design-Custom-Basin-Bathroom-Ceramic-Counter-Top-Sink-Wash-Hand-Basin-5-270x270.webp 270w, https:\/\/www.ceramicbasin.com\/wp-content\/uploads\/2024\/10\/New-Design-Custom-Basin-Bathroom-Ceramic-Counter-Top-Sink-Wash-Hand-Basin-5-540x540.webp 540w, https:\/\/www.ceramicbasin.com\/wp-content\/uploads\/2024\/10\/New-Design-Custom-Basin-Bathroom-Ceramic-Counter-Top-Sink-Wash-Hand-Basin-5-660x660.webp 660w\" sizes=\"(max-width: 876px) 100vw, 876px\" \/><\/figure>\n<\/div>\n<\/div>\n\n\n\n<p><\/p>","protected":false},"excerpt":{"rendered":"<p>Bem-vindo \u00e0 compra de lavat\u00f3rios de bancada por grosso. O nosso lavat\u00f3rio retangular de cer\u00e2mica por atacado combina um design quadrado moderno e elegante com materiais cer\u00e2micos de alta qualidade, proporcionando uma excelente durabilidade e uma limpeza f\u00e1cil. Dispon\u00edvel numa variedade de cores para se adequar perfeitamente a todos os estilos de casa de banho.<\/p>\n<table style=\"border-collapse: collapse; width: 358.52pt;\" border=\"0\" width=\"478\" cellspacing=\"0\" cellpadding=\"0\">\n<tbody>\n<tr style=\"height: 17.25pt;\">\n<td class=\"et3\" style=\"height: 17.25pt; width: 125.00pt;\" width=\"166\" height=\"23\">Fabricante<\/td>\n<td class=\"et3\" style=\"width: 234.15pt;\" width=\"312\">HanYu<\/td>\n<\/tr>\n<tr style=\"height: 17.25pt;\">\n<td class=\"et3\" style=\"height: 17.25pt;\" height=\"23\">Modelo n.<\/td>\n<td class=\"et4\">HY-8104<\/td>\n<\/tr>\n<tr style=\"height: 17.25pt;\">\n<td class=\"et3\" style=\"height: 17.25pt;\" height=\"23\">Tipo<\/td>\n<td class=\"et5\" style=\"width: 234.15pt;\" width=\"312\">Lavat\u00f3rio de bancada<\/td>\n<\/tr>\n<tr style=\"height: 18.00pt;\">\n<td class=\"et3\" style=\"height: 18.00pt;\" height=\"24\">Forma<\/td>\n<td class=\"et3\">Forma retangular<\/td>\n<\/tr>\n<tr style=\"height: 34.50pt;\">\n<td class=\"et4\" style=\"height: 34.50pt;\" height=\"46\">Cor<\/td>\n<td class=\"et5\" style=\"width: 234.15pt;\" width=\"312\">Branco<\/td>\n<\/tr>\n<tr style=\"height: 18.00pt;\">\n<td class=\"et3\" style=\"height: 18.00pt;\" height=\"24\">Dimens\u00e3o<\/td>\n<td class=\"et5\" style=\"width: 234.15pt;\" width=\"312\">48*37*15.5<\/td>\n<\/tr>\n<tr style=\"height: 17.25pt;\">\n<td class=\"et3\" style=\"height: 17.25pt;\" height=\"23\">N.W \/SET<\/td>\n<td class=\"et3\">12 KGS\/PCS<\/td>\n<\/tr>\n<tr style=\"height: 17.25pt;\">\n<td class=\"et3\" style=\"height: 17.25pt;\" height=\"23\">MOQ<\/td>\n<td class=\"et3\">20 unidades<\/td>\n<\/tr>\n<tr style=\"height: 17.25pt;\">\n<td class=\"et3\" style=\"height: 17.25pt;\" height=\"23\">Op\u00e7\u00e3o personalizada<\/td>\n<td class=\"et3\">Cor\/Patente\/Tamanho\/Logotipo\/Embalagem<\/td>\n<\/tr>\n<\/tbody>\n<\/table>","protected":false},"featured_media":5445,"comment_status":"closed","ping_status":"closed","template":"","meta":{"_acf_changed":false},"product_brand":[],"product_cat":[50],"product_tag":[],"class_list":{"0":"post-5441","1":"product","2":"type-product","3":"status-publish","4":"has-post-thumbnail","6":"product_cat-wholesale-countertop-sinks","8":"first","9":"instock","10":"shipping-taxable","11":"product-type-simple"},"acf":[],"_links":{"self":[{"href":"https:\/\/www.ceramicbasin.com\/pt\/wp-json\/wp\/v2\/product\/5441","targetHints":{"allow":["GET"]}}],"collection":[{"href":"https:\/\/www.ceramicbasin.com\/pt\/wp-json\/wp\/v2\/product"}],"about":[{"href":"https:\/\/www.ceramicbasin.com\/pt\/wp-json\/wp\/v2\/types\/product"}],"replies":[{"embeddable":true,"href":"https:\/\/www.ceramicbasin.com\/pt\/wp-json\/wp\/v2\/comments?post=5441"}],"wp:featuredmedia":[{"embeddable":true,"href":"https:\/\/www.ceramicbasin.com\/pt\/wp-json\/wp\/v2\/media\/5445"}],"wp:attachment":[{"href":"https:\/\/www.ceramicbasin.com\/pt\/wp-json\/wp\/v2\/media?parent=5441"}],"wp:term":[{"taxonomy":"product_brand","embeddable":true,"href":"https:\/\/www.ceramicbasin.com\/pt\/wp-json\/wp\/v2\/product_brand?post=5441"},{"taxonomy":"product_cat","embeddable":true,"href":"https:\/\/www.ceramicbasin.com\/pt\/wp-json\/wp\/v2\/product_cat?post=5441"},{"taxonomy":"product_tag","embeddable":true,"href":"https:\/\/www.ceramicbasin.com\/pt\/wp-json\/wp\/v2\/product_tag?post=5441"}],"curies":[{"name":"wp","href":"https:\/\/api.w.org\/{rel}","templated":true}]}}