{"id":5447,"date":"2024-10-30T02:49:08","date_gmt":"2024-10-30T02:49:08","guid":{"rendered":"https:\/\/www.ceramicbasin.com\/?post_type=product&#038;p=5447"},"modified":"2024-10-30T02:49:10","modified_gmt":"2024-10-30T02:49:10","slug":"custom-made-sinks","status":"publish","type":"product","link":"https:\/\/www.ceramicbasin.com\/pt\/produto\/custom-made-sinks\/","title":{"rendered":"Lavat\u00f3rios rectangulares feitos \u00e0 medida, bacias semi-encastradas de cer\u00e2mica por atacado"},"content":{"rendered":"<div class=\"wp-block-columns is-layout-flex wp-container-core-columns-is-layout-9d6595d7 wp-block-columns-is-layout-flex\">\n<div class=\"wp-block-column is-layout-flow wp-block-column-is-layout-flow\">\n<h2 class=\"wp-block-heading\">Pias Premium feitas \u00e0 medida Carater\u00edsticas:<\/h2>\n\n\n\n<ul class=\"wp-block-list\">\n<li><strong>Design elegante retangular: <\/strong>Os nossos lavat\u00f3rios de cer\u00e2mica feitos \u00e0 medida adoptam uma forma retangular simples e atmosf\u00e9rica, que equilibra perfeitamente a praticidade e a beleza. \u00c9 adequado para todos os tipos de casas de banho modernas e espa\u00e7os comerciais, proporcionando aos utilizadores um efeito visual limpo e organizado.<\/li>\n\n\n\n<li><strong>Cer\u00e2mica artesanal de alta qualidade:<\/strong> Seleccionamos materiais cer\u00e2micos de alta qualidade para criar bacias semi-encastradas por atacado. Ap\u00f3s o processo de cozedura a alta temperatura, a superf\u00edcie \u00e9 lisa e delicada, com elevada resist\u00eancia ao desgaste e \u00e0s manchas. Os utilizadores podem limp\u00e1-la facilmente no uso di\u00e1rio para garantir que pode permanecer brilhante e limpa ap\u00f3s o uso a longo prazo.<\/li>\n\n\n\n<li><strong>Tamanho e estilo personalizados: <\/strong>Para se adaptarem a diferentes requisitos de espa\u00e7o, estes lavat\u00f3rios semi-encastrados feitos \u00e0 medida permitem a personaliza\u00e7\u00e3o de v\u00e1rios tamanhos e estilos, permitindo aos utilizadores criar designs exclusivos de acordo com casas de banho espec\u00edficas ou ambientes comerciais para garantir a m\u00e1xima utiliza\u00e7\u00e3o do espa\u00e7o.<\/li>\n\n\n\n<li><strong>Conce\u00e7\u00e3o da otimiza\u00e7\u00e3o do espa\u00e7o: <\/strong>Estes lavat\u00f3rios semi-encastrados poupam espa\u00e7o na bancada, ao mesmo tempo que aumentam as \u00e1reas de arruma\u00e7\u00e3o, oferecendo aos utilizadores mais op\u00e7\u00f5es de coloca\u00e7\u00e3o, tornando a \u00e1rea de lavagem das m\u00e3os mais arrumada e ordenada e satisfazendo as exig\u00eancias do utilizador moderno em termos de funcionalidade do espa\u00e7o.<\/li>\n<\/ul>\n<\/div>\n\n\n\n<div class=\"wp-block-column is-layout-flow wp-block-column-is-layout-flow\">\n<figure class=\"wp-block-image size-full\"><img fetchpriority=\"high\" decoding=\"async\" width=\"930\" height=\"930\" src=\"https:\/\/www.ceramicbasin.com\/wp-content\/uploads\/2024\/10\/Rectangle-Shape-Semi-Recessed-Basins-Wholesale-For-Bathroom-1.webp\" alt=\"Lavat\u00f3rios rectangulares feitos \u00e0 medida, bacias semi-encastradas em cer\u00e2mica Wholesale-1\" class=\"wp-image-5448\" srcset=\"https:\/\/www.ceramicbasin.com\/wp-content\/uploads\/2024\/10\/Rectangle-Shape-Semi-Recessed-Basins-Wholesale-For-Bathroom-1.webp 930w, https:\/\/www.ceramicbasin.com\/wp-content\/uploads\/2024\/10\/Rectangle-Shape-Semi-Recessed-Basins-Wholesale-For-Bathroom-1-300x300.webp 300w, https:\/\/www.ceramicbasin.com\/wp-content\/uploads\/2024\/10\/Rectangle-Shape-Semi-Recessed-Basins-Wholesale-For-Bathroom-1-150x150.webp 150w, https:\/\/www.ceramicbasin.com\/wp-content\/uploads\/2024\/10\/Rectangle-Shape-Semi-Recessed-Basins-Wholesale-For-Bathroom-1-768x768.webp 768w, https:\/\/www.ceramicbasin.com\/wp-content\/uploads\/2024\/10\/Rectangle-Shape-Semi-Recessed-Basins-Wholesale-For-Bathroom-1-12x12.webp 12w, https:\/\/www.ceramicbasin.com\/wp-content\/uploads\/2024\/10\/Rectangle-Shape-Semi-Recessed-Basins-Wholesale-For-Bathroom-1-285x285.webp 285w, https:\/\/www.ceramicbasin.com\/wp-content\/uploads\/2024\/10\/Rectangle-Shape-Semi-Recessed-Basins-Wholesale-For-Bathroom-1-270x270.webp 270w, https:\/\/www.ceramicbasin.com\/wp-content\/uploads\/2024\/10\/Rectangle-Shape-Semi-Recessed-Basins-Wholesale-For-Bathroom-1-540x540.webp 540w, https:\/\/www.ceramicbasin.com\/wp-content\/uploads\/2024\/10\/Rectangle-Shape-Semi-Recessed-Basins-Wholesale-For-Bathroom-1-660x660.webp 660w\" sizes=\"(max-width: 930px) 100vw, 930px\" \/><\/figure>\n<\/div>\n<\/div>","protected":false},"excerpt":{"rendered":"<p>Bem-vindo \u00e0 compra de lavat\u00f3rios feitos \u00e0 medida para o seu projeto. Os nossos lavat\u00f3rios semi-encastrados por atacado trazem as vantagens duplas da beleza e da praticidade a todos os tipos de casas de banho e espa\u00e7os comerciais, com um design retangular simples e moderno, fabrico artesanal de cer\u00e2mica de alta qualidade e op\u00e7\u00f5es de personaliza\u00e7\u00e3o flex\u00edveis.<\/p>\n<table style=\"border-collapse: collapse; width: 358.52pt;\" border=\"0\" width=\"478\" cellspacing=\"0\" cellpadding=\"0\">\n<tbody>\n<tr style=\"height: 17.25pt;\">\n<td class=\"et3\" style=\"height: 17.25pt; width: 125.00pt;\" width=\"166\" height=\"23\">Fabricante<\/td>\n<td class=\"et3\" style=\"width: 234.15pt;\" width=\"312\">HanYu<\/td>\n<\/tr>\n<tr style=\"height: 17.25pt;\">\n<td class=\"et3\" style=\"height: 17.25pt;\" height=\"23\">Modelo n.<\/td>\n<td class=\"et4\">HY-401A<\/td>\n<\/tr>\n<tr style=\"height: 17.25pt;\">\n<td class=\"et3\" style=\"height: 17.25pt;\" height=\"23\">Tipo<\/td>\n<td class=\"et5\" style=\"width: 234.15pt;\" width=\"312\">Lava-lou\u00e7as semi-embutidos<\/td>\n<\/tr>\n<tr style=\"height: 18.00pt;\">\n<td class=\"et3\" style=\"height: 18.00pt;\" height=\"24\">Forma<\/td>\n<td class=\"et3\">Forma retangular<\/td>\n<\/tr>\n<tr style=\"height: 34.50pt;\">\n<td class=\"et4\" style=\"height: 34.50pt;\" height=\"46\">Cor<\/td>\n<td class=\"et5\" style=\"width: 234.15pt;\" width=\"312\">preto\/branco\/azul\/cinzento\/rosa\/verde\/castanho\/caqui<\/td>\n<\/tr>\n<tr style=\"height: 18.00pt;\">\n<td class=\"et3\" style=\"height: 18.00pt;\" height=\"24\">Dimens\u00e3o<\/td>\n<td class=\"et5\" style=\"width: 234.15pt;\" width=\"312\">47*37*13<\/td>\n<\/tr>\n<tr style=\"height: 17.25pt;\">\n<td class=\"et3\" style=\"height: 17.25pt;\" height=\"23\">N.W \/SET<\/td>\n<td class=\"et3\">12KGS\/PCS<\/td>\n<\/tr>\n<tr style=\"height: 17.25pt;\">\n<td class=\"et3\" style=\"height: 17.25pt;\" height=\"23\">MOQ<\/td>\n<td class=\"et3\">20 unidades<\/td>\n<\/tr>\n<tr style=\"height: 17.25pt;\">\n<td class=\"et3\" style=\"height: 17.25pt;\" height=\"23\">Op\u00e7\u00e3o personalizada<\/td>\n<td class=\"et3\">Cor\/Patente\/Tamanho\/Logotipo\/Embalagem<\/td>\n<\/tr>\n<\/tbody>\n<\/table>","protected":false},"featured_media":5453,"comment_status":"closed","ping_status":"closed","template":"","meta":{"_acf_changed":false},"product_brand":[],"product_cat":[58],"product_tag":[],"class_list":{"0":"post-5447","1":"product","2":"type-product","3":"status-publish","4":"has-post-thumbnail","6":"product_cat-wholesale-semi-recessed-sinks","8":"first","9":"instock","10":"shipping-taxable","11":"product-type-simple"},"acf":[],"_links":{"self":[{"href":"https:\/\/www.ceramicbasin.com\/pt\/wp-json\/wp\/v2\/product\/5447","targetHints":{"allow":["GET"]}}],"collection":[{"href":"https:\/\/www.ceramicbasin.com\/pt\/wp-json\/wp\/v2\/product"}],"about":[{"href":"https:\/\/www.ceramicbasin.com\/pt\/wp-json\/wp\/v2\/types\/product"}],"replies":[{"embeddable":true,"href":"https:\/\/www.ceramicbasin.com\/pt\/wp-json\/wp\/v2\/comments?post=5447"}],"wp:featuredmedia":[{"embeddable":true,"href":"https:\/\/www.ceramicbasin.com\/pt\/wp-json\/wp\/v2\/media\/5453"}],"wp:attachment":[{"href":"https:\/\/www.ceramicbasin.com\/pt\/wp-json\/wp\/v2\/media?parent=5447"}],"wp:term":[{"taxonomy":"product_brand","embeddable":true,"href":"https:\/\/www.ceramicbasin.com\/pt\/wp-json\/wp\/v2\/product_brand?post=5447"},{"taxonomy":"product_cat","embeddable":true,"href":"https:\/\/www.ceramicbasin.com\/pt\/wp-json\/wp\/v2\/product_cat?post=5447"},{"taxonomy":"product_tag","embeddable":true,"href":"https:\/\/www.ceramicbasin.com\/pt\/wp-json\/wp\/v2\/product_tag?post=5447"}],"curies":[{"name":"wp","href":"https:\/\/api.w.org\/{rel}","templated":true}]}}