{"id":5456,"date":"2024-10-30T02:41:51","date_gmt":"2024-10-30T02:41:51","guid":{"rendered":"https:\/\/www.ceramicbasin.com\/?post_type=product&#038;p=5456"},"modified":"2024-10-30T02:41:53","modified_gmt":"2024-10-30T02:41:53","slug":"custom-sinks","status":"publish","type":"product","link":"https:\/\/www.ceramicbasin.com\/pt\/produto\/custom-sinks\/","title":{"rendered":"Lavat\u00f3rios comerciais personalizados, lavat\u00f3rios manuais semi-encastrados por atacado"},"content":{"rendered":"<div class=\"wp-block-columns is-layout-flex wp-container-core-columns-is-layout-9d6595d7 wp-block-columns-is-layout-flex\">\n<div class=\"wp-block-column is-layout-flow wp-block-column-is-layout-flow\">\n<h2 class=\"wp-block-heading\">Pias personalizadas Premium Carater\u00edsticas:<\/h2>\n\n\n\n<ul class=\"wp-block-list\">\n<li><strong>Op\u00e7\u00f5es de personaliza\u00e7\u00e3o: <\/strong>Os nossos lava-loi\u00e7as personalizados oferecem uma variedade de op\u00e7\u00f5es de personaliza\u00e7\u00e3o. Os clientes podem escolher o tamanho, a cor e o estilo de acordo com as suas necessidades espec\u00edficas para garantir que o produto se adapta perfeitamente a diferentes espa\u00e7os comerciais e estilos de design.<\/li>\n\n\n\n<li><strong>Materiais de alta qualidade: <\/strong>Os nossos lavat\u00f3rios semi-encastrados por atacado s\u00e3o feitos de cer\u00e2mica de alta qualidade com excelente durabilidade e resist\u00eancia \u00e0s manchas. Esta sele\u00e7\u00e3o de materiais n\u00e3o s\u00f3 garante a estabilidade durante a utiliza\u00e7\u00e3o a longo prazo, como tamb\u00e9m facilita a limpeza e a manuten\u00e7\u00e3o, sendo adequada para ambientes comerciais com muito tr\u00e1fego.<\/li>\n\n\n\n<li><strong>Design moderno: <\/strong>Este lava-loi\u00e7a personalizado semi-rebaixado combina uma apar\u00eancia moderna com sentido pr\u00e1tico. O seu design semi-embutido poupa espa\u00e7o, proporcionando uma \u00e1rea de bancada maior, o que \u00e9 conveniente para os utilizadores utilizarem em ocasi\u00f5es comerciais. Quer se trate de um restaurante, de um centro comercial ou de um edif\u00edcio de escrit\u00f3rios, este lavat\u00f3rio de m\u00e3o pode real\u00e7ar a beleza geral do espa\u00e7o.<\/li>\n\n\n\n<li><strong>F\u00e1cil de instalar: <\/strong>Os lavat\u00f3rios de m\u00e3o semi-encastrados por atacado que concebemos t\u00eam uma estrutura de instala\u00e7\u00e3o simples, adequada a v\u00e1rios tipos de bancadas, o que pode poupar tempo e custos de instala\u00e7\u00e3o aos comerciantes. Este design n\u00e3o s\u00f3 melhora a efici\u00eancia da constru\u00e7\u00e3o, mas tamb\u00e9m garante estabilidade e seguran\u00e7a na utiliza\u00e7\u00e3o.<\/li>\n<\/ul>\n<\/div>\n\n\n\n<div class=\"wp-block-column is-layout-flow wp-block-column-is-layout-flow\">\n<figure class=\"wp-block-image size-full\"><img fetchpriority=\"high\" decoding=\"async\" width=\"1784\" height=\"1784\" src=\"https:\/\/www.ceramicbasin.com\/wp-content\/uploads\/2024\/10\/Wholesale-Bathroom-Wash-Basin-FactoryRectangle-Shape-Semi-recessed-Sinks-5.webp\" alt=\"Lavat\u00f3rios comerciais personalizados, lavat\u00f3rios de m\u00e3o semi-encastrados por atacado-1\" class=\"wp-image-5461\" srcset=\"https:\/\/www.ceramicbasin.com\/wp-content\/uploads\/2024\/10\/Wholesale-Bathroom-Wash-Basin-FactoryRectangle-Shape-Semi-recessed-Sinks-5.webp 1784w, https:\/\/www.ceramicbasin.com\/wp-content\/uploads\/2024\/10\/Wholesale-Bathroom-Wash-Basin-FactoryRectangle-Shape-Semi-recessed-Sinks-5-300x300.webp 300w, https:\/\/www.ceramicbasin.com\/wp-content\/uploads\/2024\/10\/Wholesale-Bathroom-Wash-Basin-FactoryRectangle-Shape-Semi-recessed-Sinks-5-150x150.webp 150w, https:\/\/www.ceramicbasin.com\/wp-content\/uploads\/2024\/10\/Wholesale-Bathroom-Wash-Basin-FactoryRectangle-Shape-Semi-recessed-Sinks-5-768x768.webp 768w, https:\/\/www.ceramicbasin.com\/wp-content\/uploads\/2024\/10\/Wholesale-Bathroom-Wash-Basin-FactoryRectangle-Shape-Semi-recessed-Sinks-5-12x12.webp 12w, https:\/\/www.ceramicbasin.com\/wp-content\/uploads\/2024\/10\/Wholesale-Bathroom-Wash-Basin-FactoryRectangle-Shape-Semi-recessed-Sinks-5-285x285.webp 285w, https:\/\/www.ceramicbasin.com\/wp-content\/uploads\/2024\/10\/Wholesale-Bathroom-Wash-Basin-FactoryRectangle-Shape-Semi-recessed-Sinks-5-1600x1600.webp 1600w, https:\/\/www.ceramicbasin.com\/wp-content\/uploads\/2024\/10\/Wholesale-Bathroom-Wash-Basin-FactoryRectangle-Shape-Semi-recessed-Sinks-5-270x270.webp 270w, https:\/\/www.ceramicbasin.com\/wp-content\/uploads\/2024\/10\/Wholesale-Bathroom-Wash-Basin-FactoryRectangle-Shape-Semi-recessed-Sinks-5-540x540.webp 540w, https:\/\/www.ceramicbasin.com\/wp-content\/uploads\/2024\/10\/Wholesale-Bathroom-Wash-Basin-FactoryRectangle-Shape-Semi-recessed-Sinks-5-660x660.webp 660w\" sizes=\"(max-width: 1784px) 100vw, 1784px\" \/><\/figure>\n<\/div>\n<\/div>","protected":false},"excerpt":{"rendered":"<p>Bem-vindo aos lavat\u00f3rios personalizados para o seu projeto, os nossos lavat\u00f3rios semi-encastrados por atacado combinam um design moderno com materiais de alta qualidade, durabilidade e facilidade de limpeza, enquanto a estrutura de instala\u00e7\u00e3o simples permite que os utilizadores consigam facilmente uma instala\u00e7\u00e3o r\u00e1pida, trazendo grande comodidade \u00e0 utiliza\u00e7\u00e3o e manuten\u00e7\u00e3o de espa\u00e7os comerciais.<\/p>\n<table style=\"border-collapse: collapse; width: 358.52pt;\" border=\"0\" width=\"478\" cellspacing=\"0\" cellpadding=\"0\">\n<tbody>\n<tr style=\"height: 17.25pt;\">\n<td class=\"et3\" style=\"height: 17.25pt; width: 125.00pt;\" width=\"166\" height=\"23\">Fabricante<\/td>\n<td class=\"et3\" style=\"width: 234.15pt;\" width=\"312\">HanYu<\/td>\n<\/tr>\n<tr style=\"height: 17.25pt;\">\n<td class=\"et3\" style=\"height: 17.25pt;\" height=\"23\">Modelo n.<\/td>\n<td class=\"et4\">HY-8104A<\/td>\n<\/tr>\n<tr style=\"height: 17.25pt;\">\n<td class=\"et3\" style=\"height: 17.25pt;\" height=\"23\">Tipo<\/td>\n<td class=\"et5\" style=\"width: 234.15pt;\" width=\"312\">Lava-lou\u00e7as semi-embutidos<\/td>\n<\/tr>\n<tr style=\"height: 18.00pt;\">\n<td class=\"et3\" style=\"height: 18.00pt;\" height=\"24\">Forma<\/td>\n<td class=\"et3\">Forma retangular<\/td>\n<\/tr>\n<tr style=\"height: 34.50pt;\">\n<td class=\"et4\" style=\"height: 34.50pt;\" height=\"46\">Cor<\/td>\n<td class=\"et5\" style=\"width: 234.15pt;\" width=\"312\">preto\/branco\/azul\/cinzento\/rosa\/verde\/castanho\/caqui<\/td>\n<\/tr>\n<tr style=\"height: 18.00pt;\">\n<td class=\"et3\" style=\"height: 18.00pt;\" height=\"24\">Dimens\u00e3o<\/td>\n<td class=\"et5\" style=\"width: 234.15pt;\" width=\"312\">48*37*15.5<\/td>\n<\/tr>\n<tr style=\"height: 17.25pt;\">\n<td class=\"et3\" style=\"height: 17.25pt;\" height=\"23\">N.W \/SET<\/td>\n<td class=\"et3\">13KGS\/PCS<\/td>\n<\/tr>\n<tr style=\"height: 17.25pt;\">\n<td class=\"et3\" style=\"height: 17.25pt;\" height=\"23\">MOQ<\/td>\n<td class=\"et3\">20 unidades<\/td>\n<\/tr>\n<tr style=\"height: 17.25pt;\">\n<td class=\"et3\" style=\"height: 17.25pt;\" height=\"23\">Op\u00e7\u00e3o personalizada<\/td>\n<td class=\"et3\">Cor\/Patente\/Tamanho\/Logotipo\/Embalagem<\/td>\n<\/tr>\n<\/tbody>\n<\/table>","protected":false},"featured_media":5457,"comment_status":"closed","ping_status":"closed","template":"","meta":{"_acf_changed":false},"product_brand":[],"product_cat":[58],"product_tag":[],"class_list":{"0":"post-5456","1":"product","2":"type-product","3":"status-publish","4":"has-post-thumbnail","6":"product_cat-wholesale-semi-recessed-sinks","8":"first","9":"instock","10":"shipping-taxable","11":"product-type-simple"},"acf":[],"_links":{"self":[{"href":"https:\/\/www.ceramicbasin.com\/pt\/wp-json\/wp\/v2\/product\/5456","targetHints":{"allow":["GET"]}}],"collection":[{"href":"https:\/\/www.ceramicbasin.com\/pt\/wp-json\/wp\/v2\/product"}],"about":[{"href":"https:\/\/www.ceramicbasin.com\/pt\/wp-json\/wp\/v2\/types\/product"}],"replies":[{"embeddable":true,"href":"https:\/\/www.ceramicbasin.com\/pt\/wp-json\/wp\/v2\/comments?post=5456"}],"wp:featuredmedia":[{"embeddable":true,"href":"https:\/\/www.ceramicbasin.com\/pt\/wp-json\/wp\/v2\/media\/5457"}],"wp:attachment":[{"href":"https:\/\/www.ceramicbasin.com\/pt\/wp-json\/wp\/v2\/media?parent=5456"}],"wp:term":[{"taxonomy":"product_brand","embeddable":true,"href":"https:\/\/www.ceramicbasin.com\/pt\/wp-json\/wp\/v2\/product_brand?post=5456"},{"taxonomy":"product_cat","embeddable":true,"href":"https:\/\/www.ceramicbasin.com\/pt\/wp-json\/wp\/v2\/product_cat?post=5456"},{"taxonomy":"product_tag","embeddable":true,"href":"https:\/\/www.ceramicbasin.com\/pt\/wp-json\/wp\/v2\/product_tag?post=5456"}],"curies":[{"name":"wp","href":"https:\/\/api.w.org\/{rel}","templated":true}]}}