{"id":5536,"date":"2024-11-08T09:24:38","date_gmt":"2024-11-08T09:24:38","guid":{"rendered":"https:\/\/www.ceramicbasin.com\/?post_type=product&#038;p=5536"},"modified":"2024-11-08T09:24:40","modified_gmt":"2024-11-08T09:24:40","slug":"custom-undermount-sink","status":"publish","type":"product","link":"https:\/\/www.ceramicbasin.com\/pt\/produto\/custom-undermount-sink\/","title":{"rendered":"Lavat\u00f3rio de montagem personalizada, lavat\u00f3rios de cer\u00e2mica de balc\u00e3o por atacado"},"content":{"rendered":"<div class=\"wp-block-columns is-layout-flex wp-container-core-columns-is-layout-9d6595d7 wp-block-columns-is-layout-flex\">\n<div class=\"wp-block-column is-layout-flow wp-block-column-is-layout-flow\">\n<h2 class=\"wp-block-heading\">Carater\u00edsticas do lava-loi\u00e7a de encastrar personalizado Premium:<\/h2>\n\n\n\n<ul class=\"wp-block-list\">\n<li><strong>Qualidade do material:\u00a0<\/strong>Estes lava-loi\u00e7as de encastrar personalizados s\u00e3o feitos de porcelana de alta qualidade, o que os torna dur\u00e1veis para uma utiliza\u00e7\u00e3o a longo prazo.<\/li>\n\n\n\n<li><strong>Design cl\u00e1ssico:\u00a0<\/strong>Estes lavat\u00f3rios de balc\u00e3o por atacado apresentam um estilo de design moderno e simples. Combina perfeitamente com qualquer estilo de decora\u00e7\u00e3o de casa de banho. O seu m\u00e9todo de funcionamento \u00e9 a instala\u00e7\u00e3o embutida, fazendo com que o lavat\u00f3rio se ligue perfeitamente \u00e0 bancada, aumentando assim a beleza do conjunto.<\/li>\n\n\n\n<li><strong>Entrega r\u00e1pida:<\/strong>\u00a0Prometemos uma log\u00edstica e distribui\u00e7\u00e3o eficientes para garantir que os nossos lava-lou\u00e7as de cer\u00e2mica personalizados s\u00e3o entregues rapidamente, acelerando o progresso do seu projeto e satisfazendo as necessidades urgentes de constru\u00e7\u00e3o.<\/li>\n\n\n\n<li><strong>Desconto para compras em massa:\u00a0<\/strong>Como fabricante profissional, oferecemos pre\u00e7os altamente competitivos para lavat\u00f3rios de balc\u00e3o por atacado, e desfrutamos de mais descontos para compras a granel, o que \u00e9 adequado para grandes projectos como hot\u00e9is, apartamentos, escrit\u00f3rios, etc.<\/li>\n<\/ul>\n<\/div>\n\n\n\n<div class=\"wp-block-column is-layout-flow wp-block-column-is-layout-flow\">\n<figure class=\"wp-block-image size-full\"><img fetchpriority=\"high\" decoding=\"async\" width=\"612\" height=\"828\" src=\"https:\/\/www.ceramicbasin.com\/wp-content\/uploads\/2024\/11\/wholesale-bathroom-vessel-sinks-under-counter-wash-basin-sinks-5.webp\" alt=\"Lava-loi\u00e7a de montagem personalizada, Lava-loi\u00e7as de cer\u00e2mica por atacado-1\" class=\"wp-image-5535\" srcset=\"https:\/\/www.ceramicbasin.com\/wp-content\/uploads\/2024\/11\/wholesale-bathroom-vessel-sinks-under-counter-wash-basin-sinks-5.webp 612w, https:\/\/www.ceramicbasin.com\/wp-content\/uploads\/2024\/11\/wholesale-bathroom-vessel-sinks-under-counter-wash-basin-sinks-5-222x300.webp 222w, https:\/\/www.ceramicbasin.com\/wp-content\/uploads\/2024\/11\/wholesale-bathroom-vessel-sinks-under-counter-wash-basin-sinks-5-9x12.webp 9w, https:\/\/www.ceramicbasin.com\/wp-content\/uploads\/2024\/11\/wholesale-bathroom-vessel-sinks-under-counter-wash-basin-sinks-5-285x386.webp 285w, https:\/\/www.ceramicbasin.com\/wp-content\/uploads\/2024\/11\/wholesale-bathroom-vessel-sinks-under-counter-wash-basin-sinks-5-488x660.webp 488w, https:\/\/www.ceramicbasin.com\/wp-content\/uploads\/2024\/11\/wholesale-bathroom-vessel-sinks-under-counter-wash-basin-sinks-5-111x150.webp 111w\" sizes=\"(max-width: 612px) 100vw, 612px\" \/><\/figure>\n<\/div>\n<\/div>\n\n\n\n<p><\/p>","protected":false},"excerpt":{"rendered":"<p>Bem-vindo aos lava-loi\u00e7as de encastrar personalizados para o projeto. Oferecemos pre\u00e7os altamente competitivos para os lava-loi\u00e7as de encastrar por atacado e desfrutamos de mais descontos para compras a granel, o que \u00e9 adequado para grandes projectos, como hot\u00e9is, apartamentos, escrit\u00f3rios, etc.<\/p>\n<table style=\"border-collapse: collapse; width: 358.52pt;\" border=\"0\" width=\"478\" cellspacing=\"0\" cellpadding=\"0\">\n<tbody>\n<tr style=\"height: 17.25pt;\">\n<td class=\"et3\" style=\"height: 17.25pt; width: 125.00pt;\" width=\"166\" height=\"23\">Fabricante<\/td>\n<td class=\"et3\" style=\"width: 234.15pt;\" width=\"312\">HanYu<\/td>\n<\/tr>\n<tr style=\"height: 17.25pt;\">\n<td class=\"et3\" style=\"height: 17.25pt;\" height=\"23\">Modelo n.<\/td>\n<td class=\"et4\">HY-3021<\/td>\n<\/tr>\n<tr style=\"height: 17.25pt;\">\n<td class=\"et3\" style=\"height: 17.25pt;\" height=\"23\">Tipo<\/td>\n<td class=\"et5\" style=\"width: 234.15pt;\" width=\"312\">Lava-loi\u00e7as de encastrar<\/td>\n<\/tr>\n<tr style=\"height: 18.00pt;\">\n<td class=\"et3\" style=\"height: 18.00pt;\" height=\"24\">Forma<\/td>\n<td class=\"et3\">Forma oval<\/td>\n<\/tr>\n<tr style=\"height: 34.50pt;\">\n<td class=\"et4\" style=\"height: 34.50pt;\" height=\"46\">Cor<\/td>\n<td class=\"et5\" style=\"width: 234.15pt;\" width=\"312\">preto\/branco\/azul\/cinzento\/rosa\/verde\/castanho\/caqui<\/td>\n<\/tr>\n<tr style=\"height: 18.00pt;\">\n<td class=\"et3\" style=\"height: 18.00pt;\" height=\"24\">Dimens\u00e3o<\/td>\n<td class=\"et5\" style=\"width: 234.15pt;\" width=\"312\">49*41*18.5<\/td>\n<\/tr>\n<tr style=\"height: 17.25pt;\">\n<td class=\"et3\" style=\"height: 17.25pt;\" height=\"23\">N.W \/SET<\/td>\n<td class=\"et3\">5KGS\/PCS<\/td>\n<\/tr>\n<tr style=\"height: 17.25pt;\">\n<td class=\"et3\" style=\"height: 17.25pt;\" height=\"23\">MOQ<\/td>\n<td class=\"et3\">20 unidades<\/td>\n<\/tr>\n<tr style=\"height: 17.25pt;\">\n<td class=\"et3\" style=\"height: 17.25pt;\" height=\"23\">Op\u00e7\u00e3o personalizada<\/td>\n<td class=\"et3\">Cor\/Patente\/Tamanho\/Logotipo\/Embalagem<\/td>\n<\/tr>\n<\/tbody>\n<\/table>","protected":false},"featured_media":5531,"comment_status":"closed","ping_status":"closed","template":"","meta":{"_acf_changed":false},"product_brand":[],"product_cat":[59],"product_tag":[],"class_list":{"0":"post-5536","1":"product","2":"type-product","3":"status-publish","4":"has-post-thumbnail","6":"product_cat-wholesale-undermount-sinks","8":"first","9":"instock","10":"shipping-taxable","11":"product-type-simple"},"acf":[],"_links":{"self":[{"href":"https:\/\/www.ceramicbasin.com\/pt\/wp-json\/wp\/v2\/product\/5536","targetHints":{"allow":["GET"]}}],"collection":[{"href":"https:\/\/www.ceramicbasin.com\/pt\/wp-json\/wp\/v2\/product"}],"about":[{"href":"https:\/\/www.ceramicbasin.com\/pt\/wp-json\/wp\/v2\/types\/product"}],"replies":[{"embeddable":true,"href":"https:\/\/www.ceramicbasin.com\/pt\/wp-json\/wp\/v2\/comments?post=5536"}],"wp:featuredmedia":[{"embeddable":true,"href":"https:\/\/www.ceramicbasin.com\/pt\/wp-json\/wp\/v2\/media\/5531"}],"wp:attachment":[{"href":"https:\/\/www.ceramicbasin.com\/pt\/wp-json\/wp\/v2\/media?parent=5536"}],"wp:term":[{"taxonomy":"product_brand","embeddable":true,"href":"https:\/\/www.ceramicbasin.com\/pt\/wp-json\/wp\/v2\/product_brand?post=5536"},{"taxonomy":"product_cat","embeddable":true,"href":"https:\/\/www.ceramicbasin.com\/pt\/wp-json\/wp\/v2\/product_cat?post=5536"},{"taxonomy":"product_tag","embeddable":true,"href":"https:\/\/www.ceramicbasin.com\/pt\/wp-json\/wp\/v2\/product_tag?post=5536"}],"curies":[{"name":"wp","href":"https:\/\/api.w.org\/{rel}","templated":true}]}}