{"id":5538,"date":"2024-11-08T09:42:49","date_gmt":"2024-11-08T09:42:49","guid":{"rendered":"https:\/\/www.ceramicbasin.com\/?post_type=product&#038;p=5538"},"modified":"2024-11-08T09:42:51","modified_gmt":"2024-11-08T09:42:51","slug":"bespoke-ceramic-sinks","status":"publish","type":"product","link":"https:\/\/www.ceramicbasin.com\/pt\/produto\/bespoke-ceramic-sinks\/","title":{"rendered":"Lavat\u00f3rios de cer\u00e2mica feitos \u00e0 medida, lavat\u00f3rio de casa de banho por atacado"},"content":{"rendered":"<div class=\"wp-block-columns is-layout-flex wp-container-core-columns-is-layout-9d6595d7 wp-block-columns-is-layout-flex\">\n<div class=\"wp-block-column is-layout-flow wp-block-column-is-layout-flow\">\n<h2 class=\"wp-block-heading\">Pias de cer\u00e2mica Premium Bespoke Carater\u00edsticas:<\/h2>\n\n\n\n<ul class=\"wp-block-list\">\n<li><strong>Design requintado:\u00a0<\/strong>Os nossos lavat\u00f3rios de cer\u00e2mica por medida adoptam um design moderno e requintado. Cada pe\u00e7a \u00e9 um tributo \u00e0 est\u00e9tica e tem como objetivo acrescentar eleg\u00e2ncia e gosto ao espa\u00e7o de banho.<\/li>\n\n\n\n<li><strong>Materiais de alta qualidade:<\/strong>\u00a0A sele\u00e7\u00e3o de materiais cer\u00e2micos de alta qualidade e o requintado trabalho artesanal garantem que cada um dos nossos lavat\u00f3rios de casa de banho por atacado n\u00e3o s\u00f3 tem um aspeto bonito, mas tamb\u00e9m uma excelente durabilidade e carater\u00edsticas f\u00e1ceis de limpar.<\/li>\n\n\n\n<li><strong>Garantia de qualidade:<\/strong>\u00a0O equipamento de produ\u00e7\u00e3o avan\u00e7ado com um sistema de controlo de qualidade rigoroso garante que todos os lavat\u00f3rios de cer\u00e2mica feitos \u00e0 medida que saem das f\u00e1bricas gozam da mais elevada qualidade, quer em termos de durabilidade quer de beleza, satisfazendo assim as elevadas exig\u00eancias dos clientes.<\/li>\n\n\n\n<li><strong>Design personalizado:\u00a0<\/strong>A nossa bacia de casa de banho por atacado \u00e9 concebida em v\u00e1rios tipos de estilos e tamanhos para personaliza\u00e7\u00e3o, permitindo-nos satisfazer as necessidades de diferentes clientes. Isto permite ajustes de cor, forma e textura de acordo com as suas necessidades espec\u00edficas e integra\u00e7\u00e3o numa variedade de designs de casas de banho.<\/li>\n<\/ul>\n<\/div>\n\n\n\n<div class=\"wp-block-column is-layout-flow wp-block-column-is-layout-flow\">\n<figure class=\"wp-block-image size-full\"><img fetchpriority=\"high\" decoding=\"async\" width=\"757\" height=\"877\" src=\"https:\/\/www.ceramicbasin.com\/wp-content\/uploads\/2024\/11\/Bathroom-basin-supplier-drop-in-wash-basin-for-cabinet-7-1.webp\" alt=\"Lavat\u00f3rios de cer\u00e2mica feitos \u00e0 medida, lavat\u00f3rio de casa de banho por atacado-1\" class=\"wp-image-5525\" srcset=\"https:\/\/www.ceramicbasin.com\/wp-content\/uploads\/2024\/11\/Bathroom-basin-supplier-drop-in-wash-basin-for-cabinet-7-1.webp 757w, https:\/\/www.ceramicbasin.com\/wp-content\/uploads\/2024\/11\/Bathroom-basin-supplier-drop-in-wash-basin-for-cabinet-7-1-259x300.webp 259w, https:\/\/www.ceramicbasin.com\/wp-content\/uploads\/2024\/11\/Bathroom-basin-supplier-drop-in-wash-basin-for-cabinet-7-1-10x12.webp 10w, https:\/\/www.ceramicbasin.com\/wp-content\/uploads\/2024\/11\/Bathroom-basin-supplier-drop-in-wash-basin-for-cabinet-7-1-285x330.webp 285w, https:\/\/www.ceramicbasin.com\/wp-content\/uploads\/2024\/11\/Bathroom-basin-supplier-drop-in-wash-basin-for-cabinet-7-1-570x660.webp 570w, https:\/\/www.ceramicbasin.com\/wp-content\/uploads\/2024\/11\/Bathroom-basin-supplier-drop-in-wash-basin-for-cabinet-7-1-129x150.webp 129w\" sizes=\"(max-width: 757px) 100vw, 757px\" \/><\/figure>\n<\/div>\n<\/div>","protected":false},"excerpt":{"rendered":"<p>Bem-vindo aos lavat\u00f3rios de cer\u00e2mica feitos \u00e0 medida para o seu projeto. A nossa bacia de casa de banho por atacado adopta um design moderno requintado, a bacia de lavagem por atacado \u00e9 concebida em v\u00e1rios tipos de estilos e tamanhos para personaliza\u00e7\u00e3o, permitindo-nos satisfazer as necessidades de diferentes clientes. Isto permite ajustar a cor, a forma e a textura de acordo com as suas necessidades espec\u00edficas e a integra\u00e7\u00e3o numa variedade de designs de casas de banho.<\/p>\n<table style=\"border-collapse: collapse; width: 358.52pt;\" border=\"0\" width=\"478\" cellspacing=\"0\" cellpadding=\"0\">\n<tbody>\n<tr style=\"height: 17.25pt;\">\n<td class=\"et3\" style=\"height: 17.25pt; width: 125.00pt;\" width=\"166\" height=\"23\">Fabricante<\/td>\n<td class=\"et3\" style=\"width: 234.15pt;\" width=\"312\">HanYu<\/td>\n<\/tr>\n<tr style=\"height: 17.25pt;\">\n<td class=\"et3\" style=\"height: 17.25pt;\" height=\"23\">Modelo n.<\/td>\n<td class=\"et4\">HY-5073A<\/td>\n<\/tr>\n<tr style=\"height: 17.25pt;\">\n<td class=\"et3\" style=\"height: 17.25pt;\" height=\"23\">Tipo<\/td>\n<td class=\"et5\" style=\"width: 234.15pt;\" width=\"312\">Lava-lou\u00e7as<\/td>\n<\/tr>\n<tr style=\"height: 18.00pt;\">\n<td class=\"et3\" style=\"height: 18.00pt;\" height=\"24\">Forma<\/td>\n<td class=\"et3\">Forma oval<\/td>\n<\/tr>\n<tr style=\"height: 34.50pt;\">\n<td class=\"et4\" style=\"height: 34.50pt;\" height=\"46\">Cor<\/td>\n<td class=\"et5\" style=\"width: 234.15pt;\" width=\"312\">preto\/branco\/azul\/cinzento\/rosa\/verde\/castanho\/caqui<\/td>\n<\/tr>\n<tr style=\"height: 18.00pt;\">\n<td class=\"et3\" style=\"height: 18.00pt;\" height=\"24\">Dimens\u00e3o<\/td>\n<td class=\"et5\" style=\"width: 234.15pt;\" width=\"312\">55.5*36.5*17<\/td>\n<\/tr>\n<tr style=\"height: 17.25pt;\">\n<td class=\"et3\" style=\"height: 17.25pt;\" height=\"23\">N.W \/SET<\/td>\n<td class=\"et3\">7KGS\/PCS<\/td>\n<\/tr>\n<tr style=\"height: 17.25pt;\">\n<td class=\"et3\" style=\"height: 17.25pt;\" height=\"23\">MOQ<\/td>\n<td class=\"et3\">20 unidades<\/td>\n<\/tr>\n<tr style=\"height: 17.25pt;\">\n<td class=\"et3\" style=\"height: 17.25pt;\" height=\"23\">Op\u00e7\u00e3o personalizada<\/td>\n<td class=\"et3\">Cor\/Patente\/Tamanho\/Logotipo\/Embalagem<\/td>\n<\/tr>\n<\/tbody>\n<\/table>","protected":false},"featured_media":5518,"comment_status":"closed","ping_status":"closed","template":"","meta":{"_acf_changed":false},"product_brand":[],"product_cat":[51],"product_tag":[],"class_list":{"0":"post-5538","1":"product","2":"type-product","3":"status-publish","4":"has-post-thumbnail","6":"product_cat-wholesale-drop-in-sinks","8":"first","9":"instock","10":"shipping-taxable","11":"product-type-simple"},"acf":[],"_links":{"self":[{"href":"https:\/\/www.ceramicbasin.com\/pt\/wp-json\/wp\/v2\/product\/5538","targetHints":{"allow":["GET"]}}],"collection":[{"href":"https:\/\/www.ceramicbasin.com\/pt\/wp-json\/wp\/v2\/product"}],"about":[{"href":"https:\/\/www.ceramicbasin.com\/pt\/wp-json\/wp\/v2\/types\/product"}],"replies":[{"embeddable":true,"href":"https:\/\/www.ceramicbasin.com\/pt\/wp-json\/wp\/v2\/comments?post=5538"}],"wp:featuredmedia":[{"embeddable":true,"href":"https:\/\/www.ceramicbasin.com\/pt\/wp-json\/wp\/v2\/media\/5518"}],"wp:attachment":[{"href":"https:\/\/www.ceramicbasin.com\/pt\/wp-json\/wp\/v2\/media?parent=5538"}],"wp:term":[{"taxonomy":"product_brand","embeddable":true,"href":"https:\/\/www.ceramicbasin.com\/pt\/wp-json\/wp\/v2\/product_brand?post=5538"},{"taxonomy":"product_cat","embeddable":true,"href":"https:\/\/www.ceramicbasin.com\/pt\/wp-json\/wp\/v2\/product_cat?post=5538"},{"taxonomy":"product_tag","embeddable":true,"href":"https:\/\/www.ceramicbasin.com\/pt\/wp-json\/wp\/v2\/product_tag?post=5538"}],"curies":[{"name":"wp","href":"https:\/\/api.w.org\/{rel}","templated":true}]}}