{"id":5539,"date":"2024-11-08T09:34:08","date_gmt":"2024-11-08T09:34:08","guid":{"rendered":"https:\/\/www.ceramicbasin.com\/?post_type=product&#038;p=5539"},"modified":"2024-11-08T09:34:11","modified_gmt":"2024-11-08T09:34:11","slug":"custom-made-wash-basin","status":"publish","type":"product","link":"https:\/\/www.ceramicbasin.com\/pt\/produto\/custom-made-wash-basin\/","title":{"rendered":"Lavat\u00f3rio feito \u00e0 medida, lavat\u00f3rios de porcelana por atacado"},"content":{"rendered":"<div class=\"wp-block-columns is-layout-flex wp-container-core-columns-is-layout-9d6595d7 wp-block-columns-is-layout-flex\">\n<div class=\"wp-block-column is-layout-flow wp-block-column-is-layout-flow\">\n<h2 class=\"wp-block-heading\">Lavat\u00f3rio Premium feito \u00e0 medida Carater\u00edsticas:<\/h2>\n\n\n\n<ul class=\"wp-block-list\">\n<li><strong>Porcelana de alta qualidade:<\/strong>\u00a0Os materiais de qualidade dos nossos lavat\u00f3rios personalizados s\u00e3o de alta qualidade, robustos, duradouros e excelentes em termos de resist\u00eancia ao desgaste e aos riscos. Os nossos lavat\u00f3rios por atacado podem garantir uma utiliza\u00e7\u00e3o a longo prazo sem danificar facilmente o seu aspeto.<\/li>\n\n\n\n<li><strong>Produtos de venda quente, amplamente elogiados:<\/strong>\u00a0Estes lavat\u00f3rios de forma retangular por atacado com excelente design t\u00eam excelente qualidade. O nosso lavat\u00f3rio por atacado tornou-se um produto de venda quente no mercado. Com uma elevada reputa\u00e7\u00e3o no mercado internacional, o produto foi amplamente elogiado com uma elevada avalia\u00e7\u00e3o assim que foi lan\u00e7ado no mercado.<\/li>\n\n\n\n<li><strong>Vantagem de pre\u00e7o:\u00a0<\/strong>Fornecemos servi\u00e7os de encomenda a granel de lavat\u00f3rios feitos \u00e0 medida, que n\u00e3o s\u00f3 s\u00e3o acess\u00edveis, como tamb\u00e9m s\u00e3o entregues rapidamente, adequados para projectos comerciais e decora\u00e7\u00e3o residencial em grande escala, satisfazendo as necessidades de alta efici\u00eancia e baixo custo.<\/li>\n\n\n\n<li><strong>Design de moda:\u00a0<\/strong>Design moderno e simples, com linhas suaves, adequado para v\u00e1rios tipos de casas de banho. Se pretende acrescentar eleg\u00e2ncia e moda \u00e0 sua casa de banho, ent\u00e3o os nossos lavat\u00f3rios suspensos por atacado ser\u00e3o perfeitos.<\/li>\n<\/ul>\n<\/div>\n\n\n\n<div class=\"wp-block-column is-layout-flow wp-block-column-is-layout-flow\">\n<figure class=\"wp-block-image size-full\"><img fetchpriority=\"high\" decoding=\"async\" width=\"691\" height=\"801\" src=\"https:\/\/www.ceramicbasin.com\/wp-content\/uploads\/2024\/11\/Porcelain-hand-wash-basin-factory-rectangle-shape-drop-in-sink-1-1.webp\" alt=\"Lavat\u00f3rio feito \u00e0 medida, lavat\u00f3rios de porcelana por atacado-1\" class=\"wp-image-5511\" srcset=\"https:\/\/www.ceramicbasin.com\/wp-content\/uploads\/2024\/11\/Porcelain-hand-wash-basin-factory-rectangle-shape-drop-in-sink-1-1.webp 691w, https:\/\/www.ceramicbasin.com\/wp-content\/uploads\/2024\/11\/Porcelain-hand-wash-basin-factory-rectangle-shape-drop-in-sink-1-1-259x300.webp 259w, https:\/\/www.ceramicbasin.com\/wp-content\/uploads\/2024\/11\/Porcelain-hand-wash-basin-factory-rectangle-shape-drop-in-sink-1-1-10x12.webp 10w, https:\/\/www.ceramicbasin.com\/wp-content\/uploads\/2024\/11\/Porcelain-hand-wash-basin-factory-rectangle-shape-drop-in-sink-1-1-285x330.webp 285w, https:\/\/www.ceramicbasin.com\/wp-content\/uploads\/2024\/11\/Porcelain-hand-wash-basin-factory-rectangle-shape-drop-in-sink-1-1-569x660.webp 569w, https:\/\/www.ceramicbasin.com\/wp-content\/uploads\/2024\/11\/Porcelain-hand-wash-basin-factory-rectangle-shape-drop-in-sink-1-1-129x150.webp 129w\" sizes=\"(max-width: 691px) 100vw, 691px\" \/><\/figure>\n<\/div>\n<\/div>","protected":false},"excerpt":{"rendered":"<p>Bem-vindo aos lavat\u00f3rios feitos \u00e0 medida. Este lavat\u00f3rio de cer\u00e2mica em forma de ret\u00e2ngulo para casas de banho tem um excelente conceito de design e uma excelente qualidade. Estes lavat\u00f3rios de casa de banho por atacado t\u00eam um design moderno e simples com linhas suaves, s\u00e3o adequados para v\u00e1rios tipos de casas de banho.<\/p>\n<table style=\"border-collapse: collapse; width: 358.52pt;\" border=\"0\" width=\"478\" cellspacing=\"0\" cellpadding=\"0\">\n<tbody>\n<tr style=\"height: 17.25pt;\">\n<td class=\"et3\" style=\"height: 17.25pt; width: 125.00pt;\" width=\"166\" height=\"23\">Fabricante<\/td>\n<td class=\"et3\" style=\"width: 234.15pt;\" width=\"312\">HanYu<\/td>\n<\/tr>\n<tr style=\"height: 17.25pt;\">\n<td class=\"et3\" style=\"height: 17.25pt;\" height=\"23\">Modelo n.<\/td>\n<td class=\"et4\">HY-5082<\/td>\n<\/tr>\n<tr style=\"height: 17.25pt;\">\n<td class=\"et3\" style=\"height: 17.25pt;\" height=\"23\">Tipo<\/td>\n<td class=\"et5\" style=\"width: 234.15pt;\" width=\"312\">Lava-lou\u00e7as<\/td>\n<\/tr>\n<tr style=\"height: 18.00pt;\">\n<td class=\"et3\" style=\"height: 18.00pt;\" height=\"24\">Forma<\/td>\n<td class=\"et3\">Forma retangular<\/td>\n<\/tr>\n<tr style=\"height: 34.50pt;\">\n<td class=\"et4\" style=\"height: 34.50pt;\" height=\"46\">Cor<\/td>\n<td class=\"et5\" style=\"width: 234.15pt;\" width=\"312\">preto\/branco\/azul\/cinzento\/rosa\/verde\/castanho\/caqui<\/td>\n<\/tr>\n<tr style=\"height: 18.00pt;\">\n<td class=\"et3\" style=\"height: 18.00pt;\" height=\"24\">Dimens\u00e3o<\/td>\n<td class=\"et5\" style=\"width: 234.15pt;\" width=\"312\">41*41.5*16<\/td>\n<\/tr>\n<tr style=\"height: 17.25pt;\">\n<td class=\"et3\" style=\"height: 17.25pt;\" height=\"23\">N.W \/SET<\/td>\n<td class=\"et3\">8KGS\/PCS<\/td>\n<\/tr>\n<tr style=\"height: 17.25pt;\">\n<td class=\"et3\" style=\"height: 17.25pt;\" height=\"23\">MOQ<\/td>\n<td class=\"et3\">20 unidades<\/td>\n<\/tr>\n<tr style=\"height: 17.25pt;\">\n<td class=\"et3\" style=\"height: 17.25pt;\" height=\"23\">Op\u00e7\u00e3o personalizada<\/td>\n<td class=\"et3\">Cor\/Patente\/Tamanho\/Logotipo\/Embalagem<\/td>\n<\/tr>\n<\/tbody>\n<\/table>","protected":false},"featured_media":5510,"comment_status":"closed","ping_status":"closed","template":"","meta":{"_acf_changed":false},"product_brand":[],"product_cat":[51],"product_tag":[],"class_list":{"0":"post-5539","1":"product","2":"type-product","3":"status-publish","4":"has-post-thumbnail","6":"product_cat-wholesale-drop-in-sinks","8":"first","9":"instock","10":"shipping-taxable","11":"product-type-simple"},"acf":[],"_links":{"self":[{"href":"https:\/\/www.ceramicbasin.com\/pt\/wp-json\/wp\/v2\/product\/5539","targetHints":{"allow":["GET"]}}],"collection":[{"href":"https:\/\/www.ceramicbasin.com\/pt\/wp-json\/wp\/v2\/product"}],"about":[{"href":"https:\/\/www.ceramicbasin.com\/pt\/wp-json\/wp\/v2\/types\/product"}],"replies":[{"embeddable":true,"href":"https:\/\/www.ceramicbasin.com\/pt\/wp-json\/wp\/v2\/comments?post=5539"}],"wp:featuredmedia":[{"embeddable":true,"href":"https:\/\/www.ceramicbasin.com\/pt\/wp-json\/wp\/v2\/media\/5510"}],"wp:attachment":[{"href":"https:\/\/www.ceramicbasin.com\/pt\/wp-json\/wp\/v2\/media?parent=5539"}],"wp:term":[{"taxonomy":"product_brand","embeddable":true,"href":"https:\/\/www.ceramicbasin.com\/pt\/wp-json\/wp\/v2\/product_brand?post=5539"},{"taxonomy":"product_cat","embeddable":true,"href":"https:\/\/www.ceramicbasin.com\/pt\/wp-json\/wp\/v2\/product_cat?post=5539"},{"taxonomy":"product_tag","embeddable":true,"href":"https:\/\/www.ceramicbasin.com\/pt\/wp-json\/wp\/v2\/product_tag?post=5539"}],"curies":[{"name":"wp","href":"https:\/\/api.w.org\/{rel}","templated":true}]}}