{"id":5563,"date":"2024-11-14T03:05:41","date_gmt":"2024-11-14T03:05:41","guid":{"rendered":"https:\/\/www.ceramicbasin.com\/?post_type=product&#038;p=5563"},"modified":"2024-11-15T06:57:09","modified_gmt":"2024-11-15T06:57:09","slug":"wholesale-vanity-sink","status":"publish","type":"product","link":"https:\/\/www.ceramicbasin.com\/pt\/produto\/wholesale-vanity-sink\/","title":{"rendered":"Lavat\u00f3rio de toucador de qualidade por atacado, Lavat\u00f3rios rectangulares para casa de banho"},"content":{"rendered":"<div class=\"wp-block-columns is-layout-flex wp-container-core-columns-is-layout-9d6595d7 wp-block-columns-is-layout-flex\">\n<div class=\"wp-block-column is-layout-flow wp-block-column-is-layout-flow\">\n<h2 class=\"wp-block-heading\">Carater\u00edsticas do lavat\u00f3rio de toucador Premium Wholesale:<\/h2>\n\n\n\n<ul class=\"wp-block-list\">\n<li><strong>Padr\u00e3o de m\u00e1rmore realista: <\/strong>Este lavat\u00f3rio de toucador em m\u00e1rmore utiliza uma tecnologia avan\u00e7ada de transfer\u00eancia de \u00e1gua para reproduzir com precis\u00e3o a textura e a cor naturais do m\u00e1rmore, conferindo um encanto visual \u00fanico ao lavat\u00f3rio.<\/li>\n\n\n\n<li><strong>Anti-incrustante e f\u00e1cil de limpar: <\/strong>O nosso lava-loi\u00e7a de porcelana por atacado \u00e9 liso e denso na superf\u00edcie. Portanto, n\u00e3o \u00e9 f\u00e1cil absorver muita \u00e1gua ou sujidade, o que tamb\u00e9m \u00e9 a raz\u00e3o pela qual o lavat\u00f3rio de cer\u00e2mica \u00e9 f\u00e1cil de limpar no uso di\u00e1rio. Normalmente, s\u00f3 precisa de limpar suavemente com detergente comum para manter o lava-loi\u00e7a limpo e brilhante para facilitar o seu conforto na utiliza\u00e7\u00e3o.<\/li>\n\n\n\n<li><strong>Materiais de alta qualidade:<\/strong> A nossa pia de m\u00e1rmore por atacado usa materiais cer\u00e2micos de alta qualidade para garantir que a bacia tenha uma estrutura est\u00e1vel, superf\u00edcie lisa, f\u00e1cil de limpar e beleza a longo prazo.<\/li>\n\n\n\n<li><strong>Bonita e generosa:<\/strong>A forma exterior do nosso lavat\u00f3rio de porcelana por atacado \u00e9 simples e elegante; pode satisfazer todos os tipos de estilos de decora\u00e7\u00e3o, tais como simplicidade moderna, simplicidade cl\u00e1ssica, retro cl\u00e1ssico ou retro moderno. Devido aos diferentes designs das cer\u00e2micas e op\u00e7\u00f5es de cores, os clientes podem facilmente encontrar uma correspond\u00eancia entre o estilo geral da casa de banho e o lavat\u00f3rio de cer\u00e2mica. O brilho branco e delicado contribui para o requinte da casa de banho, proporcionando \u00e0s pessoas uma experi\u00eancia limpa e confort\u00e1vel.<\/li>\n<\/ul>\n<\/div>\n\n\n\n<div class=\"wp-block-column is-layout-flow wp-block-column-is-layout-flow\">\n<figure class=\"wp-block-image size-full\"><img fetchpriority=\"high\" decoding=\"async\" width=\"1346\" height=\"1786\" src=\"https:\/\/www.ceramicbasin.com\/wp-content\/uploads\/2024\/11\/Wholesale-Factory-Rectangular-sinks-6.webp\" alt=\"Lavat\u00f3rio de toucador de qualidade por atacado, Lavat\u00f3rios rectangulares para casa de banho-1\" class=\"wp-image-5564\" srcset=\"https:\/\/www.ceramicbasin.com\/wp-content\/uploads\/2024\/11\/Wholesale-Factory-Rectangular-sinks-6.webp 1346w, https:\/\/www.ceramicbasin.com\/wp-content\/uploads\/2024\/11\/Wholesale-Factory-Rectangular-sinks-6-226x300.webp 226w, https:\/\/www.ceramicbasin.com\/wp-content\/uploads\/2024\/11\/Wholesale-Factory-Rectangular-sinks-6-768x1019.webp 768w, https:\/\/www.ceramicbasin.com\/wp-content\/uploads\/2024\/11\/Wholesale-Factory-Rectangular-sinks-6-9x12.webp 9w, https:\/\/www.ceramicbasin.com\/wp-content\/uploads\/2024\/11\/Wholesale-Factory-Rectangular-sinks-6-285x378.webp 285w, https:\/\/www.ceramicbasin.com\/wp-content\/uploads\/2024\/11\/Wholesale-Factory-Rectangular-sinks-6-497x660.webp 497w, https:\/\/www.ceramicbasin.com\/wp-content\/uploads\/2024\/11\/Wholesale-Factory-Rectangular-sinks-6-113x150.webp 113w\" sizes=\"(max-width: 1346px) 100vw, 1346px\" \/><figcaption class=\"wp-element-caption\">Lavat\u00f3rio de toucador de qualidade por atacado, Lavat\u00f3rios rectangulares para casa de banho-1<\/figcaption><\/figure>\n<\/div>\n<\/div>","protected":false},"excerpt":{"rendered":"<p>Bem-vindo \u00e0 compra de lavat\u00f3rio de porcelana por atacado. A nossa pia de m\u00e1rmore de cor de transfer\u00eancia de \u00e1gua reproduz a beleza natural do m\u00e1rmore e traz uma atmosfera art\u00edstica para as pias de bancada. N\u00e3o \u00e9 f\u00e1cil absorver muita \u00e1gua ou sujidade, o que tamb\u00e9m \u00e9 a raz\u00e3o pela qual o lavat\u00f3rio de cer\u00e2mica \u00e9 f\u00e1cil de limpar no uso di\u00e1rio.<\/p>\n<table style=\"border-collapse: collapse; width: 311.02pt;\" border=\"0\" width=\"311\" cellspacing=\"0\" cellpadding=\"0\">\n<tbody>\n<tr style=\"height: 17.60pt;\">\n<td class=\"et3\" style=\"height: 17.60pt; width: 108.35pt;\" width=\"108\" height=\"17\">Fabricante<\/td>\n<td class=\"et3\" style=\"width: 202.95pt;\" width=\"202\">HanYu<\/td>\n<\/tr>\n<tr style=\"height: 17.60pt;\">\n<td class=\"et3\" style=\"height: 17.60pt;\" height=\"17\">Modelo n.<\/td>\n<td class=\"et4\">HY-401D82<\/td>\n<\/tr>\n<tr style=\"height: 36.00pt;\">\n<td class=\"et3\" style=\"height: 36.00pt;\" height=\"36\">Tipo<\/td>\n<td class=\"et5\" style=\"width: 202.95pt;\" width=\"202\">Lavat\u00f3rio em m\u00e1rmore, Lavat\u00f3rio de bancada<\/td>\n<\/tr>\n<tr style=\"height: 17.60pt;\">\n<td class=\"et3\" style=\"height: 17.60pt;\" height=\"17\">Forma<\/td>\n<td class=\"et3\">Forma retangular<\/td>\n<\/tr>\n<tr style=\"height: 18.00pt;\">\n<td class=\"et4\" style=\"height: 18.00pt;\" height=\"18\">Cor<\/td>\n<td class=\"et5\" style=\"width: 202.95pt;\" width=\"202\">Branco<\/td>\n<\/tr>\n<tr style=\"height: 18.00pt;\">\n<td class=\"et3\" style=\"height: 18.00pt;\" height=\"18\">Dimens\u00e3o<\/td>\n<td class=\"et5\" style=\"width: 202.95pt;\" width=\"202\">47.5*37.5*13<\/td>\n<\/tr>\n<tr style=\"height: 17.60pt;\">\n<td class=\"et3\" style=\"height: 17.60pt;\" height=\"17\">N.W \/SET<\/td>\n<td class=\"et3\">8KGS\/PCS<\/td>\n<\/tr>\n<tr style=\"height: 17.60pt;\">\n<td class=\"et3\" style=\"height: 17.60pt;\" height=\"17\">MOQ<\/td>\n<td class=\"et3\">20 unidades<\/td>\n<\/tr>\n<tr style=\"height: 17.60pt;\">\n<td class=\"et3\" style=\"height: 17.60pt;\" height=\"17\">Op\u00e7\u00e3o personalizada<\/td>\n<td class=\"et3\">Cor\/Patente\/Tamanho\/Logotipo\/Embalagem<\/td>\n<\/tr>\n<\/tbody>\n<\/table>","protected":false},"featured_media":5566,"comment_status":"closed","ping_status":"closed","template":"","meta":{"_acf_changed":false},"product_brand":[],"product_cat":[54,50],"product_tag":[],"class_list":{"0":"post-5563","1":"product","2":"type-product","3":"status-publish","4":"has-post-thumbnail","6":"product_cat-wholesale-marble-sinks","7":"product_cat-wholesale-countertop-sinks","9":"first","10":"instock","11":"shipping-taxable","12":"product-type-simple"},"acf":[],"_links":{"self":[{"href":"https:\/\/www.ceramicbasin.com\/pt\/wp-json\/wp\/v2\/product\/5563","targetHints":{"allow":["GET"]}}],"collection":[{"href":"https:\/\/www.ceramicbasin.com\/pt\/wp-json\/wp\/v2\/product"}],"about":[{"href":"https:\/\/www.ceramicbasin.com\/pt\/wp-json\/wp\/v2\/types\/product"}],"replies":[{"embeddable":true,"href":"https:\/\/www.ceramicbasin.com\/pt\/wp-json\/wp\/v2\/comments?post=5563"}],"wp:featuredmedia":[{"embeddable":true,"href":"https:\/\/www.ceramicbasin.com\/pt\/wp-json\/wp\/v2\/media\/5566"}],"wp:attachment":[{"href":"https:\/\/www.ceramicbasin.com\/pt\/wp-json\/wp\/v2\/media?parent=5563"}],"wp:term":[{"taxonomy":"product_brand","embeddable":true,"href":"https:\/\/www.ceramicbasin.com\/pt\/wp-json\/wp\/v2\/product_brand?post=5563"},{"taxonomy":"product_cat","embeddable":true,"href":"https:\/\/www.ceramicbasin.com\/pt\/wp-json\/wp\/v2\/product_cat?post=5563"},{"taxonomy":"product_tag","embeddable":true,"href":"https:\/\/www.ceramicbasin.com\/pt\/wp-json\/wp\/v2\/product_tag?post=5563"}],"curies":[{"name":"wp","href":"https:\/\/api.w.org\/{rel}","templated":true}]}}