{"id":5577,"date":"2024-11-14T03:41:55","date_gmt":"2024-11-14T03:41:55","guid":{"rendered":"https:\/\/www.ceramicbasin.com\/?post_type=product&#038;p=5577"},"modified":"2024-11-15T07:17:17","modified_gmt":"2024-11-15T07:17:17","slug":"wholesale-vanity-basin","status":"publish","type":"product","link":"https:\/\/www.ceramicbasin.com\/pt\/produto\/wholesale-vanity-basin\/","title":{"rendered":"Lavat\u00f3rio de toucador cinzento elegante, lavat\u00f3rios de casa de banho em cer\u00e2mica"},"content":{"rendered":"<div class=\"wp-block-columns is-layout-flex wp-container-core-columns-is-layout-9d6595d7 wp-block-columns-is-layout-flex\">\n<div class=\"wp-block-column is-layout-flow wp-block-column-is-layout-flow\">\n<h2 class=\"wp-block-heading\">Bacia de toucador Premium Wholesale Carater\u00edsticas:<\/h2>\n\n\n\n<ul class=\"wp-block-list\">\n<li><strong>Forte resist\u00eancia \u00e0 abras\u00e3o: <\/strong>Entre todos os materiais mais duros, a cer\u00e2mica \u00e9 o melhor em durabilidade. Portanto, pode-se dizer que, sob o uso di\u00e1rio comum, sua resist\u00eancia \u00e0 abras\u00e3o \u00e9 muito grande, e nossa bacia de vaidade por atacado n\u00e3o \u00e9 f\u00e1cil de arranhar nem mudar de forma. Assim, a pia de cer\u00e2mica \u00e9 adequada para uso em um ambiente de alta frequ\u00eancia como o banheiro.<\/li>\n\n\n\n<li><strong>Imita\u00e7\u00e3o da textura da pedra natural: <\/strong>Os nossos lavat\u00f3rios de casa de banho em cer\u00e2mica de m\u00e1rmore utilizam a tecnologia de transfer\u00eancia de \u00e1gua para reproduzir com precis\u00e3o a textura natural e a cor do m\u00e1rmore, de modo a que cada bacia mostre uma beleza \u00fanica da pedra.<\/li>\n\n\n\n<li><strong>Anti-incrustante e f\u00e1cil de limpar: <\/strong>Esta bacia de vaidade por atacado \u00e9 lisa e densa na superf\u00edcie. Portanto, n\u00e3o \u00e9 f\u00e1cil absorver muita \u00e1gua ou sujidade, o que tamb\u00e9m \u00e9 a raz\u00e3o pela qual o lavat\u00f3rio de cer\u00e2mica \u00e9 f\u00e1cil de limpar no uso di\u00e1rio. Normalmente, voc\u00ea s\u00f3 precisa limpar suavemente com detergente comum para manter a pia limpa e brilhante para facilitar seu conforto no uso.<\/li>\n\n\n\n<li><strong>Otimiza\u00e7\u00e3o de custos: <\/strong>Como fabricante de lavat\u00f3rio de cer\u00e2mica, o nosso lavat\u00f3rio de cer\u00e2mica para casa de banho por atacado \u00e9 vendido diretamente da f\u00e1brica, com a garantia de que pode desfrutar de qualidade, mantendo o or\u00e7amento do projeto e maximizando o custo.<\/li>\n<\/ul>\n<\/div>\n\n\n\n<div class=\"wp-block-column is-layout-flow wp-block-column-is-layout-flow\">\n<figure class=\"wp-block-image size-full\"><img fetchpriority=\"high\" decoding=\"async\" width=\"1345\" height=\"1787\" src=\"https:\/\/www.ceramicbasin.com\/wp-content\/uploads\/2024\/11\/New-Color-gray-Washbasin-6.webp\" alt=\"Lavat\u00f3rio de toucador cinzento elegante, lavat\u00f3rios de casa de banho em cer\u00e2mica-1\" class=\"wp-image-5578\" srcset=\"https:\/\/www.ceramicbasin.com\/wp-content\/uploads\/2024\/11\/New-Color-gray-Washbasin-6.webp 1345w, https:\/\/www.ceramicbasin.com\/wp-content\/uploads\/2024\/11\/New-Color-gray-Washbasin-6-226x300.webp 226w, https:\/\/www.ceramicbasin.com\/wp-content\/uploads\/2024\/11\/New-Color-gray-Washbasin-6-768x1020.webp 768w, https:\/\/www.ceramicbasin.com\/wp-content\/uploads\/2024\/11\/New-Color-gray-Washbasin-6-9x12.webp 9w, https:\/\/www.ceramicbasin.com\/wp-content\/uploads\/2024\/11\/New-Color-gray-Washbasin-6-285x379.webp 285w, https:\/\/www.ceramicbasin.com\/wp-content\/uploads\/2024\/11\/New-Color-gray-Washbasin-6-497x660.webp 497w, https:\/\/www.ceramicbasin.com\/wp-content\/uploads\/2024\/11\/New-Color-gray-Washbasin-6-113x150.webp 113w\" sizes=\"(max-width: 1345px) 100vw, 1345px\" \/><\/figure>\n<\/div>\n<\/div>\n\n\n\n<p><\/p>","protected":false},"excerpt":{"rendered":"<p>Bem-vindo \u00e0 compra de lavat\u00f3rios de cer\u00e2mica para casa de banho por atacado. A nossa bacia de vaidade de m\u00e1rmore por atacado usa tecnologia de transfer\u00eancia de \u00e1gua para replicar com precis\u00e3o a textura natural e a cor do m\u00e1rmore, e nossos produtos s\u00e3o vendidos diretamente da f\u00e1brica, garantindo que voc\u00ea possa desfrutar de produtos de alta qualidade, mantendo o or\u00e7amento do projeto e maximizando a rela\u00e7\u00e3o custo-benef\u00edcio.<\/p>\n<table style=\"border-collapse: collapse; width: 311.02pt;\" border=\"0\" width=\"311\" cellspacing=\"0\" cellpadding=\"0\">\n<tbody>\n<tr style=\"height: 17.60pt;\">\n<td class=\"et3\" style=\"height: 17.60pt; width: 108.35pt;\" width=\"108\" height=\"17\">Fabricante<\/td>\n<td class=\"et3\" style=\"width: 202.95pt;\" width=\"202\">HanYu<\/td>\n<\/tr>\n<tr style=\"height: 17.60pt;\">\n<td class=\"et3\" style=\"height: 17.60pt;\" height=\"17\">Modelo n.<\/td>\n<td class=\"et4\">HY-8024D70<\/td>\n<\/tr>\n<tr style=\"height: 36.00pt;\">\n<td class=\"et3\" style=\"height: 36.00pt;\" height=\"36\">Tipo<\/td>\n<td class=\"et5\" style=\"width: 202.95pt;\" width=\"202\">Lavat\u00f3rio em m\u00e1rmore, Lavat\u00f3rio de bancada<\/td>\n<\/tr>\n<tr style=\"height: 17.60pt;\">\n<td class=\"et3\" style=\"height: 17.60pt;\" height=\"17\">Forma<\/td>\n<td class=\"et3\">Forma retangular<\/td>\n<\/tr>\n<tr style=\"height: 18.00pt;\">\n<td class=\"et4\" style=\"height: 18.00pt;\" height=\"18\">Cor<\/td>\n<td class=\"et5\" style=\"width: 202.95pt;\" width=\"202\">Branco<\/td>\n<\/tr>\n<tr style=\"height: 18.00pt;\">\n<td class=\"et3\" style=\"height: 18.00pt;\" height=\"18\">Dimens\u00e3o<\/td>\n<td class=\"et5\" style=\"width: 202.95pt;\" width=\"202\">50*38.5*13<\/td>\n<\/tr>\n<tr style=\"height: 17.60pt;\">\n<td class=\"et3\" style=\"height: 17.60pt;\" height=\"17\">N.W \/SET<\/td>\n<td class=\"et3\">12KGS\/PCS<\/td>\n<\/tr>\n<tr style=\"height: 17.60pt;\">\n<td class=\"et3\" style=\"height: 17.60pt;\" height=\"17\">MOQ<\/td>\n<td class=\"et3\">20 unidades<\/td>\n<\/tr>\n<tr style=\"height: 17.60pt;\">\n<td class=\"et3\" style=\"height: 17.60pt;\" height=\"17\">Op\u00e7\u00e3o personalizada<\/td>\n<td class=\"et3\">Cor\/Patente\/Tamanho\/Logotipo\/Embalagem<\/td>\n<\/tr>\n<\/tbody>\n<\/table>","protected":false},"featured_media":5581,"comment_status":"closed","ping_status":"closed","template":"","meta":{"_acf_changed":false},"product_brand":[],"product_cat":[54,50],"product_tag":[],"class_list":{"0":"post-5577","1":"product","2":"type-product","3":"status-publish","4":"has-post-thumbnail","6":"product_cat-wholesale-marble-sinks","7":"product_cat-wholesale-countertop-sinks","9":"first","10":"instock","11":"shipping-taxable","12":"product-type-simple"},"acf":[],"_links":{"self":[{"href":"https:\/\/www.ceramicbasin.com\/pt\/wp-json\/wp\/v2\/product\/5577","targetHints":{"allow":["GET"]}}],"collection":[{"href":"https:\/\/www.ceramicbasin.com\/pt\/wp-json\/wp\/v2\/product"}],"about":[{"href":"https:\/\/www.ceramicbasin.com\/pt\/wp-json\/wp\/v2\/types\/product"}],"replies":[{"embeddable":true,"href":"https:\/\/www.ceramicbasin.com\/pt\/wp-json\/wp\/v2\/comments?post=5577"}],"wp:featuredmedia":[{"embeddable":true,"href":"https:\/\/www.ceramicbasin.com\/pt\/wp-json\/wp\/v2\/media\/5581"}],"wp:attachment":[{"href":"https:\/\/www.ceramicbasin.com\/pt\/wp-json\/wp\/v2\/media?parent=5577"}],"wp:term":[{"taxonomy":"product_brand","embeddable":true,"href":"https:\/\/www.ceramicbasin.com\/pt\/wp-json\/wp\/v2\/product_brand?post=5577"},{"taxonomy":"product_cat","embeddable":true,"href":"https:\/\/www.ceramicbasin.com\/pt\/wp-json\/wp\/v2\/product_cat?post=5577"},{"taxonomy":"product_tag","embeddable":true,"href":"https:\/\/www.ceramicbasin.com\/pt\/wp-json\/wp\/v2\/product_tag?post=5577"}],"curies":[{"name":"wp","href":"https:\/\/api.w.org\/{rel}","templated":true}]}}