{"id":5585,"date":"2024-11-14T06:44:48","date_gmt":"2024-11-14T06:44:48","guid":{"rendered":"https:\/\/www.ceramicbasin.com\/?post_type=product&#038;p=5585"},"modified":"2024-11-15T07:23:34","modified_gmt":"2024-11-15T07:23:34","slug":"wholesale-bathroom-sinks-vessel-bowls","status":"publish","type":"product","link":"https:\/\/www.ceramicbasin.com\/pt\/produto\/wholesale-bathroom-sinks-vessel-bowls\/","title":{"rendered":"Lavat\u00f3rios de casa de banho por atacado Bacias de vaso, bacias acima do balc\u00e3o"},"content":{"rendered":"<div class=\"wp-block-columns is-layout-flex wp-container-core-columns-is-layout-9d6595d7 wp-block-columns-is-layout-flex\">\n<div class=\"wp-block-column is-layout-flow wp-block-column-is-layout-flow\">\n<h2 class=\"wp-block-heading\">Pias de casa de banho por atacado Premium Ta\u00e7as de vaso Carater\u00edsticas:<\/h2>\n\n\n\n<ul class=\"wp-block-list\">\n<li><strong>Padr\u00e3o de m\u00e1rmore realista: <\/strong>Estes lavat\u00f3rios de casa de banho em m\u00e1rmore utilizam tecnologia avan\u00e7ada de transfer\u00eancia de \u00e1gua para reproduzir com precis\u00e3o a textura e a cor naturais do m\u00e1rmore, conferindo um encanto visual \u00fanico ao lavat\u00f3rio.<\/li>\n\n\n\n<li><strong>Anti-incrustante e f\u00e1cil de limpar: <\/strong>Estes lavat\u00f3rios de casa de banho feitos \u00e0 medida s\u00e3o lisos e densos na superf\u00edcie. Por isso, n\u00e3o \u00e9 f\u00e1cil absorver muita \u00e1gua ou sujidade, o que tamb\u00e9m \u00e9 a raz\u00e3o pela qual o lavat\u00f3rio de cer\u00e2mica \u00e9 f\u00e1cil de limpar no uso di\u00e1rio. Normalmente, basta limpar suavemente com detergente comum para manter o lava-loi\u00e7a limpo e brilhante, para facilitar o seu conforto na utiliza\u00e7\u00e3o.<\/li>\n\n\n\n<li><strong>Materiais de alta qualidade:<\/strong> Os nossos lavat\u00f3rios de casa de banho em m\u00e1rmore utilizam materiais cer\u00e2micos de alta qualidade para garantir que a bacia tem uma estrutura est\u00e1vel, superf\u00edcie lisa, f\u00e1cil de limpar e beleza a longo prazo.<\/li>\n\n\n\n<li><strong>Bonita e generosa: <\/strong>A forma externa destes lavat\u00f3rios de casa de banho feitos \u00e0 medida \u00e9 simples e elegante; pode satisfazer todos os tipos de estilos de decora\u00e7\u00e3o, como a simplicidade moderna, a simplicidade cl\u00e1ssica, o retro cl\u00e1ssico ou o retro moderno. Devido aos diferentes designs das cer\u00e2micas e op\u00e7\u00f5es de cores, os clientes podem facilmente encontrar uma correspond\u00eancia entre o estilo geral da casa de banho e o lavat\u00f3rio de cer\u00e2mica. O brilho branco e delicado contribui para o requinte da casa de banho, proporcionando \u00e0s pessoas uma experi\u00eancia limpa e confort\u00e1vel.<\/li>\n<\/ul>\n<\/div>\n\n\n\n<div class=\"wp-block-column is-layout-flow wp-block-column-is-layout-flow\">\n<figure class=\"wp-block-image size-full\"><img fetchpriority=\"high\" decoding=\"async\" width=\"980\" height=\"1351\" src=\"https:\/\/www.ceramicbasin.com\/wp-content\/uploads\/2024\/11\/wholesales-Modern-Basins-6.webp\" alt=\"Lavat\u00f3rios de casa de banho por atacado, bacias de vaso, bacias acima do balc\u00e3o-1\" class=\"wp-image-5586\" srcset=\"https:\/\/www.ceramicbasin.com\/wp-content\/uploads\/2024\/11\/wholesales-Modern-Basins-6.webp 980w, https:\/\/www.ceramicbasin.com\/wp-content\/uploads\/2024\/11\/wholesales-Modern-Basins-6-218x300.webp 218w, https:\/\/www.ceramicbasin.com\/wp-content\/uploads\/2024\/11\/wholesales-Modern-Basins-6-768x1059.webp 768w, https:\/\/www.ceramicbasin.com\/wp-content\/uploads\/2024\/11\/wholesales-Modern-Basins-6-9x12.webp 9w, https:\/\/www.ceramicbasin.com\/wp-content\/uploads\/2024\/11\/wholesales-Modern-Basins-6-285x393.webp 285w, https:\/\/www.ceramicbasin.com\/wp-content\/uploads\/2024\/11\/wholesales-Modern-Basins-6-479x660.webp 479w, https:\/\/www.ceramicbasin.com\/wp-content\/uploads\/2024\/11\/wholesales-Modern-Basins-6-109x150.webp 109w\" sizes=\"(max-width: 980px) 100vw, 980px\" \/><\/figure>\n<\/div>\n<\/div>\n\n\n\n<p><\/p>","protected":false},"excerpt":{"rendered":"<p>Bem-vindo aos lavat\u00f3rios de casa de banho \u00e0 medida. A forma externa dos nossos lavat\u00f3rios de casa de banho por atacado \u00e9 simples e elegante, pode satisfazer todos os tipos de estilos de decora\u00e7\u00e3o, como a simplicidade moderna. A superf\u00edcie \u00e9 lisa e densa, e \u00e9 f\u00e1cil de limpar no nosso uso di\u00e1rio.\u00a0<\/p>\n<table style=\"border-collapse: collapse; width: 311.02pt;\" border=\"0\" width=\"311\" cellspacing=\"0\" cellpadding=\"0\">\n<tbody>\n<tr style=\"height: 17.60pt;\">\n<td class=\"et3\" style=\"height: 17.60pt; width: 108.35pt;\" width=\"108\" height=\"17\">Fabricante<\/td>\n<td class=\"et3\" style=\"width: 202.95pt;\" width=\"202\">HanYu<\/td>\n<\/tr>\n<tr style=\"height: 17.60pt;\">\n<td class=\"et3\" style=\"height: 17.60pt;\" height=\"17\">Modelo n.<\/td>\n<td class=\"et4\">HY-8056D134<\/td>\n<\/tr>\n<tr style=\"height: 36.00pt;\">\n<td class=\"et3\" style=\"height: 36.00pt;\" height=\"36\">Tipo<\/td>\n<td class=\"et5\" style=\"width: 202.95pt;\" width=\"202\">Lavat\u00f3rio em m\u00e1rmore, Lavat\u00f3rio de bancada<\/td>\n<\/tr>\n<tr style=\"height: 17.60pt;\">\n<td class=\"et3\" style=\"height: 17.60pt;\" height=\"17\">Forma<\/td>\n<td class=\"et3\">Forma oval<\/td>\n<\/tr>\n<tr style=\"height: 18.00pt;\">\n<td class=\"et4\" style=\"height: 18.00pt;\" height=\"18\">Cor<\/td>\n<td class=\"et5\" style=\"width: 202.95pt;\" width=\"202\">Branco e dourado<\/td>\n<\/tr>\n<tr style=\"height: 18.00pt;\">\n<td class=\"et3\" style=\"height: 18.00pt;\" height=\"18\">Dimens\u00e3o<\/td>\n<td class=\"et5\" style=\"width: 202.95pt;\" width=\"202\">61*41.5*13.5<\/td>\n<\/tr>\n<tr style=\"height: 17.60pt;\">\n<td class=\"et3\" style=\"height: 17.60pt;\" height=\"17\">N.W \/SET<\/td>\n<td class=\"et3\">12 KGS\/PCS<\/td>\n<\/tr>\n<tr style=\"height: 17.60pt;\">\n<td class=\"et3\" style=\"height: 17.60pt;\" height=\"17\">MOQ<\/td>\n<td class=\"et3\">20 unidades<\/td>\n<\/tr>\n<tr style=\"height: 17.60pt;\">\n<td class=\"et3\" style=\"height: 17.60pt;\" height=\"17\">Op\u00e7\u00e3o personalizada<\/td>\n<td class=\"et3\">Cor\/Patente\/Tamanho\/Logotipo\/Embalagem<\/td>\n<\/tr>\n<\/tbody>\n<\/table>","protected":false},"featured_media":5589,"comment_status":"closed","ping_status":"closed","template":"","meta":{"_acf_changed":false},"product_brand":[],"product_cat":[54,50],"product_tag":[],"class_list":{"0":"post-5585","1":"product","2":"type-product","3":"status-publish","4":"has-post-thumbnail","6":"product_cat-wholesale-marble-sinks","7":"product_cat-wholesale-countertop-sinks","9":"first","10":"instock","11":"shipping-taxable","12":"product-type-simple"},"acf":[],"_links":{"self":[{"href":"https:\/\/www.ceramicbasin.com\/pt\/wp-json\/wp\/v2\/product\/5585","targetHints":{"allow":["GET"]}}],"collection":[{"href":"https:\/\/www.ceramicbasin.com\/pt\/wp-json\/wp\/v2\/product"}],"about":[{"href":"https:\/\/www.ceramicbasin.com\/pt\/wp-json\/wp\/v2\/types\/product"}],"replies":[{"embeddable":true,"href":"https:\/\/www.ceramicbasin.com\/pt\/wp-json\/wp\/v2\/comments?post=5585"}],"wp:featuredmedia":[{"embeddable":true,"href":"https:\/\/www.ceramicbasin.com\/pt\/wp-json\/wp\/v2\/media\/5589"}],"wp:attachment":[{"href":"https:\/\/www.ceramicbasin.com\/pt\/wp-json\/wp\/v2\/media?parent=5585"}],"wp:term":[{"taxonomy":"product_brand","embeddable":true,"href":"https:\/\/www.ceramicbasin.com\/pt\/wp-json\/wp\/v2\/product_brand?post=5585"},{"taxonomy":"product_cat","embeddable":true,"href":"https:\/\/www.ceramicbasin.com\/pt\/wp-json\/wp\/v2\/product_cat?post=5585"},{"taxonomy":"product_tag","embeddable":true,"href":"https:\/\/www.ceramicbasin.com\/pt\/wp-json\/wp\/v2\/product_tag?post=5585"}],"curies":[{"name":"wp","href":"https:\/\/api.w.org\/{rel}","templated":true}]}}