{"id":5626,"date":"2024-11-21T06:41:57","date_gmt":"2024-11-21T06:41:57","guid":{"rendered":"https:\/\/www.ceramicbasin.com\/?post_type=product&#038;p=5626"},"modified":"2024-12-06T09:23:31","modified_gmt":"2024-12-06T09:23:31","slug":"marble-bathroom-sinks-wholesale","status":"publish","type":"product","link":"https:\/\/www.ceramicbasin.com\/pt\/produto\/marble-bathroom-sinks-wholesale\/","title":{"rendered":"Pias de casa de banho de m\u00e1rmore artificial por atacado, bacias de cer\u00e2mica modernas"},"content":{"rendered":"<div class=\"wp-block-columns is-layout-flex wp-container-core-columns-is-layout-9d6595d7 wp-block-columns-is-layout-flex\">\n<div class=\"wp-block-column is-layout-flow wp-block-column-is-layout-flow\">\n<h2 class=\"wp-block-heading\">Pias de casa de banho em m\u00e1rmore Premium Carater\u00edsticas por atacado:<\/h2>\n\n\n\n<ul class=\"wp-block-list\">\n<li><strong>Textura de m\u00e1rmore altamente simulada, elegante e luxuosa:<\/strong> Este lavat\u00f3rio de m\u00e1rmore adopta um design de textura de m\u00e1rmore realista, com uma textura natural e suave, que real\u00e7a a atmosfera sofisticada do espa\u00e7o de banho e destaca a moda moderna e a beleza luxuosa.<\/li>\n\n\n\n<li><strong>Tecnologia requintada de transfer\u00eancia de \u00e1gua, textura duradoura e distinta: <\/strong>As nossas bacias de cer\u00e2mica por atacado usam tecnologia avan\u00e7ada de transfer\u00eancia de \u00e1gua para fazer com que a textura de m\u00e1rmore fique firmemente ligada \u00e0 superf\u00edcie da cer\u00e2mica, apresentando um efeito visual delicado, e garantir que permane\u00e7a clara como nova ap\u00f3s o uso a longo prazo.<\/li>\n\n\n\n<li><strong>Substrato cer\u00e2mico de alta qualidade, dur\u00e1vel e f\u00e1cil de limpar: <\/strong>Os nossos lavat\u00f3rios de m\u00e1rmore para casa de banho por atacado usam cer\u00e2mica de alta qualidade como substrato, com excelente desempenho anti-incrustante, anti-riscos e dur\u00e1vel, f\u00e1cil de limpar e atender \u00e0s necessidades de uso di\u00e1rio.<\/li>\n\n\n\n<li><strong>Adapta\u00e7\u00e3o a v\u00e1rias cenas, com destaque para o design moderno: <\/strong>Estas bacias de cer\u00e2mica por atacado t\u00eam uma textura de m\u00e1rmore e uma forma simples, adequadas para uma variedade de estilos de decora\u00e7\u00e3o para casa, hotel ou espa\u00e7o comercial, e integram perfeitamente elementos modernos e cl\u00e1ssicos.<\/li>\n<\/ul>\n<\/div>\n\n\n\n<div class=\"wp-block-column is-layout-flow wp-block-column-is-layout-flow\">\n<figure class=\"wp-block-image size-full\"><img fetchpriority=\"high\" decoding=\"async\" width=\"800\" height=\"800\" src=\"https:\/\/www.ceramicbasin.com\/wp-content\/uploads\/2024\/11\/custom-marble-vanity-tops-sinkAbove-Counter-Sinks-Wholesalecustom-bath-vanity-top5.webp\" alt=\"Pias de casa de banho de m\u00e1rmore artificial por atacado, bacias de cer\u00e2mica modernas-1\" class=\"wp-image-5631\" srcset=\"https:\/\/www.ceramicbasin.com\/wp-content\/uploads\/2024\/11\/custom-marble-vanity-tops-sinkAbove-Counter-Sinks-Wholesalecustom-bath-vanity-top5.webp 800w, https:\/\/www.ceramicbasin.com\/wp-content\/uploads\/2024\/11\/custom-marble-vanity-tops-sinkAbove-Counter-Sinks-Wholesalecustom-bath-vanity-top5-300x300.webp 300w, https:\/\/www.ceramicbasin.com\/wp-content\/uploads\/2024\/11\/custom-marble-vanity-tops-sinkAbove-Counter-Sinks-Wholesalecustom-bath-vanity-top5-150x150.webp 150w, https:\/\/www.ceramicbasin.com\/wp-content\/uploads\/2024\/11\/custom-marble-vanity-tops-sinkAbove-Counter-Sinks-Wholesalecustom-bath-vanity-top5-768x768.webp 768w, https:\/\/www.ceramicbasin.com\/wp-content\/uploads\/2024\/11\/custom-marble-vanity-tops-sinkAbove-Counter-Sinks-Wholesalecustom-bath-vanity-top5-12x12.webp 12w, https:\/\/www.ceramicbasin.com\/wp-content\/uploads\/2024\/11\/custom-marble-vanity-tops-sinkAbove-Counter-Sinks-Wholesalecustom-bath-vanity-top5-285x285.webp 285w, https:\/\/www.ceramicbasin.com\/wp-content\/uploads\/2024\/11\/custom-marble-vanity-tops-sinkAbove-Counter-Sinks-Wholesalecustom-bath-vanity-top5-270x270.webp 270w, https:\/\/www.ceramicbasin.com\/wp-content\/uploads\/2024\/11\/custom-marble-vanity-tops-sinkAbove-Counter-Sinks-Wholesalecustom-bath-vanity-top5-540x540.webp 540w, https:\/\/www.ceramicbasin.com\/wp-content\/uploads\/2024\/11\/custom-marble-vanity-tops-sinkAbove-Counter-Sinks-Wholesalecustom-bath-vanity-top5-660x660.webp 660w\" sizes=\"(max-width: 800px) 100vw, 800px\" \/><\/figure>\n<\/div>\n<\/div>\n\n\n\n<p><\/p>","protected":false},"excerpt":{"rendered":"<p>Bem-vindo ao comprar lavat\u00f3rios de cer\u00e2mica por grosso. Estes modernos lavat\u00f3rios de m\u00e1rmore para casa de banho por atacado apresentam um design realista de textura de m\u00e1rmore e tecnologia de transfer\u00eancia de \u00e1gua, com textura natural e distinta e textura elegante. O substrato cer\u00e2mico de alta qualidade garante a sua durabilidade e desempenho de limpeza f\u00e1cil. Quer se trate de um cen\u00e1rio dom\u00e9stico ou comercial, pode injetar luxo moderno e cl\u00e1ssico no espa\u00e7o.<\/p>\n<table style=\"border-collapse: collapse; width: 311.02pt;\" border=\"0\" width=\"311\" cellspacing=\"0\" cellpadding=\"0\">\n<tbody>\n<tr style=\"height: 17.60pt;\">\n<td class=\"et3\" style=\"height: 17.60pt; width: 108.35pt;\" width=\"108\" height=\"17\">Fabricante<\/td>\n<td class=\"et3\" style=\"width: 202.95pt;\" width=\"202\">HanYu<\/td>\n<\/tr>\n<tr style=\"height: 17.60pt;\">\n<td class=\"et3\" style=\"height: 17.60pt;\" height=\"17\">Modelo n.<\/td>\n<td class=\"et4\">HY-8069D124<\/td>\n<\/tr>\n<tr style=\"height: 36.00pt;\">\n<td class=\"et3\" style=\"height: 36.00pt;\" height=\"36\">Tipo<\/td>\n<td class=\"et5\" style=\"width: 202.95pt;\" width=\"202\">Lavat\u00f3rio em m\u00e1rmore, Lavat\u00f3rio de bancada<\/td>\n<\/tr>\n<tr style=\"height: 17.60pt;\">\n<td class=\"et3\" style=\"height: 17.60pt;\" height=\"17\">Forma<\/td>\n<td class=\"et3\">Forma redonda<\/td>\n<\/tr>\n<tr style=\"height: 18.00pt;\">\n<td class=\"et4\" style=\"height: 18.00pt;\" height=\"18\">Cor<\/td>\n<td class=\"et5\" style=\"width: 202.95pt;\" width=\"202\">Azul<\/td>\n<\/tr>\n<tr style=\"height: 18.00pt;\">\n<td class=\"et3\" style=\"height: 18.00pt;\" height=\"18\">Dimens\u00e3o<\/td>\n<td class=\"et5\" style=\"width: 202.95pt;\" width=\"202\">41.5*41.5*13.5<\/td>\n<\/tr>\n<tr style=\"height: 17.60pt;\">\n<td class=\"et3\" style=\"height: 17.60pt;\" height=\"17\">N.W \/SET<\/td>\n<td class=\"et3\">9.5KGS\/PCS<\/td>\n<\/tr>\n<tr style=\"height: 17.60pt;\">\n<td class=\"et3\" style=\"height: 17.60pt;\" height=\"17\">MOQ<\/td>\n<td class=\"et3\">20 unidades<\/td>\n<\/tr>\n<tr style=\"height: 17.60pt;\">\n<td class=\"et3\" style=\"height: 17.60pt;\" height=\"17\">Op\u00e7\u00e3o personalizada<\/td>\n<td class=\"et3\">Cor\/Patente\/Tamanho\/Logotipo\/Embalagem<\/td>\n<\/tr>\n<\/tbody>\n<\/table>","protected":false},"featured_media":5627,"comment_status":"closed","ping_status":"closed","template":"","meta":{"_acf_changed":false},"product_brand":[],"product_cat":[54,50],"product_tag":[],"class_list":{"0":"post-5626","1":"product","2":"type-product","3":"status-publish","4":"has-post-thumbnail","6":"product_cat-wholesale-marble-sinks","7":"product_cat-wholesale-countertop-sinks","9":"first","10":"instock","11":"shipping-taxable","12":"product-type-simple"},"acf":[],"_links":{"self":[{"href":"https:\/\/www.ceramicbasin.com\/pt\/wp-json\/wp\/v2\/product\/5626","targetHints":{"allow":["GET"]}}],"collection":[{"href":"https:\/\/www.ceramicbasin.com\/pt\/wp-json\/wp\/v2\/product"}],"about":[{"href":"https:\/\/www.ceramicbasin.com\/pt\/wp-json\/wp\/v2\/types\/product"}],"replies":[{"embeddable":true,"href":"https:\/\/www.ceramicbasin.com\/pt\/wp-json\/wp\/v2\/comments?post=5626"}],"wp:featuredmedia":[{"embeddable":true,"href":"https:\/\/www.ceramicbasin.com\/pt\/wp-json\/wp\/v2\/media\/5627"}],"wp:attachment":[{"href":"https:\/\/www.ceramicbasin.com\/pt\/wp-json\/wp\/v2\/media?parent=5626"}],"wp:term":[{"taxonomy":"product_brand","embeddable":true,"href":"https:\/\/www.ceramicbasin.com\/pt\/wp-json\/wp\/v2\/product_brand?post=5626"},{"taxonomy":"product_cat","embeddable":true,"href":"https:\/\/www.ceramicbasin.com\/pt\/wp-json\/wp\/v2\/product_cat?post=5626"},{"taxonomy":"product_tag","embeddable":true,"href":"https:\/\/www.ceramicbasin.com\/pt\/wp-json\/wp\/v2\/product_tag?post=5626"}],"curies":[{"name":"wp","href":"https:\/\/api.w.org\/{rel}","templated":true}]}}