{"id":5662,"date":"2024-11-28T01:21:49","date_gmt":"2024-11-28T01:21:49","guid":{"rendered":"https:\/\/www.ceramicbasin.com\/?post_type=product&#038;p=5662"},"modified":"2024-11-28T01:21:51","modified_gmt":"2024-11-28T01:21:51","slug":"in-counter-wash-basin-wholesale","status":"publish","type":"product","link":"https:\/\/www.ceramicbasin.com\/pt\/produto\/in-counter-wash-basin-wholesale\/","title":{"rendered":"Lavat\u00f3rio quadrado de balc\u00e3o por atacado, pias de cer\u00e2mica para vasos"},"content":{"rendered":"<div class=\"wp-block-columns is-layout-flex wp-container-core-columns-is-layout-9d6595d7 wp-block-columns-is-layout-flex\">\n<div class=\"wp-block-column is-layout-flow wp-block-column-is-layout-flow\">\n<h2 class=\"wp-block-heading\">Bacia de lavagem de balc\u00e3o Premium Carater\u00edsticas por atacado:<\/h2>\n\n\n\n<ul class=\"wp-block-list\">\n<li><strong>Porcelana de alta qualidade:<\/strong> Os materiais de qualidade do nosso lavat\u00f3rio de balc\u00e3o por atacado s\u00e3o de alta qualidade, robustos, dur\u00e1veis e excelentes na resist\u00eancia anti-riscos e ao desgaste. Os nossos lavat\u00f3rios por atacado podem garantir uma utiliza\u00e7\u00e3o a longo prazo sem danificar facilmente a apar\u00eancia.<\/li>\n\n\n\n<li><strong>Design de moda: <\/strong>Design moderno e simples, com linhas suaves, adequado para v\u00e1rios tipos de casas de banho. Se quiser acrescentar eleg\u00e2ncia e moda \u00e0 sua casa de banho, ent\u00e3o os nossos lavat\u00f3rios de cer\u00e2mica por atacado ser\u00e3o perfeitos.<\/li>\n\n\n\n<li><strong>Instala\u00e7\u00e3o f\u00e1cil: <\/strong>Devido a este design incorporado, o processo de instala\u00e7\u00e3o deste lavat\u00f3rio de balc\u00e3o por atacado \u00e9 muito mais f\u00e1cil e r\u00e1pido, sem a necessidade de ferramentas ou compet\u00eancias complicadas. Por conseguinte, poupa tempo e custos de instala\u00e7\u00e3o.<\/li>\n\n\n\n<li><strong>Pre\u00e7o favor\u00e1vel: <\/strong>Como fabricante de lavat\u00f3rios de casa de banho por atacado, a HanYu oferece um pre\u00e7o de compra a granel muito competitivo, garantindo que pode desfrutar de lavat\u00f3rios de cer\u00e2mica de alta qualidade por atacado enquanto controla os custos.<\/li>\n<\/ul>\n<\/div>\n\n\n\n<div class=\"wp-block-column is-layout-flow wp-block-column-is-layout-flow\">\n<figure class=\"wp-block-image size-full\"><img fetchpriority=\"high\" decoding=\"async\" width=\"914\" height=\"913\" src=\"https:\/\/www.ceramicbasin.com\/wp-content\/uploads\/2024\/11\/Luxury-Wholesale-Bathroom-Vessel-Sinks-Ceramic-Square-Shape-Drop-In-Sink-5.webp\" alt=\"Lavat\u00f3rio quadrado de balc\u00e3o por atacado, pias de cer\u00e2mica para vasos-1\" class=\"wp-image-5667\" srcset=\"https:\/\/www.ceramicbasin.com\/wp-content\/uploads\/2024\/11\/Luxury-Wholesale-Bathroom-Vessel-Sinks-Ceramic-Square-Shape-Drop-In-Sink-5.webp 914w, https:\/\/www.ceramicbasin.com\/wp-content\/uploads\/2024\/11\/Luxury-Wholesale-Bathroom-Vessel-Sinks-Ceramic-Square-Shape-Drop-In-Sink-5-300x300.webp 300w, https:\/\/www.ceramicbasin.com\/wp-content\/uploads\/2024\/11\/Luxury-Wholesale-Bathroom-Vessel-Sinks-Ceramic-Square-Shape-Drop-In-Sink-5-150x150.webp 150w, https:\/\/www.ceramicbasin.com\/wp-content\/uploads\/2024\/11\/Luxury-Wholesale-Bathroom-Vessel-Sinks-Ceramic-Square-Shape-Drop-In-Sink-5-768x767.webp 768w, https:\/\/www.ceramicbasin.com\/wp-content\/uploads\/2024\/11\/Luxury-Wholesale-Bathroom-Vessel-Sinks-Ceramic-Square-Shape-Drop-In-Sink-5-12x12.webp 12w, https:\/\/www.ceramicbasin.com\/wp-content\/uploads\/2024\/11\/Luxury-Wholesale-Bathroom-Vessel-Sinks-Ceramic-Square-Shape-Drop-In-Sink-5-285x285.webp 285w, https:\/\/www.ceramicbasin.com\/wp-content\/uploads\/2024\/11\/Luxury-Wholesale-Bathroom-Vessel-Sinks-Ceramic-Square-Shape-Drop-In-Sink-5-270x270.webp 270w, https:\/\/www.ceramicbasin.com\/wp-content\/uploads\/2024\/11\/Luxury-Wholesale-Bathroom-Vessel-Sinks-Ceramic-Square-Shape-Drop-In-Sink-5-540x540.webp 540w, https:\/\/www.ceramicbasin.com\/wp-content\/uploads\/2024\/11\/Luxury-Wholesale-Bathroom-Vessel-Sinks-Ceramic-Square-Shape-Drop-In-Sink-5-660x660.webp 660w\" sizes=\"(max-width: 914px) 100vw, 914px\" \/><\/figure>\n<\/div>\n<\/div>\n\n\n\n<p><\/p>","protected":false},"excerpt":{"rendered":"<p>Bem-vindo \u00e0 compra de pias para vasos de cer\u00e2mica por atacado. Este lavat\u00f3rio de balc\u00e3o por atacado \u00e9 fornecido diretamente pela nossa f\u00e1brica, reduzindo significativamente os seus custos de compra. Os nossos lavat\u00f3rios de cer\u00e2mica por atacado. Oferecemos descontos por atacado neste design popular para atender \u00e0s necessidades de projectos comerciais ou grandes renova\u00e7\u00f5es residenciais.<\/p>\n<table style=\"border-collapse: collapse; width: 311.02pt;\" border=\"0\" width=\"311\" cellspacing=\"0\" cellpadding=\"0\">\n<tbody>\n<tr style=\"height: 17.60pt;\">\n<td class=\"et3\" style=\"height: 17.60pt; width: 108.35pt;\" width=\"108\" height=\"17\">Fabricante<\/td>\n<td class=\"et3\" style=\"width: 202.95pt;\" width=\"202\">HanYu<\/td>\n<\/tr>\n<tr style=\"height: 17.60pt;\">\n<td class=\"et3\" style=\"height: 17.60pt;\" height=\"17\">Modelo n.<\/td>\n<td class=\"et4\">HY-6040<\/td>\n<\/tr>\n<tr style=\"height: 18.00pt;\">\n<td class=\"et3\" style=\"height: 18.00pt;\" height=\"18\">Tipo<\/td>\n<td class=\"et5\" style=\"width: 202.95pt;\" width=\"202\">Bacia de recolha<\/td>\n<\/tr>\n<tr style=\"height: 17.60pt;\">\n<td class=\"et3\" style=\"height: 17.60pt;\" height=\"17\">Forma<\/td>\n<td class=\"et3\">Forma retangular<\/td>\n<\/tr>\n<tr style=\"height: 18.00pt;\">\n<td class=\"et4\" style=\"height: 18.00pt;\" height=\"18\">Cor<\/td>\n<td class=\"et5\" style=\"width: 202.95pt;\" width=\"202\">Branco<\/td>\n<\/tr>\n<tr style=\"height: 18.00pt;\">\n<td class=\"et3\" style=\"height: 18.00pt;\" height=\"18\">Dimens\u00e3o<\/td>\n<td class=\"et5\" style=\"width: 202.95pt;\" width=\"202\">41.5*42*17<\/td>\n<\/tr>\n<tr style=\"height: 17.60pt;\">\n<td class=\"et3\" style=\"height: 17.60pt;\" height=\"17\">N.W \/SET<\/td>\n<td class=\"et3\">11.5KGS\/PCS<\/td>\n<\/tr>\n<tr style=\"height: 17.60pt;\">\n<td class=\"et3\" style=\"height: 17.60pt;\" height=\"17\">MOQ<\/td>\n<td class=\"et3\">20 unidades<\/td>\n<\/tr>\n<tr style=\"height: 17.60pt;\">\n<td class=\"et3\" style=\"height: 17.60pt;\" height=\"17\">Op\u00e7\u00e3o personalizada<\/td>\n<td class=\"et3\">Cor\/Patente\/Tamanho\/Logotipo\/Embalagem<\/td>\n<\/tr>\n<\/tbody>\n<\/table>","protected":false},"featured_media":5666,"comment_status":"closed","ping_status":"closed","template":"","meta":{"_acf_changed":false},"product_brand":[],"product_cat":[51],"product_tag":[],"class_list":{"0":"post-5662","1":"product","2":"type-product","3":"status-publish","4":"has-post-thumbnail","6":"product_cat-wholesale-drop-in-sinks","8":"first","9":"instock","10":"shipping-taxable","11":"product-type-simple"},"acf":[],"_links":{"self":[{"href":"https:\/\/www.ceramicbasin.com\/pt\/wp-json\/wp\/v2\/product\/5662","targetHints":{"allow":["GET"]}}],"collection":[{"href":"https:\/\/www.ceramicbasin.com\/pt\/wp-json\/wp\/v2\/product"}],"about":[{"href":"https:\/\/www.ceramicbasin.com\/pt\/wp-json\/wp\/v2\/types\/product"}],"replies":[{"embeddable":true,"href":"https:\/\/www.ceramicbasin.com\/pt\/wp-json\/wp\/v2\/comments?post=5662"}],"wp:featuredmedia":[{"embeddable":true,"href":"https:\/\/www.ceramicbasin.com\/pt\/wp-json\/wp\/v2\/media\/5666"}],"wp:attachment":[{"href":"https:\/\/www.ceramicbasin.com\/pt\/wp-json\/wp\/v2\/media?parent=5662"}],"wp:term":[{"taxonomy":"product_brand","embeddable":true,"href":"https:\/\/www.ceramicbasin.com\/pt\/wp-json\/wp\/v2\/product_brand?post=5662"},{"taxonomy":"product_cat","embeddable":true,"href":"https:\/\/www.ceramicbasin.com\/pt\/wp-json\/wp\/v2\/product_cat?post=5662"},{"taxonomy":"product_tag","embeddable":true,"href":"https:\/\/www.ceramicbasin.com\/pt\/wp-json\/wp\/v2\/product_tag?post=5662"}],"curies":[{"name":"wp","href":"https:\/\/api.w.org\/{rel}","templated":true}]}}